{"id":3863,"date":"2025-10-21T07:35:42","date_gmt":"2025-10-21T07:35:42","guid":{"rendered":"https:\/\/www.santai-ceramics.com\/?post_type=product&#038;p=3863"},"modified":"2025-10-21T07:38:05","modified_gmt":"2025-10-21T07:38:05","slug":"wholesale-ceramic-decorative-vases","status":"publish","type":"product","link":"https:\/\/www.santai-ceramics.com\/fr\/product\/wholesale-ceramic-decorative-vases\/","title":{"rendered":"Vase d\u00e9coratif en c\u00e9ramique avec motif floral, vente en gros pour h\u00f4tels, fleuristes et fournisseurs de cadeaux"},"content":{"rendered":"<h3 class=\"wp-block-heading\">Caract\u00e9ristiques du vase en c\u00e9ramique<\/h3>\n\n\n\n<ul class=\"wp-block-list\">\n<li><strong>C\u00e9ramique durable avec finition gla\u00e7ure craquel\u00e9e<\/strong>: Fabriqu\u00e9 \u00e0 partir d'un mat\u00e9riau de haute densit\u00e9 <strong>c\u00e9ramique blanche<\/strong>Les vases d\u00e9coratifs sont fabriqu\u00e9s \u00e0 l'aide d'une gla\u00e7ure ivoire \u00e0 haute temp\u00e9rature qui assure un lustre lisse et une stabilit\u00e9 durable des couleurs de notre vase d\u00e9coratif haut de gamme. <\/li>\n<\/ul>\n\n\n\n<ul class=\"wp-block-list\">\n<li><strong>Id\u00e9al pour les clients B2B : <\/strong>Il est parfait pour <strong>les h\u00f4tels, les d\u00e9taillants en d\u00e9coration, les fleuristes et les distributeurs de cadeaux<\/strong> \u00e0 la recherche de c\u00e9ramiques raffin\u00e9es et artisanales. Ses dimensions adaptables et son design \u00e9l\u00e9gant conviennent \u00e0 diverses applications commerciales, qu'il s'agisse de <strong>la d\u00e9coration des halls d'entr\u00e9e et des chambres d'h\u00f4tes, les expositions florales et les collections de cadeaux<\/strong>-L'am\u00e9lioration de l'attrait esth\u00e9tique et de la diversit\u00e9 des produits.<\/li>\n<\/ul>\n\n\n\n<ul class=\"wp-block-list\">\n<li><strong>Qualit\u00e9 constante et capacit\u00e9 OEM\/ODM<\/strong>: Soutenu par une \u00e9quipe exp\u00e9riment\u00e9e <strong>\u00e9quipe de production de c\u00e9ramique<\/strong>Le contr\u00f4le pr\u00e9cis de la gla\u00e7ure, la fiabilit\u00e9 de la qualit\u00e9 et la capacit\u00e9 de production modulable du grand vase d\u00e9coratif peuvent \u00eatre garantis. Notre usine prend en charge <strong>emballage personnalis\u00e9, combinaisons de tailles multiples et commandes en gros<\/strong>Le groupe de travail sur la d\u00e9coration et l'h\u00f4tellerie propose des solutions globales pour les clients internationaux du secteur de la d\u00e9coration et de l'h\u00f4tellerie.<\/li>\n<\/ul>\n\n\n\n<h3 class=\"wp-block-heading\">Service de vases en c\u00e9ramique sur mesure<\/h3>\n\n\n\n<p>Nous proposons des services OEM et ODM pour nos produits.<br>Des \u00e9chantillons peuvent \u00eatre livr\u00e9s rapidement.<br>Nous offrons une vari\u00e9t\u00e9 de formes, de couleurs, d'impressions personnalis\u00e9es, d'emballages et d'autres services sur mesure pour r\u00e9pondre \u00e0 vos besoins sp\u00e9cifiques.<\/p>\n\n\n\n<div class=\"wp-block-columns is-layout-flex wp-container-core-columns-is-layout-9d6595d7 wp-block-columns-is-layout-flex\">\n<div class=\"wp-block-column is-layout-flow wp-block-column-is-layout-flow\">\n<figure class=\"wp-block-image size-full\"><img decoding=\"async\" width=\"4140\" height=\"3450\" src=\"https:\/\/www.santai-ceramics.com\/wp-content\/uploads\/2025\/10\/wholesale-tall-decorative-vase-4.webp\" alt=\"vase d\u00e9coratif haut en gros (4)\" class=\"wp-image-3891\" srcset=\"https:\/\/www.santai-ceramics.com\/wp-content\/uploads\/2025\/10\/wholesale-tall-decorative-vase-4.webp 4140w, https:\/\/www.santai-ceramics.com\/wp-content\/uploads\/2025\/10\/wholesale-tall-decorative-vase-4-300x250.webp 300w, https:\/\/www.santai-ceramics.com\/wp-content\/uploads\/2025\/10\/wholesale-tall-decorative-vase-4-768x640.webp 768w, https:\/\/www.santai-ceramics.com\/wp-content\/uploads\/2025\/10\/wholesale-tall-decorative-vase-4-14x12.webp 14w, https:\/\/www.santai-ceramics.com\/wp-content\/uploads\/2025\/10\/wholesale-tall-decorative-vase-4-1200x1000.webp 1200w, https:\/\/www.santai-ceramics.com\/wp-content\/uploads\/2025\/10\/wholesale-tall-decorative-vase-4-600x500.webp 600w\" sizes=\"(max-width: 4140px) 100vw, 4140px\" \/><\/figure>\n<\/div>\n\n\n\n<div class=\"wp-block-column is-layout-flow wp-block-column-is-layout-flow\">\n<figure class=\"wp-block-image size-full\"><img decoding=\"async\" width=\"2308\" height=\"1923\" src=\"https:\/\/www.santai-ceramics.com\/wp-content\/uploads\/2025\/10\/wholesale-tall-decorative-vase-5.webp\" alt=\"vase d\u00e9coratif haut en gros (5)\" class=\"wp-image-3892\" srcset=\"https:\/\/www.santai-ceramics.com\/wp-content\/uploads\/2025\/10\/wholesale-tall-decorative-vase-5.webp 2308w, https:\/\/www.santai-ceramics.com\/wp-content\/uploads\/2025\/10\/wholesale-tall-decorative-vase-5-300x250.webp 300w, https:\/\/www.santai-ceramics.com\/wp-content\/uploads\/2025\/10\/wholesale-tall-decorative-vase-5-768x640.webp 768w, https:\/\/www.santai-ceramics.com\/wp-content\/uploads\/2025\/10\/wholesale-tall-decorative-vase-5-14x12.webp 14w, https:\/\/www.santai-ceramics.com\/wp-content\/uploads\/2025\/10\/wholesale-tall-decorative-vase-5-1200x1000.webp 1200w, https:\/\/www.santai-ceramics.com\/wp-content\/uploads\/2025\/10\/wholesale-tall-decorative-vase-5-600x500.webp 600w\" sizes=\"(max-width: 2308px) 100vw, 2308px\" \/><\/figure>\n<\/div>\n<\/div>","protected":false},"excerpt":{"rendered":"<p data-pm-slice=\"0 0 []\">Nos vases en c\u00e9ramique, disponibles en gros avec des devis d'usine, sont id\u00e9aux pour les projets d'hospitalit\u00e9, les marques de d\u00e9coration, les fleuristes et les grossistes en cadeaux \u00e0 la recherche de pi\u00e8ces d'exposition. Contactez-nous pour obtenir un catalogue et un devis.<\/p>\n<h2>Sp\u00e9cification du vase d\u00e9coratif en c\u00e9ramique<\/h2>\n<table width=\"855\">\n<tbody>\n<tr>\n<td width=\"285\">Num\u00e9ro de mod\u00e8le<\/td>\n<td width=\"285\">A35323-LC13-A01<\/td>\n<td width=\"285\">A35323-LC13-A02<\/td>\n<\/tr>\n<tr>\n<td>Nom du produit<\/td>\n<td>Vase en c\u00e9ramique<\/td>\n<td>Vase en c\u00e9ramique<\/td>\n<\/tr>\n<tr>\n<td>Couleur<\/td>\n<td>Cr\u00e8me<\/td>\n<td>Cr\u00e8me<\/td>\n<\/tr>\n<tr>\n<td>Mat\u00e9riau<\/td>\n<td>C\u00e9ramique<\/td>\n<td>C\u00e9ramique<\/td>\n<\/tr>\n<tr>\n<td>Sc\u00e9narios d'utilisation<\/td>\n<td>d\u00e9coration int\u00e9rieure<\/td>\n<td>d\u00e9coration int\u00e9rieure<\/td>\n<\/tr>\n<tr>\n<td>Dimensions<\/td>\n<td>D:17X31.5cm<\/td>\n<td>D:14.5X26.5cm<\/td>\n<\/tr>\n<tr>\n<td>Poids<\/td>\n<td>1.5kg\/pc<\/td>\n<td>1,1kg\/pc<\/td>\n<\/tr>\n<\/tbody>\n<\/table>\n<p>\n<script src=\"chrome-extension:\/\/fpelahbljekknahkcaegamhcndkfpfnc\/iFrame.js\" type=\"text\/javascript\"><\/script><\/p>","protected":false},"featured_media":3894,"comment_status":"closed","ping_status":"closed","template":"","meta":{"_acf_changed":false},"product_brand":[],"product_cat":[18,22],"product_tag":[],"class_list":{"0":"post-3863","1":"product","2":"type-product","3":"status-publish","4":"has-post-thumbnail","6":"product_cat-home-decor","7":"product_cat-vase","9":"first","10":"instock","11":"shipping-taxable","12":"product-type-simple"},"acf":[],"_links":{"self":[{"href":"https:\/\/www.santai-ceramics.com\/fr\/wp-json\/wp\/v2\/product\/3863","targetHints":{"allow":["GET"]}}],"collection":[{"href":"https:\/\/www.santai-ceramics.com\/fr\/wp-json\/wp\/v2\/product"}],"about":[{"href":"https:\/\/www.santai-ceramics.com\/fr\/wp-json\/wp\/v2\/types\/product"}],"replies":[{"embeddable":true,"href":"https:\/\/www.santai-ceramics.com\/fr\/wp-json\/wp\/v2\/comments?post=3863"}],"wp:featuredmedia":[{"embeddable":true,"href":"https:\/\/www.santai-ceramics.com\/fr\/wp-json\/wp\/v2\/media\/3894"}],"wp:attachment":[{"href":"https:\/\/www.santai-ceramics.com\/fr\/wp-json\/wp\/v2\/media?parent=3863"}],"wp:term":[{"taxonomy":"product_brand","embeddable":true,"href":"https:\/\/www.santai-ceramics.com\/fr\/wp-json\/wp\/v2\/product_brand?post=3863"},{"taxonomy":"product_cat","embeddable":true,"href":"https:\/\/www.santai-ceramics.com\/fr\/wp-json\/wp\/v2\/product_cat?post=3863"},{"taxonomy":"product_tag","embeddable":true,"href":"https:\/\/www.santai-ceramics.com\/fr\/wp-json\/wp\/v2\/product_tag?post=3863"}],"curies":[{"name":"wp","href":"https:\/\/api.w.org\/{rel}","templated":true}]}}