{"id":3864,"date":"2025-10-21T07:20:48","date_gmt":"2025-10-21T07:20:48","guid":{"rendered":"https:\/\/www.santai-ceramics.com\/?post_type=product&#038;p=3864"},"modified":"2025-10-21T07:24:50","modified_gmt":"2025-10-21T07:24:50","slug":"wholesale-decorative-ceramic-jugs-2","status":"publish","type":"product","link":"https:\/\/www.santai-ceramics.com\/fr\/product\/wholesale-decorative-ceramic-jugs-2\/","title":{"rendered":"Grossiste Jug Vase d\u00e9coratif en c\u00e9ramique avec motif floral"},"content":{"rendered":"<h3 class=\"wp-block-heading\">Caract\u00e9ristiques du vase d\u00e9coratif en c\u00e9ramique<\/h3>\n\n\n\n<ul class=\"wp-block-list\">\n<li><strong>Glacis craquel\u00e9 Texture :<\/strong> Chacune de nos carafes d\u00e9coratives en c\u00e9ramique pr\u00e9sente des motifs de fissures naturelles uniques et une peinture \u00e0 la main de fleurs bleues douces. Les lignes d\u00e9licates et les tons subtils cr\u00e9ent un charme vintage raffin\u00e9.<\/li>\n<\/ul>\n\n\n\n<ul class=\"wp-block-list\">\n<li><strong>Sc\u00e9nario d'application :<\/strong> Propos\u00e9s en grand, moyen et petit format, ils sont parfaits pour les halls d'entr\u00e9e des h\u00f4tels, les chambres d'h\u00f4tes, les boutiques et les pr\u00e9sentoirs \u00e0 cadeaux. Ils conviennent aux fleurs fra\u00eeches ou artificielles, ce qui leur conf\u00e8re une valeur \u00e0 la fois d\u00e9corative et fonctionnelle.<\/li>\n<\/ul>\n\n\n\n<ul class=\"wp-block-list\">\n<li><strong>Id\u00e9al pour :<\/strong> Ce vase d\u00e9coratif en c\u00e9ramique est con\u00e7u pour les marques de d\u00e9coration int\u00e9rieure, les fleuristes, les h\u00f4tels et les fournisseurs de cadeaux qui recherchent des c\u00e9ramiques uniques fabriqu\u00e9es \u00e0 la main avec un approvisionnement stable, une qualit\u00e9 constante et un attrait visuel intemporel.<\/li>\n<\/ul>\n\n\n\n<ul class=\"wp-block-list\">\n<li><strong>Capacit\u00e9 d'approvisionnement en vrac :<\/strong> Gr\u00e2ce \u00e0 une production \u00e0 grande \u00e9chelle, \u00e0 un contr\u00f4le de qualit\u00e9 rigoureux et \u00e0 une capacit\u00e9 OEM\/ODM, nous garantissons un approvisionnement r\u00e9gulier, des finitions durables et des prix de gros comp\u00e9titifs \u00e0 nos partenaires internationaux.<\/li>\n<\/ul>\n\n\n\n<h3 class=\"wp-block-heading\">Service de vases en c\u00e9ramique d\u00e9coratifs personnalis\u00e9s<\/h3>\n\n\n\n<p>Nous proposons des services OEM et ODM pour nos produits.<br>Des \u00e9chantillons peuvent \u00eatre livr\u00e9s rapidement.<br>Nous offrons une vari\u00e9t\u00e9 de formes, de couleurs, d'impressions personnalis\u00e9es, d'emballages et d'autres services sur mesure pour r\u00e9pondre \u00e0 vos besoins sp\u00e9cifiques.<\/p>\n\n\n\n<div class=\"wp-block-columns is-layout-flex wp-container-core-columns-is-layout-9d6595d7 wp-block-columns-is-layout-flex\">\n<div class=\"wp-block-column is-layout-flow wp-block-column-is-layout-flow\">\n<figure class=\"wp-block-image size-full\"><img decoding=\"async\" width=\"2123\" height=\"1770\" src=\"https:\/\/www.santai-ceramics.com\/wp-content\/uploads\/2025\/10\/wholesale-decorative-ceramic-jug-vase-9.webp\" alt=\"vase en c\u00e9ramique d\u00e9coratif en gros (9)\" class=\"wp-image-3926\" srcset=\"https:\/\/www.santai-ceramics.com\/wp-content\/uploads\/2025\/10\/wholesale-decorative-ceramic-jug-vase-9.webp 2123w, https:\/\/www.santai-ceramics.com\/wp-content\/uploads\/2025\/10\/wholesale-decorative-ceramic-jug-vase-9-300x250.webp 300w, https:\/\/www.santai-ceramics.com\/wp-content\/uploads\/2025\/10\/wholesale-decorative-ceramic-jug-vase-9-768x640.webp 768w, https:\/\/www.santai-ceramics.com\/wp-content\/uploads\/2025\/10\/wholesale-decorative-ceramic-jug-vase-9-14x12.webp 14w, https:\/\/www.santai-ceramics.com\/wp-content\/uploads\/2025\/10\/wholesale-decorative-ceramic-jug-vase-9-1200x1000.webp 1200w, https:\/\/www.santai-ceramics.com\/wp-content\/uploads\/2025\/10\/wholesale-decorative-ceramic-jug-vase-9-600x500.webp 600w\" sizes=\"(max-width: 2123px) 100vw, 2123px\" \/><\/figure>\n<\/div>\n\n\n\n<div class=\"wp-block-column is-layout-flow wp-block-column-is-layout-flow\">\n<figure class=\"wp-block-image size-full\"><img decoding=\"async\" width=\"3667\" height=\"3056\" src=\"https:\/\/www.santai-ceramics.com\/wp-content\/uploads\/2025\/10\/wholesale-decorative-ceramic-jug-vase-7.webp\" alt=\"vase en c\u00e9ramique d\u00e9coratif en gros (7)\" class=\"wp-image-3924\" srcset=\"https:\/\/www.santai-ceramics.com\/wp-content\/uploads\/2025\/10\/wholesale-decorative-ceramic-jug-vase-7.webp 3667w, https:\/\/www.santai-ceramics.com\/wp-content\/uploads\/2025\/10\/wholesale-decorative-ceramic-jug-vase-7-300x250.webp 300w, https:\/\/www.santai-ceramics.com\/wp-content\/uploads\/2025\/10\/wholesale-decorative-ceramic-jug-vase-7-768x640.webp 768w, https:\/\/www.santai-ceramics.com\/wp-content\/uploads\/2025\/10\/wholesale-decorative-ceramic-jug-vase-7-14x12.webp 14w, https:\/\/www.santai-ceramics.com\/wp-content\/uploads\/2025\/10\/wholesale-decorative-ceramic-jug-vase-7-1200x1000.webp 1200w, https:\/\/www.santai-ceramics.com\/wp-content\/uploads\/2025\/10\/wholesale-decorative-ceramic-jug-vase-7-600x500.webp 600w\" sizes=\"(max-width: 3667px) 100vw, 3667px\" \/><\/figure>\n<\/div>\n<\/div>\n\n\n\n<p><\/p>","protected":false},"excerpt":{"rendered":"<p data-pm-slice=\"0 0 []\">Ce vase cruche d\u00e9coratif en c\u00e9ramique, vendu en gros, allie l'artisanat oriental classique \u00e0 une esth\u00e9tique moderne. Chaque pi\u00e8ce pr\u00e9sente des textures naturelles de craquelures de glace et des motifs floraux bleus peints \u00e0 la main. Il est id\u00e9al pour <strong data-start=\"405\" data-end=\"458\">les d\u00e9corateurs d'h\u00f4tels, les fleuristes et les distributeurs de cadeaux<\/strong> qui recherchent des c\u00e9ramiques artistiques, durables et de collection pour l'am\u00e9nagement int\u00e9rieur ou la vente au d\u00e9tail haut de gamme.<\/p>\n<h2>Sp\u00e9cification du vase d\u00e9coratif en c\u00e9ramique Jug Vase<\/h2>\n<table width=\"855\">\n<tbody>\n<tr>\n<td width=\"285\">Num\u00e9ro de mod\u00e8le<\/td>\n<td width=\"285\">A35937-LC13-A01<\/td>\n<td width=\"285\">A35937-LC13-A02<\/td>\n<\/tr>\n<tr>\n<td>Nom du produit<\/td>\n<td>Vase en c\u00e9ramique<\/td>\n<td>Vase en c\u00e9ramique<\/td>\n<\/tr>\n<tr>\n<td>Couleur<\/td>\n<td>Cr\u00e8me<\/td>\n<td>Cr\u00e8me<\/td>\n<\/tr>\n<tr>\n<td>Mat\u00e9riau<\/td>\n<td>C\u00e9ramique<\/td>\n<td>C\u00e9ramique<\/td>\n<\/tr>\n<tr>\n<td>Sc\u00e9narios d'utilisation<\/td>\n<td>d\u00e9coration int\u00e9rieure<\/td>\n<td>d\u00e9coration int\u00e9rieure<\/td>\n<\/tr>\n<tr>\n<td>Dimensions<\/td>\n<td>18X17.5X20cm<\/td>\n<td>15X15X16cm<\/td>\n<\/tr>\n<tr>\n<td>Poids<\/td>\n<td>1,1kg\/pc<\/td>\n<td>0,8kg\/pc<\/td>\n<\/tr>\n<\/tbody>\n<\/table>\n<p>\n<script src=\"chrome-extension:\/\/fpelahbljekknahkcaegamhcndkfpfnc\/iFrame.js\" type=\"text\/javascript\"><\/script><\/p>","protected":false},"featured_media":3920,"comment_status":"closed","ping_status":"closed","template":"","meta":{"_acf_changed":false},"product_brand":[],"product_cat":[18,44,22],"product_tag":[],"class_list":{"0":"post-3864","1":"product","2":"type-product","3":"status-publish","4":"has-post-thumbnail","6":"product_cat-home-decor","7":"product_cat-wholesale-ceramic-jugs","8":"product_cat-vase","10":"first","11":"instock","12":"shipping-taxable","13":"product-type-simple"},"acf":[],"_links":{"self":[{"href":"https:\/\/www.santai-ceramics.com\/fr\/wp-json\/wp\/v2\/product\/3864","targetHints":{"allow":["GET"]}}],"collection":[{"href":"https:\/\/www.santai-ceramics.com\/fr\/wp-json\/wp\/v2\/product"}],"about":[{"href":"https:\/\/www.santai-ceramics.com\/fr\/wp-json\/wp\/v2\/types\/product"}],"replies":[{"embeddable":true,"href":"https:\/\/www.santai-ceramics.com\/fr\/wp-json\/wp\/v2\/comments?post=3864"}],"wp:featuredmedia":[{"embeddable":true,"href":"https:\/\/www.santai-ceramics.com\/fr\/wp-json\/wp\/v2\/media\/3920"}],"wp:attachment":[{"href":"https:\/\/www.santai-ceramics.com\/fr\/wp-json\/wp\/v2\/media?parent=3864"}],"wp:term":[{"taxonomy":"product_brand","embeddable":true,"href":"https:\/\/www.santai-ceramics.com\/fr\/wp-json\/wp\/v2\/product_brand?post=3864"},{"taxonomy":"product_cat","embeddable":true,"href":"https:\/\/www.santai-ceramics.com\/fr\/wp-json\/wp\/v2\/product_cat?post=3864"},{"taxonomy":"product_tag","embeddable":true,"href":"https:\/\/www.santai-ceramics.com\/fr\/wp-json\/wp\/v2\/product_tag?post=3864"}],"curies":[{"name":"wp","href":"https:\/\/api.w.org\/{rel}","templated":true}]}}