{"id":4049,"date":"2025-12-08T09:12:53","date_gmt":"2025-12-08T09:12:53","guid":{"rendered":"https:\/\/www.santai-ceramics.com\/?post_type=product&#038;p=4049"},"modified":"2025-12-08T09:12:58","modified_gmt":"2025-12-08T09:12:58","slug":"wholesale-decorative-vase-series-terra-cotta-handcrafted-elegance-for-hotels-florists-gift-retailers-2","status":"publish","type":"product","link":"https:\/\/www.santai-ceramics.com\/fr\/product\/wholesale-decorative-vase-series-terra-cotta-handcrafted-elegance-for-hotels-florists-gift-retailers-2\/","title":{"rendered":"S\u00e9rie de vases d\u00e9coratifs en gros, terre cuite - \u00c9l\u00e9gance artisanale pour les h\u00f4tels, les fleuristes et les d\u00e9taillants de cadeaux"},"content":{"rendered":"<h3 class=\"wp-block-heading\">Caract\u00e9ristiques de la s\u00e9rie des vases en terre cuite<\/h3>\n\n\n\n<ul class=\"wp-block-list\">\n<li><strong>Texture et design artistiques :<\/strong> Bleu unique, naturel sur chaque vase d\u00e9coratif en gros. <\/li>\n<\/ul>\n\n\n\n<ul class=\"wp-block-list\">\n<li><strong>Application polyvalente :<\/strong> Disponible en grand, moyen et petit format, parfait pour les halls d'entr\u00e9e des h\u00f4tels, les chambres, les magasins, la d\u00e9coration de la maison ou du jardin. Convient aux fleurs fra\u00eeches et artificielles.<\/li>\n<\/ul>\n\n\n\n<ul class=\"wp-block-list\">\n<li><strong>Id\u00e9al pour :<\/strong> Notre vase d\u00e9coratif en gros convient aux marques de d\u00e9coration d'int\u00e9rieur, aux fleuristes et aux grossistes en cadeaux qui recherchent des c\u00e9ramiques de style vintage d'une qualit\u00e9 constante et d'un charme artisanal unique.<\/li>\n<\/ul>\n\n\n\n<ul class=\"wp-block-list\">\n<li><strong>Capacit\u00e9 d'approvisionnement :<\/strong> Gr\u00e2ce \u00e0 la forte capacit\u00e9 de production et au contr\u00f4le de qualit\u00e9 rigoureux de notre usine, nous sommes en mesure de garantir un approvisionnement r\u00e9gulier, une finition durable et des prix de gros comp\u00e9titifs pour nos pots et jardini\u00e8res en gros.<\/li>\n<\/ul>\n\n\n\n<h3 class=\"wp-block-heading\">Vase en terre cuite sur mesure Service de la s\u00e9rie<\/h3>\n\n\n\n<p>Nous proposons des services OEM et ODM pour nos produits.<br>Des \u00e9chantillons peuvent \u00eatre livr\u00e9s rapidement.<br>Nous offrons une vari\u00e9t\u00e9 de formes, de couleurs, d'impressions personnalis\u00e9es, d'emballages et d'autres services sur mesure pour r\u00e9pondre \u00e0 vos besoins sp\u00e9cifiques.<\/p>\n\n\n\n<div class=\"wp-block-columns is-layout-flex wp-container-core-columns-is-layout-9d6595d7 wp-block-columns-is-layout-flex\">\n<div class=\"wp-block-column is-layout-flow wp-block-column-is-layout-flow\">\n<figure class=\"wp-block-image size-full\"><img decoding=\"async\" width=\"1352\" height=\"1352\" src=\"https:\/\/www.santai-ceramics.com\/wp-content\/uploads\/2025\/12\/G37185-H940-A01-02-5_5_11zon.jpg\" alt=\"\" class=\"wp-image-4089\" srcset=\"https:\/\/www.santai-ceramics.com\/wp-content\/uploads\/2025\/12\/G37185-H940-A01-02-5_5_11zon.jpg 1352w, https:\/\/www.santai-ceramics.com\/wp-content\/uploads\/2025\/12\/G37185-H940-A01-02-5_5_11zon-300x300.jpg 300w, https:\/\/www.santai-ceramics.com\/wp-content\/uploads\/2025\/12\/G37185-H940-A01-02-5_5_11zon-150x150.jpg 150w, https:\/\/www.santai-ceramics.com\/wp-content\/uploads\/2025\/12\/G37185-H940-A01-02-5_5_11zon-768x768.jpg 768w, https:\/\/www.santai-ceramics.com\/wp-content\/uploads\/2025\/12\/G37185-H940-A01-02-5_5_11zon-12x12.jpg 12w, https:\/\/www.santai-ceramics.com\/wp-content\/uploads\/2025\/12\/G37185-H940-A01-02-5_5_11zon-1200x1200.jpg 1200w, https:\/\/www.santai-ceramics.com\/wp-content\/uploads\/2025\/12\/G37185-H940-A01-02-5_5_11zon-600x600.jpg 600w, https:\/\/www.santai-ceramics.com\/wp-content\/uploads\/2025\/12\/G37185-H940-A01-02-5_5_11zon-100x100.jpg 100w\" sizes=\"(max-width: 1352px) 100vw, 1352px\" \/><\/figure>\n<\/div>\n\n\n\n<div class=\"wp-block-column is-layout-flow wp-block-column-is-layout-flow\">\n<figure class=\"wp-block-image size-full\"><img decoding=\"async\" width=\"1700\" height=\"1700\" src=\"https:\/\/www.santai-ceramics.com\/wp-content\/uploads\/2025\/12\/G37185-H940-A01-02-3_3_11zon.jpg\" alt=\"\" class=\"wp-image-4087\" srcset=\"https:\/\/www.santai-ceramics.com\/wp-content\/uploads\/2025\/12\/G37185-H940-A01-02-3_3_11zon.jpg 1700w, https:\/\/www.santai-ceramics.com\/wp-content\/uploads\/2025\/12\/G37185-H940-A01-02-3_3_11zon-300x300.jpg 300w, https:\/\/www.santai-ceramics.com\/wp-content\/uploads\/2025\/12\/G37185-H940-A01-02-3_3_11zon-150x150.jpg 150w, https:\/\/www.santai-ceramics.com\/wp-content\/uploads\/2025\/12\/G37185-H940-A01-02-3_3_11zon-768x768.jpg 768w, https:\/\/www.santai-ceramics.com\/wp-content\/uploads\/2025\/12\/G37185-H940-A01-02-3_3_11zon-12x12.jpg 12w, https:\/\/www.santai-ceramics.com\/wp-content\/uploads\/2025\/12\/G37185-H940-A01-02-3_3_11zon-1200x1200.jpg 1200w, https:\/\/www.santai-ceramics.com\/wp-content\/uploads\/2025\/12\/G37185-H940-A01-02-3_3_11zon-600x600.jpg 600w, https:\/\/www.santai-ceramics.com\/wp-content\/uploads\/2025\/12\/G37185-H940-A01-02-3_3_11zon-100x100.jpg 100w\" sizes=\"(max-width: 1700px) 100vw, 1700px\" \/><\/figure>\n<\/div>\n<\/div>\n\n\n\n<p><\/p>","protected":false},"excerpt":{"rendered":"<p data-pm-slice=\"0 0 []\">Notre s\u00e9rie de vases d\u00e9coratifs en gros combine une texture naturelle, un art floral peint \u00e0 la main et une gla\u00e7ure lisse et brillante. Con\u00e7us pour <strong data-start=\"295\" data-end=\"345\">les d\u00e9corateurs d'h\u00f4tels, les fleuristes et les fournisseurs de cadeaux<\/strong>Il allie une beaut\u00e9 orientale classique \u00e0 un style vintage moderne - id\u00e9al pour une pr\u00e9sentation \u00e0 grande \u00e9chelle ou un cadeau haut de gamme.<\/p>\n<h2>Sp\u00e9cification de la s\u00e9rie des vases en c\u00e9ramique<\/h2>\n<table width=\"855\">\n<tbody>\n<tr>\n<td width=\"285\">Num\u00e9ro de mod\u00e8le<\/td>\n<td width=\"285\">G37185-H940-A01<\/td>\n<td width=\"285\">G37185-H940-A02<\/td>\n<\/tr>\n<tr>\n<td>Nom du produit<\/td>\n<td>Jarre en terre cuite<\/td>\n<td>Jarre en terre cuite<\/td>\n<\/tr>\n<tr>\n<td>Couleur<\/td>\n<td>Bleu antique<\/td>\n<td>Bleu antique<\/td>\n<\/tr>\n<tr>\n<td>Mat\u00e9riau<\/td>\n<td>Terre cuite\u00a0<\/td>\n<td>Terre cuite\u00a0<\/td>\n<\/tr>\n<tr>\n<td>Sc\u00e9narios d'utilisation<\/td>\n<td>d\u00e9coration de la maison et du jardin<\/td>\n<td>d\u00e9coration de la maison et du jardin<\/td>\n<\/tr>\n<tr>\n<td>Dimensions<\/td>\n<td>D:20.5X25.5cm<\/td>\n<td>D:17X20.5cm<\/td>\n<\/tr>\n<tr>\n<td>Poids<\/td>\n<td>2.8kg\/pc<\/td>\n<td>1,8kg\/pc<\/td>\n<\/tr>\n<\/tbody>\n<\/table>","protected":false},"featured_media":4087,"comment_status":"closed","ping_status":"closed","template":"","meta":{"_acf_changed":false},"product_brand":[],"product_cat":[18,22],"product_tag":[],"class_list":{"0":"post-4049","1":"product","2":"type-product","3":"status-publish","4":"has-post-thumbnail","6":"product_cat-home-decor","7":"product_cat-vase","9":"first","10":"instock","11":"shipping-taxable","12":"product-type-simple"},"acf":[],"_links":{"self":[{"href":"https:\/\/www.santai-ceramics.com\/fr\/wp-json\/wp\/v2\/product\/4049","targetHints":{"allow":["GET"]}}],"collection":[{"href":"https:\/\/www.santai-ceramics.com\/fr\/wp-json\/wp\/v2\/product"}],"about":[{"href":"https:\/\/www.santai-ceramics.com\/fr\/wp-json\/wp\/v2\/types\/product"}],"replies":[{"embeddable":true,"href":"https:\/\/www.santai-ceramics.com\/fr\/wp-json\/wp\/v2\/comments?post=4049"}],"wp:featuredmedia":[{"embeddable":true,"href":"https:\/\/www.santai-ceramics.com\/fr\/wp-json\/wp\/v2\/media\/4087"}],"wp:attachment":[{"href":"https:\/\/www.santai-ceramics.com\/fr\/wp-json\/wp\/v2\/media?parent=4049"}],"wp:term":[{"taxonomy":"product_brand","embeddable":true,"href":"https:\/\/www.santai-ceramics.com\/fr\/wp-json\/wp\/v2\/product_brand?post=4049"},{"taxonomy":"product_cat","embeddable":true,"href":"https:\/\/www.santai-ceramics.com\/fr\/wp-json\/wp\/v2\/product_cat?post=4049"},{"taxonomy":"product_tag","embeddable":true,"href":"https:\/\/www.santai-ceramics.com\/fr\/wp-json\/wp\/v2\/product_tag?post=4049"}],"curies":[{"name":"wp","href":"https:\/\/api.w.org\/{rel}","templated":true}]}}