{"id":4063,"date":"2025-12-08T08:51:35","date_gmt":"2025-12-08T08:51:35","guid":{"rendered":"https:\/\/www.santai-ceramics.com\/?post_type=product&#038;p=4063"},"modified":"2025-12-08T08:51:37","modified_gmt":"2025-12-08T08:51:37","slug":"wholesale-decorative-vase-series-concrete-handcrafted-elegance-for-hotels-florists-gift-retailers","status":"publish","type":"product","link":"https:\/\/www.santai-ceramics.com\/fr\/product\/wholesale-decorative-vase-series-concrete-handcrafted-elegance-for-hotels-florists-gift-retailers\/","title":{"rendered":"Wholesale Decorative Vase Series, Concrete \u2013 Handcrafted Elegance For Hotels, Florists &amp; Gift Retailers"},"content":{"rendered":"<h3 class=\"wp-block-heading\">Features of\u00a0Concrete Vase Series<\/h3>\n\n\n\n<ul class=\"wp-block-list\">\n<li><strong>Texture et design artistiques :<\/strong> Bleu unique, naturel sur chaque vase d\u00e9coratif en gros. <\/li>\n<\/ul>\n\n\n\n<ul class=\"wp-block-list\">\n<li><strong>Application polyvalente :<\/strong> Available in large, medium, and small sizes, perfect for hotel lobbies, rooms, shops, home decor or garden decor. Fits both fresh and artificial flowers.<\/li>\n<\/ul>\n\n\n\n<ul class=\"wp-block-list\">\n<li><strong>Id\u00e9al pour :<\/strong> Notre vase d\u00e9coratif en gros convient aux marques de d\u00e9coration d'int\u00e9rieur, aux fleuristes et aux grossistes en cadeaux qui recherchent des c\u00e9ramiques de style vintage d'une qualit\u00e9 constante et d'un charme artisanal unique.<\/li>\n<\/ul>\n\n\n\n<ul class=\"wp-block-list\">\n<li><strong>Capacit\u00e9 d'approvisionnement :<\/strong> Gr\u00e2ce \u00e0 la forte capacit\u00e9 de production et au contr\u00f4le de qualit\u00e9 rigoureux de notre usine, nous sommes en mesure de garantir un approvisionnement r\u00e9gulier, une finition durable et des prix de gros comp\u00e9titifs pour nos pots et jardini\u00e8res en gros.<\/li>\n<\/ul>\n\n\n\n<h3 class=\"wp-block-heading\">Custom Concrete Vase Series Service<\/h3>\n\n\n\n<p>Nous proposons des services OEM et ODM pour nos produits.<br>Des \u00e9chantillons peuvent \u00eatre livr\u00e9s rapidement.<br>Nous offrons une vari\u00e9t\u00e9 de formes, de couleurs, d'impressions personnalis\u00e9es, d'emballages et d'autres services sur mesure pour r\u00e9pondre \u00e0 vos besoins sp\u00e9cifiques.<\/p>\n\n\n\n<div class=\"wp-block-columns is-layout-flex wp-container-core-columns-is-layout-9d6595d7 wp-block-columns-is-layout-flex\">\n<div class=\"wp-block-column is-layout-flow wp-block-column-is-layout-flow\">\n<figure class=\"wp-block-image size-full\"><img decoding=\"async\" width=\"2363\" height=\"1968\" src=\"https:\/\/www.santai-ceramics.com\/wp-content\/uploads\/2025\/12\/F37824-H940-A01-02-03-1_1_11zon.jpg\" alt=\"\" class=\"wp-image-4080\" srcset=\"https:\/\/www.santai-ceramics.com\/wp-content\/uploads\/2025\/12\/F37824-H940-A01-02-03-1_1_11zon.jpg 2363w, https:\/\/www.santai-ceramics.com\/wp-content\/uploads\/2025\/12\/F37824-H940-A01-02-03-1_1_11zon-300x250.jpg 300w, https:\/\/www.santai-ceramics.com\/wp-content\/uploads\/2025\/12\/F37824-H940-A01-02-03-1_1_11zon-768x640.jpg 768w, https:\/\/www.santai-ceramics.com\/wp-content\/uploads\/2025\/12\/F37824-H940-A01-02-03-1_1_11zon-14x12.jpg 14w, https:\/\/www.santai-ceramics.com\/wp-content\/uploads\/2025\/12\/F37824-H940-A01-02-03-1_1_11zon-1200x999.jpg 1200w, https:\/\/www.santai-ceramics.com\/wp-content\/uploads\/2025\/12\/F37824-H940-A01-02-03-1_1_11zon-600x500.jpg 600w\" sizes=\"(max-width: 2363px) 100vw, 2363px\" \/><\/figure>\n<\/div>\n\n\n\n<div class=\"wp-block-column is-layout-flow wp-block-column-is-layout-flow\">\n<figure class=\"wp-block-image size-full\"><img decoding=\"async\" width=\"2024\" height=\"1686\" src=\"https:\/\/www.santai-ceramics.com\/wp-content\/uploads\/2025\/12\/F37824-H940-A01-02-03-2_2_11zon.jpg\" alt=\"\" class=\"wp-image-4081\" srcset=\"https:\/\/www.santai-ceramics.com\/wp-content\/uploads\/2025\/12\/F37824-H940-A01-02-03-2_2_11zon.jpg 2024w, https:\/\/www.santai-ceramics.com\/wp-content\/uploads\/2025\/12\/F37824-H940-A01-02-03-2_2_11zon-300x250.jpg 300w, https:\/\/www.santai-ceramics.com\/wp-content\/uploads\/2025\/12\/F37824-H940-A01-02-03-2_2_11zon-768x640.jpg 768w, https:\/\/www.santai-ceramics.com\/wp-content\/uploads\/2025\/12\/F37824-H940-A01-02-03-2_2_11zon-14x12.jpg 14w, https:\/\/www.santai-ceramics.com\/wp-content\/uploads\/2025\/12\/F37824-H940-A01-02-03-2_2_11zon-1200x1000.jpg 1200w, https:\/\/www.santai-ceramics.com\/wp-content\/uploads\/2025\/12\/F37824-H940-A01-02-03-2_2_11zon-600x500.jpg 600w\" sizes=\"(max-width: 2024px) 100vw, 2024px\" \/><\/figure>\n<\/div>\n<\/div>\n\n\n\n<p><\/p>","protected":false},"excerpt":{"rendered":"<p data-pm-slice=\"0 0 []\">Notre s\u00e9rie de vases d\u00e9coratifs en gros combine une texture naturelle, un art floral peint \u00e0 la main et une gla\u00e7ure lisse et brillante. Con\u00e7us pour <strong data-start=\"295\" data-end=\"345\">les d\u00e9corateurs d'h\u00f4tels, les fleuristes et les fournisseurs de cadeaux<\/strong>Il allie une beaut\u00e9 orientale classique \u00e0 un style vintage moderne - id\u00e9al pour une pr\u00e9sentation \u00e0 grande \u00e9chelle ou un cadeau haut de gamme.<\/p>\n<h2>Sp\u00e9cification de la s\u00e9rie des vases en c\u00e9ramique<\/h2>\n<table width=\"1140\">\n<tbody>\n<tr>\n<td width=\"285\">Num\u00e9ro de mod\u00e8le<\/td>\n<td width=\"285\">F37824-H940-A01<\/td>\n<td width=\"285\">F37824-H940-A02<\/td>\n<td width=\"285\">F37824-H940-A03<\/td>\n<\/tr>\n<tr>\n<td>Nom du produit<\/td>\n<td>Concrete Pot<\/td>\n<td>Concrete Pot<\/td>\n<td>Concrete Pot<\/td>\n<\/tr>\n<tr>\n<td>Couleur<\/td>\n<td>Bleu antique<\/td>\n<td>Bleu antique<\/td>\n<td>Bleu antique<\/td>\n<\/tr>\n<tr>\n<td>Mat\u00e9riau<\/td>\n<td>Concrete<\/td>\n<td>Concrete<\/td>\n<td>Concrete<\/td>\n<\/tr>\n<tr>\n<td>Sc\u00e9narios d'utilisation<\/td>\n<td>d\u00e9coration de la maison et du jardin<\/td>\n<td>d\u00e9coration de la maison et du jardin<\/td>\n<td>d\u00e9coration de la maison et du jardin<\/td>\n<\/tr>\n<tr>\n<td>Dimensions<\/td>\n<td>D:20X19cm<\/td>\n<td>D:16X15cm<\/td>\n<td>D:13X12.5cm<\/td>\n<\/tr>\n<tr>\n<td>Poids<\/td>\n<td>2.2kg\/pc<\/td>\n<td>1,4kg\/pc<\/td>\n<td>0,7kg\/pc<\/td>\n<\/tr>\n<\/tbody>\n<\/table>","protected":false},"featured_media":4081,"comment_status":"closed","ping_status":"closed","template":"","meta":{"_acf_changed":false},"product_brand":[],"product_cat":[18,22],"product_tag":[],"class_list":{"0":"post-4063","1":"product","2":"type-product","3":"status-publish","4":"has-post-thumbnail","6":"product_cat-home-decor","7":"product_cat-vase","9":"first","10":"instock","11":"shipping-taxable","12":"product-type-simple"},"acf":[],"_links":{"self":[{"href":"https:\/\/www.santai-ceramics.com\/fr\/wp-json\/wp\/v2\/product\/4063","targetHints":{"allow":["GET"]}}],"collection":[{"href":"https:\/\/www.santai-ceramics.com\/fr\/wp-json\/wp\/v2\/product"}],"about":[{"href":"https:\/\/www.santai-ceramics.com\/fr\/wp-json\/wp\/v2\/types\/product"}],"replies":[{"embeddable":true,"href":"https:\/\/www.santai-ceramics.com\/fr\/wp-json\/wp\/v2\/comments?post=4063"}],"wp:featuredmedia":[{"embeddable":true,"href":"https:\/\/www.santai-ceramics.com\/fr\/wp-json\/wp\/v2\/media\/4081"}],"wp:attachment":[{"href":"https:\/\/www.santai-ceramics.com\/fr\/wp-json\/wp\/v2\/media?parent=4063"}],"wp:term":[{"taxonomy":"product_brand","embeddable":true,"href":"https:\/\/www.santai-ceramics.com\/fr\/wp-json\/wp\/v2\/product_brand?post=4063"},{"taxonomy":"product_cat","embeddable":true,"href":"https:\/\/www.santai-ceramics.com\/fr\/wp-json\/wp\/v2\/product_cat?post=4063"},{"taxonomy":"product_tag","embeddable":true,"href":"https:\/\/www.santai-ceramics.com\/fr\/wp-json\/wp\/v2\/product_tag?post=4063"}],"curies":[{"name":"wp","href":"https:\/\/api.w.org\/{rel}","templated":true}]}}