{"id":4221,"date":"2026-03-12T08:26:26","date_gmt":"2026-03-12T08:26:26","guid":{"rendered":"https:\/\/www.santai-ceramics.com\/?post_type=product&#038;p=4221"},"modified":"2026-03-12T08:26:31","modified_gmt":"2026-03-12T08:26:31","slug":"wholesale-terra-cotta-plant-vases-vertical-textures-natural-patina-2","status":"publish","type":"product","link":"https:\/\/www.santai-ceramics.com\/fr\/product\/wholesale-terra-cotta-plant-vases-vertical-textures-natural-patina-2\/","title":{"rendered":"Wholesale Terra Cotta Plant Vases &#8211; Vertical Textures &amp; Natural Patina"},"content":{"rendered":"<h3 class=\"wp-block-heading\">Features of\u00a0Terra Cotta Plant Vases &#8211; Vertical Textures &amp; Natural Patina<\/h3>\n\n\n\n<ul class=\"wp-block-list\">\n<li><strong>Texture brute et terreuse<\/strong>: Fabriqu\u00e9s principalement en terre cuite, certains vases ayant une finition semblable \u00e0 celle du ciment, ces bacs \u00e0 fleurs conservent des marques naturelles de fabrication artisanale. La surface est granuleuse, rugueuse au toucher, et pr\u00e9sente de subtiles fissures ou des effets mats qui transmettent une authenticit\u00e9 \"sauvage\".<\/li>\n<\/ul>\n\n\n\n<ul class=\"wp-block-list\">\n<li><strong>Patine naturelle et effet de vieillissement<\/strong>: Les jardini\u00e8res pr\u00e9sentent une base gris clair, blanc cass\u00e9 et blanc gris, accentu\u00e9e par des taches al\u00e9atoires de brun clair et de brun orang\u00e9, simulant l'aspect vieilli d'objets us\u00e9s par le temps. Certaines zones exposent la couleur naturelle de l'argile, ce qui permet de conserver la texture brute de la terre cuite tout en refl\u00e9tant un \"aspect vintage\".<\/li>\n<\/ul>\n\n\n\n<ul class=\"wp-block-list\">\n<li><strong>Texture verticale pour la profondeur et le contraste<\/strong>: Les jardini\u00e8res sont orn\u00e9es de rainures ou de bandes verticales qui renforcent leur caract\u00e8re tridimensionnel et leur qualit\u00e9 tactile. Certaines ont une texture qui ressemble \u00e0 du b\u00e9ton coul\u00e9, ajoutant une empreinte \"coul\u00e9e \u00e0 la main\". Les rainures n'attirent pas seulement le regard, elles interagissent aussi avec la lumi\u00e8re pour cr\u00e9er des ombres vives qui mettent en valeur la texture.<\/li>\n<\/ul>\n\n\n\n<h3 class=\"wp-block-heading\">Custom Terra Cotta Plant Vase Service<\/h3>\n\n\n\n<p>Nous proposons des services OEM et ODM pour nos produits.<br>Des \u00e9chantillons peuvent \u00eatre livr\u00e9s rapidement.<br>Nous offrons une vari\u00e9t\u00e9 de formes, de couleurs, d'impressions personnalis\u00e9es, d'emballages et d'autres services sur mesure pour r\u00e9pondre \u00e0 vos besoins sp\u00e9cifiques.<br><a href=\"https:\/\/www.santai-ceramics.com\/fr\/custom\/\" data-type=\"page\" data-id=\"13\" target=\"_blank\" rel=\"noreferrer noopener\"><strong><b>En savoir plus sur la personnalisation<\/b> ceramic plant vase details.<\/strong><\/a><\/p>\n\n\n\n<div class=\"wp-block-columns is-layout-flex wp-container-core-columns-is-layout-9d6595d7 wp-block-columns-is-layout-flex\">\n<div class=\"wp-block-column is-layout-flow wp-block-column-is-layout-flow\">\n<figure class=\"wp-block-image size-full\"><img decoding=\"async\" width=\"2743\" height=\"2743\" src=\"https:\/\/www.santai-ceramics.com\/wp-content\/uploads\/2026\/03\/DSC00624_11_11zon.jpg\" alt=\"\" class=\"wp-image-4185\" srcset=\"https:\/\/www.santai-ceramics.com\/wp-content\/uploads\/2026\/03\/DSC00624_11_11zon.jpg 2743w, https:\/\/www.santai-ceramics.com\/wp-content\/uploads\/2026\/03\/DSC00624_11_11zon-300x300.jpg 300w, https:\/\/www.santai-ceramics.com\/wp-content\/uploads\/2026\/03\/DSC00624_11_11zon-150x150.jpg 150w, https:\/\/www.santai-ceramics.com\/wp-content\/uploads\/2026\/03\/DSC00624_11_11zon-768x768.jpg 768w, https:\/\/www.santai-ceramics.com\/wp-content\/uploads\/2026\/03\/DSC00624_11_11zon-12x12.jpg 12w, https:\/\/www.santai-ceramics.com\/wp-content\/uploads\/2026\/03\/DSC00624_11_11zon-1200x1200.jpg 1200w, https:\/\/www.santai-ceramics.com\/wp-content\/uploads\/2026\/03\/DSC00624_11_11zon-600x600.jpg 600w, https:\/\/www.santai-ceramics.com\/wp-content\/uploads\/2026\/03\/DSC00624_11_11zon-100x100.jpg 100w\" sizes=\"(max-width: 2743px) 100vw, 2743px\" \/><\/figure>\n<\/div>\n\n\n\n<div class=\"wp-block-column is-layout-flow wp-block-column-is-layout-flow\">\n<figure class=\"wp-block-image size-full\"><img decoding=\"async\" width=\"1965\" height=\"1965\" src=\"https:\/\/www.santai-ceramics.com\/wp-content\/uploads\/2026\/03\/DSC00623_10_11zon.jpg\" alt=\"\" class=\"wp-image-4184\" srcset=\"https:\/\/www.santai-ceramics.com\/wp-content\/uploads\/2026\/03\/DSC00623_10_11zon.jpg 1965w, https:\/\/www.santai-ceramics.com\/wp-content\/uploads\/2026\/03\/DSC00623_10_11zon-300x300.jpg 300w, https:\/\/www.santai-ceramics.com\/wp-content\/uploads\/2026\/03\/DSC00623_10_11zon-150x150.jpg 150w, https:\/\/www.santai-ceramics.com\/wp-content\/uploads\/2026\/03\/DSC00623_10_11zon-768x768.jpg 768w, https:\/\/www.santai-ceramics.com\/wp-content\/uploads\/2026\/03\/DSC00623_10_11zon-12x12.jpg 12w, https:\/\/www.santai-ceramics.com\/wp-content\/uploads\/2026\/03\/DSC00623_10_11zon-1200x1200.jpg 1200w, https:\/\/www.santai-ceramics.com\/wp-content\/uploads\/2026\/03\/DSC00623_10_11zon-600x600.jpg 600w, https:\/\/www.santai-ceramics.com\/wp-content\/uploads\/2026\/03\/DSC00623_10_11zon-100x100.jpg 100w\" sizes=\"(max-width: 1965px) 100vw, 1965px\" \/><\/figure>\n<\/div>\n<\/div>","protected":false},"excerpt":{"rendered":"<p data-pm-slice=\"0 0 []\">These wholesale ceramic plant vases feature a rustic, raw finish with natural handcrafted marks, creating a timeless look. The subtle blend of earthy tones and vertical textures makes them a perfect addition to any space, combining functionality with artisanal charm.<\/p>\n<h2>Specification of\u00a0 Terra Cotta Vases &#8211; Vertical Textures &amp; Natural Patina<\/h2>\n<table width=\"855\">\n<tbody>\n<tr>\n<td width=\"285\">Num\u00e9ro de mod\u00e8le<\/td>\n<td width=\"285\">G37623-H885-A01<\/td>\n<td width=\"285\">G37623-H885-A02<\/td>\n<\/tr>\n<tr>\n<td>Nom du produit<\/td>\n<td>Pot en terre cuite<\/td>\n<td>Pot en terre cuite<\/td>\n<\/tr>\n<tr>\n<td>Couleur<\/td>\n<td>Terre antique<\/td>\n<td>Terre antique<\/td>\n<\/tr>\n<tr>\n<td>Mat\u00e9riau<\/td>\n<td>Terre cuite\u00a0<\/td>\n<td>Terre cuite\u00a0<\/td>\n<\/tr>\n<tr>\n<td>Sc\u00e9narios d'utilisation<\/td>\n<td>d\u00e9coration de la maison et du jardin<\/td>\n<td>d\u00e9coration de la maison et du jardin<\/td>\n<\/tr>\n<tr>\n<td>Dimensions<\/td>\n<td>D:22X25cm<\/td>\n<td>D:17.5X20cm<\/td>\n<\/tr>\n<tr>\n<td>Poids<\/td>\n<td>3kg\/pc<\/td>\n<td>1,8kg\/pc<\/td>\n<\/tr>\n<\/tbody>\n<\/table>","protected":false},"featured_media":4182,"comment_status":"closed","ping_status":"closed","template":"","meta":{"_acf_changed":false},"product_brand":[],"product_cat":[18,21,22],"product_tag":[],"class_list":{"0":"post-4221","1":"product","2":"type-product","3":"status-publish","4":"has-post-thumbnail","6":"product_cat-home-decor","7":"product_cat-garden-decor","8":"product_cat-vase","10":"first","11":"instock","12":"shipping-taxable","13":"product-type-simple"},"acf":[],"_links":{"self":[{"href":"https:\/\/www.santai-ceramics.com\/fr\/wp-json\/wp\/v2\/product\/4221","targetHints":{"allow":["GET"]}}],"collection":[{"href":"https:\/\/www.santai-ceramics.com\/fr\/wp-json\/wp\/v2\/product"}],"about":[{"href":"https:\/\/www.santai-ceramics.com\/fr\/wp-json\/wp\/v2\/types\/product"}],"replies":[{"embeddable":true,"href":"https:\/\/www.santai-ceramics.com\/fr\/wp-json\/wp\/v2\/comments?post=4221"}],"wp:featuredmedia":[{"embeddable":true,"href":"https:\/\/www.santai-ceramics.com\/fr\/wp-json\/wp\/v2\/media\/4182"}],"wp:attachment":[{"href":"https:\/\/www.santai-ceramics.com\/fr\/wp-json\/wp\/v2\/media?parent=4221"}],"wp:term":[{"taxonomy":"product_brand","embeddable":true,"href":"https:\/\/www.santai-ceramics.com\/fr\/wp-json\/wp\/v2\/product_brand?post=4221"},{"taxonomy":"product_cat","embeddable":true,"href":"https:\/\/www.santai-ceramics.com\/fr\/wp-json\/wp\/v2\/product_cat?post=4221"},{"taxonomy":"product_tag","embeddable":true,"href":"https:\/\/www.santai-ceramics.com\/fr\/wp-json\/wp\/v2\/product_tag?post=4221"}],"curies":[{"name":"wp","href":"https:\/\/api.w.org\/{rel}","templated":true}]}}