{"id":579,"date":"2024-10-11T03:40:25","date_gmt":"2024-10-11T03:40:25","guid":{"rendered":"https:\/\/www.santai-ceramics.com\/?post_type=product&#038;p=579"},"modified":"2024-10-27T14:57:39","modified_gmt":"2024-10-27T14:57:39","slug":"wholesale-modern-ceramic-vases","status":"publish","type":"product","link":"https:\/\/www.santai-ceramics.com\/fr\/product\/wholesale-modern-ceramic-vases\/","title":{"rendered":"Wholesale Modern Ceramic Vases Minimalist Design Perfect Ceramic Home Decor"},"content":{"rendered":"<h3 class=\"wp-block-heading\">Param\u00e8tres du vase moderne en c\u00e9ramique<\/h3>\n\n\n\n<figure class=\"wp-block-table\"><table class=\"has-fixed-layout\"><tbody><tr><td>Mod\u00e8le<\/td><td>Nom du produit<\/td><td>Couleur<\/td><td>Mat\u00e9riau<\/td><td>Utilisations<\/td><td>Dimensions<\/td><td>Poids<\/td><\/tr><tr><td>A35935-LC21-A01<\/td><td>Vase \u00e0 fleurs en c\u00e9ramique<\/td><td>vert<\/td><td>C\u00e9ramique<\/td><td><span class=\"font5\">h<\/span><span class=\"font5\">ome d\u00e9cor, salon<\/span><\/td><td>D:18X32<\/td><td>1,7kg\/pc<\/td><\/tr><tr><td>A30522-MX68-A03<\/td><td>Vase \u00e0 fleurs en c\u00e9ramique<\/td><td>Bleu et blanc<\/td><td>C\u00e9ramique<\/td><td><span class=\"font5\">h<\/span><span class=\"font5\">ome d\u00e9cor, salon<\/span><\/td><td>D:8X16.5<\/td><td>0,38kg\/pc<\/td><\/tr><\/tbody><\/table><\/figure>\n\n\n\n<h3 class=\"wp-block-heading\">Service de vases sur mesure<\/h3>\n\n\n\n<p>1) Nous proposons des services OEM et ODM pour nos produits.<br>2. la livraison rapide d'\u00e9chantillons est possible.<br>3. nous fournissons une vari\u00e9t\u00e9 de formes, de couleurs, d'impressions personnalis\u00e9es, d'emballages et d'autres services sur mesure pour r\u00e9pondre \u00e0 vos besoins.<\/p>\n\n\n\n<div class=\"wp-block-columns is-layout-flex wp-container-core-columns-is-layout-9d6595d7 wp-block-columns-is-layout-flex\">\n<div class=\"wp-block-column is-layout-flow wp-block-column-is-layout-flow\">\n<figure class=\"wp-block-image size-full\"><img decoding=\"async\" width=\"554\" height=\"554\" src=\"https:\/\/www.santai-ceramics.com\/wp-content\/uploads\/2024\/10\/wholesale-modern-ceramic-vases.webp\" alt=\"vases en c\u00e9ramique modernes en gros\" class=\"wp-image-671\" srcset=\"https:\/\/www.santai-ceramics.com\/wp-content\/uploads\/2024\/10\/wholesale-modern-ceramic-vases.webp 554w, https:\/\/www.santai-ceramics.com\/wp-content\/uploads\/2024\/10\/wholesale-modern-ceramic-vases-300x300.webp 300w, https:\/\/www.santai-ceramics.com\/wp-content\/uploads\/2024\/10\/wholesale-modern-ceramic-vases-150x150.webp 150w, https:\/\/www.santai-ceramics.com\/wp-content\/uploads\/2024\/10\/wholesale-modern-ceramic-vases-100x100.webp 100w\" sizes=\"(max-width: 554px) 100vw, 554px\" \/><\/figure>\n<\/div>\n\n\n\n<div class=\"wp-block-column is-layout-flow wp-block-column-is-layout-flow\">\n<figure class=\"wp-block-image size-full\"><img decoding=\"async\" width=\"554\" height=\"554\" src=\"https:\/\/www.santai-ceramics.com\/wp-content\/uploads\/2024\/10\/wholesale-modern-ceramic-vases-2-2.webp\" alt=\"Vases en c\u00e9ramique modernes en gros (3)\" class=\"wp-image-673\" srcset=\"https:\/\/www.santai-ceramics.com\/wp-content\/uploads\/2024\/10\/wholesale-modern-ceramic-vases-2-2.webp 554w, https:\/\/www.santai-ceramics.com\/wp-content\/uploads\/2024\/10\/wholesale-modern-ceramic-vases-2-2-300x300.webp 300w, https:\/\/www.santai-ceramics.com\/wp-content\/uploads\/2024\/10\/wholesale-modern-ceramic-vases-2-2-150x150.webp 150w, https:\/\/www.santai-ceramics.com\/wp-content\/uploads\/2024\/10\/wholesale-modern-ceramic-vases-2-2-100x100.webp 100w\" sizes=\"(max-width: 554px) 100vw, 554px\" \/><\/figure>\n<\/div>\n<\/div>","protected":false},"excerpt":{"rendered":"<p>Vente en gros de vases en c\u00e9ramique de style moderne. Ce vase a des lignes simples et lisses, la surface est faite de gla\u00e7ure de haute qualit\u00e9, la texture est douce, il est \u00e0 la fois beau et pratique, adapt\u00e9 \u00e0 la maison, au bureau, \u00e0 l'h\u00f4tel et \u00e0 d'autres sc\u00e8nes. Le fabricant SANTAI vous fournit des solutions de vase en gros et personnalis\u00e9es. Bienvenue aux acheteurs B2B, h\u00f4tels \u00e0 nous contacter pour l'approvisionnement.<\/p>\n<h2>Caract\u00e9ristiques du vase moderne en c\u00e9ramique<\/h2>\n<p><strong>Texture unique<\/strong>: La surface de ce vase moderne en c\u00e9ramique pr\u00e9sente une texture g\u00e9om\u00e9trique concave et convexe, qui donne une impression visuelle de superposition.<\/p>\n<p><strong>Fusion de textures et de couleurs<\/strong>: La gla\u00e7ure principale blanche est assortie d'ornements bleu clair, ce qui rend l'ensemble du vase frais et naturel, comme s'il y avait un l\u00e9ger changement dans la couleur de la gla\u00e7ure faite \u00e0 la main, soulignant le charme unique des produits faits \u00e0 la main.<\/p>\n<p><strong>Mobilier multifonctionnel<\/strong>: Le design combin\u00e9 comprend un vase haut et deux vases bas, qui peuvent \u00eatre utilis\u00e9s pour des compositions florales, des ornements ou une pr\u00e9sentation s\u00e9par\u00e9e, donnant \u00e0 l'espace plus d'options d\u00e9coratives.<\/p>\n<p><strong>Mat\u00e9riaux respectueux de l'environnement<\/strong>: L'utilisation de mat\u00e9riaux c\u00e9ramiques cuits \u00e0 haute temp\u00e9rature, la protection naturelle de l'environnement et l'absence de substances nocives garantissent que le produit est non seulement beau, mais aussi conforme aux concepts modernes de protection de l'environnement.<\/p>\n<p><strong>Prise en charge des vases personnalis\u00e9s OEM et ODM :<\/strong> Nous fournissons une assistance compl\u00e8te OEM et ODM pour vous aider \u00e0 personnaliser des vases uniques, de la s\u00e9lection des mat\u00e9riaux \u00e0 la production finale, afin de r\u00e9aliser pleinement votre concept de design.<\/p>","protected":false},"featured_media":671,"comment_status":"closed","ping_status":"closed","template":"","meta":{"_acf_changed":false},"product_brand":[],"product_cat":[22,18],"product_tag":[34],"class_list":{"0":"post-579","1":"product","2":"type-product","3":"status-publish","4":"has-post-thumbnail","6":"product_cat-vase","7":"product_cat-home-decor","8":"product_tag-ceramic-vase","10":"first","11":"instock","12":"shipping-taxable","13":"product-type-simple"},"acf":[],"_links":{"self":[{"href":"https:\/\/www.santai-ceramics.com\/fr\/wp-json\/wp\/v2\/product\/579","targetHints":{"allow":["GET"]}}],"collection":[{"href":"https:\/\/www.santai-ceramics.com\/fr\/wp-json\/wp\/v2\/product"}],"about":[{"href":"https:\/\/www.santai-ceramics.com\/fr\/wp-json\/wp\/v2\/types\/product"}],"replies":[{"embeddable":true,"href":"https:\/\/www.santai-ceramics.com\/fr\/wp-json\/wp\/v2\/comments?post=579"}],"wp:featuredmedia":[{"embeddable":true,"href":"https:\/\/www.santai-ceramics.com\/fr\/wp-json\/wp\/v2\/media\/671"}],"wp:attachment":[{"href":"https:\/\/www.santai-ceramics.com\/fr\/wp-json\/wp\/v2\/media?parent=579"}],"wp:term":[{"taxonomy":"product_brand","embeddable":true,"href":"https:\/\/www.santai-ceramics.com\/fr\/wp-json\/wp\/v2\/product_brand?post=579"},{"taxonomy":"product_cat","embeddable":true,"href":"https:\/\/www.santai-ceramics.com\/fr\/wp-json\/wp\/v2\/product_cat?post=579"},{"taxonomy":"product_tag","embeddable":true,"href":"https:\/\/www.santai-ceramics.com\/fr\/wp-json\/wp\/v2\/product_tag?post=579"}],"curies":[{"name":"wp","href":"https:\/\/api.w.org\/{rel}","templated":true}]}}