{"id":677,"date":"2024-10-14T07:52:15","date_gmt":"2024-10-14T07:52:15","guid":{"rendered":"https:\/\/www.santai-ceramics.com\/?post_type=product&#038;p=677"},"modified":"2025-06-08T15:24:43","modified_gmt":"2025-06-08T15:24:43","slug":"wholesale-classical-ceramic-flower-pots","status":"publish","type":"product","link":"https:\/\/www.santai-ceramics.com\/fr\/product\/wholesale-classical-ceramic-flower-pots\/","title":{"rendered":"Wholesale Classical Ceramic Flower Pots with Vintage Design and Antique Finish for Indoor and Outdoor Garden Decoration (Pots de fleurs classiques en c\u00e9ramique au design vintage et \u00e0 la finition antique pour la d\u00e9coration des jardins int\u00e9rieurs et ext\u00e9rieurs)"},"content":{"rendered":"<h3 class=\"wp-block-heading\">Param\u00e8tres du pot de fleurs classique en c\u00e9ramique<\/h3>\n\n\n\n<figure class=\"wp-block-table\"><table class=\"has-fixed-layout\"><tbody><tr><td>Mod\u00e8le<\/td><td>Nom du produit<\/td><td>Couleur<\/td><td>Mat\u00e9riau<\/td><td>Utilisations<\/td><td>Dimensions<\/td><td>Poids<\/td><\/tr><tr><td>G33514-H856-A01<\/td><td>Pot en c\u00e9ramique finition antique<\/td><td>Marron antique<\/td><td>Terre cuite<\/td><td>d\u00e9coration int\u00e9rieure, d\u00e9coration de jardin<\/td><td>D:21X17<\/td><td>2.2kg\/pc<\/td><\/tr><tr><td>G33514-H856-A02<\/td><td>Pot en c\u00e9ramique finition antique<\/td><td>Marron antique<\/td><td>Terre cuite<\/td><td>d\u00e9coration int\u00e9rieure, d\u00e9coration de jardin<\/td><td>D:17X13.5<\/td><td>1,4kg\/pc<\/td><\/tr><tr><td>G33514-H856-A03<\/td><td>Pot en c\u00e9ramique finition antique<\/td><td>Marron antique<\/td><td>Terre cuite<\/td><td>d\u00e9coration int\u00e9rieure, d\u00e9coration de jardin<\/td><td>D:13.5X11<\/td><td>0,9kg\/pc<\/td><\/tr><\/tbody><\/table><\/figure>\n\n\n\n<h3 class=\"wp-block-heading\">Service de pot de fleurs en c\u00e9ramique classique personnalis\u00e9<\/h3>\n\n\n\n<p>Nous proposons des services OEM et ODM pour nos produits.<br>Des \u00e9chantillons peuvent \u00eatre livr\u00e9s rapidement.<br>Nous proposons une vari\u00e9t\u00e9 de formes, de couleurs, d'impressions personnalis\u00e9es, d'emballages et d'autres services sur mesure pour r\u00e9pondre \u00e0 vos besoins.<br><strong><a href=\"https:\/\/www.santai-ceramics.com\/fr\/custom\/\" data-type=\"page\" data-id=\"13\" target=\"_blank\" rel=\"noreferrer noopener\">En savoir plus sur les d\u00e9tails des pots de fleurs personnalis\u00e9s.<\/a><\/strong><\/p>\n\n\n\n<div class=\"wp-block-columns is-layout-flex wp-container-core-columns-is-layout-9d6595d7 wp-block-columns-is-layout-flex\">\n<div class=\"wp-block-column is-layout-flow wp-block-column-is-layout-flow\">\n<figure class=\"wp-block-image size-full\"><img decoding=\"async\" width=\"2620\" height=\"2620\" src=\"https:\/\/www.santai-ceramics.com\/wp-content\/uploads\/2024\/10\/wholesale-retro-flower-pots-3.webp\" alt=\"pots de fleurs r\u00e9tro en gros (3)\" class=\"wp-image-680\" srcset=\"https:\/\/www.santai-ceramics.com\/wp-content\/uploads\/2024\/10\/wholesale-retro-flower-pots-3.webp 2620w, https:\/\/www.santai-ceramics.com\/wp-content\/uploads\/2024\/10\/wholesale-retro-flower-pots-3-300x300.webp 300w, https:\/\/www.santai-ceramics.com\/wp-content\/uploads\/2024\/10\/wholesale-retro-flower-pots-3-150x150.webp 150w, https:\/\/www.santai-ceramics.com\/wp-content\/uploads\/2024\/10\/wholesale-retro-flower-pots-3-768x768.webp 768w, https:\/\/www.santai-ceramics.com\/wp-content\/uploads\/2024\/10\/wholesale-retro-flower-pots-3-1200x1200.webp 1200w, https:\/\/www.santai-ceramics.com\/wp-content\/uploads\/2024\/10\/wholesale-retro-flower-pots-3-600x600.webp 600w, https:\/\/www.santai-ceramics.com\/wp-content\/uploads\/2024\/10\/wholesale-retro-flower-pots-3-100x100.webp 100w\" sizes=\"(max-width: 2620px) 100vw, 2620px\" \/><\/figure>\n<\/div>\n\n\n\n<div class=\"wp-block-column is-layout-flow wp-block-column-is-layout-flow\">\n<figure class=\"wp-block-image size-full\"><img decoding=\"async\" width=\"3130\" height=\"3130\" src=\"https:\/\/www.santai-ceramics.com\/wp-content\/uploads\/2024\/10\/wholesale-retro-flower-pots-2.webp\" alt=\"pots de fleurs r\u00e9tro en gros (2)\" class=\"wp-image-679\" srcset=\"https:\/\/www.santai-ceramics.com\/wp-content\/uploads\/2024\/10\/wholesale-retro-flower-pots-2.webp 3130w, https:\/\/www.santai-ceramics.com\/wp-content\/uploads\/2024\/10\/wholesale-retro-flower-pots-2-300x300.webp 300w, https:\/\/www.santai-ceramics.com\/wp-content\/uploads\/2024\/10\/wholesale-retro-flower-pots-2-150x150.webp 150w, https:\/\/www.santai-ceramics.com\/wp-content\/uploads\/2024\/10\/wholesale-retro-flower-pots-2-768x768.webp 768w, https:\/\/www.santai-ceramics.com\/wp-content\/uploads\/2024\/10\/wholesale-retro-flower-pots-2-1200x1200.webp 1200w, https:\/\/www.santai-ceramics.com\/wp-content\/uploads\/2024\/10\/wholesale-retro-flower-pots-2-600x600.webp 600w, https:\/\/www.santai-ceramics.com\/wp-content\/uploads\/2024\/10\/wholesale-retro-flower-pots-2-100x100.webp 100w\" sizes=\"(max-width: 3130px) 100vw, 3130px\" \/><\/figure>\n<\/div>\n<\/div>","protected":false},"excerpt":{"rendered":"<p>Les pots de fleurs vintage en gros, avec un design classique et un artisanat antique, conviennent \u00e0 la d\u00e9coration des jardins int\u00e9rieurs et ext\u00e9rieurs, \u00e0 la fois beaux et pratiques, pour r\u00e9pondre \u00e0 toutes sortes de besoins en mati\u00e8re de jardinage et de d\u00e9coration de la maison. Les fabricants de poterie SANTAI vous fournissent une solution unique. Nous invitons les acheteurs B2B \u00e0 nous contacter pour l'achat.<\/p>\n<h2>Caract\u00e9ristiques du vase \u00e0 fleurs antique Mgo<\/h2>\n<p><strong>Description du produit Style classique<\/strong>: Les motifs en relief d\u00e9licatement sculpt\u00e9s sur la surface du pot de fleurs d\u00e9gagent un charme ancien et classique qui peut \u00e9voquer une atmosph\u00e8re d'art pour une utilisation dans une cour ou une d\u00e9coration d'int\u00e9rieur. Il s'adapte parfaitement \u00e0 de nombreux espaces de styles diff\u00e9rents.<\/p>\n<p><strong>Durable et solide<\/strong>L'int\u00e9rieur est \u00e9quip\u00e9 de mat\u00e9riaux de qualit\u00e9 et la texture de la surface est en pierre de style antique, tr\u00e8s belle, avec une bonne r\u00e9sistance aux intemp\u00e9ries ; elle peut \u00eatre utilis\u00e9e \u00e0 l'ext\u00e9rieur ou \u00e0 l'int\u00e9rieur pendant une longue p\u00e9riode.<\/p>\n<p><strong>Design \u00e9pais<\/strong>La paroi \u00e9paisse du pot de fleurs offre un support stable pour \u00e9viter les basculements, ce qui convient \u00e0 la plantation de plantes de grande taille ou \u00e0 racines profondes.<\/p>\n<p><strong>Polyvalence<\/strong>: Il convient non seulement comme pot de fleurs, mais aussi comme r\u00e9cipient de stockage d\u00e9coratif pour diff\u00e9rentes situations sur le balcon, dans le jardin et dans le salon.<\/p>\n<p><strong>Effet de relief unique<\/strong>: La surface pr\u00e9sente un effet antique ; le style r\u00e9tro d\u00e9gage une beaut\u00e9 naturelle et incis\u00e9e.<\/p>","protected":false},"featured_media":678,"comment_status":"closed","ping_status":"closed","template":"","meta":{"_acf_changed":false},"product_brand":[],"product_cat":[23,42,21,18],"product_tag":[38],"class_list":{"0":"post-677","1":"product","2":"type-product","3":"status-publish","4":"has-post-thumbnail","6":"product_cat-ceramic-pots-planters","7":"product_cat-wholesale-ceramic-plant-pots","8":"product_cat-garden-decor","9":"product_cat-home-decor","10":"product_tag-wholesale-terracotta-flower-pots","12":"first","13":"instock","14":"shipping-taxable","15":"product-type-simple"},"acf":[],"_links":{"self":[{"href":"https:\/\/www.santai-ceramics.com\/fr\/wp-json\/wp\/v2\/product\/677","targetHints":{"allow":["GET"]}}],"collection":[{"href":"https:\/\/www.santai-ceramics.com\/fr\/wp-json\/wp\/v2\/product"}],"about":[{"href":"https:\/\/www.santai-ceramics.com\/fr\/wp-json\/wp\/v2\/types\/product"}],"replies":[{"embeddable":true,"href":"https:\/\/www.santai-ceramics.com\/fr\/wp-json\/wp\/v2\/comments?post=677"}],"wp:featuredmedia":[{"embeddable":true,"href":"https:\/\/www.santai-ceramics.com\/fr\/wp-json\/wp\/v2\/media\/678"}],"wp:attachment":[{"href":"https:\/\/www.santai-ceramics.com\/fr\/wp-json\/wp\/v2\/media?parent=677"}],"wp:term":[{"taxonomy":"product_brand","embeddable":true,"href":"https:\/\/www.santai-ceramics.com\/fr\/wp-json\/wp\/v2\/product_brand?post=677"},{"taxonomy":"product_cat","embeddable":true,"href":"https:\/\/www.santai-ceramics.com\/fr\/wp-json\/wp\/v2\/product_cat?post=677"},{"taxonomy":"product_tag","embeddable":true,"href":"https:\/\/www.santai-ceramics.com\/fr\/wp-json\/wp\/v2\/product_tag?post=677"}],"curies":[{"name":"wp","href":"https:\/\/api.w.org\/{rel}","templated":true}]}}