{"id":687,"date":"2024-10-14T08:36:08","date_gmt":"2024-10-14T08:36:08","guid":{"rendered":"https:\/\/www.santai-ceramics.com\/?post_type=product&#038;p=687"},"modified":"2025-06-08T15:22:20","modified_gmt":"2025-06-08T15:22:20","slug":"wholesale-black-ceramic-planters","status":"publish","type":"product","link":"https:\/\/www.santai-ceramics.com\/fr\/product\/wholesale-black-ceramic-planters\/","title":{"rendered":"Wholesale Black Ceramic Planters, Multiple Size Options, Perfect for Creative Arrangements (en anglais)"},"content":{"rendered":"<h3 class=\"wp-block-heading\">Parameters of Ceramic Planter<\/h3>\n\n\n\n<figure class=\"wp-block-table\"><table class=\"has-fixed-layout\"><tbody><tr><td>Mod\u00e8le<\/td><td>Nom du produit<\/td><td>Couleur<\/td><td>Mat\u00e9riau<\/td><td>Utilisations<\/td><td>Dimensions<\/td><td>Poids<\/td><\/tr><tr><td>G36459-WC49-A01<\/td><td>Hand Pressed Black Planter<\/td><td>Noir antique<\/td><td>Terre cuite<\/td><td>d\u00e9coration int\u00e9rieure, salon, jardin<\/td><td>D:21.5X20cm<\/td><td>2.5kg\/pc<\/td><\/tr><tr><td>G36459-WC49-A02<\/td><td>Hand Pressed Black Planter<\/td><td>Noir antique<\/td><td>Terre cuite<\/td><td>d\u00e9coration int\u00e9rieure, salon, jardin<\/td><td>D:18X16cm<\/td><td>1,7kg\/pc<\/td><\/tr><\/tbody><\/table><\/figure>\n\n\n\n<h3 class=\"wp-block-heading\">Custom Ceramic Planter Service<\/h3>\n\n\n\n<p>Nous proposons des services OEM et ODM pour nos produits.<br>Des \u00e9chantillons peuvent \u00eatre livr\u00e9s rapidement.<br>Nous offrons une vari\u00e9t\u00e9 de formes, de couleurs, d'impressions personnalis\u00e9es, d'emballages et d'autres services sur mesure pour r\u00e9pondre \u00e0 vos besoins sp\u00e9cifiques.<br><strong><a href=\"https:\/\/www.santai-ceramics.com\/fr\/custom\/\" data-type=\"page\" data-id=\"13\" target=\"_blank\" rel=\"noreferrer noopener\">Learn more about custom ceramic planter detail.<\/a><\/strong><\/p>\n\n\n\n<div class=\"wp-block-columns is-layout-flex wp-container-core-columns-is-layout-9d6595d7 wp-block-columns-is-layout-flex\">\n<div class=\"wp-block-column is-layout-flow wp-block-column-is-layout-flow\">\n<figure class=\"wp-block-image size-full\"><img decoding=\"async\" width=\"3067\" height=\"3067\" src=\"https:\/\/www.santai-ceramics.com\/wp-content\/uploads\/2024\/10\/wholesale-black-ceramic-planters-4.webp\" alt=\"wholesale black ceramic planters (4)\" class=\"wp-image-691\" srcset=\"https:\/\/www.santai-ceramics.com\/wp-content\/uploads\/2024\/10\/wholesale-black-ceramic-planters-4.webp 3067w, https:\/\/www.santai-ceramics.com\/wp-content\/uploads\/2024\/10\/wholesale-black-ceramic-planters-4-300x300.webp 300w, https:\/\/www.santai-ceramics.com\/wp-content\/uploads\/2024\/10\/wholesale-black-ceramic-planters-4-150x150.webp 150w, https:\/\/www.santai-ceramics.com\/wp-content\/uploads\/2024\/10\/wholesale-black-ceramic-planters-4-768x768.webp 768w, https:\/\/www.santai-ceramics.com\/wp-content\/uploads\/2024\/10\/wholesale-black-ceramic-planters-4-1200x1200.webp 1200w, https:\/\/www.santai-ceramics.com\/wp-content\/uploads\/2024\/10\/wholesale-black-ceramic-planters-4-600x600.webp 600w, https:\/\/www.santai-ceramics.com\/wp-content\/uploads\/2024\/10\/wholesale-black-ceramic-planters-4-100x100.webp 100w\" sizes=\"(max-width: 3067px) 100vw, 3067px\" \/><\/figure>\n<\/div>\n\n\n\n<div class=\"wp-block-column is-layout-flow wp-block-column-is-layout-flow\">\n<figure class=\"wp-block-image size-full\"><img decoding=\"async\" width=\"2516\" height=\"2515\" src=\"https:\/\/www.santai-ceramics.com\/wp-content\/uploads\/2024\/10\/wholesale-black-ceramic-planters-5.webp\" alt=\"wholesale black ceramic planters (5)\" class=\"wp-image-692\" srcset=\"https:\/\/www.santai-ceramics.com\/wp-content\/uploads\/2024\/10\/wholesale-black-ceramic-planters-5.webp 2516w, https:\/\/www.santai-ceramics.com\/wp-content\/uploads\/2024\/10\/wholesale-black-ceramic-planters-5-300x300.webp 300w, https:\/\/www.santai-ceramics.com\/wp-content\/uploads\/2024\/10\/wholesale-black-ceramic-planters-5-150x150.webp 150w, https:\/\/www.santai-ceramics.com\/wp-content\/uploads\/2024\/10\/wholesale-black-ceramic-planters-5-768x768.webp 768w, https:\/\/www.santai-ceramics.com\/wp-content\/uploads\/2024\/10\/wholesale-black-ceramic-planters-5-1200x1200.webp 1200w, https:\/\/www.santai-ceramics.com\/wp-content\/uploads\/2024\/10\/wholesale-black-ceramic-planters-5-600x600.webp 600w, https:\/\/www.santai-ceramics.com\/wp-content\/uploads\/2024\/10\/wholesale-black-ceramic-planters-5-100x100.webp 100w\" sizes=\"(max-width: 2516px) 100vw, 2516px\" \/><\/figure>\n<\/div>\n<\/div>","protected":false},"excerpt":{"rendered":"<p>Wholesale ceramic planters made of terracotta, excellent in ventilation and drainage performance. They can provide an ideal environment for plants to grow. The surface has been dealt with in fine processing, natural in texture and color. It is ideal for garden decoration.Welcome to contact us for a quote.<\/p>\n<h2>Features of Ceramic Planter<\/h2>\n<p><strong>Minimalist Design<\/strong>: This flower pot is of ceramic material and possesses an extremely simple look. It will be a very unique decoration in your living room or garden to add style to your home.<\/p>\n<p><strong>High-Quality Ceramic Material:<\/strong> Polished to a brilliant shine, it features a captivating finish while maintaining a substantial texture that enhances its beauty.<\/p>\n<p><strong>Strong Practicality<\/strong>: This pot is ornamental but very serviceable. It can be used either for planting flowers and plants or storing tea leaves, coffee beans, and spices.<\/p>\n<p><strong>Wholesale planters and OEM and ODM Service:<\/strong> We offer high quality wholesale planters, our planters come in a variety of sizes, materials and styles, ensuring you find the perfect product to enrich your product line.<\/p>","protected":false},"featured_media":688,"comment_status":"closed","ping_status":"closed","template":"","meta":{"_acf_changed":false},"product_brand":[],"product_cat":[18,42,21,23],"product_tag":[39],"class_list":{"0":"post-687","1":"product","2":"type-product","3":"status-publish","4":"has-post-thumbnail","6":"product_cat-home-decor","7":"product_cat-wholesale-ceramic-plant-pots","8":"product_cat-garden-decor","9":"product_cat-ceramic-pots-planters","10":"product_tag-ceramic-flower-pot","12":"first","13":"instock","14":"shipping-taxable","15":"product-type-simple"},"acf":[],"_links":{"self":[{"href":"https:\/\/www.santai-ceramics.com\/fr\/wp-json\/wp\/v2\/product\/687","targetHints":{"allow":["GET"]}}],"collection":[{"href":"https:\/\/www.santai-ceramics.com\/fr\/wp-json\/wp\/v2\/product"}],"about":[{"href":"https:\/\/www.santai-ceramics.com\/fr\/wp-json\/wp\/v2\/types\/product"}],"replies":[{"embeddable":true,"href":"https:\/\/www.santai-ceramics.com\/fr\/wp-json\/wp\/v2\/comments?post=687"}],"wp:featuredmedia":[{"embeddable":true,"href":"https:\/\/www.santai-ceramics.com\/fr\/wp-json\/wp\/v2\/media\/688"}],"wp:attachment":[{"href":"https:\/\/www.santai-ceramics.com\/fr\/wp-json\/wp\/v2\/media?parent=687"}],"wp:term":[{"taxonomy":"product_brand","embeddable":true,"href":"https:\/\/www.santai-ceramics.com\/fr\/wp-json\/wp\/v2\/product_brand?post=687"},{"taxonomy":"product_cat","embeddable":true,"href":"https:\/\/www.santai-ceramics.com\/fr\/wp-json\/wp\/v2\/product_cat?post=687"},{"taxonomy":"product_tag","embeddable":true,"href":"https:\/\/www.santai-ceramics.com\/fr\/wp-json\/wp\/v2\/product_tag?post=687"}],"curies":[{"name":"wp","href":"https:\/\/api.w.org\/{rel}","templated":true}]}}