{"id":693,"date":"2024-10-14T09:21:03","date_gmt":"2024-10-14T09:21:03","guid":{"rendered":"https:\/\/www.santai-ceramics.com\/?post_type=product&#038;p=693"},"modified":"2024-10-27T14:56:20","modified_gmt":"2024-10-27T14:56:20","slug":"wholesale-chinese-green-vase","status":"publish","type":"product","link":"https:\/\/www.santai-ceramics.com\/fr\/product\/wholesale-chinese-green-vase\/","title":{"rendered":"Vases \u00e0 fleurs en vrac \u00e9l\u00e9gants pour la d\u00e9coration int\u00e9rieure, vase chinois vert avec gla\u00e7ure exquise"},"content":{"rendered":"<h3 class=\"wp-block-heading\">Param\u00e8tres des vases \u00e0 fleurs en vrac<\/h3>\n\n\n\n<figure class=\"wp-block-table\"><table class=\"has-fixed-layout\"><tbody><tr><td>Mod\u00e8le<\/td><td>Nom du produit<\/td><td>Couleur<\/td><td>Mat\u00e9riau<\/td><td>Utilisations<\/td><td>Dimensions<\/td><td>Poids<\/td><\/tr><tr><td>A34312-LB20-G02<\/td><td>Vase \u00e0 fleurs chinoises Home Decor<\/td><td>Bleu clair<\/td><td>C\u00e9ramique<\/td><td>d\u00e9coration int\u00e9rieure, salon<\/td><td>D:18X38.5cm<\/td><td>1,4kg\/PC<\/td><\/tr><tr><td>A34312-LB20-G01<\/td><td>Vase \u00e0 fleurs chinoises Home Decor<\/td><td>Bleu clair<\/td><td>C\u00e9ramique<\/td><td>d\u00e9coration int\u00e9rieure, salon<\/td><td>D:18X46.5cm<\/td><td>1,6kg\/PC<\/td><\/tr><\/tbody><\/table><\/figure>\n\n\n\n<h3 class=\"wp-block-heading\">Service de vases \u00e0 fleurs sur mesure<\/h3>\n\n\n\n<p>Nous proposons des services OEM et ODM pour nos produits.<br>Des \u00e9chantillons peuvent \u00eatre livr\u00e9s rapidement.<br>Nous offrons une vari\u00e9t\u00e9 de formes, de couleurs, d'impressions personnalis\u00e9es, d'emballages et d'autres services sur mesure pour r\u00e9pondre \u00e0 vos besoins sp\u00e9cifiques.<br><strong><a href=\"https:\/\/www.santai-ceramics.com\/fr\/custom\/\" data-type=\"page\" data-id=\"13\" target=\"_blank\" rel=\"noreferrer noopener\">En savoir plus sur les d\u00e9tails des vases \u00e0 fleurs personnalis\u00e9s.<\/a><\/strong><\/p>\n\n\n\n<div class=\"wp-block-columns is-layout-flex wp-container-core-columns-is-layout-9d6595d7 wp-block-columns-is-layout-flex\">\n<div class=\"wp-block-column is-layout-flow wp-block-column-is-layout-flow\">\n<figure class=\"wp-block-image size-full\"><img decoding=\"async\" width=\"3601\" height=\"3001\" src=\"https:\/\/www.santai-ceramics.com\/wp-content\/uploads\/2024\/10\/Wholesale-Chinese-Green-Vase-2.webp\" alt=\"Vase chinois vert en gros (2)\" class=\"wp-image-695\" srcset=\"https:\/\/www.santai-ceramics.com\/wp-content\/uploads\/2024\/10\/Wholesale-Chinese-Green-Vase-2.webp 3601w, https:\/\/www.santai-ceramics.com\/wp-content\/uploads\/2024\/10\/Wholesale-Chinese-Green-Vase-2-300x250.webp 300w, https:\/\/www.santai-ceramics.com\/wp-content\/uploads\/2024\/10\/Wholesale-Chinese-Green-Vase-2-768x640.webp 768w, https:\/\/www.santai-ceramics.com\/wp-content\/uploads\/2024\/10\/Wholesale-Chinese-Green-Vase-2-1200x1000.webp 1200w, https:\/\/www.santai-ceramics.com\/wp-content\/uploads\/2024\/10\/Wholesale-Chinese-Green-Vase-2-600x500.webp 600w\" sizes=\"(max-width: 3601px) 100vw, 3601px\" \/><\/figure>\n<\/div>\n\n\n\n<div class=\"wp-block-column is-layout-flow wp-block-column-is-layout-flow\">\n<figure class=\"wp-block-image size-full\"><img decoding=\"async\" width=\"3654\" height=\"3045\" src=\"https:\/\/www.santai-ceramics.com\/wp-content\/uploads\/2024\/10\/Wholesale-Chinese-Green-Vase-3.webp\" alt=\"Vase chinois vert en gros (3)\" class=\"wp-image-696\" srcset=\"https:\/\/www.santai-ceramics.com\/wp-content\/uploads\/2024\/10\/Wholesale-Chinese-Green-Vase-3.webp 3654w, https:\/\/www.santai-ceramics.com\/wp-content\/uploads\/2024\/10\/Wholesale-Chinese-Green-Vase-3-300x250.webp 300w, https:\/\/www.santai-ceramics.com\/wp-content\/uploads\/2024\/10\/Wholesale-Chinese-Green-Vase-3-768x640.webp 768w, https:\/\/www.santai-ceramics.com\/wp-content\/uploads\/2024\/10\/Wholesale-Chinese-Green-Vase-3-1200x1000.webp 1200w, https:\/\/www.santai-ceramics.com\/wp-content\/uploads\/2024\/10\/Wholesale-Chinese-Green-Vase-3-600x500.webp 600w\" sizes=\"(max-width: 3654px) 100vw, 3654px\" \/><\/figure>\n<\/div>\n<\/div>","protected":false},"excerpt":{"rendered":"<p>Vases \u00e0 fleurs chinois en vrac \u00e0 vendre, design de pagode, montrant un fort h\u00e9ritage culturel et une atmosph\u00e8re artistique. Fabriqu\u00e9s en c\u00e9ramique de haute qualit\u00e9, avec une surface lisse, ils peuvent ajouter un charme oriental unique \u00e0 votre maison ou \u00e0 votre espace commercial. La forme classique de pagode peut \u00eatre utilis\u00e9e comme d\u00e9coration int\u00e9rieure seule, ou combin\u00e9e avec des arrangements floraux pour rendre l'espace plus vivant. Le fabricant de poterie Santai vous propose des prix comp\u00e9titifs, veuillez nous contacter pour un devis.<\/p>\n<h2>Caract\u00e9ristiques du vase \u00e0 fleurs chinoises<\/h2>\n<p><strong>Conception d'apparence exquise<\/strong>: Le design exquis de cette apparence de vase est que la couleur principale du vert clair est fra\u00eeche et naturelle, donnant aux gens un sentiment de confort.<\/p>\n<p><strong>Plusieurs options de taille<\/strong>:Les diff\u00e9rentes tailles de vases sont disponibles, chacune avec des designs vari\u00e9s, que vous pouvez facilement adapter \u00e0 votre go\u00fbt et \u00e0 l'espace dont vous disposez.<\/p>\n<p><strong>Excellente technologie de production<\/strong>: La finesse du travail artisanal a rendu la surface du vase lisse, plate, sans d\u00e9faut, agr\u00e9able au toucher, et d\u00e9licatement d\u00e9cor\u00e9e de motifs, refl\u00e9tant l'extraordinaire habilet\u00e9 et le souci du d\u00e9tail de SANTAI.<\/p>\n<p><strong>Combinaison de la culture et de l'art<\/strong>C'est une combinaison de culture et d'art. Ce vase repr\u00e9sente des pagodes chinoises traditionnelles combin\u00e9es \u00e0 l'artisanat artistique de la c\u00e9ramique, ajoutant \u00e0 l'ambiance culturelle ; il donne un go\u00fbt am\u00e9lior\u00e9 \u00e0 l'ensemble de la maison.<\/p>","protected":false},"featured_media":694,"comment_status":"closed","ping_status":"closed","template":"","meta":{"_acf_changed":false},"product_brand":[],"product_cat":[18,22],"product_tag":[34],"class_list":{"0":"post-693","1":"product","2":"type-product","3":"status-publish","4":"has-post-thumbnail","6":"product_cat-home-decor","7":"product_cat-vase","8":"product_tag-ceramic-vase","10":"first","11":"instock","12":"shipping-taxable","13":"product-type-simple"},"acf":[],"_links":{"self":[{"href":"https:\/\/www.santai-ceramics.com\/fr\/wp-json\/wp\/v2\/product\/693","targetHints":{"allow":["GET"]}}],"collection":[{"href":"https:\/\/www.santai-ceramics.com\/fr\/wp-json\/wp\/v2\/product"}],"about":[{"href":"https:\/\/www.santai-ceramics.com\/fr\/wp-json\/wp\/v2\/types\/product"}],"replies":[{"embeddable":true,"href":"https:\/\/www.santai-ceramics.com\/fr\/wp-json\/wp\/v2\/comments?post=693"}],"wp:featuredmedia":[{"embeddable":true,"href":"https:\/\/www.santai-ceramics.com\/fr\/wp-json\/wp\/v2\/media\/694"}],"wp:attachment":[{"href":"https:\/\/www.santai-ceramics.com\/fr\/wp-json\/wp\/v2\/media?parent=693"}],"wp:term":[{"taxonomy":"product_brand","embeddable":true,"href":"https:\/\/www.santai-ceramics.com\/fr\/wp-json\/wp\/v2\/product_brand?post=693"},{"taxonomy":"product_cat","embeddable":true,"href":"https:\/\/www.santai-ceramics.com\/fr\/wp-json\/wp\/v2\/product_cat?post=693"},{"taxonomy":"product_tag","embeddable":true,"href":"https:\/\/www.santai-ceramics.com\/fr\/wp-json\/wp\/v2\/product_tag?post=693"}],"curies":[{"name":"wp","href":"https:\/\/api.w.org\/{rel}","templated":true}]}}