{"id":698,"date":"2024-10-14T10:01:17","date_gmt":"2024-10-14T10:01:17","guid":{"rendered":"https:\/\/www.santai-ceramics.com\/?post_type=product&#038;p=698"},"modified":"2024-10-27T14:55:34","modified_gmt":"2024-10-27T14:55:34","slug":"wholesale-light-green-ceramic-flower-vases","status":"publish","type":"product","link":"https:\/\/www.santai-ceramics.com\/fr\/product\/wholesale-light-green-ceramic-flower-vases\/","title":{"rendered":"Vente en gros de vases \u00e0 fleurs en c\u00e9ramique : Vert clair, avec des motifs \u00e9l\u00e9gants"},"content":{"rendered":"<h3 class=\"wp-block-heading\">Param\u00e8tres du vase \u00e0 fleurs en c\u00e9ramique<\/h3>\n\n\n\n<figure class=\"wp-block-table\"><table class=\"has-fixed-layout\"><tbody><tr><td>Mod\u00e8le<\/td><td>Nom du produit<\/td><td>Couleur<\/td><td>Mat\u00e9riau<\/td><td>Utilisations<\/td><td>Dimensions<\/td><td>Poids<\/td><\/tr><tr><td>A37110-LB20-A02<\/td><td> Vase \u00e0 fleurs en c\u00e9ramique<\/td><td>Bleu clair<\/td><td>Terre cuite<\/td><td>d\u00e9coration int\u00e9rieure, salon<\/td><td>D:16X18cm<\/td><td>0,9kg\/PC<\/td><\/tr><tr><td>A37110-LB20-A01<\/td><td> Vase \u00e0 fleurs en c\u00e9ramique<\/td><td>Bleu clair<\/td><td>Terre cuite<\/td><td>d\u00e9coration int\u00e9rieure, salon<\/td><td>D:20X23cm<\/td><td>1,8kg\/PC<\/td><\/tr><\/tbody><\/table><\/figure>\n\n\n\n<h3 class=\"wp-block-heading\">Service de vases \u00e0 fleurs en c\u00e9ramique personnalis\u00e9s<\/h3>\n\n\n\n<p>Nous proposons des services OEM et ODM pour nos produits.<br>Des \u00e9chantillons peuvent \u00eatre livr\u00e9s rapidement.<br>Nous offrons une vari\u00e9t\u00e9 de formes, de couleurs, d'impressions personnalis\u00e9es, d'emballages et d'autres services sur mesure pour r\u00e9pondre \u00e0 vos besoins sp\u00e9cifiques.<br><strong><a href=\"https:\/\/www.santai-ceramics.com\/fr\/custom\/\" data-type=\"page\" data-id=\"13\" target=\"_blank\" rel=\"noreferrer noopener\">En savoir plus sur les d\u00e9tails des vases \u00e0 fleurs en c\u00e9ramique personnalis\u00e9s.<\/a><\/strong><\/p>\n\n\n\n<div class=\"wp-block-columns is-layout-flex wp-container-core-columns-is-layout-9d6595d7 wp-block-columns-is-layout-flex\">\n<div class=\"wp-block-column is-layout-flow wp-block-column-is-layout-flow\">\n<figure class=\"wp-block-image size-full\"><img decoding=\"async\" width=\"3420\" height=\"2849\" src=\"https:\/\/www.santai-ceramics.com\/wp-content\/uploads\/2024\/10\/20X23-ceramic-flower-vase-display-1.webp\" alt=\"Pr\u00e9sentoir 20X23 vase \u00e0 fleurs en c\u00e9ramique (1)\" class=\"wp-image-701\" srcset=\"https:\/\/www.santai-ceramics.com\/wp-content\/uploads\/2024\/10\/20X23-ceramic-flower-vase-display-1.webp 3420w, https:\/\/www.santai-ceramics.com\/wp-content\/uploads\/2024\/10\/20X23-ceramic-flower-vase-display-1-300x250.webp 300w, https:\/\/www.santai-ceramics.com\/wp-content\/uploads\/2024\/10\/20X23-ceramic-flower-vase-display-1-768x640.webp 768w, https:\/\/www.santai-ceramics.com\/wp-content\/uploads\/2024\/10\/20X23-ceramic-flower-vase-display-1-1200x1000.webp 1200w, https:\/\/www.santai-ceramics.com\/wp-content\/uploads\/2024\/10\/20X23-ceramic-flower-vase-display-1-600x500.webp 600w\" sizes=\"(max-width: 3420px) 100vw, 3420px\" \/><\/figure>\n<\/div>\n\n\n\n<div class=\"wp-block-column is-layout-flow wp-block-column-is-layout-flow\">\n<figure class=\"wp-block-image size-full\"><img decoding=\"async\" width=\"2786\" height=\"2322\" src=\"https:\/\/www.santai-ceramics.com\/wp-content\/uploads\/2024\/10\/20X23-ceramic-flower-vase-display-2.webp\" alt=\"Pr\u00e9sentoir de vases \u00e0 fleurs en c\u00e9ramique 20X23 (2)\" class=\"wp-image-702\" srcset=\"https:\/\/www.santai-ceramics.com\/wp-content\/uploads\/2024\/10\/20X23-ceramic-flower-vase-display-2.webp 2786w, https:\/\/www.santai-ceramics.com\/wp-content\/uploads\/2024\/10\/20X23-ceramic-flower-vase-display-2-300x250.webp 300w, https:\/\/www.santai-ceramics.com\/wp-content\/uploads\/2024\/10\/20X23-ceramic-flower-vase-display-2-768x640.webp 768w, https:\/\/www.santai-ceramics.com\/wp-content\/uploads\/2024\/10\/20X23-ceramic-flower-vase-display-2-1200x1000.webp 1200w, https:\/\/www.santai-ceramics.com\/wp-content\/uploads\/2024\/10\/20X23-ceramic-flower-vase-display-2-600x500.webp 600w\" sizes=\"(max-width: 2786px) 100vw, 2786px\" \/><\/figure>\n<\/div>\n<\/div>","protected":false},"excerpt":{"rendered":"<p>Vases en gros en c\u00e9ramique avec des motifs exquis, ils sont fabriqu\u00e9s avec des mat\u00e9riaux de haute qualit\u00e9. Ils r\u00e9pondent aux besoins de d\u00e9coration des maisons, des bureaux et des lieux commerciaux. En outre, ils constituent un choix id\u00e9al lorsqu'il s'agit d'offrir des cadeaux \u00e0 des parents et \u00e0 des amis pour leur transmettre une atmosph\u00e8re artistique forte et de bons v\u0153ux. N'h\u00e9sitez pas \u00e0 nous contacter.<\/p>\n<h2>Caract\u00e9ristiques du vase \u00e0 fleurs en c\u00e9ramique<\/h2>\n<p><strong>L'aspect ext\u00e9rieur est \u00e9l\u00e9gant<\/strong>Vase en c\u00e9ramique : Mat\u00e9riau en c\u00e9ramique de couleur vert clair avec des motifs exquis. Le design du vase en c\u00e9ramique est simple et \u00e9l\u00e9gant.<\/p>\n<p><strong>Mat\u00e9riau<\/strong>: Le vase est cuit en c\u00e9ramique avec soin et pr\u00e9sente une texture d\u00e9licate, lisse au toucher, qui t\u00e9moigne de sa qualit\u00e9.<\/p>\n<p><strong>Durable et stable<\/strong>:il ne se cassera pas facilement et conservera longtemps la beaut\u00e9 et l'aspect pratique du vase.<\/p>\n<p><strong>Am\u00e9liorer le go\u00fbt \u00e0 la maison :<\/strong> Le vase en c\u00e9ramique peut \u00eatre associ\u00e9 \u00e0 d'autres petits objets, comme des plantes vertes et des bougies, pour cr\u00e9er diff\u00e9rents effets d\u00e9coratifs.<\/p>","protected":false},"featured_media":703,"comment_status":"closed","ping_status":"closed","template":"","meta":{"_acf_changed":false},"product_brand":[],"product_cat":[18,22],"product_tag":[34],"class_list":{"0":"post-698","1":"product","2":"type-product","3":"status-publish","4":"has-post-thumbnail","6":"product_cat-home-decor","7":"product_cat-vase","8":"product_tag-ceramic-vase","10":"first","11":"instock","12":"shipping-taxable","13":"product-type-simple"},"acf":[],"_links":{"self":[{"href":"https:\/\/www.santai-ceramics.com\/fr\/wp-json\/wp\/v2\/product\/698","targetHints":{"allow":["GET"]}}],"collection":[{"href":"https:\/\/www.santai-ceramics.com\/fr\/wp-json\/wp\/v2\/product"}],"about":[{"href":"https:\/\/www.santai-ceramics.com\/fr\/wp-json\/wp\/v2\/types\/product"}],"replies":[{"embeddable":true,"href":"https:\/\/www.santai-ceramics.com\/fr\/wp-json\/wp\/v2\/comments?post=698"}],"wp:featuredmedia":[{"embeddable":true,"href":"https:\/\/www.santai-ceramics.com\/fr\/wp-json\/wp\/v2\/media\/703"}],"wp:attachment":[{"href":"https:\/\/www.santai-ceramics.com\/fr\/wp-json\/wp\/v2\/media?parent=698"}],"wp:term":[{"taxonomy":"product_brand","embeddable":true,"href":"https:\/\/www.santai-ceramics.com\/fr\/wp-json\/wp\/v2\/product_brand?post=698"},{"taxonomy":"product_cat","embeddable":true,"href":"https:\/\/www.santai-ceramics.com\/fr\/wp-json\/wp\/v2\/product_cat?post=698"},{"taxonomy":"product_tag","embeddable":true,"href":"https:\/\/www.santai-ceramics.com\/fr\/wp-json\/wp\/v2\/product_tag?post=698"}],"curies":[{"name":"wp","href":"https:\/\/api.w.org\/{rel}","templated":true}]}}