{"id":708,"date":"2024-10-14T12:30:27","date_gmt":"2024-10-14T12:30:27","guid":{"rendered":"https:\/\/www.santai-ceramics.com\/?post_type=product&#038;p=708"},"modified":"2025-06-08T15:22:52","modified_gmt":"2025-06-08T15:22:52","slug":"wholesale-decorative-ceramic-plant-pots","status":"publish","type":"product","link":"https:\/\/www.santai-ceramics.com\/fr\/product\/wholesale-decorative-ceramic-plant-pots\/","title":{"rendered":"Vente en gros de pots en c\u00e9ramique, vente en gros de pots en c\u00e9ramique d\u00e9coratifs"},"content":{"rendered":"<h3 class=\"wp-block-heading\">Param\u00e8tres des pots en c\u00e9ramique en gros<\/h3>\n\n\n\n<figure class=\"wp-block-table\"><table class=\"has-fixed-layout\"><tbody><tr><td>Mod\u00e8le<\/td><td>Nom du produit<\/td><td>Couleur<\/td><td>Mat\u00e9riau<\/td><td>Utilisations<\/td><td>Dimensions<\/td><td>Poids<\/td><\/tr><tr><td>A24021-LB20-A01<\/td><td>Pot \u00e0 plantes d\u00e9coratif en c\u00e9ramique<\/td><td>Bleu clair<\/td><td>C\u00e9ramique<\/td><td>d\u00e9coration int\u00e9rieure, salon<\/td><td>D:16X18cm<\/td><td>0,9kg\/PC<\/td><\/tr><tr><td>A24021-LB20-A02<\/td><td>Pot \u00e0 plantes d\u00e9coratif en c\u00e9ramique<\/td><td>Bleu clair<\/td><td>C\u00e9ramique<\/td><td>d\u00e9coration int\u00e9rieure, salon<\/td><td>D:20X23cm<\/td><td>1,8kg\/PC<\/td><\/tr><\/tbody><\/table><\/figure>\n\n\n\n<h3 class=\"wp-block-heading\">Service de pots en c\u00e9ramique personnalis\u00e9s<\/h3>\n\n\n\n<p>Nous proposons des services OEM et ODM pour nos produits.<br>Des \u00e9chantillons peuvent \u00eatre livr\u00e9s rapidement.<br>Nous offrons une vari\u00e9t\u00e9 de formes, de couleurs, d'impressions personnalis\u00e9es, d'emballages et d'autres services sur mesure pour r\u00e9pondre \u00e0 vos besoins sp\u00e9cifiques.<br><strong><a href=\"https:\/\/www.santai-ceramics.com\/fr\/custom\/\" data-type=\"page\" data-id=\"13\" target=\"_blank\" rel=\"noreferrer noopener\">En savoir plus sur les d\u00e9tails des pots en c\u00e9ramique personnalis\u00e9s.<\/a><\/strong><\/p>\n\n\n\n<div class=\"wp-block-columns is-layout-flex wp-container-core-columns-is-layout-9d6595d7 wp-block-columns-is-layout-flex\">\n<div class=\"wp-block-column is-layout-flow wp-block-column-is-layout-flow\">\n<figure class=\"wp-block-image size-full\"><img decoding=\"async\" width=\"2947\" height=\"2456\" src=\"https:\/\/www.santai-ceramics.com\/wp-content\/uploads\/2024\/10\/Bulk-Ceramic-Plant-Pots-1.webp\" alt=\"Pots de plantes en c\u00e9ramique en vrac (1)\" class=\"wp-image-709\" srcset=\"https:\/\/www.santai-ceramics.com\/wp-content\/uploads\/2024\/10\/Bulk-Ceramic-Plant-Pots-1.webp 2947w, https:\/\/www.santai-ceramics.com\/wp-content\/uploads\/2024\/10\/Bulk-Ceramic-Plant-Pots-1-300x250.webp 300w, https:\/\/www.santai-ceramics.com\/wp-content\/uploads\/2024\/10\/Bulk-Ceramic-Plant-Pots-1-768x640.webp 768w, https:\/\/www.santai-ceramics.com\/wp-content\/uploads\/2024\/10\/Bulk-Ceramic-Plant-Pots-1-1200x1000.webp 1200w, https:\/\/www.santai-ceramics.com\/wp-content\/uploads\/2024\/10\/Bulk-Ceramic-Plant-Pots-1-600x500.webp 600w\" sizes=\"(max-width: 2947px) 100vw, 2947px\" \/><\/figure>\n<\/div>\n\n\n\n<div class=\"wp-block-column is-layout-flow wp-block-column-is-layout-flow\">\n<figure class=\"wp-block-image size-full\"><img decoding=\"async\" width=\"3098\" height=\"2582\" src=\"https:\/\/www.santai-ceramics.com\/wp-content\/uploads\/2024\/10\/Bulk-Ceramic-Plant-Pots-2.webp\" alt=\"Pots de plantes en c\u00e9ramique en vrac (2)\" class=\"wp-image-710\" srcset=\"https:\/\/www.santai-ceramics.com\/wp-content\/uploads\/2024\/10\/Bulk-Ceramic-Plant-Pots-2.webp 3098w, https:\/\/www.santai-ceramics.com\/wp-content\/uploads\/2024\/10\/Bulk-Ceramic-Plant-Pots-2-300x250.webp 300w, https:\/\/www.santai-ceramics.com\/wp-content\/uploads\/2024\/10\/Bulk-Ceramic-Plant-Pots-2-768x640.webp 768w, https:\/\/www.santai-ceramics.com\/wp-content\/uploads\/2024\/10\/Bulk-Ceramic-Plant-Pots-2-1200x1000.webp 1200w, https:\/\/www.santai-ceramics.com\/wp-content\/uploads\/2024\/10\/Bulk-Ceramic-Plant-Pots-2-600x500.webp 600w\" sizes=\"(max-width: 3098px) 100vw, 3098px\" \/><\/figure>\n<\/div>\n<\/div>","protected":false},"excerpt":{"rendered":"<p>Les pots en c\u00e9ramique en vrac sont vendus directement par l'usine. Le pot en c\u00e9ramique d\u00e9coratif peut \u00eatre int\u00e9gr\u00e9 dans diff\u00e9rents styles de d\u00e9coration, que ce soit pour la maison, le lieu commercial ou l'arrangement de jardinage. En m\u00eame temps, nous fournissons une vari\u00e9t\u00e9 de tailles et de styles. Nous vous invitons \u00e0 nous contacter pour acheter des pots en c\u00e9ramique en gros.<\/p>\n<h2>Caract\u00e9ristiques du pot en c\u00e9ramique d\u00e9coratif<\/h2>\n<p><strong>L'\u00e9l\u00e9gance dans le design<\/strong>: De couleur bleu clair, ce pot de fleurs en c\u00e9ramique respire la fra\u00eecheur et la s\u00e9r\u00e9nit\u00e9. Il s'harmonise parfaitement avec un int\u00e9rieur pour cr\u00e9er un environnement calme et confortable.<\/p>\n<p><strong>Fonction pratique<\/strong>: Nos pots en c\u00e9ramique en vrac ne sont pas seulement exquis dans leur apparence mais aussi pratiques ; ils peuvent \u00eatre utilis\u00e9s pour planter une vari\u00e9t\u00e9 de plantes d'int\u00e9rieur ou pour des arrangements de fleurs s\u00e9ch\u00e9es afin de rehausser l'effet de d\u00e9coration de la maison.<\/p>\n<p><strong>Facile \u00e0 nettoyer<\/strong>: La surface lisse et la couleur uniforme rendent le pot en c\u00e9ramique facile \u00e0 nettoyer, d'un simple coup de chiffon.<\/p>\n<p><strong>M\u00e9lange de collocations<\/strong>: Diff\u00e9rentes tailles de pots en c\u00e9ramique sont utilis\u00e9es librement pour superposer l'espace afin de varier la beaut\u00e9 visuelle et d'am\u00e9liorer le sens du design de la structure spatiale.<\/p>","protected":false},"featured_media":714,"comment_status":"closed","ping_status":"closed","template":"","meta":{"_acf_changed":false},"product_brand":[],"product_cat":[18,42,23],"product_tag":[39],"class_list":{"0":"post-708","1":"product","2":"type-product","3":"status-publish","4":"has-post-thumbnail","6":"product_cat-home-decor","7":"product_cat-wholesale-ceramic-plant-pots","8":"product_cat-ceramic-pots-planters","9":"product_tag-ceramic-flower-pot","11":"first","12":"instock","13":"shipping-taxable","14":"product-type-simple"},"acf":[],"_links":{"self":[{"href":"https:\/\/www.santai-ceramics.com\/fr\/wp-json\/wp\/v2\/product\/708","targetHints":{"allow":["GET"]}}],"collection":[{"href":"https:\/\/www.santai-ceramics.com\/fr\/wp-json\/wp\/v2\/product"}],"about":[{"href":"https:\/\/www.santai-ceramics.com\/fr\/wp-json\/wp\/v2\/types\/product"}],"replies":[{"embeddable":true,"href":"https:\/\/www.santai-ceramics.com\/fr\/wp-json\/wp\/v2\/comments?post=708"}],"wp:featuredmedia":[{"embeddable":true,"href":"https:\/\/www.santai-ceramics.com\/fr\/wp-json\/wp\/v2\/media\/714"}],"wp:attachment":[{"href":"https:\/\/www.santai-ceramics.com\/fr\/wp-json\/wp\/v2\/media?parent=708"}],"wp:term":[{"taxonomy":"product_brand","embeddable":true,"href":"https:\/\/www.santai-ceramics.com\/fr\/wp-json\/wp\/v2\/product_brand?post=708"},{"taxonomy":"product_cat","embeddable":true,"href":"https:\/\/www.santai-ceramics.com\/fr\/wp-json\/wp\/v2\/product_cat?post=708"},{"taxonomy":"product_tag","embeddable":true,"href":"https:\/\/www.santai-ceramics.com\/fr\/wp-json\/wp\/v2\/product_tag?post=708"}],"curies":[{"name":"wp","href":"https:\/\/api.w.org\/{rel}","templated":true}]}}