{"id":716,"date":"2024-10-14T15:06:13","date_gmt":"2024-10-14T15:06:13","guid":{"rendered":"https:\/\/www.santai-ceramics.com\/?post_type=product&#038;p=716"},"modified":"2024-10-27T14:53:04","modified_gmt":"2024-10-27T14:53:04","slug":"wholesale-ceramic-vases-in-bulk","status":"publish","type":"product","link":"https:\/\/www.santai-ceramics.com\/fr\/product\/wholesale-ceramic-vases-in-bulk\/","title":{"rendered":"Vases en c\u00e9ramique en gros - Vases d\u00e9coratifs de haute qualit\u00e9 pour la maison et le commerce"},"content":{"rendered":"<h3 class=\"wp-block-heading\">Param\u00e8tres du vase d\u00e9coratif en c\u00e9ramique<\/h3>\n\n\n\n<figure class=\"wp-block-table\"><table class=\"has-fixed-layout\"><tbody><tr><td>Mod\u00e8le<\/td><td>Nom du produit<\/td><td>Couleur<\/td><td>Mat\u00e9riau<\/td><td>Utilisations<\/td><td>Dimensions<\/td><td>Poids<\/td><\/tr><tr><td>A35990-LB20-A01<\/td><td>Vase d\u00e9coratif en c\u00e9ramique<\/td><td>Bleu clair<\/td><td>C\u00e9ramique<\/td><td>d\u00e9coration int\u00e9rieure, salon<\/td><td>D:17X16.5cm<\/td><td>1,7kg\/PC<\/td><\/tr><tr><td>A35990-LB20-A02<\/td><td>Vase d\u00e9coratif en c\u00e9ramique<\/td><td>Bleu clair<\/td><td>C\u00e9ramique<\/td><td>d\u00e9coration int\u00e9rieure, salon<\/td><td>D:14.5X34.5cm<\/td><td>1.5kg\/PC<\/td><\/tr><tr><td>A35990-LB20-A03<\/td><td>Vase d\u00e9coratif en c\u00e9ramique<\/td><td>Bleu clair<\/td><td>C\u00e9ramique<\/td><td>d\u00e9coration int\u00e9rieure, salon<\/td><td>D:14.5X27.5cm<\/td><td>0,9kg\/PC<\/td><\/tr><\/tbody><\/table><\/figure>\n\n\n\n<h3 class=\"wp-block-heading\">Service de vases d\u00e9coratifs en c\u00e9ramique sur mesure<\/h3>\n\n\n\n<p>Nous proposons des services OEM et ODM pour nos produits.<br>Des \u00e9chantillons peuvent \u00eatre livr\u00e9s rapidement.<br>Nous offrons une vari\u00e9t\u00e9 de formes, de couleurs, d'impressions personnalis\u00e9es, d'emballages et d'autres services sur mesure pour r\u00e9pondre \u00e0 vos besoins sp\u00e9cifiques.<br><strong><a href=\"https:\/\/www.santai-ceramics.com\/fr\/custom\/\" data-type=\"page\" data-id=\"13\" target=\"_blank\" rel=\"noreferrer noopener\">En savoir plus sur les d\u00e9tails des vases en c\u00e9ramique personnalis\u00e9s.<\/a><\/strong><\/p>\n\n\n\n<div class=\"wp-block-columns is-layout-flex wp-container-core-columns-is-layout-9d6595d7 wp-block-columns-is-layout-flex\">\n<div class=\"wp-block-column is-layout-flow wp-block-column-is-layout-flow\">\n<figure class=\"wp-block-image size-full\"><img decoding=\"async\" width=\"3510\" height=\"2925\" src=\"https:\/\/www.santai-ceramics.com\/wp-content\/uploads\/2024\/10\/Decorative-Ceramic-Vase-Display-1.webp\" alt=\"Pr\u00e9sentoir de vases d\u00e9coratifs en c\u00e9ramique (1)\" class=\"wp-image-718\" srcset=\"https:\/\/www.santai-ceramics.com\/wp-content\/uploads\/2024\/10\/Decorative-Ceramic-Vase-Display-1.webp 3510w, https:\/\/www.santai-ceramics.com\/wp-content\/uploads\/2024\/10\/Decorative-Ceramic-Vase-Display-1-300x250.webp 300w, https:\/\/www.santai-ceramics.com\/wp-content\/uploads\/2024\/10\/Decorative-Ceramic-Vase-Display-1-768x640.webp 768w, https:\/\/www.santai-ceramics.com\/wp-content\/uploads\/2024\/10\/Decorative-Ceramic-Vase-Display-1-1200x1000.webp 1200w, https:\/\/www.santai-ceramics.com\/wp-content\/uploads\/2024\/10\/Decorative-Ceramic-Vase-Display-1-600x500.webp 600w\" sizes=\"(max-width: 3510px) 100vw, 3510px\" \/><\/figure>\n<\/div>\n\n\n\n<div class=\"wp-block-column is-layout-flow wp-block-column-is-layout-flow\">\n<figure class=\"wp-block-image size-full\"><img decoding=\"async\" width=\"3579\" height=\"2982\" src=\"https:\/\/www.santai-ceramics.com\/wp-content\/uploads\/2024\/10\/Decorative-Ceramic-Vase-Display-2.webp\" alt=\"Pr\u00e9sentoir de vases d\u00e9coratifs en c\u00e9ramique (2)\" class=\"wp-image-719\" srcset=\"https:\/\/www.santai-ceramics.com\/wp-content\/uploads\/2024\/10\/Decorative-Ceramic-Vase-Display-2.webp 3579w, https:\/\/www.santai-ceramics.com\/wp-content\/uploads\/2024\/10\/Decorative-Ceramic-Vase-Display-2-300x250.webp 300w, https:\/\/www.santai-ceramics.com\/wp-content\/uploads\/2024\/10\/Decorative-Ceramic-Vase-Display-2-768x640.webp 768w, https:\/\/www.santai-ceramics.com\/wp-content\/uploads\/2024\/10\/Decorative-Ceramic-Vase-Display-2-1200x1000.webp 1200w, https:\/\/www.santai-ceramics.com\/wp-content\/uploads\/2024\/10\/Decorative-Ceramic-Vase-Display-2-600x500.webp 600w\" sizes=\"(max-width: 3579px) 100vw, 3579px\" \/><\/figure>\n<\/div>\n<\/div>","protected":false},"excerpt":{"rendered":"<p>Vente en gros de vases d\u00e9coratifs en c\u00e9ramique de haute qualit\u00e9. Nous vous invitons \u00e0 acheter nos vases en c\u00e9ramique en vrac, disponibles en 3 tailles, qui conviennent \u00e0 une vari\u00e9t\u00e9 de sc\u00e9narios, y compris la d\u00e9coration de la maison, l'affichage commercial et l'organisation d'\u00e9v\u00e9nements sp\u00e9ciaux. Ce vase est durable et peut \u00eatre utilis\u00e9 pendant longtemps sans perdre son \u00e9clat et sa beaut\u00e9. En tant que fabricant professionnel de poterie d\u00e9corative, nous proposons des services de personnalisation OEM et ODM. Que vous soyez un d\u00e9taillant ou un designer, nos vases en c\u00e9ramique en gros sont votre choix id\u00e9al. Contactez-nous pour un devis.<\/p>\n<h2>Caract\u00e9ristiques du vase d\u00e9coratif en c\u00e9ramique<\/h2>\n<p data-pm-slice=\"1 1 []\"><strong>Bonne texture<\/strong>: La surface ext\u00e9rieure du vase pr\u00e9sente une texture irr\u00e9guli\u00e8re et craquel\u00e9e. Unique et artistique.<\/p>\n<p><strong>Taille multiple<\/strong>: Il existe trois tailles qui peuvent s'adapter de mani\u00e8re flexible aux exigences de l'espace. Les utilisateurs peuvent choisir la taille appropri\u00e9e en fonction de l'emplacement et des pr\u00e9f\u00e9rences individuelles pour obtenir des effets visuels distinctifs.<\/p>\n<p><strong>Facile \u00e0 nettoyer et \u00e0 entretenir<\/strong>Le mat\u00e9riau c\u00e9ramique utilis\u00e9 ne se tache pas facilement, et un simple coup de chiffon humide suffit \u00e0 le garder propre et brillant, ce qui rend la vie plus facile.<\/p>\n<p><strong>Ex\u00e9cution exquise<\/strong>: Vases finement travaill\u00e9s avec des surfaces lisses et impeccables ; d\u00e9tails bien trait\u00e9s.<\/p>\n<p><strong>Facile \u00e0 assortir et \u00e0 d\u00e9corer<\/strong>Le vase est un objet d'art : son design simple et ses couleurs \u00e9l\u00e9gantes lui permettent de s'accorder facilement avec diff\u00e9rentes fleurs ou plantes vertes. Qu'il s'agisse de fleurs \u00e9clatantes ou de plantes fra\u00eeches, le vase leur permet de se mettre en valeur.<\/p>\n<p><strong>Service OEM et ODM<\/strong>: En tant que fabricant professionnel de c\u00e9ramiques d\u00e9coratives, nous proposons des vases en c\u00e9ramique en vrac et des solutions de vases personnalis\u00e9s pour les d\u00e9taillants et les organisateurs d'\u00e9v\u00e9nements.<\/p>","protected":false},"featured_media":723,"comment_status":"closed","ping_status":"closed","template":"","meta":{"_acf_changed":false},"product_brand":[],"product_cat":[18,22],"product_tag":[34],"class_list":{"0":"post-716","1":"product","2":"type-product","3":"status-publish","4":"has-post-thumbnail","6":"product_cat-home-decor","7":"product_cat-vase","8":"product_tag-ceramic-vase","10":"first","11":"instock","12":"shipping-taxable","13":"product-type-simple"},"acf":[],"_links":{"self":[{"href":"https:\/\/www.santai-ceramics.com\/fr\/wp-json\/wp\/v2\/product\/716","targetHints":{"allow":["GET"]}}],"collection":[{"href":"https:\/\/www.santai-ceramics.com\/fr\/wp-json\/wp\/v2\/product"}],"about":[{"href":"https:\/\/www.santai-ceramics.com\/fr\/wp-json\/wp\/v2\/types\/product"}],"replies":[{"embeddable":true,"href":"https:\/\/www.santai-ceramics.com\/fr\/wp-json\/wp\/v2\/comments?post=716"}],"wp:featuredmedia":[{"embeddable":true,"href":"https:\/\/www.santai-ceramics.com\/fr\/wp-json\/wp\/v2\/media\/723"}],"wp:attachment":[{"href":"https:\/\/www.santai-ceramics.com\/fr\/wp-json\/wp\/v2\/media?parent=716"}],"wp:term":[{"taxonomy":"product_brand","embeddable":true,"href":"https:\/\/www.santai-ceramics.com\/fr\/wp-json\/wp\/v2\/product_brand?post=716"},{"taxonomy":"product_cat","embeddable":true,"href":"https:\/\/www.santai-ceramics.com\/fr\/wp-json\/wp\/v2\/product_cat?post=716"},{"taxonomy":"product_tag","embeddable":true,"href":"https:\/\/www.santai-ceramics.com\/fr\/wp-json\/wp\/v2\/product_tag?post=716"}],"curies":[{"name":"wp","href":"https:\/\/api.w.org\/{rel}","templated":true}]}}