{"id":725,"date":"2024-10-15T01:13:34","date_gmt":"2024-10-15T01:13:34","guid":{"rendered":"https:\/\/www.santai-ceramics.com\/?post_type=product&#038;p=725"},"modified":"2024-10-27T14:52:12","modified_gmt":"2024-10-27T14:52:12","slug":"wholesale-decorative-ceramic-vases-with-elegant-green-glaze-finish","status":"publish","type":"product","link":"https:\/\/www.santai-ceramics.com\/fr\/product\/wholesale-decorative-ceramic-vases-with-elegant-green-glaze-finish\/","title":{"rendered":"Vases d\u00e9coratifs en gros en c\u00e9ramique avec une finition \u00e9l\u00e9gante en gla\u00e7ure verte pour la d\u00e9coration d'int\u00e9rieur"},"content":{"rendered":"<h3 class=\"wp-block-heading\">Param\u00e8tres du vase en c\u00e9ramique en gros<\/h3>\n\n\n\n<figure class=\"wp-block-table\"><table class=\"has-fixed-layout\"><tbody><tr><td>Mod\u00e8le<\/td><td>Nom du produit<\/td><td>Couleur<\/td><td>Mat\u00e9riau<\/td><td>Utilisations<\/td><td>Dimensions<\/td><td>Poids<\/td><\/tr><tr><td>A30519-LB20-A01<\/td><td>Vase en c\u00e9ramique \u00e0 gla\u00e7ure verte&nbsp;<\/td><td>Bleu clair<\/td><td>C\u00e9ramique<\/td><td>d\u00e9coration int\u00e9rieure, salon<\/td><td>D:10.5X15cm<\/td><td>0,6kg\/PC<\/td><\/tr><\/tbody><\/table><\/figure>\n\n\n\n<h3 class=\"wp-block-heading\">Service de vases en c\u00e9ramique sur mesure<\/h3>\n\n\n\n<p>Nous proposons des services OEM et ODM pour nos produits.<br>Des \u00e9chantillons peuvent \u00eatre livr\u00e9s rapidement.<br>Nous offrons une vari\u00e9t\u00e9 de formes, de couleurs, d'impressions personnalis\u00e9es, d'emballages et d'autres services sur mesure pour r\u00e9pondre \u00e0 vos besoins sp\u00e9cifiques.<br><strong><a href=\"https:\/\/www.santai-ceramics.com\/fr\/custom\/\" data-type=\"page\" data-id=\"13\" target=\"_blank\" rel=\"noreferrer noopener\">En savoir plus sur les d\u00e9tails des vases en c\u00e9ramique personnalis\u00e9s.<\/a><\/strong><\/p>\n\n\n\n<div class=\"wp-block-columns is-layout-flex wp-container-core-columns-is-layout-9d6595d7 wp-block-columns-is-layout-flex\">\n<div class=\"wp-block-column is-layout-flow wp-block-column-is-layout-flow\">\n<figure class=\"wp-block-image size-full\"><img decoding=\"async\" width=\"2328\" height=\"1939\" src=\"https:\/\/www.santai-ceramics.com\/wp-content\/uploads\/2024\/10\/ceramic-vase-detail-display-1.webp\" alt=\"vase en c\u00e9ramique pr\u00e9sentation d\u00e9taill\u00e9e (1)\" class=\"wp-image-726\" srcset=\"https:\/\/www.santai-ceramics.com\/wp-content\/uploads\/2024\/10\/ceramic-vase-detail-display-1.webp 2328w, https:\/\/www.santai-ceramics.com\/wp-content\/uploads\/2024\/10\/ceramic-vase-detail-display-1-300x250.webp 300w, https:\/\/www.santai-ceramics.com\/wp-content\/uploads\/2024\/10\/ceramic-vase-detail-display-1-768x640.webp 768w, https:\/\/www.santai-ceramics.com\/wp-content\/uploads\/2024\/10\/ceramic-vase-detail-display-1-1200x999.webp 1200w, https:\/\/www.santai-ceramics.com\/wp-content\/uploads\/2024\/10\/ceramic-vase-detail-display-1-600x500.webp 600w\" sizes=\"(max-width: 2328px) 100vw, 2328px\" \/><\/figure>\n<\/div>\n\n\n\n<div class=\"wp-block-column is-layout-flow wp-block-column-is-layout-flow\">\n<figure class=\"wp-block-image size-full\"><img decoding=\"async\" width=\"1358\" height=\"1131\" src=\"https:\/\/www.santai-ceramics.com\/wp-content\/uploads\/2024\/10\/ceramic-vase-detail-display-2.webp\" alt=\"vase en c\u00e9ramique pr\u00e9sentation d\u00e9taill\u00e9e (2)\" class=\"wp-image-727\" srcset=\"https:\/\/www.santai-ceramics.com\/wp-content\/uploads\/2024\/10\/ceramic-vase-detail-display-2.webp 1358w, https:\/\/www.santai-ceramics.com\/wp-content\/uploads\/2024\/10\/ceramic-vase-detail-display-2-300x250.webp 300w, https:\/\/www.santai-ceramics.com\/wp-content\/uploads\/2024\/10\/ceramic-vase-detail-display-2-768x640.webp 768w, https:\/\/www.santai-ceramics.com\/wp-content\/uploads\/2024\/10\/ceramic-vase-detail-display-2-1200x999.webp 1200w, https:\/\/www.santai-ceramics.com\/wp-content\/uploads\/2024\/10\/ceramic-vase-detail-display-2-600x500.webp 600w\" sizes=\"(max-width: 1358px) 100vw, 1358px\" \/><\/figure>\n<\/div>\n<\/div>","protected":false},"excerpt":{"rendered":"<p>Vases d\u00e9coratifs en c\u00e9ramique en gros, la surface du vase est finement \u00e9maill\u00e9e, montrant un lustre vert parfait, un toucher d\u00e9licat, une couleur durable, convenant \u00e0 la d\u00e9coration de la maison. L'usine de poterie SANTAI utilise des \u00e9quipements de production avanc\u00e9s et l'artisanat traditionnel chinois pour s'assurer que chaque produit r\u00e9pond \u00e0 des normes \u00e9lev\u00e9es. Que vous ayez besoin d'acheter des vases d\u00e9coratifs en gros ou de personnaliser des designs, nous pouvons vous fournir des solutions flexibles.<\/p>\n<h2>Caract\u00e9ristiques du vase d\u00e9coratif en c\u00e9ramique<\/h2>\n<p data-pm-slice=\"1 1 []\"><strong>Beaut\u00e9 traditionnelle<\/strong>: Le design g\u00e9n\u00e9ral de ce vase en c\u00e9ramique est simple et \u00e9l\u00e9gant, d'une beaut\u00e9 classique chinoise. La gla\u00e7ure vert clair combin\u00e9e au motif floral complexe t\u00e9moigne de la beaut\u00e9 de l'artisanat traditionnel.<\/p>\n<p><strong>C\u00e9ramique exquise<\/strong>: Les vases en c\u00e9ramique vendus en gros sont fabriqu\u00e9s \u00e0 partir de mat\u00e9riaux c\u00e9ramiques de premi\u00e8re qualit\u00e9. Leur forme est \u00e9l\u00e9gante et ils sont durables et stables.<\/p>\n<p><strong>Traitement durable de la gla\u00e7ure<\/strong>: La surface du vase est d\u00e9licatement \u00e9maill\u00e9e, anti-salissures et r\u00e9sistante \u00e0 l'humidit\u00e9, ce qui accro\u00eet sa brillance et lui permet de conserver des couleurs vives pendant longtemps et de ne pas se d\u00e9colorer facilement.<\/p>\n<p><strong>Riche motif d\u00e9coratif<\/strong>: La surface du vase en c\u00e9ramique est orn\u00e9e d'un motif floral avec de nombreuses couches, ce qui lui conf\u00e8re un effet tridimensionnel et rend le vase plus vivant.<\/p>\n<p><strong>Conception cylindrique pratique<\/strong>: Gr\u00e2ce \u00e0 ce design cylindrique, l'espace int\u00e9rieur du vase est plus vaste et peut contenir plus de compositions florales.<\/p>\n<p><b>Vente en gros et service personnalis\u00e9 OEM&amp;ODM :<\/b>Nous fournissons des vases en c\u00e9ramique de haute qualit\u00e9 en gros et des services de personnalisation. Gr\u00e2ce \u00e0 notre \u00e9quipe professionnelle, vous pouvez obtenir une vari\u00e9t\u00e9 de choix de produits et des solutions de conception personnalis\u00e9es.<\/p>","protected":false},"featured_media":728,"comment_status":"closed","ping_status":"closed","template":"","meta":{"_acf_changed":false},"product_brand":[],"product_cat":[18,22],"product_tag":[34],"class_list":{"0":"post-725","1":"product","2":"type-product","3":"status-publish","4":"has-post-thumbnail","6":"product_cat-home-decor","7":"product_cat-vase","8":"product_tag-ceramic-vase","10":"first","11":"instock","12":"shipping-taxable","13":"product-type-simple"},"acf":[],"_links":{"self":[{"href":"https:\/\/www.santai-ceramics.com\/fr\/wp-json\/wp\/v2\/product\/725","targetHints":{"allow":["GET"]}}],"collection":[{"href":"https:\/\/www.santai-ceramics.com\/fr\/wp-json\/wp\/v2\/product"}],"about":[{"href":"https:\/\/www.santai-ceramics.com\/fr\/wp-json\/wp\/v2\/types\/product"}],"replies":[{"embeddable":true,"href":"https:\/\/www.santai-ceramics.com\/fr\/wp-json\/wp\/v2\/comments?post=725"}],"wp:featuredmedia":[{"embeddable":true,"href":"https:\/\/www.santai-ceramics.com\/fr\/wp-json\/wp\/v2\/media\/728"}],"wp:attachment":[{"href":"https:\/\/www.santai-ceramics.com\/fr\/wp-json\/wp\/v2\/media?parent=725"}],"wp:term":[{"taxonomy":"product_brand","embeddable":true,"href":"https:\/\/www.santai-ceramics.com\/fr\/wp-json\/wp\/v2\/product_brand?post=725"},{"taxonomy":"product_cat","embeddable":true,"href":"https:\/\/www.santai-ceramics.com\/fr\/wp-json\/wp\/v2\/product_cat?post=725"},{"taxonomy":"product_tag","embeddable":true,"href":"https:\/\/www.santai-ceramics.com\/fr\/wp-json\/wp\/v2\/product_tag?post=725"}],"curies":[{"name":"wp","href":"https:\/\/api.w.org\/{rel}","templated":true}]}}