{"id":730,"date":"2024-10-15T01:44:15","date_gmt":"2024-10-15T01:44:15","guid":{"rendered":"https:\/\/www.santai-ceramics.com\/?post_type=product&#038;p=730"},"modified":"2025-06-05T10:15:00","modified_gmt":"2025-06-05T10:15:00","slug":"wholesale-fiber-cement-planters","status":"publish","type":"product","link":"https:\/\/www.santai-ceramics.com\/fr\/product\/wholesale-fiber-cement-planters\/","title":{"rendered":"Jardini\u00e8res en fibre-ciment en gros : Parfaites pour les d\u00e9taillants \u00e0 la recherche de solutions de jardinage durables et esth\u00e9tiques"},"content":{"rendered":"<h3 class=\"wp-block-heading\">Param\u00e8tres de la planteuse de fibrociment<\/h3>\n\n\n\n<figure class=\"wp-block-table\"><table class=\"has-fixed-layout\"><tbody><tr><td>Mod\u00e8le<\/td><td>Nom du produit<\/td><td>Couleur<\/td><td>Mat\u00e9riau<\/td><td>Utilisations<\/td><td>Dimensions<\/td><td>Poids<\/td><\/tr><tr><td>J37576-H910-A01<\/td><td>&nbsp; Jardini\u00e8re en fibre-ciment&nbsp;<\/td><td>Antique fonc\u00e9<\/td><td>Fibre-ciment<\/td><td>d\u00e9coration int\u00e9rieure, salon, jardin<\/td><td>D:37.5X44.5cm<\/td><td>8.6kg\/PC<\/td><\/tr><tr><td>J37576-H910-A02<\/td><td>&nbsp; Jardini\u00e8re en fibre-ciment&nbsp;<\/td><td>Antique fonc\u00e9<\/td><td>Fibre-ciment<\/td><td>d\u00e9coration int\u00e9rieure, salon, jardin<\/td><td>D:32X36.5 cm<\/td><td>5.6kg\/PC<\/td><\/tr><tr><td>J37576-H910-A03<\/td><td>&nbsp; Jardini\u00e8re en fibre-ciment&nbsp;<\/td><td>Antique fonc\u00e9<\/td><td>Fibre-ciment<\/td><td>d\u00e9coration int\u00e9rieure, salon, jardin<\/td><td>D:28X31 cm<\/td><td>4.1kg\/PC<\/td><\/tr><\/tbody><\/table><\/figure>\n\n\n\n<h3 class=\"wp-block-heading\">Service de jardini\u00e8res en fibre-ciment sur mesure<\/h3>\n\n\n\n<p>1. Nous proposons des services OEM et ODM pour nos produits.<br>2. Des \u00e9chantillons peuvent \u00eatre livr\u00e9s rapidement.<br>3. Nous offrons une vari\u00e9t\u00e9 de formes, de couleurs, d'impressions personnalis\u00e9es, d'emballages et d'autres services sur mesure pour r\u00e9pondre \u00e0 vos besoins sp\u00e9cifiques.<br><a style=\"\" href=\"https:\/\/www.santai-ceramics.com\/fr\/custom\/\" data-type=\"page\" data-id=\"13\" target=\"_blank\" rel=\"noreferrer noopener\"><b>En savoir plus sur la personnalisation <\/b><\/a><strong><a href=\"https:\/\/www.santai-ceramics.com\/fr\/custom\/\" data-type=\"page\" data-id=\"13\" target=\"_blank\" rel=\"noreferrer noopener\">d\u00e9tail de la jardini\u00e8re en fibre de ciment.<\/a><\/strong><\/p>\n\n\n\n<div class=\"wp-block-columns is-layout-flex wp-container-core-columns-is-layout-9d6595d7 wp-block-columns-is-layout-flex\">\n<div class=\"wp-block-column is-layout-flow wp-block-column-is-layout-flow\">\n<figure class=\"wp-block-image size-full\"><img decoding=\"async\" width=\"1500\" height=\"1250\" src=\"https:\/\/www.santai-ceramics.com\/wp-content\/uploads\/2024\/10\/Garden-Decor-Fiber-Cement-Planter-Detail-Display3.webp\" alt=\"Jardini\u00e8re en fibre de ciment Garden Decor Detail Display(3)\" class=\"wp-image-733\" srcset=\"https:\/\/www.santai-ceramics.com\/wp-content\/uploads\/2024\/10\/Garden-Decor-Fiber-Cement-Planter-Detail-Display3.webp 1500w, https:\/\/www.santai-ceramics.com\/wp-content\/uploads\/2024\/10\/Garden-Decor-Fiber-Cement-Planter-Detail-Display3-300x250.webp 300w, https:\/\/www.santai-ceramics.com\/wp-content\/uploads\/2024\/10\/Garden-Decor-Fiber-Cement-Planter-Detail-Display3-768x640.webp 768w, https:\/\/www.santai-ceramics.com\/wp-content\/uploads\/2024\/10\/Garden-Decor-Fiber-Cement-Planter-Detail-Display3-1200x1000.webp 1200w, https:\/\/www.santai-ceramics.com\/wp-content\/uploads\/2024\/10\/Garden-Decor-Fiber-Cement-Planter-Detail-Display3-600x500.webp 600w\" sizes=\"(max-width: 1500px) 100vw, 1500px\" \/><\/figure>\n<\/div>\n\n\n\n<div class=\"wp-block-column is-layout-flow wp-block-column-is-layout-flow\">\n<figure class=\"wp-block-image size-full\"><img decoding=\"async\" width=\"1500\" height=\"1249\" src=\"https:\/\/www.santai-ceramics.com\/wp-content\/uploads\/2024\/10\/Garden-Decor-Fiber-Cement-Planter-Detail-Display5.webp\" alt=\"D\u00e9coration de jardin Jardini\u00e8re en fibre de ciment D\u00e9tail de l&#039;affichage(5)\" class=\"wp-image-735\" srcset=\"https:\/\/www.santai-ceramics.com\/wp-content\/uploads\/2024\/10\/Garden-Decor-Fiber-Cement-Planter-Detail-Display5.webp 1500w, https:\/\/www.santai-ceramics.com\/wp-content\/uploads\/2024\/10\/Garden-Decor-Fiber-Cement-Planter-Detail-Display5-300x250.webp 300w, https:\/\/www.santai-ceramics.com\/wp-content\/uploads\/2024\/10\/Garden-Decor-Fiber-Cement-Planter-Detail-Display5-768x639.webp 768w, https:\/\/www.santai-ceramics.com\/wp-content\/uploads\/2024\/10\/Garden-Decor-Fiber-Cement-Planter-Detail-Display5-1200x999.webp 1200w, https:\/\/www.santai-ceramics.com\/wp-content\/uploads\/2024\/10\/Garden-Decor-Fiber-Cement-Planter-Detail-Display5-600x500.webp 600w\" sizes=\"(max-width: 1500px) 100vw, 1500px\" \/><\/figure>\n<\/div>\n<\/div>","protected":false},"excerpt":{"rendered":"<p>Les jardini\u00e8res en fibre de ciment en gros, le mat\u00e9riau en fibre de ciment a une bonne r\u00e9sistance aux intemp\u00e9ries et peut rester stable dans diff\u00e9rentes conditions climatiques. Nous proposons 3 tailles au choix, des services de personnalisation OEM et ODM. Nous invitons les grossistes, les projets d'am\u00e9nagement paysager commercial (tels que les h\u00f4tels, les centres commerciaux et les immeubles de bureaux) et les parcs \u00e0 nous contacter pour acheter des bacs \u00e0 fleurs en gros.<\/p>\n<h2>Caract\u00e9ristiques de la jardini\u00e8re en fibre-ciment<\/h2>\n<p data-pm-slice=\"1 1 []\"><strong>Un design unique<\/strong>: Les jardini\u00e8res en gros ont adopt\u00e9 un design de texture en forme d'\u00e9corce sur leur surface, ce qui peut leur donner une atmosph\u00e8re naturelle et rustique et les rendre bien adapt\u00e9es \u00e0 l'environnement du jardin ext\u00e9rieur.<\/p>\n<p><strong>Mat\u00e9riau de haute qualit\u00e9<\/strong>:Les jardini\u00e8res en gros sont fabriqu\u00e9es en fibre de ciment ; elles sont r\u00e9put\u00e9es pour leur durabilit\u00e9 et leur stabilit\u00e9, avec des caract\u00e9ristiques telles qu'elles ne se d\u00e9forment pas facilement et ne se cassent pas, ce qui leur permet de rester belles et pratiques pendant longtemps.<\/p>\n<p><strong>La respiration<\/strong>: Le mat\u00e9riau en fibres-ciment pr\u00e9sente \u00e9galement un certain degr\u00e9 de respirabilit\u00e9, ce qui est propice \u00e0 la croissance et au d\u00e9veloppement des plantes.<\/p>\n<p><strong>Trois tailles en option<\/strong>: Le design du bac est disponible en diff\u00e9rentes tailles ; il peut r\u00e9pondre aux besoins de croissance des diff\u00e9rentes plantes et aux effets d\u00e9coratifs, en ajoutant des couches et de la diversit\u00e9 au jardin.<\/p>\n<p><strong>Protection de l'environnement et d\u00e9veloppement durable<\/strong>:La protection de l'environnement et la durabilit\u00e9 du mat\u00e9riau en fibre-ciment font que ce mat\u00e9riau est tr\u00e8s respectueux de l'environnement et que sa production n'a que peu d'impact sur celui-ci.<\/p>\n<p><strong>Service OEM et ODM<\/strong>: En tant que fabricant professionnel de jardini\u00e8res d\u00e9coratives, nous pouvons fournir un service OEM&amp;ODM \u00e0 nos clients. Un service personnalis\u00e9 de jardini\u00e8re professionnelle peut \u00eatre fourni pour produire une jardini\u00e8re r\u00e9pondant aux exigences des clients en mati\u00e8re de marque, de conception et de sp\u00e9cification.<\/p>","protected":false},"featured_media":736,"comment_status":"closed","ping_status":"closed","template":"","meta":{"_acf_changed":false},"product_brand":[],"product_cat":[18,41,21,23],"product_tag":[40],"class_list":{"0":"post-730","1":"product","2":"type-product","3":"status-publish","4":"has-post-thumbnail","6":"product_cat-home-decor","7":"product_cat-wholesale-fiber-cement-plant-pots","8":"product_cat-garden-decor","9":"product_cat-ceramic-pots-planters","10":"product_tag-cement-flower-pot","12":"first","13":"instock","14":"shipping-taxable","15":"product-type-simple"},"acf":[],"_links":{"self":[{"href":"https:\/\/www.santai-ceramics.com\/fr\/wp-json\/wp\/v2\/product\/730","targetHints":{"allow":["GET"]}}],"collection":[{"href":"https:\/\/www.santai-ceramics.com\/fr\/wp-json\/wp\/v2\/product"}],"about":[{"href":"https:\/\/www.santai-ceramics.com\/fr\/wp-json\/wp\/v2\/types\/product"}],"replies":[{"embeddable":true,"href":"https:\/\/www.santai-ceramics.com\/fr\/wp-json\/wp\/v2\/comments?post=730"}],"wp:featuredmedia":[{"embeddable":true,"href":"https:\/\/www.santai-ceramics.com\/fr\/wp-json\/wp\/v2\/media\/736"}],"wp:attachment":[{"href":"https:\/\/www.santai-ceramics.com\/fr\/wp-json\/wp\/v2\/media?parent=730"}],"wp:term":[{"taxonomy":"product_brand","embeddable":true,"href":"https:\/\/www.santai-ceramics.com\/fr\/wp-json\/wp\/v2\/product_brand?post=730"},{"taxonomy":"product_cat","embeddable":true,"href":"https:\/\/www.santai-ceramics.com\/fr\/wp-json\/wp\/v2\/product_cat?post=730"},{"taxonomy":"product_tag","embeddable":true,"href":"https:\/\/www.santai-ceramics.com\/fr\/wp-json\/wp\/v2\/product_tag?post=730"}],"curies":[{"name":"wp","href":"https:\/\/api.w.org\/{rel}","templated":true}]}}