{"id":739,"date":"2024-10-16T06:07:33","date_gmt":"2024-10-16T06:07:33","guid":{"rendered":"https:\/\/www.santai-ceramics.com\/?post_type=product&#038;p=739"},"modified":"2025-06-08T15:21:05","modified_gmt":"2025-06-08T15:21:05","slug":"bulk-decorative-terracotta-plant-pots-factory-direct-sales","status":"publish","type":"product","link":"https:\/\/www.santai-ceramics.com\/fr\/product\/bulk-decorative-terracotta-plant-pots-factory-direct-sales\/","title":{"rendered":"Pots de terre cuite en vrac Vente directe \u00e0 l'usine : Soutien \u00e0 la personnalisation"},"content":{"rendered":"<h3 class=\"wp-block-heading\">Param\u00e8tres des pots en terre cuite en vrac<\/h3>\n\n\n\n<figure class=\"wp-block-table\"><table class=\"has-fixed-layout\"><tbody><tr><td>Mod\u00e8le<\/td><td>Nom du produit<\/td><td>Couleur<\/td><td>Mat\u00e9riau<\/td><td>Utilisations<\/td><td>Dimensions<\/td><td>Poids<\/td><\/tr><tr><td>G37577-H910-A01<\/td><td>Jardini\u00e8re\/pot en terre cuite<\/td><td>Antique fonc\u00e9<\/td><td>Terre cuite<\/td><td>d\u00e9coration int\u00e9rieure, salon, jardin<\/td><td>D:19.5X17cm<\/td><td>2.3kg\/PC<\/td><\/tr><tr><td>G37577-H910-A02<\/td><td>Jardini\u00e8re\/pot en terre cuite<\/td><td>Antique fonc\u00e9<\/td><td>Terre cuite<\/td><td>d\u00e9coration int\u00e9rieure, salon, jardin<\/td><td>D:15.5X13.5cm<\/td><td>1,4kg\/PC<\/td><\/tr><tr><td>G37577-H910-A03<\/td><td>Jardini\u00e8re\/pot en terre cuite<\/td><td>Antique fonc\u00e9<\/td><td>Terre cuite<\/td><td>d\u00e9coration int\u00e9rieure, salon, jardin<\/td><td>D:11.5X10.5cm<\/td><td>0,7kg\/PC<\/td><\/tr><\/tbody><\/table><\/figure>\n\n\n\n<h3 class=\"wp-block-heading\">Service de pots en terre cuite personnalis\u00e9s<\/h3>\n\n\n\n<p>Nous proposons des services OEM et ODM pour nos produits.<br>Des \u00e9chantillons peuvent \u00eatre livr\u00e9s rapidement.<br>Nous offrons une vari\u00e9t\u00e9 de formes, de couleurs, d'impressions personnalis\u00e9es, d'emballages et d'autres services sur mesure pour r\u00e9pondre \u00e0 vos besoins sp\u00e9cifiques.<br><a style=\"\" href=\"https:\/\/www.santai-ceramics.com\/fr\/custom\/\" data-type=\"page\" data-id=\"13\" target=\"_blank\" rel=\"noreferrer noopener\"><b>En savoir plus sur la personnalisation <\/b><\/a><strong><a href=\"https:\/\/www.santai-ceramics.com\/fr\/custom\/\" data-type=\"page\" data-id=\"13\" target=\"_blank\" rel=\"noreferrer noopener\">d\u00e9tail du pot en terre cuite.<\/a><\/strong><\/p>\n\n\n\n<div class=\"wp-block-columns is-layout-flex wp-container-core-columns-is-layout-9d6595d7 wp-block-columns-is-layout-flex\">\n<div class=\"wp-block-column is-layout-flow wp-block-column-is-layout-flow\">\n<figure class=\"wp-block-image size-full\"><img decoding=\"async\" width=\"1141\" height=\"950\" src=\"https:\/\/www.santai-ceramics.com\/wp-content\/uploads\/2024\/10\/Decorative-Terracotta-Plant-Pot-5.webp\" alt=\"Pot \u00e0 plantes d\u00e9coratif en terre cuite (5)\" class=\"wp-image-750\" srcset=\"https:\/\/www.santai-ceramics.com\/wp-content\/uploads\/2024\/10\/Decorative-Terracotta-Plant-Pot-5.webp 1141w, https:\/\/www.santai-ceramics.com\/wp-content\/uploads\/2024\/10\/Decorative-Terracotta-Plant-Pot-5-300x250.webp 300w, https:\/\/www.santai-ceramics.com\/wp-content\/uploads\/2024\/10\/Decorative-Terracotta-Plant-Pot-5-768x639.webp 768w, https:\/\/www.santai-ceramics.com\/wp-content\/uploads\/2024\/10\/Decorative-Terracotta-Plant-Pot-5-600x500.webp 600w\" sizes=\"(max-width: 1141px) 100vw, 1141px\" \/><\/figure>\n<\/div>\n\n\n\n<div class=\"wp-block-column is-layout-flow wp-block-column-is-layout-flow\">\n<figure class=\"wp-block-image size-full\"><img decoding=\"async\" width=\"1141\" height=\"951\" src=\"https:\/\/www.santai-ceramics.com\/wp-content\/uploads\/2024\/10\/Decorative-Terracotta-Plant-Pot-6.webp\" alt=\"Pot \u00e0 plantes d\u00e9coratif en terre cuite (6)\" class=\"wp-image-751\" srcset=\"https:\/\/www.santai-ceramics.com\/wp-content\/uploads\/2024\/10\/Decorative-Terracotta-Plant-Pot-6.webp 1141w, https:\/\/www.santai-ceramics.com\/wp-content\/uploads\/2024\/10\/Decorative-Terracotta-Plant-Pot-6-300x250.webp 300w, https:\/\/www.santai-ceramics.com\/wp-content\/uploads\/2024\/10\/Decorative-Terracotta-Plant-Pot-6-768x640.webp 768w, https:\/\/www.santai-ceramics.com\/wp-content\/uploads\/2024\/10\/Decorative-Terracotta-Plant-Pot-6-600x500.webp 600w\" sizes=\"(max-width: 1141px) 100vw, 1141px\" \/><\/figure>\n<\/div>\n<\/div>","protected":false},"excerpt":{"rendered":"<p>SANTAI est sp\u00e9cialis\u00e9 dans la production de pots d\u00e9coratifs en terre cuite, avec une riche exp\u00e9rience de production et une technologie de fabrication avanc\u00e9e. Les pots de plantes en terre cuite en vrac ont non seulement une excellente perm\u00e9abilit\u00e9 \u00e0 l'air et une grande durabilit\u00e9, mais conviennent \u00e9galement aux jardins int\u00e9rieurs et ext\u00e9rieurs, aux balcons et \u00e0 diverses d\u00e9corations d'int\u00e9rieur. Nous fournissons des services de qualit\u00e9 de vente directe d'usine aux clients du monde entier, garantissant que vos besoins de vente en gros sont satisfaits aux prix les plus comp\u00e9titifs. N'h\u00e9sitez pas \u00e0 nous contacter pour obtenir des pots de fleurs en vrac.<\/p>\n<h2>Caract\u00e9ristiques des pots en terre cuite en vrac<\/h2>\n<p><strong>Beaut\u00e9 naturelle :<\/strong> Le mat\u00e9riau argileux classique et la texture vieillie unique de ce pot de fleurs lui conf\u00e8rent un effet visuel antique, qui s'adapte bien \u00e0 diverses d\u00e9corations de style naturel ou r\u00e9tro.<\/p>\n<p><strong>Bonne perm\u00e9abilit\u00e9 \u00e0 l'air<\/strong>: Fabriqu\u00e9 en terre cuite, le pot est tr\u00e8s perm\u00e9able \u00e0 l'air, favorisant une respiration saine des racines des plantes et la plantation de plantes succulentes ou de plantes \u00e0 feuillage.<\/p>\n<p><strong>Bonne durabilit\u00e9 :<\/strong> Nos pots de plantes en vrac ont une bonne durabilit\u00e9, une bonne texture, s'adaptent \u00e0 une vari\u00e9t\u00e9 d'environnements int\u00e9rieurs et ext\u00e9rieurs et conservent leur beaut\u00e9 pendant longtemps.<\/p>\n<p><strong>D\u00e9coration polyvalente<\/strong>: Il peut non seulement \u00eatre utilis\u00e9 comme pot de fleurs, mais aussi ajouter des \u00e9l\u00e9ments naturels \u00e0 l'espace, devenant ainsi un \u00e9l\u00e9ment phare de la d\u00e9coration int\u00e9rieure et ext\u00e9rieure.<\/p>\n<p><strong>Service OEM et ODM<\/strong>: En tant que fabricant professionnel de pots \u00e0 plantes d\u00e9coratifs, nous pouvons fournir un service OEM&amp;ODM \u00e0 nos clients pour produire un pot \u00e0 plantes r\u00e9pondant aux exigences de marque, de design et de sp\u00e9cification des clients.<\/p>","protected":false},"featured_media":746,"comment_status":"closed","ping_status":"closed","template":"","meta":{"_acf_changed":false},"product_brand":[],"product_cat":[18,42,21,23],"product_tag":[38],"class_list":{"0":"post-739","1":"product","2":"type-product","3":"status-publish","4":"has-post-thumbnail","6":"product_cat-home-decor","7":"product_cat-wholesale-ceramic-plant-pots","8":"product_cat-garden-decor","9":"product_cat-ceramic-pots-planters","10":"product_tag-wholesale-terracotta-flower-pots","12":"first","13":"instock","14":"shipping-taxable","15":"product-type-simple"},"acf":[],"_links":{"self":[{"href":"https:\/\/www.santai-ceramics.com\/fr\/wp-json\/wp\/v2\/product\/739","targetHints":{"allow":["GET"]}}],"collection":[{"href":"https:\/\/www.santai-ceramics.com\/fr\/wp-json\/wp\/v2\/product"}],"about":[{"href":"https:\/\/www.santai-ceramics.com\/fr\/wp-json\/wp\/v2\/types\/product"}],"replies":[{"embeddable":true,"href":"https:\/\/www.santai-ceramics.com\/fr\/wp-json\/wp\/v2\/comments?post=739"}],"wp:featuredmedia":[{"embeddable":true,"href":"https:\/\/www.santai-ceramics.com\/fr\/wp-json\/wp\/v2\/media\/746"}],"wp:attachment":[{"href":"https:\/\/www.santai-ceramics.com\/fr\/wp-json\/wp\/v2\/media?parent=739"}],"wp:term":[{"taxonomy":"product_brand","embeddable":true,"href":"https:\/\/www.santai-ceramics.com\/fr\/wp-json\/wp\/v2\/product_brand?post=739"},{"taxonomy":"product_cat","embeddable":true,"href":"https:\/\/www.santai-ceramics.com\/fr\/wp-json\/wp\/v2\/product_cat?post=739"},{"taxonomy":"product_tag","embeddable":true,"href":"https:\/\/www.santai-ceramics.com\/fr\/wp-json\/wp\/v2\/product_tag?post=739"}],"curies":[{"name":"wp","href":"https:\/\/api.w.org\/{rel}","templated":true}]}}