{"id":753,"date":"2024-10-16T07:49:51","date_gmt":"2024-10-16T07:49:51","guid":{"rendered":"https:\/\/www.santai-ceramics.com\/?post_type=product&#038;p=753"},"modified":"2025-06-08T15:18:40","modified_gmt":"2025-06-08T15:18:40","slug":"bulk-rustic-terracotta-vase-for-sale","status":"publish","type":"product","link":"https:\/\/www.santai-ceramics.com\/fr\/product\/bulk-rustic-terracotta-vase-for-sale\/","title":{"rendered":"Vente en gros de vases en terre cuite, Vases en terre cuite rustiques en vrac - SANTAI Pottery Manufacturer"},"content":{"rendered":"<h3 class=\"wp-block-heading\">Param\u00e8tres du vase rustique en terre cuite<\/h3>\n\n\n\n<figure class=\"wp-block-table\"><table class=\"has-fixed-layout\"><tbody><tr><td>Mod\u00e8le<\/td><td>Nom du produit<\/td><td>Couleur<\/td><td>Mat\u00e9riau<\/td><td>Utilisations<\/td><td>Dimensions<\/td><td>Poids<\/td><\/tr><tr><td>G37384-H910-A01<\/td><td>&nbsp;Vase rustique en terre cuite<\/td><td>Antique fonc\u00e9<\/td><td>Terre cuite<\/td><td>d\u00e9coration int\u00e9rieure, salon, jardin<\/td><td>D:22.5X27.5cm<\/td><td>8.6kg\/PC<\/td><\/tr><tr><td>G37384-H910-A02<\/td><td>&nbsp; Vase rustique en terre cuite<\/td><td>Antique fonc\u00e9<\/td><td>Terre cuite<\/td><td>d\u00e9coration int\u00e9rieure, salon, jardin<\/td><td>D:17X19cm<\/td><td>5.6kg\/PC<\/td><\/tr><\/tbody><\/table><\/figure>\n\n\n\n<h3 class=\"wp-block-heading\">Service de vase en terre cuite rustique personnalis\u00e9<\/h3>\n\n\n\n<p>Nous proposons des services OEM et ODM pour nos produits.<br>Des \u00e9chantillons peuvent \u00eatre livr\u00e9s rapidement.<br>Nous offrons une vari\u00e9t\u00e9 de formes, de couleurs, d'impressions personnalis\u00e9es, d'emballages et d'autres services sur mesure pour r\u00e9pondre \u00e0 vos besoins sp\u00e9cifiques.<br><a style=\"\" href=\"https:\/\/www.santai-ceramics.com\/fr\/custom\/\" data-type=\"page\" data-id=\"13\" target=\"_blank\" rel=\"noreferrer noopener\"><b>En savoir plus sur la personnalisation <\/b><\/a><strong><a href=\"https:\/\/www.santai-ceramics.com\/fr\/custom\/\" data-type=\"page\" data-id=\"13\" target=\"_blank\" rel=\"noreferrer noopener\">D\u00e9tail d'un vase en terre cuite.<\/a><\/strong><\/p>\n\n\n\n<div class=\"wp-block-columns is-layout-flex wp-container-core-columns-is-layout-9d6595d7 wp-block-columns-is-layout-flex\">\n<div class=\"wp-block-column is-layout-flow wp-block-column-is-layout-flow\">\n<figure class=\"wp-block-image size-full\"><img decoding=\"async\" width=\"1800\" height=\"1500\" src=\"https:\/\/www.santai-ceramics.com\/wp-content\/uploads\/2024\/10\/Rustic-Terracotta-Vase-2.webp\" alt=\"\" class=\"wp-image-755\" srcset=\"https:\/\/www.santai-ceramics.com\/wp-content\/uploads\/2024\/10\/Rustic-Terracotta-Vase-2.webp 1800w, https:\/\/www.santai-ceramics.com\/wp-content\/uploads\/2024\/10\/Rustic-Terracotta-Vase-2-300x250.webp 300w, https:\/\/www.santai-ceramics.com\/wp-content\/uploads\/2024\/10\/Rustic-Terracotta-Vase-2-768x640.webp 768w, https:\/\/www.santai-ceramics.com\/wp-content\/uploads\/2024\/10\/Rustic-Terracotta-Vase-2-1200x1000.webp 1200w, https:\/\/www.santai-ceramics.com\/wp-content\/uploads\/2024\/10\/Rustic-Terracotta-Vase-2-600x500.webp 600w\" sizes=\"(max-width: 1800px) 100vw, 1800px\" \/><\/figure>\n<\/div>\n\n\n\n<div class=\"wp-block-column is-layout-flow wp-block-column-is-layout-flow\">\n<figure class=\"wp-block-image size-full\"><img decoding=\"async\" width=\"1800\" height=\"1500\" src=\"https:\/\/www.santai-ceramics.com\/wp-content\/uploads\/2024\/10\/Rustic-Terracotta-Vase-3.webp\" alt=\"Vase rustique en terre cuite (3)\" class=\"wp-image-756\" srcset=\"https:\/\/www.santai-ceramics.com\/wp-content\/uploads\/2024\/10\/Rustic-Terracotta-Vase-3.webp 1800w, https:\/\/www.santai-ceramics.com\/wp-content\/uploads\/2024\/10\/Rustic-Terracotta-Vase-3-300x250.webp 300w, https:\/\/www.santai-ceramics.com\/wp-content\/uploads\/2024\/10\/Rustic-Terracotta-Vase-3-768x640.webp 768w, https:\/\/www.santai-ceramics.com\/wp-content\/uploads\/2024\/10\/Rustic-Terracotta-Vase-3-1200x1000.webp 1200w, https:\/\/www.santai-ceramics.com\/wp-content\/uploads\/2024\/10\/Rustic-Terracotta-Vase-3-600x500.webp 600w\" sizes=\"(max-width: 1800px) 100vw, 1800px\" \/><\/figure>\n<\/div>\n<\/div>","protected":false},"excerpt":{"rendered":"<p data-pm-slice=\"0 0 []\">Vous cherchez des vases en terre cuite en vrac \u00e0 des prix de gros ? SANTAI Pottery Manufacturer propose en gros des vases en terre cuite fabriqu\u00e9s \u00e0 la main avec une finition naturelle et rustique, parfaits pour la d\u00e9coration de la maison et du jardin. Nos vases d\u00e9coratifs sont disponibles en diff\u00e9rentes tailles et designs, n'h\u00e9sitez pas \u00e0 nous contacter pour obtenir des prix de gros.<\/p>\n<h2>Caract\u00e9ristiques du vase rustique en terre cuite<\/h2>\n<p><strong>Ambiance champ\u00eatre<\/strong>: La simplicit\u00e9 et la beaut\u00e9 naturelle de la campagne sont interpr\u00e9t\u00e9es de mani\u00e8re moderne, ce qui permet \u00e0 ce vase rustique en terre cuite d'\u00e9voquer dans une certaine mesure la nostalgie et les souvenirs de la vie rurale.<\/p>\n<p><strong>Fonction pratique<\/strong>: Le vase rustique en terre cuite est non seulement d\u00e9coratif, mais aussi pratique. Il peut \u00eatre utilis\u00e9 pour charger et pr\u00e9senter diverses plantes. Apr\u00e8s avoir ins\u00e9r\u00e9 des plantes dans le vase, celui-ci peut ajouter de la vitalit\u00e9 \u00e0 l'espace et am\u00e9liorer l'effet d\u00e9coratif g\u00e9n\u00e9ral.<\/p>\n<p><strong>Traitement de surface<\/strong>: La surface du vase rustique en terre cuite est rugueuse et un processus sp\u00e9cial est utilis\u00e9 pour augmenter la texture et la stratification du vase.<\/p>\n<p><strong>Plusieurs options de taille<\/strong>: Une vari\u00e9t\u00e9 de tailles est disponible en fonction de la demande. Si n\u00e9cessaire, les fabricants de poterie de Santai vous proposent des services personnalis\u00e9s pour assurer une parfaite ad\u00e9quation avec votre projet et r\u00e9pondre aux diff\u00e9rents besoins en mati\u00e8re de jardinage et de d\u00e9coration.<\/p>\n<p><strong>Prix comp\u00e9titifs :<\/strong>En tant que fabricant de vases d\u00e9coratifs, nous proposons des vases en vrac \u00e0 des prix d'usine, ce qui est id\u00e9al pour les magasins de fleurs et les entreprises de d\u00e9coration qui souhaitent passer des commandes en vrac.<\/p>","protected":false},"featured_media":754,"comment_status":"closed","ping_status":"closed","template":"","meta":{"_acf_changed":false},"product_brand":[],"product_cat":[18,21,22],"product_tag":[34],"class_list":{"0":"post-753","1":"product","2":"type-product","3":"status-publish","4":"has-post-thumbnail","6":"product_cat-home-decor","7":"product_cat-garden-decor","8":"product_cat-vase","9":"product_tag-ceramic-vase","11":"first","12":"instock","13":"shipping-taxable","14":"product-type-simple"},"acf":[],"_links":{"self":[{"href":"https:\/\/www.santai-ceramics.com\/fr\/wp-json\/wp\/v2\/product\/753","targetHints":{"allow":["GET"]}}],"collection":[{"href":"https:\/\/www.santai-ceramics.com\/fr\/wp-json\/wp\/v2\/product"}],"about":[{"href":"https:\/\/www.santai-ceramics.com\/fr\/wp-json\/wp\/v2\/types\/product"}],"replies":[{"embeddable":true,"href":"https:\/\/www.santai-ceramics.com\/fr\/wp-json\/wp\/v2\/comments?post=753"}],"wp:featuredmedia":[{"embeddable":true,"href":"https:\/\/www.santai-ceramics.com\/fr\/wp-json\/wp\/v2\/media\/754"}],"wp:attachment":[{"href":"https:\/\/www.santai-ceramics.com\/fr\/wp-json\/wp\/v2\/media?parent=753"}],"wp:term":[{"taxonomy":"product_brand","embeddable":true,"href":"https:\/\/www.santai-ceramics.com\/fr\/wp-json\/wp\/v2\/product_brand?post=753"},{"taxonomy":"product_cat","embeddable":true,"href":"https:\/\/www.santai-ceramics.com\/fr\/wp-json\/wp\/v2\/product_cat?post=753"},{"taxonomy":"product_tag","embeddable":true,"href":"https:\/\/www.santai-ceramics.com\/fr\/wp-json\/wp\/v2\/product_tag?post=753"}],"curies":[{"name":"wp","href":"https:\/\/api.w.org\/{rel}","templated":true}]}}