{"id":760,"date":"2024-10-16T09:07:43","date_gmt":"2024-10-16T09:07:43","guid":{"rendered":"https:\/\/www.santai-ceramics.com\/?post_type=product&#038;p=760"},"modified":"2025-06-08T15:15:28","modified_gmt":"2025-06-08T15:15:28","slug":"wholesale-customizable-plant-pots","status":"publish","type":"product","link":"https:\/\/www.santai-ceramics.com\/fr\/product\/wholesale-customizable-plant-pots\/","title":{"rendered":"Vente en vrac de pots de fleurs personnalis\u00e9s, pots de fleurs en terre cuite de style champ\u00eatre, vente directe \u00e0 l'usine"},"content":{"rendered":"<h3 class=\"wp-block-heading\">Parameters of Customizable Plant Pot<\/h3>\n\n\n\n<figure class=\"wp-block-table\"><table class=\"has-fixed-layout\"><tbody><tr><td>Mod\u00e8le<\/td><td>Nom du produit<\/td><td>Couleur<\/td><td>Mat\u00e9riau<\/td><td>Utilisations<\/td><td>Dimensions<\/td><td>Poids<\/td><\/tr><tr><td>G33513-H910-A01<\/td><td>&nbsp;Garden Decorative Plant Pot&nbsp;<\/td><td>Antique fonc\u00e9<\/td><td>Terre cuite<\/td><td>d\u00e9coration int\u00e9rieure, salon, jardin<\/td><td>D:20.5X23cm<\/td><td>3.2kg\/PC<\/td><\/tr><\/tbody><\/table><\/figure>\n\n\n\n<h3 class=\"wp-block-heading\">Service de pots de fleurs sur mesure<\/h3>\n\n\n\n<p>Nous proposons des services OEM et ODM pour nos produits.<br>Des \u00e9chantillons peuvent \u00eatre livr\u00e9s rapidement.<br>Nous offrons une vari\u00e9t\u00e9 de formes, de couleurs, d'impressions personnalis\u00e9es, d'emballages et d'autres services sur mesure pour r\u00e9pondre \u00e0 vos besoins sp\u00e9cifiques.<br><a style=\"\" href=\"https:\/\/www.santai-ceramics.com\/fr\/custom\/\" data-type=\"page\" data-id=\"13\" target=\"_blank\" rel=\"noreferrer noopener\"><strong><b>En savoir plus sur la personnalisation<\/b> palnt pot detail.<\/strong><\/a><\/p>\n\n\n\n<div class=\"wp-block-columns is-layout-flex wp-container-core-columns-is-layout-9d6595d7 wp-block-columns-is-layout-flex\">\n<div class=\"wp-block-column is-layout-flow wp-block-column-is-layout-flow\">\n<figure class=\"wp-block-image size-full\"><img decoding=\"async\" width=\"1300\" height=\"1083\" src=\"https:\/\/www.santai-ceramics.com\/wp-content\/uploads\/2024\/10\/Customizable-Plant-Pot-4.webp\" alt=\"Customizable Plant Pot (4)\" class=\"wp-image-764\" srcset=\"https:\/\/www.santai-ceramics.com\/wp-content\/uploads\/2024\/10\/Customizable-Plant-Pot-4.webp 1300w, https:\/\/www.santai-ceramics.com\/wp-content\/uploads\/2024\/10\/Customizable-Plant-Pot-4-300x250.webp 300w, https:\/\/www.santai-ceramics.com\/wp-content\/uploads\/2024\/10\/Customizable-Plant-Pot-4-768x640.webp 768w, https:\/\/www.santai-ceramics.com\/wp-content\/uploads\/2024\/10\/Customizable-Plant-Pot-4-1200x1000.webp 1200w, https:\/\/www.santai-ceramics.com\/wp-content\/uploads\/2024\/10\/Customizable-Plant-Pot-4-600x500.webp 600w\" sizes=\"(max-width: 1300px) 100vw, 1300px\" \/><\/figure>\n<\/div>\n\n\n\n<div class=\"wp-block-column is-layout-flow wp-block-column-is-layout-flow\">\n<figure class=\"wp-block-image size-full\"><img decoding=\"async\" width=\"1300\" height=\"1083\" src=\"https:\/\/www.santai-ceramics.com\/wp-content\/uploads\/2024\/10\/Customizable-Plant-Pot-5.webp\" alt=\"Customizable Plant Pot (5)\" class=\"wp-image-765\" srcset=\"https:\/\/www.santai-ceramics.com\/wp-content\/uploads\/2024\/10\/Customizable-Plant-Pot-5.webp 1300w, https:\/\/www.santai-ceramics.com\/wp-content\/uploads\/2024\/10\/Customizable-Plant-Pot-5-300x250.webp 300w, https:\/\/www.santai-ceramics.com\/wp-content\/uploads\/2024\/10\/Customizable-Plant-Pot-5-768x640.webp 768w, https:\/\/www.santai-ceramics.com\/wp-content\/uploads\/2024\/10\/Customizable-Plant-Pot-5-1200x1000.webp 1200w, https:\/\/www.santai-ceramics.com\/wp-content\/uploads\/2024\/10\/Customizable-Plant-Pot-5-600x500.webp 600w\" sizes=\"(max-width: 1300px) 100vw, 1300px\" \/><\/figure>\n<\/div>\n<\/div>","protected":false},"excerpt":{"rendered":"<p data-pm-slice=\"0 0 []\">Ce pot de fleurs est particuli\u00e8rement adapt\u00e9 \u00e0 la d\u00e9coration paysag\u00e8re des jardins ext\u00e9rieurs, des balcons ou des cours. Si vous avez besoin de personnaliser ce pot de fleurs, le fabricant de pot de fleurs SANTAI vous fournit des services de personnalisation professionnels. Les clients peuvent choisir la taille, la couleur et la texture selon leurs pr\u00e9f\u00e9rences. Nous pouvons r\u00e9pondre aux besoins de diff\u00e9rents styles. N'h\u00e9sitez pas \u00e0 nous contacter pour des solutions personnalis\u00e9es.<\/p>\n<h2>Caract\u00e9ristiques du pot de fleurs personnalisable<\/h2>\n<p><strong>Rustique naturel<\/strong>Le pot en terre cuite : la surface du pot en terre cuite r\u00e9v\u00e8le une texture rugueuse, et des tons r\u00e9tro apparaissent en raison du traitement en relief. Il s'agit d'une atmosph\u00e8re naturelle et rurale, qui peut \u00eatre utilis\u00e9e pour cr\u00e9er un effet d\u00e9coratif chaleureux.<\/p>\n<p><strong>Peut \u00eatre assorti \u00e0 diff\u00e9rentes v\u00e9g\u00e9tations<\/strong>Les plantes d'int\u00e9rieur : qu'il s'agisse de grandes plantes d'int\u00e9rieur, de plantes suspendues ou de courtes plantes en pot, les diff\u00e9rentes combinaisons permettent d'obtenir des effets d\u00e9coratifs vari\u00e9s.<\/p>\n<p><strong>Un co\u00fbt \u00e9lev\u00e9<\/strong>: Ventes directes d'usine, prix abordables, ce pot de fleurs en terre cuite personnalisable convient aux achats \u00e0 grande \u00e9chelle pour les projets de vente au d\u00e9tail ou de d\u00e9coration.<\/p>\n<p><strong>Solution professionnelle de pots de fleurs sur mesure<\/strong>: Le pot de fleurs peut \u00eatre personnalis\u00e9 pour les clients, y compris la taille, la couleur et le design de la texture, pour r\u00e9pondre aux diff\u00e9rents besoins de chaque client afin que chaque pot de fleurs puisse s'accorder avec la d\u00e9coration int\u00e9rieure ou ext\u00e9rieure d'un certain style.<\/p>","protected":false},"featured_media":761,"comment_status":"closed","ping_status":"closed","template":"","meta":{"_acf_changed":false},"product_brand":[],"product_cat":[23,42,21,18],"product_tag":[38],"class_list":{"0":"post-760","1":"product","2":"type-product","3":"status-publish","4":"has-post-thumbnail","6":"product_cat-ceramic-pots-planters","7":"product_cat-wholesale-ceramic-plant-pots","8":"product_cat-garden-decor","9":"product_cat-home-decor","10":"product_tag-wholesale-terracotta-flower-pots","12":"first","13":"instock","14":"shipping-taxable","15":"product-type-simple"},"acf":[],"_links":{"self":[{"href":"https:\/\/www.santai-ceramics.com\/fr\/wp-json\/wp\/v2\/product\/760","targetHints":{"allow":["GET"]}}],"collection":[{"href":"https:\/\/www.santai-ceramics.com\/fr\/wp-json\/wp\/v2\/product"}],"about":[{"href":"https:\/\/www.santai-ceramics.com\/fr\/wp-json\/wp\/v2\/types\/product"}],"replies":[{"embeddable":true,"href":"https:\/\/www.santai-ceramics.com\/fr\/wp-json\/wp\/v2\/comments?post=760"}],"wp:featuredmedia":[{"embeddable":true,"href":"https:\/\/www.santai-ceramics.com\/fr\/wp-json\/wp\/v2\/media\/761"}],"wp:attachment":[{"href":"https:\/\/www.santai-ceramics.com\/fr\/wp-json\/wp\/v2\/media?parent=760"}],"wp:term":[{"taxonomy":"product_brand","embeddable":true,"href":"https:\/\/www.santai-ceramics.com\/fr\/wp-json\/wp\/v2\/product_brand?post=760"},{"taxonomy":"product_cat","embeddable":true,"href":"https:\/\/www.santai-ceramics.com\/fr\/wp-json\/wp\/v2\/product_cat?post=760"},{"taxonomy":"product_tag","embeddable":true,"href":"https:\/\/www.santai-ceramics.com\/fr\/wp-json\/wp\/v2\/product_tag?post=760"}],"curies":[{"name":"wp","href":"https:\/\/api.w.org\/{rel}","templated":true}]}}