{"id":774,"date":"2024-10-16T10:54:30","date_gmt":"2024-10-16T10:54:30","guid":{"rendered":"https:\/\/www.santai-ceramics.com\/?post_type=product&#038;p=774"},"modified":"2025-06-05T10:14:54","modified_gmt":"2025-06-05T10:14:54","slug":"wholesale-outdoor-cement-planter","status":"publish","type":"product","link":"https:\/\/www.santai-ceramics.com\/fr\/product\/wholesale-outdoor-cement-planter\/","title":{"rendered":"Jardini\u00e8re en ciment pour l'ext\u00e9rieur pour une d\u00e9coration de jardin \u00e9l\u00e9gante et des solutions d'am\u00e9nagement paysager durables"},"content":{"rendered":"<h3 class=\"wp-block-heading\">Param\u00e8tres de la plante \u00e0 ciment d'ext\u00e9rieur<\/h3>\n\n\n\n<figure class=\"wp-block-table\"><table class=\"has-fixed-layout\"><tbody><tr><td>Mod\u00e8le<\/td><td>Nom du produit<\/td><td>Couleur<\/td><td>Mat\u00e9riau<\/td><td>Utilisations<\/td><td>Dimensions<\/td><td>Poids<\/td><\/tr><tr><td>J37576-H885-A01<\/td><td>Jardini\u00e8re ext\u00e9rieure en fibre-ciment&nbsp;<\/td><td>Antique fonc\u00e9<\/td><td>Fibre-ciment&nbsp;<\/td><td>d\u00e9coration int\u00e9rieure, salon, jardin<\/td><td>D:37.5X44.5cm<\/td><td>8.6kg\/PC<\/td><\/tr><tr><td>J37576-H885-A02<\/td><td>Jardini\u00e8re ext\u00e9rieure en fibre-ciment&nbsp;<\/td><td>Antique fonc\u00e9<\/td><td>Fibre-ciment&nbsp;<\/td><td>d\u00e9coration int\u00e9rieure, salon, jardin<\/td><td>D:32X36.5cm<\/td><td>5.6kg\/PC<\/td><\/tr><tr><td>J37576-H885-A03<\/td><td>Jardini\u00e8re ext\u00e9rieure en fibre-ciment&nbsp;<\/td><td>Antique fonc\u00e9<\/td><td>Fibre-ciment&nbsp;<\/td><td>d\u00e9coration int\u00e9rieure, salon, jardin<\/td><td>D:28X31cm<\/td><td>4.1kg\/PC<\/td><\/tr><\/tbody><\/table><\/figure>\n\n\n\n<h3 class=\"wp-block-heading\">Service de jardini\u00e8res en ciment pour l'ext\u00e9rieur<\/h3>\n\n\n\n<p>Nous proposons des services OEM et ODM pour nos produits.<br>Des \u00e9chantillons peuvent \u00eatre livr\u00e9s rapidement.<br>Nous offrons une vari\u00e9t\u00e9 de formes, de couleurs, d'impressions personnalis\u00e9es, d'emballages et d'autres services sur mesure pour r\u00e9pondre \u00e0 vos besoins sp\u00e9cifiques.<br><a style=\"\" href=\"https:\/\/www.santai-ceramics.com\/fr\/custom\/\" data-type=\"page\" data-id=\"13\" target=\"_blank\" rel=\"noreferrer noopener\"><strong><b>En savoir plus sur la personnalisation<\/b> d\u00e9tail de la cimenterie.<\/strong><\/a><\/p>\n\n\n\n<div class=\"wp-block-columns is-layout-flex wp-container-core-columns-is-layout-9d6595d7 wp-block-columns-is-layout-flex\">\n<div class=\"wp-block-column is-layout-flow wp-block-column-is-layout-flow\">\n<figure class=\"wp-block-image size-full\"><img decoding=\"async\" width=\"1300\" height=\"1083\" src=\"https:\/\/www.santai-ceramics.com\/wp-content\/uploads\/2024\/10\/Wholesale-Outdoor-Cement-Planter-4.webp\" alt=\"Jardini\u00e8re en ciment pour l&#039;ext\u00e9rieur (4)\" class=\"wp-image-778\" srcset=\"https:\/\/www.santai-ceramics.com\/wp-content\/uploads\/2024\/10\/Wholesale-Outdoor-Cement-Planter-4.webp 1300w, https:\/\/www.santai-ceramics.com\/wp-content\/uploads\/2024\/10\/Wholesale-Outdoor-Cement-Planter-4-300x250.webp 300w, https:\/\/www.santai-ceramics.com\/wp-content\/uploads\/2024\/10\/Wholesale-Outdoor-Cement-Planter-4-768x640.webp 768w, https:\/\/www.santai-ceramics.com\/wp-content\/uploads\/2024\/10\/Wholesale-Outdoor-Cement-Planter-4-1200x1000.webp 1200w, https:\/\/www.santai-ceramics.com\/wp-content\/uploads\/2024\/10\/Wholesale-Outdoor-Cement-Planter-4-600x500.webp 600w\" sizes=\"(max-width: 1300px) 100vw, 1300px\" \/><\/figure>\n<\/div>\n\n\n\n<div class=\"wp-block-column is-layout-flow wp-block-column-is-layout-flow\">\n<figure class=\"wp-block-image size-full\"><img decoding=\"async\" width=\"1300\" height=\"1083\" src=\"https:\/\/www.santai-ceramics.com\/wp-content\/uploads\/2024\/10\/Wholesale-Outdoor-Cement-Planter-7.webp\" alt=\"Jardini\u00e8re en ciment pour l&#039;ext\u00e9rieur (7)\" class=\"wp-image-781\" srcset=\"https:\/\/www.santai-ceramics.com\/wp-content\/uploads\/2024\/10\/Wholesale-Outdoor-Cement-Planter-7.webp 1300w, https:\/\/www.santai-ceramics.com\/wp-content\/uploads\/2024\/10\/Wholesale-Outdoor-Cement-Planter-7-300x250.webp 300w, https:\/\/www.santai-ceramics.com\/wp-content\/uploads\/2024\/10\/Wholesale-Outdoor-Cement-Planter-7-768x640.webp 768w, https:\/\/www.santai-ceramics.com\/wp-content\/uploads\/2024\/10\/Wholesale-Outdoor-Cement-Planter-7-1200x1000.webp 1200w, https:\/\/www.santai-ceramics.com\/wp-content\/uploads\/2024\/10\/Wholesale-Outdoor-Cement-Planter-7-600x500.webp 600w\" sizes=\"(max-width: 1300px) 100vw, 1300px\" \/><\/figure>\n<\/div>\n<\/div>","protected":false},"excerpt":{"rendered":"<p data-pm-slice=\"0 0 []\">Nous vous pr\u00e9sentons nos jardini\u00e8res en ciment pour l'ext\u00e9rieur, la solution parfaite pour d\u00e9corer votre jardin ou votre patio. Fabriqu\u00e9es en ciment de premi\u00e8re qualit\u00e9, ces jardini\u00e8res sont con\u00e7ues pour assurer la durabilit\u00e9 et la long\u00e9vit\u00e9 de tous vos besoins en mati\u00e8re d'am\u00e9nagement ext\u00e9rieur. Que vous soyez un d\u00e9taillant cherchant \u00e0 offrir un d\u00e9cor ext\u00e9rieur unique ou un paysagiste cherchant des jardini\u00e8res fiables, SANTAI Planter Manufacturer offre une qualit\u00e9 sup\u00e9rieure et des prix comp\u00e9titifs.<\/p>\n<h2>Caract\u00e9ristiques de la jardini\u00e8re en ciment pour l'ext\u00e9rieur<\/h2>\n<p><strong>Un design unique<\/strong>: Le gris clair est la couleur principale de ce bac en ciment pour l'ext\u00e9rieur ; il pr\u00e9sente une texture ondul\u00e9e. Non seulement cette texture est int\u00e9ressante pour l'aspect de la jardini\u00e8re, mais elle peut \u00e9galement s'adapter \u00e0 divers styles de d\u00e9coration.<\/p>\n<p><strong>Options de tailles multiples pour r\u00e9pondre \u00e0 des besoins divers<\/strong>: Le bac \u00e0 plantes en gros offre trois tailles pour des sc\u00e8nes et des besoins de plantation diff\u00e9rents. Que vous souhaitiez planter une grande plante \u00e0 feuillage ou une petite plante succulente, vous trouverez un contenant appropri\u00e9 dans cette s\u00e9rie de jardini\u00e8res.<\/p>\n<p><strong>Mat\u00e9riau en fibre-ciment<\/strong>: La jardini\u00e8re en gros est fabriqu\u00e9e en fibre de ciment, ce qui lui conf\u00e8re une r\u00e9sistance et une durabilit\u00e9 extr\u00eamement \u00e9lev\u00e9es.\u00a0<\/p>\n<p><strong>Bonne respirabilit\u00e9<\/strong>: La perm\u00e9abilit\u00e9 \u00e0 l'air de ce mat\u00e9riau en fibre-ciment favorise la respiration et la croissance des racines des plantes. Par ailleurs, un trou de drainage est g\u00e9n\u00e9ralement pr\u00e9vu au fond du pot de fleurs, ce qui permet d'\u00e9vacuer efficacement l'exc\u00e8s d'eau et d'\u00e9viter le pourrissement des racines des plantes.<\/p>\n<p><strong>\u00c9cologique et durable<\/strong>: Le fibrociment est un mat\u00e9riau \u00e9cologique et durable qui ne pollue pas l'environnement. De plus, les jardini\u00e8res fabriqu\u00e9es dans ce mat\u00e9riau peuvent \u00eatre recycl\u00e9es afin de r\u00e9duire le gaspillage des ressources et les d\u00e9chets g\u00e9n\u00e9r\u00e9s.<\/p>\n<p><strong>OEM et service OEM<\/strong>: En tant que fabricant professionnel de poteries, SANTAI fournit aux acheteurs B2B des solutions compl\u00e8tes de jardini\u00e8res personnalis\u00e9es couvrant la conception, la fourniture d'\u00e9chantillons, la production, le transport, la livraison et d'autres processus avec des jardini\u00e8res de haute qualit\u00e9.<\/p>","protected":false},"featured_media":775,"comment_status":"closed","ping_status":"closed","template":"","meta":{"_acf_changed":false},"product_brand":[],"product_cat":[23,41,18,21],"product_tag":[40],"class_list":{"0":"post-774","1":"product","2":"type-product","3":"status-publish","4":"has-post-thumbnail","6":"product_cat-ceramic-pots-planters","7":"product_cat-wholesale-fiber-cement-plant-pots","8":"product_cat-home-decor","9":"product_cat-garden-decor","10":"product_tag-cement-flower-pot","12":"first","13":"instock","14":"shipping-taxable","15":"product-type-simple"},"acf":[],"_links":{"self":[{"href":"https:\/\/www.santai-ceramics.com\/fr\/wp-json\/wp\/v2\/product\/774","targetHints":{"allow":["GET"]}}],"collection":[{"href":"https:\/\/www.santai-ceramics.com\/fr\/wp-json\/wp\/v2\/product"}],"about":[{"href":"https:\/\/www.santai-ceramics.com\/fr\/wp-json\/wp\/v2\/types\/product"}],"replies":[{"embeddable":true,"href":"https:\/\/www.santai-ceramics.com\/fr\/wp-json\/wp\/v2\/comments?post=774"}],"wp:featuredmedia":[{"embeddable":true,"href":"https:\/\/www.santai-ceramics.com\/fr\/wp-json\/wp\/v2\/media\/775"}],"wp:attachment":[{"href":"https:\/\/www.santai-ceramics.com\/fr\/wp-json\/wp\/v2\/media?parent=774"}],"wp:term":[{"taxonomy":"product_brand","embeddable":true,"href":"https:\/\/www.santai-ceramics.com\/fr\/wp-json\/wp\/v2\/product_brand?post=774"},{"taxonomy":"product_cat","embeddable":true,"href":"https:\/\/www.santai-ceramics.com\/fr\/wp-json\/wp\/v2\/product_cat?post=774"},{"taxonomy":"product_tag","embeddable":true,"href":"https:\/\/www.santai-ceramics.com\/fr\/wp-json\/wp\/v2\/product_tag?post=774"}],"curies":[{"name":"wp","href":"https:\/\/api.w.org\/{rel}","templated":true}]}}