{"id":810,"date":"2024-10-17T07:44:23","date_gmt":"2024-10-17T07:44:23","guid":{"rendered":"https:\/\/www.santai-ceramics.com\/?post_type=product&#038;p=810"},"modified":"2025-06-05T10:14:44","modified_gmt":"2025-06-05T10:14:44","slug":"high-quality-wholesale-outdoor-fiber-cement-planters","status":"publish","type":"product","link":"https:\/\/www.santai-ceramics.com\/fr\/product\/high-quality-wholesale-outdoor-fiber-cement-planters\/","title":{"rendered":"Jardini\u00e8res d'ext\u00e9rieur en fibre-ciment pour l'am\u00e9nagement paysager moderne"},"content":{"rendered":"<h3 class=\"wp-block-heading\">Param\u00e8tres de la planteuse de fibrociment<\/h3>\n\n\n\n<figure class=\"wp-block-table\"><table class=\"has-fixed-layout\"><tbody><tr><td>Mod\u00e8le<\/td><td>Nom du produit<\/td><td>Couleur<\/td><td>Mat\u00e9riau<\/td><td>Utilisations<\/td><td>Dimensions<\/td><td>Poids<\/td><\/tr><tr><td>J37040-H885-A01<\/td><td>Jardini\u00e8re en fibre-ciment&nbsp;<\/td><td>Marron clair antique<\/td><td>Fibre-ciment<\/td><td>d\u00e9coration int\u00e9rieure, salon, jardin<\/td><td>D:39X38cm<\/td><td>8.1kg\/PC<\/td><\/tr><tr><td>J37040-H885-A02<\/td><td>Jardini\u00e8re en fibre-ciment&nbsp;<\/td><td>Marron clair antique<\/td><td>Fibre-ciment<\/td><td>d\u00e9coration int\u00e9rieure, salon, jardin<\/td><td>D:31X30.5cm<\/td><td>5.3kg\/PC<\/td><\/tr><\/tbody><\/table><\/figure>\n\n\n\n<h3 class=\"wp-block-heading\">Service de plantation sur mesure<\/h3>\n\n\n\n<p>Nous proposons des services OEM et ODM pour nos produits.<br>Des \u00e9chantillons peuvent \u00eatre livr\u00e9s rapidement.<br>Nous offrons une vari\u00e9t\u00e9 de formes, de couleurs, d'impressions personnalis\u00e9es, d'emballages et d'autres services sur mesure pour r\u00e9pondre \u00e0 vos besoins sp\u00e9cifiques.<br><a style=\"\" href=\"https:\/\/www.santai-ceramics.com\/fr\/custom\/\" data-type=\"page\" data-id=\"13\" target=\"_blank\" rel=\"noreferrer noopener\"><strong><b>En savoir plus sur la personnalisation<\/b> d\u00e9tail de la jardini\u00e8re.<\/strong><\/a><\/p>\n\n\n\n<div class=\"wp-block-columns is-layout-flex wp-container-core-columns-is-layout-9d6595d7 wp-block-columns-is-layout-flex\">\n<div class=\"wp-block-column is-layout-flow wp-block-column-is-layout-flow\">\n<figure class=\"wp-block-image size-full\"><img decoding=\"async\" width=\"1806\" height=\"1505\" src=\"https:\/\/www.santai-ceramics.com\/wp-content\/uploads\/2024\/10\/Outdoor-Fiber-Cement-Planter-4.webp\" alt=\"Jardini\u00e8re ext\u00e9rieure en fibre-ciment (4)\" class=\"wp-image-814\" srcset=\"https:\/\/www.santai-ceramics.com\/wp-content\/uploads\/2024\/10\/Outdoor-Fiber-Cement-Planter-4.webp 1806w, https:\/\/www.santai-ceramics.com\/wp-content\/uploads\/2024\/10\/Outdoor-Fiber-Cement-Planter-4-300x250.webp 300w, https:\/\/www.santai-ceramics.com\/wp-content\/uploads\/2024\/10\/Outdoor-Fiber-Cement-Planter-4-768x640.webp 768w, https:\/\/www.santai-ceramics.com\/wp-content\/uploads\/2024\/10\/Outdoor-Fiber-Cement-Planter-4-1200x1000.webp 1200w, https:\/\/www.santai-ceramics.com\/wp-content\/uploads\/2024\/10\/Outdoor-Fiber-Cement-Planter-4-600x500.webp 600w\" sizes=\"(max-width: 1806px) 100vw, 1806px\" \/><\/figure>\n<\/div>\n\n\n\n<div class=\"wp-block-column is-layout-flow wp-block-column-is-layout-flow\">\n<figure class=\"wp-block-image size-full\"><img decoding=\"async\" width=\"1806\" height=\"1505\" src=\"https:\/\/www.santai-ceramics.com\/wp-content\/uploads\/2024\/10\/Outdoor-Fiber-Cement-Planter-3.webp\" alt=\"Jardini\u00e8re ext\u00e9rieure en fibre-ciment (3)\" class=\"wp-image-813\" srcset=\"https:\/\/www.santai-ceramics.com\/wp-content\/uploads\/2024\/10\/Outdoor-Fiber-Cement-Planter-3.webp 1806w, https:\/\/www.santai-ceramics.com\/wp-content\/uploads\/2024\/10\/Outdoor-Fiber-Cement-Planter-3-300x250.webp 300w, https:\/\/www.santai-ceramics.com\/wp-content\/uploads\/2024\/10\/Outdoor-Fiber-Cement-Planter-3-768x640.webp 768w, https:\/\/www.santai-ceramics.com\/wp-content\/uploads\/2024\/10\/Outdoor-Fiber-Cement-Planter-3-1200x1000.webp 1200w, https:\/\/www.santai-ceramics.com\/wp-content\/uploads\/2024\/10\/Outdoor-Fiber-Cement-Planter-3-600x500.webp 600w\" sizes=\"(max-width: 1806px) 100vw, 1806px\" \/><\/figure>\n<\/div>\n<\/div>","protected":false},"excerpt":{"rendered":"<p data-pm-slice=\"0 0 []\">Les jardini\u00e8res d'ext\u00e9rieur en fibre de ciment combinent un design moderne et une durabilit\u00e9 sup\u00e9rieure. Elles conviennent \u00e0 une grande vari\u00e9t\u00e9 de plantes et de fleurs. Nous invitons les acheteurs B2B, les grossistes et les d\u00e9taillants \u00e0 nous contacter pour obtenir des devis.<\/p>\n<h2>Caract\u00e9ristiques de la jardini\u00e8re en fibre-ciment<\/h2>\n<p><strong>Mat\u00e9riau r\u00e9sistant<\/strong>: Ce bac \u00e0 plantes en gros est fabriqu\u00e9 en fibre de ciment tr\u00e8s r\u00e9sistante, qui peut facilement faire face au climat ext\u00e9rieur changeant et aux diff\u00e9rences de temp\u00e9rature extr\u00eames, et pr\u00e9senter une excellente durabilit\u00e9.<\/p>\n<p><strong>Esth\u00e9tique tendance<\/strong>: Les figures g\u00e9om\u00e9triques soigneusement sculpt\u00e9es sur la surface de la jardini\u00e8re en gros donnent \u00e0 l'espace une touche de mode avant-gardiste, qu'il s'agisse d'une cour, d'une terrasse ou d'un coin ext\u00e9rieur, il peut devenir le centre d'int\u00e9r\u00eat.<\/p>\n<p><strong>Proche de la nature<\/strong>: Les couleurs neutres et les textures naturelles qu'il utilise cr\u00e9ent un sentiment de retour \u00e0 la nature, qui s'int\u00e8gre parfaitement dans les am\u00e9nagements de jardins modernes, minimalistes ou classiques.<\/p>\n<p><strong>Diverses sp\u00e9cifications<\/strong>: Afin de r\u00e9pondre aux besoins de plantation de diff\u00e9rentes plantes, nous fournissons des bacs de diff\u00e9rentes tailles pour que vous puissiez choisir, des petites plantes vertes d'int\u00e9rieur aux arbres spectaculaires d'ext\u00e9rieur, vous pouvez trouver un bac appropri\u00e9.<\/p>\n<p><strong>Drainage optimis\u00e9<\/strong>: La base l\u00e9g\u00e8rement sur\u00e9lev\u00e9e du pot de fleurs whosale favorise efficacement l'\u00e9vacuation de l'eau accumul\u00e9e, permet au sol du pot de respirer et fournit un environnement de croissance sain pour les racines des plantes.<\/p>\n<p><strong>Services de personnalisation OEM et ODM<\/strong>: Nous fournissons des services OEM et ODM complets pour les planteurs personnalis\u00e9s afin de vous aider \u00e0 obtenir des avantages sur le march\u00e9, n'h\u00e9sitez pas \u00e0 nous contacter.<\/p>","protected":false},"featured_media":811,"comment_status":"closed","ping_status":"closed","template":"","meta":{"_acf_changed":false},"product_brand":[],"product_cat":[23,41,21,18],"product_tag":[40],"class_list":{"0":"post-810","1":"product","2":"type-product","3":"status-publish","4":"has-post-thumbnail","6":"product_cat-ceramic-pots-planters","7":"product_cat-wholesale-fiber-cement-plant-pots","8":"product_cat-garden-decor","9":"product_cat-home-decor","10":"product_tag-cement-flower-pot","12":"first","13":"instock","14":"shipping-taxable","15":"product-type-simple"},"acf":[],"_links":{"self":[{"href":"https:\/\/www.santai-ceramics.com\/fr\/wp-json\/wp\/v2\/product\/810","targetHints":{"allow":["GET"]}}],"collection":[{"href":"https:\/\/www.santai-ceramics.com\/fr\/wp-json\/wp\/v2\/product"}],"about":[{"href":"https:\/\/www.santai-ceramics.com\/fr\/wp-json\/wp\/v2\/types\/product"}],"replies":[{"embeddable":true,"href":"https:\/\/www.santai-ceramics.com\/fr\/wp-json\/wp\/v2\/comments?post=810"}],"wp:featuredmedia":[{"embeddable":true,"href":"https:\/\/www.santai-ceramics.com\/fr\/wp-json\/wp\/v2\/media\/811"}],"wp:attachment":[{"href":"https:\/\/www.santai-ceramics.com\/fr\/wp-json\/wp\/v2\/media?parent=810"}],"wp:term":[{"taxonomy":"product_brand","embeddable":true,"href":"https:\/\/www.santai-ceramics.com\/fr\/wp-json\/wp\/v2\/product_brand?post=810"},{"taxonomy":"product_cat","embeddable":true,"href":"https:\/\/www.santai-ceramics.com\/fr\/wp-json\/wp\/v2\/product_cat?post=810"},{"taxonomy":"product_tag","embeddable":true,"href":"https:\/\/www.santai-ceramics.com\/fr\/wp-json\/wp\/v2\/product_tag?post=810"}],"curies":[{"name":"wp","href":"https:\/\/api.w.org\/{rel}","templated":true}]}}