{"id":817,"date":"2024-10-17T08:16:23","date_gmt":"2024-10-17T08:16:23","guid":{"rendered":"https:\/\/www.santai-ceramics.com\/?post_type=product&#038;p=817"},"modified":"2024-10-27T14:49:36","modified_gmt":"2024-10-27T14:49:36","slug":"decorative-terracotta-vase-wholesale-with-unique-designs","status":"publish","type":"product","link":"https:\/\/www.santai-ceramics.com\/fr\/product\/decorative-terracotta-vase-wholesale-with-unique-designs\/","title":{"rendered":"Vase d\u00e9coratif en terre cuite en gros avec des designs uniques pour votre espace de vie"},"content":{"rendered":"<h3 class=\"wp-block-heading\">Param\u00e8tres du vase d\u00e9coratif en terre cuite<\/h3>\n\n\n\n<figure class=\"wp-block-table\"><table class=\"has-fixed-layout\"><tbody><tr><td>Mod\u00e8le<\/td><td>Nom du produit<\/td><td>Couleur<\/td><td>Mat\u00e9riau<\/td><td>Utilisations<\/td><td>Dimensions<\/td><td>Poids<\/td><\/tr><tr><td>G37586-H885-A01<\/td><td>\u00a0D\u00e9coratif <br>Vase en terre cuite<\/td><td>Marron clair antique<\/td><td>&nbsp;Terre cuite<\/td><td>d\u00e9coration int\u00e9rieure, salon, jardin<\/td><td>D:15.5X23.5cm<\/td><td>1,9kg\/PC<\/td><\/tr><tr><td>G37587-H885-A01<\/td><td>\u00a0D\u00e9coratif <br>Vase en terre cuite<\/td><td>Marron clair antique<\/td><td>&nbsp;Terre cuite<\/td><td>d\u00e9coration int\u00e9rieure, salon, jardin<\/td><td>D:19.5X17cm<\/td><td>1,9kg\/PC<\/td><\/tr><\/tbody><\/table><\/figure>\n\n\n\n<h3 class=\"wp-block-heading\">Service de vases d\u00e9coratifs en terre cuite sur mesure<\/h3>\n\n\n\n<p>Nous proposons des services OEM et ODM pour nos produits.<br>Des \u00e9chantillons peuvent \u00eatre livr\u00e9s rapidement.<br>Nous offrons une vari\u00e9t\u00e9 de formes, de couleurs, d'impressions personnalis\u00e9es, d'emballages et d'autres services sur mesure pour r\u00e9pondre \u00e0 vos besoins sp\u00e9cifiques.<br><a style=\"\" href=\"https:\/\/www.santai-ceramics.com\/fr\/custom\/\" data-type=\"page\" data-id=\"13\" target=\"_blank\" rel=\"noreferrer noopener\"><strong><b>En savoir plus sur la personnalisation<\/b> D\u00e9tail d'un vase en terre cuite.<\/strong><\/a><\/p>\n\n\n\n<div class=\"wp-block-columns is-layout-flex wp-container-core-columns-is-layout-9d6595d7 wp-block-columns-is-layout-flex\">\n<div class=\"wp-block-column is-layout-flow wp-block-column-is-layout-flow\">\n<figure class=\"wp-block-image size-full\"><img decoding=\"async\" width=\"1500\" height=\"1249\" src=\"https:\/\/www.santai-ceramics.com\/wp-content\/uploads\/2024\/10\/Wholesale-Decorative-Terracotta-Vase-3.jpg\" alt=\"Vase d\u00e9coratif en terre cuite (3)\" class=\"wp-image-820\" srcset=\"https:\/\/www.santai-ceramics.com\/wp-content\/uploads\/2024\/10\/Wholesale-Decorative-Terracotta-Vase-3.jpg 1500w, https:\/\/www.santai-ceramics.com\/wp-content\/uploads\/2024\/10\/Wholesale-Decorative-Terracotta-Vase-3-300x250.jpg 300w, https:\/\/www.santai-ceramics.com\/wp-content\/uploads\/2024\/10\/Wholesale-Decorative-Terracotta-Vase-3-768x639.jpg 768w, https:\/\/www.santai-ceramics.com\/wp-content\/uploads\/2024\/10\/Wholesale-Decorative-Terracotta-Vase-3-1200x999.jpg 1200w, https:\/\/www.santai-ceramics.com\/wp-content\/uploads\/2024\/10\/Wholesale-Decorative-Terracotta-Vase-3-600x500.jpg 600w\" sizes=\"(max-width: 1500px) 100vw, 1500px\" \/><\/figure>\n<\/div>\n\n\n\n<div class=\"wp-block-column is-layout-flow wp-block-column-is-layout-flow\">\n<figure class=\"wp-block-image size-full\"><img decoding=\"async\" width=\"1500\" height=\"1249\" src=\"https:\/\/www.santai-ceramics.com\/wp-content\/uploads\/2024\/10\/Wholesale-Decorative-Terracotta-Vase-4.jpg\" alt=\"Vase d\u00e9coratif en gros en terre cuite (4)\" class=\"wp-image-821\" srcset=\"https:\/\/www.santai-ceramics.com\/wp-content\/uploads\/2024\/10\/Wholesale-Decorative-Terracotta-Vase-4.jpg 1500w, https:\/\/www.santai-ceramics.com\/wp-content\/uploads\/2024\/10\/Wholesale-Decorative-Terracotta-Vase-4-300x250.jpg 300w, https:\/\/www.santai-ceramics.com\/wp-content\/uploads\/2024\/10\/Wholesale-Decorative-Terracotta-Vase-4-768x639.jpg 768w, https:\/\/www.santai-ceramics.com\/wp-content\/uploads\/2024\/10\/Wholesale-Decorative-Terracotta-Vase-4-1200x999.jpg 1200w, https:\/\/www.santai-ceramics.com\/wp-content\/uploads\/2024\/10\/Wholesale-Decorative-Terracotta-Vase-4-600x500.jpg 600w\" sizes=\"(max-width: 1500px) 100vw, 1500px\" \/><\/figure>\n<\/div>\n<\/div>","protected":false},"excerpt":{"rendered":"<p data-pm-slice=\"0 0 []\">Explorez nos designs uniques de vases en terre cuite en gros pour ajouter une atmosph\u00e8re artistique charmante \u00e0 votre espace de vie. Le vase d\u00e9coratif est fabriqu\u00e9 \u00e0 partir de mat\u00e9riaux en argile de haute qualit\u00e9, combinant l'artisanat moderne et traditionnel pour pr\u00e9senter une apparence unique et personnalis\u00e9e. Nous invitons les acheteurs B2B \u00e0 nous contacter pour leurs achats.<\/p>\n<h2>Caract\u00e9ristiques du vase d\u00e9coratif en terre cuite<\/h2>\n<p><strong>Le design est unique et \u00e9l\u00e9gant<\/strong>: Ce vase en terre cuite est principalement de couleur marron clair avec des motifs v\u00e9g\u00e9taux de couleur fonc\u00e9e, d\u00e9gageant un temp\u00e9rament simple et \u00e9l\u00e9gant. Un tel design ne rend pas seulement le vase plus agr\u00e9able \u00e0 l'\u0153il, mais peut \u00e9galement s'adapter \u00e0 de nombreux styles d'int\u00e9rieur, enrichissant ainsi l'atmosph\u00e8re artistique d'un espace int\u00e9rieur.<\/p>\n<p><strong>La ligne lisse<\/strong>: Le vase en terre cuite forme une ligne belle et lisse, car le fond de ce vase est large et remonte progressivement vers le haut. Ce design \u00e0 bouche ronde peut rendre l'apparence g\u00e9n\u00e9rale tr\u00e8s harmonieuse.\u00a0<\/p>\n<p><strong>Diversit\u00e9 voulue<\/strong>: Avec un design simple et \u00e9l\u00e9gant, ce vase d\u00e9coratif en terre cuite convient parfaitement au salon, \u00e0 la chambre \u00e0 coucher, au bureau ou \u00e0 la salle \u00e0 manger pour \u00eatre le point d'orgue de chaque espace. En m\u00eame temps, c'est aussi un excellent cadeau que vous pouvez offrir \u00e0 vos proches et \u00e0 vos amis, en leur transmettant tous vos v\u0153ux.<\/p>\n<p><b>Service de vases personnalis\u00e9s OEM &amp; ODM\uff1a<\/b>Si vous souhaitez cr\u00e9er votre propre pot personnalis\u00e9, n'h\u00e9sitez pas \u00e0 nous contacter. Les fabricants de poterie SANTAI vous offrent des options de personnalisation illimit\u00e9es.<\/p>","protected":false},"featured_media":818,"comment_status":"closed","ping_status":"closed","template":"","meta":{"_acf_changed":false},"product_brand":[],"product_cat":[18,22],"product_tag":[34],"class_list":{"0":"post-817","1":"product","2":"type-product","3":"status-publish","4":"has-post-thumbnail","6":"product_cat-home-decor","7":"product_cat-vase","8":"product_tag-ceramic-vase","10":"first","11":"instock","12":"shipping-taxable","13":"product-type-simple"},"acf":[],"_links":{"self":[{"href":"https:\/\/www.santai-ceramics.com\/fr\/wp-json\/wp\/v2\/product\/817","targetHints":{"allow":["GET"]}}],"collection":[{"href":"https:\/\/www.santai-ceramics.com\/fr\/wp-json\/wp\/v2\/product"}],"about":[{"href":"https:\/\/www.santai-ceramics.com\/fr\/wp-json\/wp\/v2\/types\/product"}],"replies":[{"embeddable":true,"href":"https:\/\/www.santai-ceramics.com\/fr\/wp-json\/wp\/v2\/comments?post=817"}],"wp:featuredmedia":[{"embeddable":true,"href":"https:\/\/www.santai-ceramics.com\/fr\/wp-json\/wp\/v2\/media\/818"}],"wp:attachment":[{"href":"https:\/\/www.santai-ceramics.com\/fr\/wp-json\/wp\/v2\/media?parent=817"}],"wp:term":[{"taxonomy":"product_brand","embeddable":true,"href":"https:\/\/www.santai-ceramics.com\/fr\/wp-json\/wp\/v2\/product_brand?post=817"},{"taxonomy":"product_cat","embeddable":true,"href":"https:\/\/www.santai-ceramics.com\/fr\/wp-json\/wp\/v2\/product_cat?post=817"},{"taxonomy":"product_tag","embeddable":true,"href":"https:\/\/www.santai-ceramics.com\/fr\/wp-json\/wp\/v2\/product_tag?post=817"}],"curies":[{"name":"wp","href":"https:\/\/api.w.org\/{rel}","templated":true}]}}