{"id":823,"date":"2024-10-17T09:00:21","date_gmt":"2024-10-17T09:00:21","guid":{"rendered":"https:\/\/www.santai-ceramics.com\/?post_type=product&#038;p=823"},"modified":"2025-06-08T15:10:25","modified_gmt":"2025-06-08T15:10:25","slug":"wholesale-creative-flower-pots-with-embossed-pattern","status":"publish","type":"product","link":"https:\/\/www.santai-ceramics.com\/fr\/product\/wholesale-creative-flower-pots-with-embossed-pattern\/","title":{"rendered":"Grossiste Pots de fleurs en poterie cr\u00e9ative avec motif gaufr\u00e9"},"content":{"rendered":"<h3 class=\"wp-block-heading\">Param\u00e8tres du pot de fleurs en poterie<\/h3>\n\n\n\n<figure class=\"wp-block-table\"><table class=\"has-fixed-layout\"><tbody><tr><td>Mod\u00e8le<\/td><td>Nom du produit<\/td><td>Couleur<\/td><td>Mat\u00e9riau<\/td><td>Utilisations<\/td><td>Dimensions<\/td><td>Poids<\/td><\/tr><tr><td>G37587-H885-A01<\/td><td>Pot de fleurs en poterie cr\u00e9ative<\/td><td>Marron clair antique<\/td><td>&nbsp;Terre cuite<\/td><td>d\u00e9coration int\u00e9rieure, salon, jardin<\/td><td>D:19.5X17cm<\/td><td>1,9kg\/PC<\/td><\/tr><\/tbody><\/table><\/figure>\n\n\n\n<h3 class=\"wp-block-heading\">Service de pots de fleurs personnalis\u00e9s<\/h3>\n\n\n\n<p>Nous proposons des services OEM et ODM pour nos produits.<br>Des \u00e9chantillons peuvent \u00eatre livr\u00e9s rapidement.<br>Nous offrons une vari\u00e9t\u00e9 de formes, de couleurs, d'impressions personnalis\u00e9es, d'emballages et d'autres services sur mesure pour r\u00e9pondre \u00e0 vos besoins sp\u00e9cifiques.<br><a style=\"\" href=\"https:\/\/www.santai-ceramics.com\/fr\/custom\/\" data-type=\"page\" data-id=\"13\" target=\"_blank\" rel=\"noreferrer noopener\"><strong><b>En savoir plus sur la personnalisation<\/b> d\u00e9tail du pot de fleurs.<\/strong><\/a><\/p>\n\n\n\n<div class=\"wp-block-columns is-layout-flex wp-container-core-columns-is-layout-9d6595d7 wp-block-columns-is-layout-flex\">\n<div class=\"wp-block-column is-layout-flow wp-block-column-is-layout-flow\">\n<figure class=\"wp-block-image size-full\"><img decoding=\"async\" width=\"1200\" height=\"1000\" src=\"https:\/\/www.santai-ceramics.com\/wp-content\/uploads\/2024\/10\/Wholesale-Creative-Flower-Pots-2.jpg\" alt=\"Pots de fleurs cr\u00e9atifs en gros (2)\" class=\"wp-image-825\" srcset=\"https:\/\/www.santai-ceramics.com\/wp-content\/uploads\/2024\/10\/Wholesale-Creative-Flower-Pots-2.jpg 1200w, https:\/\/www.santai-ceramics.com\/wp-content\/uploads\/2024\/10\/Wholesale-Creative-Flower-Pots-2-300x250.jpg 300w, https:\/\/www.santai-ceramics.com\/wp-content\/uploads\/2024\/10\/Wholesale-Creative-Flower-Pots-2-768x640.jpg 768w, https:\/\/www.santai-ceramics.com\/wp-content\/uploads\/2024\/10\/Wholesale-Creative-Flower-Pots-2-600x500.jpg 600w\" sizes=\"(max-width: 1200px) 100vw, 1200px\" \/><\/figure>\n<\/div>\n\n\n\n<div class=\"wp-block-column is-layout-flow wp-block-column-is-layout-flow\">\n<figure class=\"wp-block-image size-full\"><img decoding=\"async\" width=\"1200\" height=\"1000\" src=\"https:\/\/www.santai-ceramics.com\/wp-content\/uploads\/2024\/10\/Wholesale-Creative-Flower-Pots-3.jpg\" alt=\"Pots de fleurs cr\u00e9atifs en gros (3)\" class=\"wp-image-826\" srcset=\"https:\/\/www.santai-ceramics.com\/wp-content\/uploads\/2024\/10\/Wholesale-Creative-Flower-Pots-3.jpg 1200w, https:\/\/www.santai-ceramics.com\/wp-content\/uploads\/2024\/10\/Wholesale-Creative-Flower-Pots-3-300x250.jpg 300w, https:\/\/www.santai-ceramics.com\/wp-content\/uploads\/2024\/10\/Wholesale-Creative-Flower-Pots-3-768x640.jpg 768w, https:\/\/www.santai-ceramics.com\/wp-content\/uploads\/2024\/10\/Wholesale-Creative-Flower-Pots-3-600x500.jpg 600w\" sizes=\"(max-width: 1200px) 100vw, 1200px\" \/><\/figure>\n<\/div>\n<\/div>","protected":false},"excerpt":{"rendered":"<p data-pm-slice=\"0 0 []\">Les pots de fleurs en poterie cr\u00e9ative en gros, les pots de fleurs de style antique avec des motifs en relief exquis rendent le produit non seulement pratique, mais a \u00e9galement une connotation culturelle, adapt\u00e9 \u00e0 la d\u00e9coration de la maison et du jardin, les acheteurs B2B sont les bienvenus pour nous contacter pour l'achat.<\/p>\n<h2>Caract\u00e9ristiques du pot de fleurs Pottery<\/h2>\n<p><strong>Texture faite \u00e0 la main<\/strong>: La surface du pot de fleurs en poterie est brune \u00e0 certains endroits avec des textures. La texture faite \u00e0 la main lui conf\u00e8re un caract\u00e8re unique, ce qui accro\u00eet le caract\u00e8re unique et la valeur artistique du produit.<\/p>\n<p><strong>Dessin en relief de la nature<\/strong>: Les motifs v\u00e9g\u00e9taux en relief sur l'ext\u00e9rieur du pot de fleurs en poterie contiennent des \u00e9l\u00e9ments naturels, des feuilles et des fleurs. Leur beaut\u00e9 et leur g\u00e9n\u00e9rosit\u00e9 font ressentir le charme et la vitalit\u00e9 de la nature. Le pot de fleurs n'est donc pas seulement un outil de plantation, mais aussi un objet de d\u00e9coration.<\/p>\n<p><strong>Texture int\u00e9rieure et ext\u00e9rieure contrast\u00e9e<\/strong>: L'int\u00e9rieur du pot de fleurs en poterie est lisse, tandis que l'ext\u00e9rieur pr\u00e9sente un motif en relief. Ce contraste entre les textures int\u00e9rieure et ext\u00e9rieure rend le pot de fleurs plus diversifi\u00e9 en termes d'impressions, ce qui ajoute \u00e0 la stratification du produit.<\/p>\n<p><strong>Service personnalis\u00e9 OEM&amp;ODM<\/strong>: En tant que fabricant professionnel de pots de fleurs en c\u00e9ramique, SANTAI vous propose une solution unique de pots de fleurs d\u00e9coratifs personnalis\u00e9s. Nos produits sont tr\u00e8s vari\u00e9s, couvrant une vari\u00e9t\u00e9 de styles, de tailles et de couleurs pour r\u00e9pondre aux besoins des diff\u00e9rents clients.<\/p>","protected":false},"featured_media":824,"comment_status":"closed","ping_status":"closed","template":"","meta":{"_acf_changed":false},"product_brand":[],"product_cat":[23,42,18,21],"product_tag":[38],"class_list":{"0":"post-823","1":"product","2":"type-product","3":"status-publish","4":"has-post-thumbnail","6":"product_cat-ceramic-pots-planters","7":"product_cat-wholesale-ceramic-plant-pots","8":"product_cat-home-decor","9":"product_cat-garden-decor","10":"product_tag-wholesale-terracotta-flower-pots","12":"first","13":"instock","14":"shipping-taxable","15":"product-type-simple"},"acf":[],"_links":{"self":[{"href":"https:\/\/www.santai-ceramics.com\/fr\/wp-json\/wp\/v2\/product\/823","targetHints":{"allow":["GET"]}}],"collection":[{"href":"https:\/\/www.santai-ceramics.com\/fr\/wp-json\/wp\/v2\/product"}],"about":[{"href":"https:\/\/www.santai-ceramics.com\/fr\/wp-json\/wp\/v2\/types\/product"}],"replies":[{"embeddable":true,"href":"https:\/\/www.santai-ceramics.com\/fr\/wp-json\/wp\/v2\/comments?post=823"}],"wp:featuredmedia":[{"embeddable":true,"href":"https:\/\/www.santai-ceramics.com\/fr\/wp-json\/wp\/v2\/media\/824"}],"wp:attachment":[{"href":"https:\/\/www.santai-ceramics.com\/fr\/wp-json\/wp\/v2\/media?parent=823"}],"wp:term":[{"taxonomy":"product_brand","embeddable":true,"href":"https:\/\/www.santai-ceramics.com\/fr\/wp-json\/wp\/v2\/product_brand?post=823"},{"taxonomy":"product_cat","embeddable":true,"href":"https:\/\/www.santai-ceramics.com\/fr\/wp-json\/wp\/v2\/product_cat?post=823"},{"taxonomy":"product_tag","embeddable":true,"href":"https:\/\/www.santai-ceramics.com\/fr\/wp-json\/wp\/v2\/product_tag?post=823"}],"curies":[{"name":"wp","href":"https:\/\/api.w.org\/{rel}","templated":true}]}}