{"id":828,"date":"2024-10-17T09:20:54","date_gmt":"2024-10-17T09:20:54","guid":{"rendered":"https:\/\/www.santai-ceramics.com\/?post_type=product&#038;p=828"},"modified":"2025-02-02T14:46:57","modified_gmt":"2025-02-02T14:46:57","slug":"wholesale-unique-beige-ceramic-vase","status":"publish","type":"product","link":"https:\/\/www.santai-ceramics.com\/fr\/product\/wholesale-unique-beige-ceramic-vase\/","title":{"rendered":"Vente en gros de vases en c\u00e9ramique beige avec des formes distinctives"},"content":{"rendered":"<h3 class=\"wp-block-heading\">Param\u00e8tres du vase d\u00e9coratif en c\u00e9ramique<\/h3>\n\n\n\n<figure class=\"wp-block-table\"><table class=\"has-fixed-layout\"><tbody><tr><td>Mod\u00e8le<\/td><td>Nom du produit<\/td><td>Couleur<\/td><td>Mat\u00e9riau<\/td><td>Utilisations<\/td><td>Dimensions<\/td><td>Poids<\/td><\/tr><tr><td>A37588-H885-A01<\/td><td>Vase unique en c\u00e9ramique beige<\/td><td>Marron clair antique<\/td><td>C\u00e9ramique<\/td><td>d\u00e9coration int\u00e9rieure, salon, jardin<\/td><td>22X21.5X29.5cm<\/td><td>2.2kg\/PC<\/td><\/tr><\/tbody><\/table><\/figure>\n\n\n\n<h3 class=\"wp-block-heading\">Service de vases en c\u00e9ramique sur mesure<\/h3>\n\n\n\n<p>Nous proposons des services OEM et ODM pour nos produits.<br>Des \u00e9chantillons peuvent \u00eatre livr\u00e9s rapidement.<br>Nous offrons une vari\u00e9t\u00e9 de formes, de couleurs, d'impressions personnalis\u00e9es, d'emballages et d'autres services sur mesure pour r\u00e9pondre \u00e0 vos besoins sp\u00e9cifiques.<br><a style=\"\" href=\"https:\/\/www.santai-ceramics.com\/fr\/custom\/\" data-type=\"page\" data-id=\"13\" target=\"_blank\" rel=\"noreferrer noopener\"><strong><b>En savoir plus sur la personnalisation<\/b> d\u00e9tail d'un vase en c\u00e9ramique.<\/strong><\/a><\/p>\n\n\n\n<div class=\"wp-block-columns is-layout-flex wp-container-core-columns-is-layout-9d6595d7 wp-block-columns-is-layout-flex\">\n<div class=\"wp-block-column is-layout-flow wp-block-column-is-layout-flow\">\n<figure class=\"wp-block-image size-full\"><img decoding=\"async\" width=\"1500\" height=\"1249\" src=\"https:\/\/www.santai-ceramics.com\/wp-content\/uploads\/2024\/10\/Unique-Beige-Ceramic-Vase-2.jpg\" alt=\"Vase unique en c\u00e9ramique beige (2)\" class=\"wp-image-830\" srcset=\"https:\/\/www.santai-ceramics.com\/wp-content\/uploads\/2024\/10\/Unique-Beige-Ceramic-Vase-2.jpg 1500w, https:\/\/www.santai-ceramics.com\/wp-content\/uploads\/2024\/10\/Unique-Beige-Ceramic-Vase-2-300x250.jpg 300w, https:\/\/www.santai-ceramics.com\/wp-content\/uploads\/2024\/10\/Unique-Beige-Ceramic-Vase-2-768x639.jpg 768w, https:\/\/www.santai-ceramics.com\/wp-content\/uploads\/2024\/10\/Unique-Beige-Ceramic-Vase-2-1200x999.jpg 1200w, https:\/\/www.santai-ceramics.com\/wp-content\/uploads\/2024\/10\/Unique-Beige-Ceramic-Vase-2-600x500.jpg 600w\" sizes=\"(max-width: 1500px) 100vw, 1500px\" \/><\/figure>\n<\/div>\n\n\n\n<div class=\"wp-block-column is-layout-flow wp-block-column-is-layout-flow\">\n<figure class=\"wp-block-image size-full\"><img decoding=\"async\" width=\"1500\" height=\"1250\" src=\"https:\/\/www.santai-ceramics.com\/wp-content\/uploads\/2024\/10\/Unique-Beige-Ceramic-Vase-3.jpg\" alt=\"Vase unique en c\u00e9ramique beige (3)\" class=\"wp-image-831\" srcset=\"https:\/\/www.santai-ceramics.com\/wp-content\/uploads\/2024\/10\/Unique-Beige-Ceramic-Vase-3.jpg 1500w, https:\/\/www.santai-ceramics.com\/wp-content\/uploads\/2024\/10\/Unique-Beige-Ceramic-Vase-3-300x250.jpg 300w, https:\/\/www.santai-ceramics.com\/wp-content\/uploads\/2024\/10\/Unique-Beige-Ceramic-Vase-3-768x640.jpg 768w, https:\/\/www.santai-ceramics.com\/wp-content\/uploads\/2024\/10\/Unique-Beige-Ceramic-Vase-3-1200x1000.jpg 1200w, https:\/\/www.santai-ceramics.com\/wp-content\/uploads\/2024\/10\/Unique-Beige-Ceramic-Vase-3-600x500.jpg 600w\" sizes=\"(max-width: 1500px) 100vw, 1500px\" \/><\/figure>\n<\/div>\n<\/div>","protected":false},"excerpt":{"rendered":"<p data-pm-slice=\"0 0 []\">D\u00e9couvrez notre gamme de vases uniques en c\u00e9ramique beige, fabriqu\u00e9s en c\u00e9ramique de haute qualit\u00e9 et soigneusement travaill\u00e9s \u00e0 la main pour mettre en valeur la qualit\u00e9 de l'artisanat et l'\u00e9l\u00e9gance de la beaut\u00e9. Leurs tons doux leur permettent de se fondre facilement dans n'importe quel style d'int\u00e9rieur. Ils conviennent \u00e0 la d\u00e9coration de la maison et du jardin. Les acheteurs B2B sont invit\u00e9s \u00e0 nous contacter pour leurs achats.<\/p>\n<h2>Caract\u00e9ristiques du vase d\u00e9coratif en c\u00e9ramique<\/h2>\n<p><strong>Forme inhabituelle et \u00e9l\u00e9gante<\/strong>: Il est con\u00e7u en forme de goutte d'eau invers\u00e9e ou ovale. Son caract\u00e8re unique permet \u00e0 ce vase en c\u00e9ramique beige de se distinguer parmi de nombreuses d\u00e9corations et de devenir le point de mire.<\/p>\n<p><strong>Couleurs naturelles et rustiques<\/strong>: Les couleurs beige et marron assorties donnent une impression de chaleur et de rusticit\u00e9. Convient \u00e0 la d\u00e9coration d'int\u00e9rieurs modernes et lumineux.<\/p>\n<p><strong>Simple et \u00e9l\u00e9gant :<\/strong> Ce style sobre le rend plus polyvalent. Le pot de fleurs en c\u00e9ramique peut \u00eatre combin\u00e9 avec de nombreux autres styles de d\u00e9coration.\u00a0<\/p>\n<p><strong>Il peut s'appliquer \u00e0 de nombreuses occasions<\/strong>: Ce vase en c\u00e9ramique beige convient non seulement \u00e0 la maison, mais aussi comme d\u00e9coration de jardin et comme cadeau pour vos parents et amis. Son design unique et sa texture naturelle font de ce vase un cadeau tr\u00e8s significatif.<\/p>","protected":false},"featured_media":829,"comment_status":"closed","ping_status":"closed","template":"","meta":{"_acf_changed":false},"product_brand":[],"product_cat":[18,21,22],"product_tag":[34],"class_list":{"0":"post-828","1":"product","2":"type-product","3":"status-publish","4":"has-post-thumbnail","6":"product_cat-home-decor","7":"product_cat-garden-decor","8":"product_cat-vase","9":"product_tag-ceramic-vase","11":"first","12":"instock","13":"shipping-taxable","14":"product-type-simple"},"acf":[],"_links":{"self":[{"href":"https:\/\/www.santai-ceramics.com\/fr\/wp-json\/wp\/v2\/product\/828","targetHints":{"allow":["GET"]}}],"collection":[{"href":"https:\/\/www.santai-ceramics.com\/fr\/wp-json\/wp\/v2\/product"}],"about":[{"href":"https:\/\/www.santai-ceramics.com\/fr\/wp-json\/wp\/v2\/types\/product"}],"replies":[{"embeddable":true,"href":"https:\/\/www.santai-ceramics.com\/fr\/wp-json\/wp\/v2\/comments?post=828"}],"wp:featuredmedia":[{"embeddable":true,"href":"https:\/\/www.santai-ceramics.com\/fr\/wp-json\/wp\/v2\/media\/829"}],"wp:attachment":[{"href":"https:\/\/www.santai-ceramics.com\/fr\/wp-json\/wp\/v2\/media?parent=828"}],"wp:term":[{"taxonomy":"product_brand","embeddable":true,"href":"https:\/\/www.santai-ceramics.com\/fr\/wp-json\/wp\/v2\/product_brand?post=828"},{"taxonomy":"product_cat","embeddable":true,"href":"https:\/\/www.santai-ceramics.com\/fr\/wp-json\/wp\/v2\/product_cat?post=828"},{"taxonomy":"product_tag","embeddable":true,"href":"https:\/\/www.santai-ceramics.com\/fr\/wp-json\/wp\/v2\/product_tag?post=828"}],"curies":[{"name":"wp","href":"https:\/\/api.w.org\/{rel}","templated":true}]}}