{"id":832,"date":"2024-10-17T09:53:44","date_gmt":"2024-10-17T09:53:44","guid":{"rendered":"https:\/\/www.santai-ceramics.com\/?post_type=product&#038;p=832"},"modified":"2025-06-08T15:10:04","modified_gmt":"2025-06-08T15:10:04","slug":"wholesale-decorative-ceramic-flower-pots","status":"publish","type":"product","link":"https:\/\/www.santai-ceramics.com\/fr\/product\/wholesale-decorative-ceramic-flower-pots\/","title":{"rendered":"Vente en gros de pots de fleurs en c\u00e9ramique - Vente en gros de pots de fleurs d\u00e9coratifs"},"content":{"rendered":"<h3 class=\"wp-block-heading\">Parameters of Ceramic Flower Pot<\/h3>\n\n\n\n<figure class=\"wp-block-table\"><table class=\"has-fixed-layout\"><tbody><tr><td>Mod\u00e8le<\/td><td>Nom du produit<\/td><td>Couleur<\/td><td>Mat\u00e9riau<\/td><td>Utilisations<\/td><td>Dimensions<\/td><td>Poids<\/td><\/tr><tr><td>A37588-H885-A01<\/td><td>Unique Beige Ceramic Flower Pot<\/td><td>Marron clair antique<\/td><td>C\u00e9ramique<\/td><td>d\u00e9coration int\u00e9rieure, salon, jardin<\/td><td>22X21.5X29.5cm<\/td><td>2.2kg\/PC<\/td><\/tr><\/tbody><\/table><\/figure>\n\n\n\n<h3 class=\"wp-block-heading\">Custom Ceramic Flower Pot Service<\/h3>\n\n\n\n<p>Nous proposons des services OEM et ODM pour nos produits.<br>Des \u00e9chantillons peuvent \u00eatre livr\u00e9s rapidement.<br>Nous offrons une vari\u00e9t\u00e9 de formes, de couleurs, d'impressions personnalis\u00e9es, d'emballages et d'autres services sur mesure pour r\u00e9pondre \u00e0 vos besoins sp\u00e9cifiques.<br><a style=\"\" href=\"https:\/\/www.santai-ceramics.com\/fr\/custom\/\" data-type=\"page\" data-id=\"13\" target=\"_blank\" rel=\"noreferrer noopener\"><strong><b>En savoir plus sur la personnalisation<\/b> ceramic flower pot detail.<\/strong><\/a><\/p>\n\n\n\n<div class=\"wp-block-columns is-layout-flex wp-container-core-columns-is-layout-9d6595d7 wp-block-columns-is-layout-flex\">\n<div class=\"wp-block-column is-layout-flow wp-block-column-is-layout-flow\">\n<figure class=\"wp-block-image size-full\"><img decoding=\"async\" width=\"1300\" height=\"1083\" src=\"https:\/\/www.santai-ceramics.com\/wp-content\/uploads\/2024\/10\/Wholesale-Decorative-Beige-Ceramic-Low-Flower-Pots-3.jpg\" alt=\"Wholesale Decorative Beige Ceramic Low Flower Pots (3)\" class=\"wp-image-835\" srcset=\"https:\/\/www.santai-ceramics.com\/wp-content\/uploads\/2024\/10\/Wholesale-Decorative-Beige-Ceramic-Low-Flower-Pots-3.jpg 1300w, https:\/\/www.santai-ceramics.com\/wp-content\/uploads\/2024\/10\/Wholesale-Decorative-Beige-Ceramic-Low-Flower-Pots-3-300x250.jpg 300w, https:\/\/www.santai-ceramics.com\/wp-content\/uploads\/2024\/10\/Wholesale-Decorative-Beige-Ceramic-Low-Flower-Pots-3-768x640.jpg 768w, https:\/\/www.santai-ceramics.com\/wp-content\/uploads\/2024\/10\/Wholesale-Decorative-Beige-Ceramic-Low-Flower-Pots-3-1200x1000.jpg 1200w, https:\/\/www.santai-ceramics.com\/wp-content\/uploads\/2024\/10\/Wholesale-Decorative-Beige-Ceramic-Low-Flower-Pots-3-600x500.jpg 600w\" sizes=\"(max-width: 1300px) 100vw, 1300px\" \/><\/figure>\n<\/div>\n\n\n\n<div class=\"wp-block-column is-layout-flow wp-block-column-is-layout-flow\">\n<figure class=\"wp-block-image size-full\"><img decoding=\"async\" width=\"1300\" height=\"1083\" src=\"https:\/\/www.santai-ceramics.com\/wp-content\/uploads\/2024\/10\/Wholesale-Decorative-Beige-Ceramic-Low-Flower-Pots-4.jpg\" alt=\"Wholesale Decorative Beige Ceramic Low Flower Pots (4)\" class=\"wp-image-836\" srcset=\"https:\/\/www.santai-ceramics.com\/wp-content\/uploads\/2024\/10\/Wholesale-Decorative-Beige-Ceramic-Low-Flower-Pots-4.jpg 1300w, https:\/\/www.santai-ceramics.com\/wp-content\/uploads\/2024\/10\/Wholesale-Decorative-Beige-Ceramic-Low-Flower-Pots-4-300x250.jpg 300w, https:\/\/www.santai-ceramics.com\/wp-content\/uploads\/2024\/10\/Wholesale-Decorative-Beige-Ceramic-Low-Flower-Pots-4-768x640.jpg 768w, https:\/\/www.santai-ceramics.com\/wp-content\/uploads\/2024\/10\/Wholesale-Decorative-Beige-Ceramic-Low-Flower-Pots-4-1200x1000.jpg 1200w, https:\/\/www.santai-ceramics.com\/wp-content\/uploads\/2024\/10\/Wholesale-Decorative-Beige-Ceramic-Low-Flower-Pots-4-600x500.jpg 600w\" sizes=\"(max-width: 1300px) 100vw, 1300px\" \/><\/figure>\n<\/div>\n<\/div>","protected":false},"excerpt":{"rendered":"<p data-pm-slice=\"0 0 []\">Bienvenue sur notre site de vente en gros de pots de fleurs d\u00e9coratifs en c\u00e9ramique. Le ton beige doux rend les pots de fleurs faciles \u00e0 int\u00e9grer dans n'importe quel style de maison, et le design bas les rend tr\u00e8s appropri\u00e9s pour planter diverses petites plantes, apportant de la vitalit\u00e9 et de la vitalit\u00e9 \u00e0 votre espace. Les acheteurs B2B sont invit\u00e9s \u00e0 nous contacter pour les achats.<\/p>\n<h2>Caract\u00e9ristiques des pots de fleurs en c\u00e9ramique<\/h2>\n<p><strong>Correspondance harmonieuse des couleurs<\/strong>le m\u00e9lange de blanc cass\u00e9 et de brun clair rend le pot de fleurs chaleureux et gracieux, ce qui lui conf\u00e8re une bonne vue d'ensemble.<\/p>\n<p><strong>Mat\u00e9riau c\u00e9ramique de haute qualit\u00e9<\/strong>: Le pot de fleurs est en c\u00e9ramique, ce qui lui conf\u00e8re une bonne durabilit\u00e9, une bonne r\u00e9sistance \u00e0 l'usure et une bonne conservation de la temp\u00e9rature. Ainsi, la fleur conservera longtemps la temp\u00e9rature et l'humidit\u00e9 \u00e0 l'int\u00e9rieur du vase, ce qui permettra aux fleurs et aux plantes de bien pousser et de s'\u00e9panouir.<\/p>\n<p><strong>Am\u00e9liorez votre go\u00fbt pour la maison<\/strong>: Le design unique et l'aspect rustique et naturel du pot de fleurs en c\u00e9ramique en font le point fort de la d\u00e9coration de votre maison, qui peut am\u00e9liorer l'atmosph\u00e8re et le style de votre pi\u00e8ce.<\/p>\n<p><strong>Service de vente en gros de pots de fleurs\uff1a<\/strong>En tant que fabricant professionnel de pots de fleurs, nous fournissons \u00e0 nos clients des pots de fleurs en gros \u00e0 des prix comp\u00e9titifs. N'h\u00e9sitez pas \u00e0 nous contacter pour obtenir un devis.<\/p>","protected":false},"featured_media":833,"comment_status":"closed","ping_status":"closed","template":"","meta":{"_acf_changed":false},"product_brand":[],"product_cat":[23,42,21,18],"product_tag":[],"class_list":{"0":"post-832","1":"product","2":"type-product","3":"status-publish","4":"has-post-thumbnail","6":"product_cat-ceramic-pots-planters","7":"product_cat-wholesale-ceramic-plant-pots","8":"product_cat-garden-decor","9":"product_cat-home-decor","11":"first","12":"instock","13":"shipping-taxable","14":"product-type-simple"},"acf":[],"_links":{"self":[{"href":"https:\/\/www.santai-ceramics.com\/fr\/wp-json\/wp\/v2\/product\/832","targetHints":{"allow":["GET"]}}],"collection":[{"href":"https:\/\/www.santai-ceramics.com\/fr\/wp-json\/wp\/v2\/product"}],"about":[{"href":"https:\/\/www.santai-ceramics.com\/fr\/wp-json\/wp\/v2\/types\/product"}],"replies":[{"embeddable":true,"href":"https:\/\/www.santai-ceramics.com\/fr\/wp-json\/wp\/v2\/comments?post=832"}],"wp:featuredmedia":[{"embeddable":true,"href":"https:\/\/www.santai-ceramics.com\/fr\/wp-json\/wp\/v2\/media\/833"}],"wp:attachment":[{"href":"https:\/\/www.santai-ceramics.com\/fr\/wp-json\/wp\/v2\/media?parent=832"}],"wp:term":[{"taxonomy":"product_brand","embeddable":true,"href":"https:\/\/www.santai-ceramics.com\/fr\/wp-json\/wp\/v2\/product_brand?post=832"},{"taxonomy":"product_cat","embeddable":true,"href":"https:\/\/www.santai-ceramics.com\/fr\/wp-json\/wp\/v2\/product_cat?post=832"},{"taxonomy":"product_tag","embeddable":true,"href":"https:\/\/www.santai-ceramics.com\/fr\/wp-json\/wp\/v2\/product_tag?post=832"}],"curies":[{"name":"wp","href":"https:\/\/api.w.org\/{rel}","templated":true}]}}