{"id":844,"date":"2024-10-18T01:28:39","date_gmt":"2024-10-18T01:28:39","guid":{"rendered":"https:\/\/www.santai-ceramics.com\/?post_type=product&#038;p=844"},"modified":"2025-06-12T15:40:18","modified_gmt":"2025-06-12T15:40:18","slug":"bulk-decorative-antique-candlesticks-wholesale","status":"publish","type":"product","link":"https:\/\/www.santai-ceramics.com\/fr\/product\/bulk-decorative-antique-candlesticks-wholesale\/","title":{"rendered":"Chandeliers d\u00e9coratifs anciens en vrac \u00e0 vendre\uff0cFabriqu\u00e9s en r\u00e9sine durable - Parfaits pour la maison, la d\u00e9coration d'\u00e9v\u00e9nements"},"content":{"rendered":"<h3 class=\"wp-block-heading\">Param\u00e8tres du chandelier d\u00e9coratif ancien<\/h3>\n\n\n\n<figure class=\"wp-block-table\"><table class=\"has-fixed-layout\"><tbody><tr><td>Mod\u00e8le<\/td><td>Nom du produit<\/td><td>Couleur<\/td><td>Mat\u00e9riau<\/td><td>Utilisations<\/td><td>Dimensions<\/td><td>Poids<\/td><\/tr><tr><td>E37581-H911-A01<\/td><td>Chandelier antique d\u00e9coratif<\/td><td>Pourpre fonc\u00e9 antique<\/td><td>R\u00e9sine<\/td><td>d\u00e9coration int\u00e9rieure, salon<\/td><td>D:11X34.5cm<\/td><td>0,8kg\/PC<\/td><\/tr><\/tbody><\/table><\/figure>\n\n\n\n<h3 class=\"wp-block-heading\">Service de chandelier antique d\u00e9coratif personnalis\u00e9<\/h3>\n\n\n\n<p>Nous proposons des services OEM et ODM pour nos produits.<br>Des \u00e9chantillons peuvent \u00eatre livr\u00e9s rapidement.<br>Nous offrons une vari\u00e9t\u00e9 de formes, de couleurs, d'impressions personnalis\u00e9es, d'emballages et d'autres services sur mesure pour r\u00e9pondre \u00e0 vos besoins sp\u00e9cifiques.<br><a style=\"\" href=\"https:\/\/www.santai-ceramics.com\/fr\/custom\/\" data-type=\"page\" data-id=\"13\" target=\"_blank\" rel=\"noreferrer noopener\"><strong><b>En savoir plus sur la personnalisation<\/b> d\u00e9tail d'un chandelier ancien.<\/strong><\/a><\/p>\n\n\n\n<div class=\"wp-block-columns is-layout-flex wp-container-core-columns-is-layout-9d6595d7 wp-block-columns-is-layout-flex\">\n<div class=\"wp-block-column is-layout-flow wp-block-column-is-layout-flow\">\n<figure class=\"wp-block-image size-full\"><img decoding=\"async\" width=\"1500\" height=\"1249\" src=\"https:\/\/www.santai-ceramics.com\/wp-content\/uploads\/2024\/10\/Bulk-Decorative-Antique-Candlesticks-2.jpg\" alt=\"Chandeliers d\u00e9coratifs anciens en vrac (2)\" class=\"wp-image-846\" srcset=\"https:\/\/www.santai-ceramics.com\/wp-content\/uploads\/2024\/10\/Bulk-Decorative-Antique-Candlesticks-2.jpg 1500w, https:\/\/www.santai-ceramics.com\/wp-content\/uploads\/2024\/10\/Bulk-Decorative-Antique-Candlesticks-2-300x250.jpg 300w, https:\/\/www.santai-ceramics.com\/wp-content\/uploads\/2024\/10\/Bulk-Decorative-Antique-Candlesticks-2-768x639.jpg 768w, https:\/\/www.santai-ceramics.com\/wp-content\/uploads\/2024\/10\/Bulk-Decorative-Antique-Candlesticks-2-1200x999.jpg 1200w, https:\/\/www.santai-ceramics.com\/wp-content\/uploads\/2024\/10\/Bulk-Decorative-Antique-Candlesticks-2-600x500.jpg 600w\" sizes=\"(max-width: 1500px) 100vw, 1500px\" \/><\/figure>\n<\/div>\n\n\n\n<div class=\"wp-block-column is-layout-flow wp-block-column-is-layout-flow\">\n<figure class=\"wp-block-image size-full\"><img decoding=\"async\" width=\"1500\" height=\"1249\" src=\"https:\/\/www.santai-ceramics.com\/wp-content\/uploads\/2024\/10\/Bulk-Decorative-Antique-Candlesticks-3.jpg\" alt=\"Chandeliers d\u00e9coratifs anciens en vrac (3)\" class=\"wp-image-847\" srcset=\"https:\/\/www.santai-ceramics.com\/wp-content\/uploads\/2024\/10\/Bulk-Decorative-Antique-Candlesticks-3.jpg 1500w, https:\/\/www.santai-ceramics.com\/wp-content\/uploads\/2024\/10\/Bulk-Decorative-Antique-Candlesticks-3-300x250.jpg 300w, https:\/\/www.santai-ceramics.com\/wp-content\/uploads\/2024\/10\/Bulk-Decorative-Antique-Candlesticks-3-768x639.jpg 768w, https:\/\/www.santai-ceramics.com\/wp-content\/uploads\/2024\/10\/Bulk-Decorative-Antique-Candlesticks-3-1200x999.jpg 1200w, https:\/\/www.santai-ceramics.com\/wp-content\/uploads\/2024\/10\/Bulk-Decorative-Antique-Candlesticks-3-600x500.jpg 600w\" sizes=\"(max-width: 1500px) 100vw, 1500px\" \/><\/figure>\n<\/div>\n<\/div>","protected":false},"excerpt":{"rendered":"<p data-pm-slice=\"0 0 []\">Ces chandeliers d\u00e9coratifs en gros sont fabriqu\u00e9s en r\u00e9sine de haute qualit\u00e9 et durable, combin\u00e9e \u00e0 un design vintage exquis, ajoutant un charme classique \u00e0 la d\u00e9coration de la maison et de l'\u00e9v\u00e9nement. SANTAI Pottery home decor manufacturer fournit des solutions professionnelles personnalis\u00e9es et en gros pour les chandeliers, n'h\u00e9sitez pas \u00e0 nous contacter pour un devis.<\/p>\n<h2>Caract\u00e9ristiques du chandelier antique d\u00e9coratif<\/h2>\n<p><strong>Design en forme de feuille :<\/strong> Le design abstrait en forme de feuille est le mod\u00e8le de pr\u00e9sentation qu'il adopte. Cette forme g\u00e9n\u00e9rale du bougeoir d\u00e9coratif est pleine de sens artistique, ajoutant une atmosph\u00e8re naturelle et personnalis\u00e9e \u00e0 une pi\u00e8ce. Il peut \u00eatre utilis\u00e9 dans une pi\u00e8ce de style moderne ou r\u00e9tro.<\/p>\n<p><strong>Mat\u00e9riau de haute qualit\u00e9 et durable :<\/strong> Le chandelier d\u00e9coratif est fabriqu\u00e9 en r\u00e9sine avec une structure solide. Sa surface lisse est facile \u00e0 nettoyer et \u00e0 entretenir.<\/p>\n<p><strong>Processus d'\u00e9b\u00e9nisterie antique :<\/strong> En utilisant un traitement de d\u00e9tresse fin, ce chandelier en gros pr\u00e9sente une texture m\u00e9tallique naturellement us\u00e9e, comme si elle avait \u00e9t\u00e9 pr\u00e9cipit\u00e9e par le temps, montrant un charme r\u00e9tro fort, convenant aux utilisateurs qui aiment le style classique.<\/p>\n<p><strong>L\u00e9ger :<\/strong> Le chandelier d\u00e9coratif est l\u00e9ger ; il est facile \u00e0 d\u00e9placer et \u00e0 placer. Qu'il soit plac\u00e9 sur une table \u00e0 manger, une chemin\u00e9e, une \u00e9tag\u00e8re ou \u00e0 l'ext\u00e9rieur dans des situations sp\u00e9ciales comme les mariages, il peut ajouter un style et une atmosph\u00e8re uniques.<\/p>\n<p><strong>Service de gros<\/strong>:Nous proposons aux acheteurs B2B des services de vente en gros de chandeliers \u00e0 des prix \u00e9lev\u00e9s pour vous aider \u00e0 vous d\u00e9marquer sur le march\u00e9.<\/p>","protected":false},"featured_media":845,"comment_status":"closed","ping_status":"closed","template":"","meta":{"_acf_changed":false},"product_brand":[],"product_cat":[18,26,45],"product_tag":[33],"class_list":{"0":"post-844","1":"product","2":"type-product","3":"status-publish","4":"has-post-thumbnail","6":"product_cat-home-decor","7":"product_cat-home-accessories","8":"product_cat-wholesale-resin-candle-holders","9":"product_tag-wholesale-candle-holders","11":"first","12":"instock","13":"shipping-taxable","14":"product-type-simple"},"acf":[],"_links":{"self":[{"href":"https:\/\/www.santai-ceramics.com\/fr\/wp-json\/wp\/v2\/product\/844","targetHints":{"allow":["GET"]}}],"collection":[{"href":"https:\/\/www.santai-ceramics.com\/fr\/wp-json\/wp\/v2\/product"}],"about":[{"href":"https:\/\/www.santai-ceramics.com\/fr\/wp-json\/wp\/v2\/types\/product"}],"replies":[{"embeddable":true,"href":"https:\/\/www.santai-ceramics.com\/fr\/wp-json\/wp\/v2\/comments?post=844"}],"wp:featuredmedia":[{"embeddable":true,"href":"https:\/\/www.santai-ceramics.com\/fr\/wp-json\/wp\/v2\/media\/845"}],"wp:attachment":[{"href":"https:\/\/www.santai-ceramics.com\/fr\/wp-json\/wp\/v2\/media?parent=844"}],"wp:term":[{"taxonomy":"product_brand","embeddable":true,"href":"https:\/\/www.santai-ceramics.com\/fr\/wp-json\/wp\/v2\/product_brand?post=844"},{"taxonomy":"product_cat","embeddable":true,"href":"https:\/\/www.santai-ceramics.com\/fr\/wp-json\/wp\/v2\/product_cat?post=844"},{"taxonomy":"product_tag","embeddable":true,"href":"https:\/\/www.santai-ceramics.com\/fr\/wp-json\/wp\/v2\/product_tag?post=844"}],"curies":[{"name":"wp","href":"https:\/\/api.w.org\/{rel}","templated":true}]}}