{"id":849,"date":"2024-10-18T01:59:06","date_gmt":"2024-10-18T01:59:06","guid":{"rendered":"https:\/\/www.santai-ceramics.com\/?post_type=product&#038;p=849"},"modified":"2025-06-12T15:39:59","modified_gmt":"2025-06-12T15:39:59","slug":"wholesale-vintage-candlesticks-in-bulk","status":"publish","type":"product","link":"https:\/\/www.santai-ceramics.com\/fr\/product\/wholesale-vintage-candlesticks-in-bulk\/","title":{"rendered":"Chandeliers Vintage en Gros\uff0cExquisite Candlestick Decor For Sale"},"content":{"rendered":"<h3 class=\"wp-block-heading\">Param\u00e8tres du chandelier vintage<\/h3>\n\n\n\n<figure class=\"wp-block-table\"><table class=\"has-fixed-layout\"><tbody><tr><td>Mod\u00e8le<\/td><td>Nom du produit<\/td><td>Couleur<\/td><td>Mat\u00e9riau<\/td><td>Utilisations<\/td><td>Dimensions<\/td><td>Poids<\/td><\/tr><tr><td>E37582-H911-A01<\/td><td>Chandelier Vintage en r\u00e9sine<\/td><td>Pourpre fonc\u00e9 antique<\/td><td>R\u00e9sine<\/td><td>d\u00e9coration int\u00e9rieure, salon<\/td><td>11X10X27cm<\/td><td>0,5kg\/PC<\/td><\/tr><tr><td>E37582-H911-A02<\/td><td>Chandelier Vintage en r\u00e9sine<\/td><td>Pourpre fonc\u00e9 antique<\/td><td>R\u00e9sine<\/td><td>d\u00e9coration int\u00e9rieure, salon<\/td><td>9X7X20cm<\/td><td>0,3kg\/PC<\/td><\/tr><\/tbody><\/table><\/figure>\n\n\n\n<h3 class=\"wp-block-heading\">Service de chandelier vintage personnalis\u00e9<\/h3>\n\n\n\n<p>Nous proposons des services OEM et ODM pour nos produits.<br>Des \u00e9chantillons peuvent \u00eatre livr\u00e9s rapidement.<br>Nous offrons une vari\u00e9t\u00e9 de formes, de couleurs, d'impressions personnalis\u00e9es, d'emballages et d'autres services sur mesure pour r\u00e9pondre \u00e0 vos besoins sp\u00e9cifiques.<br><a style=\"\" href=\"https:\/\/www.santai-ceramics.com\/fr\/custom\/\" data-type=\"page\" data-id=\"13\" target=\"_blank\" rel=\"noreferrer noopener\"><strong><b>En savoir plus sur la personnalisation<\/b> d\u00e9tail de chandelier vintage.<\/strong><\/a><\/p>\n\n\n\n<div class=\"wp-block-columns is-layout-flex wp-container-core-columns-is-layout-9d6595d7 wp-block-columns-is-layout-flex\">\n<div class=\"wp-block-column is-layout-flow wp-block-column-is-layout-flow\">\n<figure class=\"wp-block-image size-full\"><img decoding=\"async\" width=\"1500\" height=\"1250\" src=\"https:\/\/www.santai-ceramics.com\/wp-content\/uploads\/2024\/10\/Wholesale-Vintage-Candlesticks-4.jpg\" alt=\"Chandeliers Vintage en gros (4)\" class=\"wp-image-853\" srcset=\"https:\/\/www.santai-ceramics.com\/wp-content\/uploads\/2024\/10\/Wholesale-Vintage-Candlesticks-4.jpg 1500w, https:\/\/www.santai-ceramics.com\/wp-content\/uploads\/2024\/10\/Wholesale-Vintage-Candlesticks-4-300x250.jpg 300w, https:\/\/www.santai-ceramics.com\/wp-content\/uploads\/2024\/10\/Wholesale-Vintage-Candlesticks-4-768x640.jpg 768w, https:\/\/www.santai-ceramics.com\/wp-content\/uploads\/2024\/10\/Wholesale-Vintage-Candlesticks-4-1200x1000.jpg 1200w, https:\/\/www.santai-ceramics.com\/wp-content\/uploads\/2024\/10\/Wholesale-Vintage-Candlesticks-4-600x500.jpg 600w\" sizes=\"(max-width: 1500px) 100vw, 1500px\" \/><\/figure>\n<\/div>\n\n\n\n<div class=\"wp-block-column is-layout-flow wp-block-column-is-layout-flow\">\n<figure class=\"wp-block-image size-full\"><img decoding=\"async\" width=\"1500\" height=\"1250\" src=\"https:\/\/www.santai-ceramics.com\/wp-content\/uploads\/2024\/10\/Wholesale-Vintage-Candlesticks-5.jpg\" alt=\"Chandeliers Vintage en gros (5)\" class=\"wp-image-854\" srcset=\"https:\/\/www.santai-ceramics.com\/wp-content\/uploads\/2024\/10\/Wholesale-Vintage-Candlesticks-5.jpg 1500w, https:\/\/www.santai-ceramics.com\/wp-content\/uploads\/2024\/10\/Wholesale-Vintage-Candlesticks-5-300x250.jpg 300w, https:\/\/www.santai-ceramics.com\/wp-content\/uploads\/2024\/10\/Wholesale-Vintage-Candlesticks-5-768x640.jpg 768w, https:\/\/www.santai-ceramics.com\/wp-content\/uploads\/2024\/10\/Wholesale-Vintage-Candlesticks-5-1200x1000.jpg 1200w, https:\/\/www.santai-ceramics.com\/wp-content\/uploads\/2024\/10\/Wholesale-Vintage-Candlesticks-5-600x500.jpg 600w\" sizes=\"(max-width: 1500px) 100vw, 1500px\" \/><\/figure>\n<\/div>\n<\/div>","protected":false},"excerpt":{"rendered":"<p data-pm-slice=\"0 0 []\">D\u00e9couvrez notre collection de chandeliers vintage exquis, nous fournissons des services de chandeliers en gros, chaque chandelier est soigneusement fabriqu\u00e9 pour ajouter du charme et de l'\u00e9l\u00e9gance \u00e0 la chambre \u00e0 coucher, au salon, \u00e0 la table \u00e0 manger, \u00e0 l'h\u00f4tel. Les h\u00f4tels, les acheteurs B2B et les d\u00e9taillants sont invit\u00e9s \u00e0 nous contacter. SANTAI, fabricant de chandeliers en gros, vous fournit des prix comp\u00e9titifs.<\/p>\n<h2>Caract\u00e9ristiques du chandelier vintage<\/h2>\n<p><strong>Design en forme de fleur<\/strong>: L'inspiration des fleurs, des tiges fines et des larges p\u00e9tales est \u00e0 la base du design du chandelier vintage. Il s'agit d'un design magnifique qui cr\u00e9e une atmosph\u00e8re naturelle et romantique \u00e0 la maison ou lors d'un banquet.<\/p>\n<p><strong>Texture vintage<\/strong>: La couleur du chandelier est vert fonc\u00e9 ou cuivre, et la surface a un certain effet d'usure. Cette texture vintage rendra ce chandelier beaucoup plus historique. Il peut \u00eatre utilis\u00e9 pour divers ornements d'int\u00e9rieur vintage ou modernes.<\/p>\n<p><strong>Mat\u00e9riau durable<\/strong>: Les chandeliers en gros sont fabriqu\u00e9s en r\u00e9sine, qui n'est pas seulement robuste et durable, mais aussi r\u00e9sistante \u00e0 la corrosion et \u00e0 l'oxydation, ce qui permet de conserver la beaut\u00e9 et l'utilisation pratique des chandeliers pendant une longue p\u00e9riode de temps.<\/p>\n<p><strong>Large utilisation<\/strong>Le chandelier vintage peut \u00eatre utilis\u00e9 pour la d\u00e9coration int\u00e9rieure, les mariages, les restaurants, les occasions sp\u00e9ciales, pour cr\u00e9er une atmosph\u00e8re chaleureuse et rehausser la beaut\u00e9 de l'ensemble.<\/p>\n<p><strong>Options de personnalisation<\/strong>: Nous pouvons proposer un certain nombre de finitions et de tailles puisque nous sommes des fabricants professionnels de chandeliers d\u00e9coratifs. Cela ajoutera une touche de style personnel \u00e0 votre marque.<\/p>","protected":false},"featured_media":850,"comment_status":"closed","ping_status":"closed","template":"","meta":{"_acf_changed":false},"product_brand":[],"product_cat":[18,26,45],"product_tag":[33],"class_list":{"0":"post-849","1":"product","2":"type-product","3":"status-publish","4":"has-post-thumbnail","6":"product_cat-home-decor","7":"product_cat-home-accessories","8":"product_cat-wholesale-resin-candle-holders","9":"product_tag-wholesale-candle-holders","11":"first","12":"instock","13":"shipping-taxable","14":"product-type-simple"},"acf":[],"_links":{"self":[{"href":"https:\/\/www.santai-ceramics.com\/fr\/wp-json\/wp\/v2\/product\/849","targetHints":{"allow":["GET"]}}],"collection":[{"href":"https:\/\/www.santai-ceramics.com\/fr\/wp-json\/wp\/v2\/product"}],"about":[{"href":"https:\/\/www.santai-ceramics.com\/fr\/wp-json\/wp\/v2\/types\/product"}],"replies":[{"embeddable":true,"href":"https:\/\/www.santai-ceramics.com\/fr\/wp-json\/wp\/v2\/comments?post=849"}],"wp:featuredmedia":[{"embeddable":true,"href":"https:\/\/www.santai-ceramics.com\/fr\/wp-json\/wp\/v2\/media\/850"}],"wp:attachment":[{"href":"https:\/\/www.santai-ceramics.com\/fr\/wp-json\/wp\/v2\/media?parent=849"}],"wp:term":[{"taxonomy":"product_brand","embeddable":true,"href":"https:\/\/www.santai-ceramics.com\/fr\/wp-json\/wp\/v2\/product_brand?post=849"},{"taxonomy":"product_cat","embeddable":true,"href":"https:\/\/www.santai-ceramics.com\/fr\/wp-json\/wp\/v2\/product_cat?post=849"},{"taxonomy":"product_tag","embeddable":true,"href":"https:\/\/www.santai-ceramics.com\/fr\/wp-json\/wp\/v2\/product_tag?post=849"}],"curies":[{"name":"wp","href":"https:\/\/api.w.org\/{rel}","templated":true}]}}