{"id":855,"date":"2024-10-18T02:41:52","date_gmt":"2024-10-18T02:41:52","guid":{"rendered":"https:\/\/www.santai-ceramics.com\/?post_type=product&#038;p=855"},"modified":"2024-10-27T14:47:06","modified_gmt":"2024-10-27T14:47:06","slug":"wholesale-animal-ornaments-home-decor-cat","status":"publish","type":"product","link":"https:\/\/www.santai-ceramics.com\/fr\/product\/wholesale-animal-ornaments-home-decor-cat\/","title":{"rendered":"Ornements de chat \u00e0 vendre, ornements d'animaux en vrac, vente directe \u00e0 l'usine,"},"content":{"rendered":"<h3 class=\"wp-block-heading\">Param\u00e8tres des ornements pour chats<\/h3>\n\n\n\n<figure class=\"wp-block-table\"><table class=\"has-fixed-layout\"><tbody><tr><td>Mod\u00e8le<\/td><td>Nom du produit<\/td><td>Couleur<\/td><td>Mat\u00e9riau<\/td><td>Utilisations<\/td><td>Dimensions<\/td><td>Poids<\/td><\/tr><tr><td>E37136-H851-A01<\/td><td>Ornement animal - Chat assis<\/td><td>Marron antique&nbsp;<\/td><td>R\u00e9sine<\/td><td>d\u00e9coration int\u00e9rieure, salon<\/td><td>16.5X8.5X13cm<\/td><td>0,5kg\/PC<\/td><\/tr><tr><td>E37137-H851-A01<\/td><td>Ornement animal - Chat qui marche<\/td><td>Marron antique&nbsp;<\/td><td>R\u00e9sine<\/td><td>d\u00e9coration int\u00e9rieure, salon<\/td><td>14.5X10X16cm<\/td><td>0,6kg\/PC<\/td><\/tr><\/tbody><\/table><\/figure>\n\n\n\n<h3 class=\"wp-block-heading\">Service d'ornements personnalis\u00e9s pour animaux<\/h3>\n\n\n\n<p>Nous proposons des services OEM et ODM pour nos produits.<br>Des \u00e9chantillons peuvent \u00eatre livr\u00e9s rapidement.<br>Nous offrons une vari\u00e9t\u00e9 de formes, de couleurs, d'impressions personnalis\u00e9es, d'emballages et d'autres services sur mesure pour r\u00e9pondre \u00e0 vos besoins sp\u00e9cifiques.<br><a style=\"\" href=\"https:\/\/www.santai-ceramics.com\/fr\/custom\/\" data-type=\"page\" data-id=\"13\" target=\"_blank\" rel=\"noreferrer noopener\"><strong><b>En savoir plus sur la personnalisation<\/b> d\u00e9tails des ornements d'animaux.<\/strong><\/a><\/p>\n\n\n\n<div class=\"wp-block-columns is-layout-flex wp-container-core-columns-is-layout-9d6595d7 wp-block-columns-is-layout-flex\">\n<div class=\"wp-block-column is-layout-flow wp-block-column-is-layout-flow\">\n<figure class=\"wp-block-image size-full\"><img decoding=\"async\" width=\"1500\" height=\"1250\" src=\"https:\/\/www.santai-ceramics.com\/wp-content\/uploads\/2024\/10\/Animal-Ornaments-Walking-cat-4.jpg\" alt=\"Ornements d&#039;animaux - Chat qui marche (4)\" class=\"wp-image-863\" srcset=\"https:\/\/www.santai-ceramics.com\/wp-content\/uploads\/2024\/10\/Animal-Ornaments-Walking-cat-4.jpg 1500w, https:\/\/www.santai-ceramics.com\/wp-content\/uploads\/2024\/10\/Animal-Ornaments-Walking-cat-4-300x250.jpg 300w, https:\/\/www.santai-ceramics.com\/wp-content\/uploads\/2024\/10\/Animal-Ornaments-Walking-cat-4-768x640.jpg 768w, https:\/\/www.santai-ceramics.com\/wp-content\/uploads\/2024\/10\/Animal-Ornaments-Walking-cat-4-1200x1000.jpg 1200w, https:\/\/www.santai-ceramics.com\/wp-content\/uploads\/2024\/10\/Animal-Ornaments-Walking-cat-4-600x500.jpg 600w\" sizes=\"(max-width: 1500px) 100vw, 1500px\" \/><\/figure>\n<\/div>\n\n\n\n<div class=\"wp-block-column is-layout-flow wp-block-column-is-layout-flow\">\n<figure class=\"wp-block-image size-full\"><img decoding=\"async\" width=\"1500\" height=\"1250\" src=\"https:\/\/www.santai-ceramics.com\/wp-content\/uploads\/2024\/10\/Animal-Ornaments-Setting-Cat-4.jpg\" alt=\"Ornements d&#039;animaux - Setting Cat (4)\" class=\"wp-image-859\" srcset=\"https:\/\/www.santai-ceramics.com\/wp-content\/uploads\/2024\/10\/Animal-Ornaments-Setting-Cat-4.jpg 1500w, https:\/\/www.santai-ceramics.com\/wp-content\/uploads\/2024\/10\/Animal-Ornaments-Setting-Cat-4-300x250.jpg 300w, https:\/\/www.santai-ceramics.com\/wp-content\/uploads\/2024\/10\/Animal-Ornaments-Setting-Cat-4-768x640.jpg 768w, https:\/\/www.santai-ceramics.com\/wp-content\/uploads\/2024\/10\/Animal-Ornaments-Setting-Cat-4-1200x1000.jpg 1200w, https:\/\/www.santai-ceramics.com\/wp-content\/uploads\/2024\/10\/Animal-Ornaments-Setting-Cat-4-600x500.jpg 600w\" sizes=\"(max-width: 1500px) 100vw, 1500px\" \/><\/figure>\n<\/div>\n<\/div>","protected":false},"excerpt":{"rendered":"<p data-pm-slice=\"0 0 []\">Nous fournissons des ornements d'animaux en gros et des solutions d'ornements personnalis\u00e9s. Ces ornements d'animaux ajoutent de la vitalit\u00e9 et de l'amusement \u00e0 votre espace. Les ornements d'animaux exquis peuvent non seulement d\u00e9corer votre environnement domestique, mais aussi \u00eatre offerts comme cadeaux aux parents et amis, convenant \u00e0 diverses occasions.Bienvenue aux grossistes et distributeurs \u00e0 nous contacter. SANTAI pottery home decor manufacturer vous fournit des prix comp\u00e9titifs.<\/p>\n<h2>Caract\u00e9ristiques des ornements pour animaux<\/h2>\n<p><strong>Design mignon et charmant<\/strong>: Les ornements pour chats adoptent une combinaison de couleurs marron clair et de taches blanches, ce qui leur conf\u00e8re un aspect chaleureux et mignon. Cette combinaison de couleurs est non seulement facile \u00e0 int\u00e9grer dans diff\u00e9rents styles de d\u00e9coration, mais elle ajoute \u00e9galement une touche vivante et joyeuse \u00e0 l'environnement domestique.<\/p>\n<p><strong>Ornements cr\u00e9atifs en forme d'animaux<\/strong>: Les ornements en forme d'animaux mignons inspirent la cr\u00e9ativit\u00e9 et l'imagination des gens. Qu'il soit plac\u00e9 dans le bureau ou dans le salon, il peut devenir une tr\u00e8s belle d\u00e9coration.<\/p>\n<p><strong>Technologie de production de haute qualit\u00e9<\/strong>: Les ornements pour chatons sont fabriqu\u00e9s \u00e0 partir de mat\u00e9riaux en r\u00e9sine de haute qualit\u00e9, avec un savoir-faire exquis et un traitement minutieux des d\u00e9tails. Qu'il s'agisse du contour des ornements ou de la texture de la surface, ils t\u00e9moignent d'un niveau de production de haute qualit\u00e9.<\/p>\n<p><strong>Facile \u00e0 assortir et \u00e0 placer<\/strong>: Les deux statues d'animaux peuvent \u00eatre plac\u00e9es s\u00e9par\u00e9ment ou combin\u00e9es. Elles conviennent non seulement aux espaces int\u00e9rieurs tels que le bureau et le salon, mais peuvent \u00e9galement \u00eatre utilis\u00e9es comme d\u00e9corations pour les jardins ext\u00e9rieurs ou les balcons.<\/p>\n<p><strong>Service professionnel de d\u00e9coration int\u00e9rieure en gros<\/strong>: SANTAI est un fabricant chinois de premier plan de d\u00e9corations en c\u00e9ramique pour la maison. Nous fournissons une large gamme de d\u00e9coration de meubles en gros, d'ornements d'animaux et de prix comp\u00e9titifs. Les acheteurs B2B sont invit\u00e9s \u00e0 nous contacter.<\/p>","protected":false},"featured_media":864,"comment_status":"closed","ping_status":"closed","template":"","meta":{"_acf_changed":false},"product_brand":[],"product_cat":[18,25],"product_tag":[32],"class_list":{"0":"post-855","1":"product","2":"type-product","3":"status-publish","4":"has-post-thumbnail","6":"product_cat-home-decor","7":"product_cat-animal-ornaments","8":"product_tag-resin-animal-figurines","10":"first","11":"instock","12":"shipping-taxable","13":"product-type-simple"},"acf":[],"_links":{"self":[{"href":"https:\/\/www.santai-ceramics.com\/fr\/wp-json\/wp\/v2\/product\/855","targetHints":{"allow":["GET"]}}],"collection":[{"href":"https:\/\/www.santai-ceramics.com\/fr\/wp-json\/wp\/v2\/product"}],"about":[{"href":"https:\/\/www.santai-ceramics.com\/fr\/wp-json\/wp\/v2\/types\/product"}],"replies":[{"embeddable":true,"href":"https:\/\/www.santai-ceramics.com\/fr\/wp-json\/wp\/v2\/comments?post=855"}],"wp:featuredmedia":[{"embeddable":true,"href":"https:\/\/www.santai-ceramics.com\/fr\/wp-json\/wp\/v2\/media\/864"}],"wp:attachment":[{"href":"https:\/\/www.santai-ceramics.com\/fr\/wp-json\/wp\/v2\/media?parent=855"}],"wp:term":[{"taxonomy":"product_brand","embeddable":true,"href":"https:\/\/www.santai-ceramics.com\/fr\/wp-json\/wp\/v2\/product_brand?post=855"},{"taxonomy":"product_cat","embeddable":true,"href":"https:\/\/www.santai-ceramics.com\/fr\/wp-json\/wp\/v2\/product_cat?post=855"},{"taxonomy":"product_tag","embeddable":true,"href":"https:\/\/www.santai-ceramics.com\/fr\/wp-json\/wp\/v2\/product_tag?post=855"}],"curies":[{"name":"wp","href":"https:\/\/api.w.org\/{rel}","templated":true}]}}