{"id":876,"date":"2024-10-18T06:06:31","date_gmt":"2024-10-18T06:06:31","guid":{"rendered":"https:\/\/www.santai-ceramics.com\/?post_type=product&#038;p=876"},"modified":"2025-06-12T23:27:27","modified_gmt":"2025-06-12T23:27:27","slug":"custom-decorative-bird-sculpture-factory-direct-sales","status":"publish","type":"product","link":"https:\/\/www.santai-ceramics.com\/fr\/product\/custom-decorative-bird-sculpture-factory-direct-sales\/","title":{"rendered":"Sculptures professionnelles sur mesure\uff1aExquisite Bird Sculptures Factory Direct Sales"},"content":{"rendered":"<h3 class=\"wp-block-heading\">Param\u00e8tres de la sculpture d'oiseaux<\/h3>\n\n\n\n<figure class=\"wp-block-table\"><table class=\"has-fixed-layout\"><tbody><tr><td>Mod\u00e8le<\/td><td>Nom du produit<\/td><td>Couleur<\/td><td>Mat\u00e9riau<\/td><td>Utilisations<\/td><td>Dimensions<\/td><td>Poids<\/td><\/tr><tr><td>E37414-H851-A01<\/td><td>Oiseau \u00e0 t\u00eate tournante en r\u00e9sine<\/td><td>Marron antique&nbsp;<\/td><td>R\u00e9sine<\/td><td>d\u00e9coration int\u00e9rieure, salon<\/td><td>15.5X7X10.5cm<\/td><td>0,3kg\/PC<\/td><\/tr><tr><td>E37415-H851-A01<\/td><td>Oiseau t\u00eate haute en r\u00e9sine<\/td><td>Marron antique&nbsp;<\/td><td>R\u00e9sine<\/td><td>d\u00e9coration int\u00e9rieure, salon<\/td><td>14X6.5X10cm<\/td><td>0,3kg\/PC<\/td><\/tr><tr><td>E37416-H851-A01<\/td><td>Oiseau en r\u00e9sine \u00e0 tourner<\/td><td>Marron antique&nbsp;<\/td><td>R\u00e9sine<\/td><td>d\u00e9coration int\u00e9rieure, salon<\/td><td>14X6,5X11,5<\/td><td>0,3kg\/PC<\/td><\/tr><\/tbody><\/table><\/figure>\n\n\n\n<h3 class=\"wp-block-heading\">Service de sculpture sur mesure<\/h3>\n\n\n\n<p>Nous proposons des services OEM et ODM pour nos produits.<br>Des \u00e9chantillons peuvent \u00eatre livr\u00e9s rapidement.<br>Nous proposons une vari\u00e9t\u00e9 de formes, de couleurs, d'impressions personnalis\u00e9es, d'emballages et d'autres services sur mesure pour une sculpture personnalis\u00e9e r\u00e9pondant \u00e0 vos besoins sp\u00e9cifiques.<br><a style=\"\" href=\"https:\/\/www.santai-ceramics.com\/fr\/custom\/\" data-type=\"page\" data-id=\"13\" target=\"_blank\" rel=\"noreferrer noopener\"><strong><b>En savoir plus sur la personnalisation<\/b> d\u00e9tail de la sculpture.<\/strong><\/a><\/p>\n\n\n\n<div class=\"wp-block-columns is-layout-flex wp-container-core-columns-is-layout-9d6595d7 wp-block-columns-is-layout-flex\">\n<div class=\"wp-block-column is-layout-flow wp-block-column-is-layout-flow\">\n<figure class=\"wp-block-image size-full\"><img decoding=\"async\" width=\"1500\" height=\"1249\" src=\"https:\/\/www.santai-ceramics.com\/wp-content\/uploads\/2024\/10\/Custom-Decorative-Bird-Sculpture-8.jpg\" alt=\"Sculpture d&#039;oiseau d\u00e9corative personnalis\u00e9e (8)\" class=\"wp-image-884\" srcset=\"https:\/\/www.santai-ceramics.com\/wp-content\/uploads\/2024\/10\/Custom-Decorative-Bird-Sculpture-8.jpg 1500w, https:\/\/www.santai-ceramics.com\/wp-content\/uploads\/2024\/10\/Custom-Decorative-Bird-Sculpture-8-300x250.jpg 300w, https:\/\/www.santai-ceramics.com\/wp-content\/uploads\/2024\/10\/Custom-Decorative-Bird-Sculpture-8-768x639.jpg 768w, https:\/\/www.santai-ceramics.com\/wp-content\/uploads\/2024\/10\/Custom-Decorative-Bird-Sculpture-8-1200x999.jpg 1200w, https:\/\/www.santai-ceramics.com\/wp-content\/uploads\/2024\/10\/Custom-Decorative-Bird-Sculpture-8-600x500.jpg 600w\" sizes=\"(max-width: 1500px) 100vw, 1500px\" \/><\/figure>\n<\/div>\n\n\n\n<div class=\"wp-block-column is-layout-flow wp-block-column-is-layout-flow\">\n<figure class=\"wp-block-image size-full\"><img decoding=\"async\" width=\"1500\" height=\"1249\" src=\"https:\/\/www.santai-ceramics.com\/wp-content\/uploads\/2024\/10\/Custom-Decorative-Bird-Sculpture-7.jpg\" alt=\"Sculpture d&#039;oiseau d\u00e9corative personnalis\u00e9e (7)\" class=\"wp-image-883\" srcset=\"https:\/\/www.santai-ceramics.com\/wp-content\/uploads\/2024\/10\/Custom-Decorative-Bird-Sculpture-7.jpg 1500w, https:\/\/www.santai-ceramics.com\/wp-content\/uploads\/2024\/10\/Custom-Decorative-Bird-Sculpture-7-300x250.jpg 300w, https:\/\/www.santai-ceramics.com\/wp-content\/uploads\/2024\/10\/Custom-Decorative-Bird-Sculpture-7-768x639.jpg 768w, https:\/\/www.santai-ceramics.com\/wp-content\/uploads\/2024\/10\/Custom-Decorative-Bird-Sculpture-7-1200x999.jpg 1200w, https:\/\/www.santai-ceramics.com\/wp-content\/uploads\/2024\/10\/Custom-Decorative-Bird-Sculpture-7-600x500.jpg 600w\" sizes=\"(max-width: 1500px) 100vw, 1500px\" \/><\/figure>\n<\/div>\n<\/div>","protected":false},"excerpt":{"rendered":"<p data-pm-slice=\"0 0 []\">Nous sommes <a href=\"https:\/\/www.santai-ceramics.com\/fr\/\" target=\"_blank\" rel=\"noopener\"><strong>SANTAI<\/strong><strong> fabricant de poterie d\u00e9corative<\/strong><\/a>. vente en gros de sculptures d'oiseaux personnalis\u00e9es de haute qualit\u00e9. Cette sculpture d'oiseau d\u00e9corative est fabriqu\u00e9e en r\u00e9sine de haute qualit\u00e9, combinant un artisanat exquis avec un design unique pour ajouter un charme naturel et un sens artistique \u00e0 votre espace. Elle convient parfaitement pour \u00eatre expos\u00e9e dans la chambre \u00e0 coucher, le salon, le bureau ou le caf\u00e9. N'h\u00e9sitez pas \u00e0 nous contacter pour obtenir un devis.<\/p>\n<h2>Caract\u00e9ristiques de la sculpture d'oiseau<\/h2>\n<p><strong>Design simple et naturel<\/strong>: La sculpture est con\u00e7ue dans un style minimaliste, avec des lignes douces et des formes \u00e9l\u00e9gantes. Elle met en valeur la beaut\u00e9 naturelle des oiseaux et s'adapte \u00e0 diff\u00e9rents styles d'habitation.<\/p>\n<p><strong>Un savoir-faire exquis<\/strong>: Toutes les sculptures sont polies tr\u00e8s finement, avec des d\u00e9tails d\u00e9licats et des performances \u00e9clatantes. Elles capturent parfaitement la beaut\u00e9 naturelle des oiseaux.<\/p>\n<p><strong>Mat\u00e9riau en r\u00e9sine de haute qualit\u00e9<\/strong>: La sculpture de l'oiseau est fabriqu\u00e9e \u00e0 partir d'une r\u00e9sine de haute qualit\u00e9 qui poss\u00e8de une grande durabilit\u00e9 et une r\u00e9sistance \u00e0 l'humidit\u00e9, ce qui garantit que son apparence reste parfaite pendant longtemps.<\/p>\n<p><strong>L\u00e9ger et portable<\/strong>: La sculpture de l'oiseau est l\u00e9g\u00e8re et facile \u00e0 d\u00e9placer et \u00e0 placer selon les besoins pour une vari\u00e9t\u00e9 de pr\u00e9sentations.<\/p>\n<p><strong>Service de personnalisation<\/strong>: Nous proposons des services de sculpture sur mesure. En tant que fabricant professionnel de statues, nous sommes en mesure de personnaliser la taille, la couleur et le design en fonction des besoins des clients.<\/p>\n<p><strong>Vente directe \u00e0 l'usine<\/strong>: Le mod\u00e8le de vente directe \u00e0 l'usine nous permet de proposer aux clients des prix plus comp\u00e9titifs et des services de livraison rapides.<\/p>","protected":false},"featured_media":877,"comment_status":"closed","ping_status":"closed","template":"","meta":{"_acf_changed":false},"product_brand":[],"product_cat":[18,25,48],"product_tag":[32],"class_list":{"0":"post-876","1":"product","2":"type-product","3":"status-publish","4":"has-post-thumbnail","6":"product_cat-home-decor","7":"product_cat-animal-ornaments","8":"product_cat-wholesale-resin-animal-figurines","9":"product_tag-resin-animal-figurines","11":"first","12":"instock","13":"shipping-taxable","14":"product-type-simple"},"acf":[],"_links":{"self":[{"href":"https:\/\/www.santai-ceramics.com\/fr\/wp-json\/wp\/v2\/product\/876","targetHints":{"allow":["GET"]}}],"collection":[{"href":"https:\/\/www.santai-ceramics.com\/fr\/wp-json\/wp\/v2\/product"}],"about":[{"href":"https:\/\/www.santai-ceramics.com\/fr\/wp-json\/wp\/v2\/types\/product"}],"replies":[{"embeddable":true,"href":"https:\/\/www.santai-ceramics.com\/fr\/wp-json\/wp\/v2\/comments?post=876"}],"wp:featuredmedia":[{"embeddable":true,"href":"https:\/\/www.santai-ceramics.com\/fr\/wp-json\/wp\/v2\/media\/877"}],"wp:attachment":[{"href":"https:\/\/www.santai-ceramics.com\/fr\/wp-json\/wp\/v2\/media?parent=876"}],"wp:term":[{"taxonomy":"product_brand","embeddable":true,"href":"https:\/\/www.santai-ceramics.com\/fr\/wp-json\/wp\/v2\/product_brand?post=876"},{"taxonomy":"product_cat","embeddable":true,"href":"https:\/\/www.santai-ceramics.com\/fr\/wp-json\/wp\/v2\/product_cat?post=876"},{"taxonomy":"product_tag","embeddable":true,"href":"https:\/\/www.santai-ceramics.com\/fr\/wp-json\/wp\/v2\/product_tag?post=876"}],"curies":[{"name":"wp","href":"https:\/\/api.w.org\/{rel}","templated":true}]}}