{"id":896,"date":"2024-10-18T08:21:59","date_gmt":"2024-10-18T08:21:59","guid":{"rendered":"https:\/\/www.santai-ceramics.com\/?post_type=product&#038;p=896"},"modified":"2025-06-12T23:27:03","modified_gmt":"2025-06-12T23:27:03","slug":"wholesale-turtle-decorations","status":"publish","type":"product","link":"https:\/\/www.santai-ceramics.com\/fr\/product\/wholesale-turtle-decorations\/","title":{"rendered":"Vente en gros de Statues de Tortue D\u00e9coration de Tortue, Sculpture de Tortue en vrac pour la maison"},"content":{"rendered":"<h3 class=\"wp-block-heading\">Parameters of Turtle Statue<\/h3>\n\n\n\n<figure class=\"wp-block-table\"><table class=\"has-fixed-layout\"><tbody><tr><td>Mod\u00e8le<\/td><td>Nom du produit<\/td><td>Couleur<\/td><td>Mat\u00e9riau<\/td><td>Utilisations<\/td><td>Dimensions<\/td><td>Poids<\/td><\/tr><tr><td>E37140-G033-A01<\/td><td>Resin Standing turtle<\/td><td>Shinning Silver<\/td><td>R\u00e9sine<\/td><td>d\u00e9coration int\u00e9rieure, salon<\/td><td>15.5X8.5X9cm<\/td><td>0,5kg\/PC<\/td><\/tr><tr><td>E37142-G033-A01<\/td><td>Resin Crawling turtle<\/td><td>Shinning Silver<\/td><td>R\u00e9sine<\/td><td>d\u00e9coration int\u00e9rieure, salon<\/td><td>12X7.5X5.5cm<\/td><td>0.2kg\/PC<\/td><\/tr><tr><td>E37141-G033-A01<\/td><td>Resin Thinking Turtle<\/td><td>Shinning Silver<\/td><td>R\u00e9sine<\/td><td>d\u00e9coration int\u00e9rieure, salon<\/td><td>14.5X10.5X6.5cm<\/td><td>0,3kg\/PC<\/td><\/tr><\/tbody><\/table><\/figure>\n\n\n\n<h3 class=\"wp-block-heading\">Custom Turtle Statue Service<\/h3>\n\n\n\n<p>Nous proposons des services OEM et ODM pour nos produits.<br>Des \u00e9chantillons peuvent \u00eatre livr\u00e9s rapidement.<br>Nous offrons une vari\u00e9t\u00e9 de formes, de couleurs, d'impressions personnalis\u00e9es, d'emballages et d'autres services sur mesure pour r\u00e9pondre \u00e0 vos besoins sp\u00e9cifiques.<br><a style=\"\" href=\"https:\/\/www.santai-ceramics.com\/fr\/custom\/\" data-type=\"page\" data-id=\"13\" target=\"_blank\" rel=\"noreferrer noopener\"><strong><b>En savoir plus sur la personnalisation<\/b> statue detail.<\/strong><\/a><\/p>\n\n\n\n<div class=\"wp-block-columns is-layout-flex wp-container-core-columns-is-layout-9d6595d7 wp-block-columns-is-layout-flex\">\n<div class=\"wp-block-column is-layout-flow wp-block-column-is-layout-flow\">\n<figure class=\"wp-block-image size-full\"><img decoding=\"async\" width=\"1500\" height=\"1250\" src=\"https:\/\/www.santai-ceramics.com\/wp-content\/uploads\/2024\/10\/Turtle-Decoration-9.jpg\" alt=\"Turtle Decoration (9)\" class=\"wp-image-905\" srcset=\"https:\/\/www.santai-ceramics.com\/wp-content\/uploads\/2024\/10\/Turtle-Decoration-9.jpg 1500w, https:\/\/www.santai-ceramics.com\/wp-content\/uploads\/2024\/10\/Turtle-Decoration-9-300x250.jpg 300w, https:\/\/www.santai-ceramics.com\/wp-content\/uploads\/2024\/10\/Turtle-Decoration-9-768x640.jpg 768w, https:\/\/www.santai-ceramics.com\/wp-content\/uploads\/2024\/10\/Turtle-Decoration-9-1200x1000.jpg 1200w, https:\/\/www.santai-ceramics.com\/wp-content\/uploads\/2024\/10\/Turtle-Decoration-9-600x500.jpg 600w\" sizes=\"(max-width: 1500px) 100vw, 1500px\" \/><\/figure>\n<\/div>\n\n\n\n<div class=\"wp-block-column is-layout-flow wp-block-column-is-layout-flow\">\n<figure class=\"wp-block-image size-full\"><img decoding=\"async\" width=\"1500\" height=\"1249\" src=\"https:\/\/www.santai-ceramics.com\/wp-content\/uploads\/2024\/10\/Turtle-Decoration-10.jpg\" alt=\"Turtle Decoration (10)\" class=\"wp-image-906\" srcset=\"https:\/\/www.santai-ceramics.com\/wp-content\/uploads\/2024\/10\/Turtle-Decoration-10.jpg 1500w, https:\/\/www.santai-ceramics.com\/wp-content\/uploads\/2024\/10\/Turtle-Decoration-10-300x250.jpg 300w, https:\/\/www.santai-ceramics.com\/wp-content\/uploads\/2024\/10\/Turtle-Decoration-10-768x639.jpg 768w, https:\/\/www.santai-ceramics.com\/wp-content\/uploads\/2024\/10\/Turtle-Decoration-10-1200x999.jpg 1200w, https:\/\/www.santai-ceramics.com\/wp-content\/uploads\/2024\/10\/Turtle-Decoration-10-600x500.jpg 600w\" sizes=\"(max-width: 1500px) 100vw, 1500px\" \/><\/figure>\n<\/div>\n<\/div>","protected":false},"excerpt":{"rendered":"<p data-pm-slice=\"0 0 []\">Our turtle statue is a beautiful home decoration. Each turtle statue is carefully designed and made of high-quality resin materials to ensure that the statue is durable and suitable for indoor and outdoor placement. As a professional home decor statue manufacturer, we provide one-stop custom statue service. Welcome to contact us for a quote.<\/p>\n<h2>Features of Turtle Statue<\/h2>\n<p><strong>Un design unique<\/strong>: Inspired by the beauty of the ocean, the turtle statue perfectly shows the charm of nature and is suitable for all kinds of home styles.<\/p>\n<p><strong>Excellent texture<\/strong>: The surface of the turtle statue is bright silver, which makes the turtle model look more noble and elegant. At the same time, it is made of resin, which has good durability and corrosion resistance, and can maintain the beauty and texture of the product for a long time.<\/p>\n<p><strong>Strong sense of hierarchy<\/strong>: This series of turtle statue has three sizes, and the three turtle models are arranged by size, forming a strong sense of hierarchy, making the whole decoration more vivid and interesting.<\/p>\n<p><strong>Perfect gift<\/strong>: Whether it is for personal use or for giving to relatives and friends, turtle statue are an excellent choice, symbolizing longevity and peace.<\/p>\n<p><strong>Service personnalis\u00e9<\/strong>: As a\u00a0 statue manufacturer, SANTAI provides wholesale statues and a one-stop custom animal statue solution, where you can customize your exclusive products.<\/p>","protected":false},"featured_media":897,"comment_status":"closed","ping_status":"closed","template":"","meta":{"_acf_changed":false},"product_brand":[],"product_cat":[18,25,48],"product_tag":[32],"class_list":{"0":"post-896","1":"product","2":"type-product","3":"status-publish","4":"has-post-thumbnail","6":"product_cat-home-decor","7":"product_cat-animal-ornaments","8":"product_cat-wholesale-resin-animal-figurines","9":"product_tag-resin-animal-figurines","11":"first","12":"instock","13":"shipping-taxable","14":"product-type-simple"},"acf":[],"_links":{"self":[{"href":"https:\/\/www.santai-ceramics.com\/fr\/wp-json\/wp\/v2\/product\/896","targetHints":{"allow":["GET"]}}],"collection":[{"href":"https:\/\/www.santai-ceramics.com\/fr\/wp-json\/wp\/v2\/product"}],"about":[{"href":"https:\/\/www.santai-ceramics.com\/fr\/wp-json\/wp\/v2\/types\/product"}],"replies":[{"embeddable":true,"href":"https:\/\/www.santai-ceramics.com\/fr\/wp-json\/wp\/v2\/comments?post=896"}],"wp:featuredmedia":[{"embeddable":true,"href":"https:\/\/www.santai-ceramics.com\/fr\/wp-json\/wp\/v2\/media\/897"}],"wp:attachment":[{"href":"https:\/\/www.santai-ceramics.com\/fr\/wp-json\/wp\/v2\/media?parent=896"}],"wp:term":[{"taxonomy":"product_brand","embeddable":true,"href":"https:\/\/www.santai-ceramics.com\/fr\/wp-json\/wp\/v2\/product_brand?post=896"},{"taxonomy":"product_cat","embeddable":true,"href":"https:\/\/www.santai-ceramics.com\/fr\/wp-json\/wp\/v2\/product_cat?post=896"},{"taxonomy":"product_tag","embeddable":true,"href":"https:\/\/www.santai-ceramics.com\/fr\/wp-json\/wp\/v2\/product_tag?post=896"}],"curies":[{"name":"wp","href":"https:\/\/api.w.org\/{rel}","templated":true}]}}