{"id":907,"date":"2024-10-18T08:56:41","date_gmt":"2024-10-18T08:56:41","guid":{"rendered":"https:\/\/www.santai-ceramics.com\/?post_type=product&#038;p=907"},"modified":"2024-10-24T07:45:09","modified_gmt":"2024-10-24T07:45:09","slug":"wholesale-decorative-ceramic-balls","status":"publish","type":"product","link":"https:\/\/www.santai-ceramics.com\/fr\/product\/wholesale-decorative-ceramic-balls\/","title":{"rendered":"Vente en gros de boules d\u00e9coratives en c\u00e9ramique, style bleu et blanc, d\u00e9coration en c\u00e9ramique"},"content":{"rendered":"<h3 class=\"wp-block-heading\">Param\u00e8tres de la boule c\u00e9ramique d\u00e9corative<\/h3>\n\n\n\n<figure class=\"wp-block-table\"><table class=\"has-fixed-layout\"><tbody><tr><td>Mod\u00e8le<\/td><td>Nom du produit<\/td><td>Couleur<\/td><td>Mat\u00e9riau<\/td><td>Utilisations<\/td><td>Dimensions<\/td><td>Poids<\/td><\/tr><tr><td>A04077-MX68-A02<\/td><td>Boule en c\u00e9ramique avec motif bleu et blanc<\/td><td>Bleu et blanc<\/td><td>C\u00e9ramique<\/td><td>d\u00e9coration int\u00e9rieure, salon<\/td><td>D:18X17cm<\/td><td>1,4kg\/PC<\/td><\/tr><tr><td>A04077-MX68-A03<\/td><td>Boule en c\u00e9ramique avec motif bleu et blanc<\/td><td>Bleu et blanc<\/td><td>C\u00e9ramique<\/td><td>d\u00e9coration int\u00e9rieure, salon<\/td><td>D:15.5X14cm<\/td><td>0,7kg\/PC<\/td><\/tr><\/tbody><\/table><\/figure>\n\n\n\n<h3 class=\"wp-block-heading\">Service de d\u00e9coration c\u00e9ramique sur mesure<\/h3>\n\n\n\n<p>Nous proposons des services OEM et ODM pour nos produits.<br>Des \u00e9chantillons peuvent \u00eatre livr\u00e9s rapidement.<br>Nous offrons une vari\u00e9t\u00e9 de formes, de couleurs, d'impressions personnalis\u00e9es, d'emballages et d'autres services sur mesure pour r\u00e9pondre \u00e0 vos besoins sp\u00e9cifiques.<br><a style=\"\" href=\"https:\/\/www.santai-ceramics.com\/fr\/custom\/\" data-type=\"page\" data-id=\"13\" target=\"_blank\" rel=\"noreferrer noopener\"><strong><b>En savoir plus sur la personnalisation<\/b> d\u00e9tail d\u00e9coratif en c\u00e9ramique.<\/strong><\/a><\/p>\n\n\n\n<div class=\"wp-block-columns is-layout-flex wp-container-core-columns-is-layout-9d6595d7 wp-block-columns-is-layout-flex\">\n<div class=\"wp-block-column is-layout-flow wp-block-column-is-layout-flow\">\n<figure class=\"wp-block-image size-full\"><img decoding=\"async\" width=\"1500\" height=\"1249\" src=\"https:\/\/www.santai-ceramics.com\/wp-content\/uploads\/2024\/10\/wholesale-decorative-ceramic-balls-2.jpg\" alt=\"boules d\u00e9coratives en c\u00e9ramique en gros (2)\" class=\"wp-image-927\" srcset=\"https:\/\/www.santai-ceramics.com\/wp-content\/uploads\/2024\/10\/wholesale-decorative-ceramic-balls-2.jpg 1500w, https:\/\/www.santai-ceramics.com\/wp-content\/uploads\/2024\/10\/wholesale-decorative-ceramic-balls-2-300x250.jpg 300w, https:\/\/www.santai-ceramics.com\/wp-content\/uploads\/2024\/10\/wholesale-decorative-ceramic-balls-2-768x639.jpg 768w, https:\/\/www.santai-ceramics.com\/wp-content\/uploads\/2024\/10\/wholesale-decorative-ceramic-balls-2-1200x999.jpg 1200w, https:\/\/www.santai-ceramics.com\/wp-content\/uploads\/2024\/10\/wholesale-decorative-ceramic-balls-2-600x500.jpg 600w\" sizes=\"(max-width: 1500px) 100vw, 1500px\" \/><\/figure>\n<\/div>\n\n\n\n<div class=\"wp-block-column is-layout-flow wp-block-column-is-layout-flow\">\n<figure class=\"wp-block-image size-full\"><img decoding=\"async\" width=\"1500\" height=\"1249\" src=\"https:\/\/www.santai-ceramics.com\/wp-content\/uploads\/2024\/10\/wholesale-decorative-ceramic-balls-6.jpg\" alt=\"boules d\u00e9coratives en c\u00e9ramique en gros (6)\" class=\"wp-image-931\" srcset=\"https:\/\/www.santai-ceramics.com\/wp-content\/uploads\/2024\/10\/wholesale-decorative-ceramic-balls-6.jpg 1500w, https:\/\/www.santai-ceramics.com\/wp-content\/uploads\/2024\/10\/wholesale-decorative-ceramic-balls-6-300x250.jpg 300w, https:\/\/www.santai-ceramics.com\/wp-content\/uploads\/2024\/10\/wholesale-decorative-ceramic-balls-6-768x639.jpg 768w, https:\/\/www.santai-ceramics.com\/wp-content\/uploads\/2024\/10\/wholesale-decorative-ceramic-balls-6-1200x999.jpg 1200w, https:\/\/www.santai-ceramics.com\/wp-content\/uploads\/2024\/10\/wholesale-decorative-ceramic-balls-6-600x500.jpg 600w\" sizes=\"(max-width: 1500px) 100vw, 1500px\" \/><\/figure>\n<\/div>\n<\/div>","protected":false},"excerpt":{"rendered":"<p data-pm-slice=\"0 0 []\">Ces boules d\u00e9coratives bleues et blanches en c\u00e9ramique sont un choix id\u00e9al pour la d\u00e9coration de la maison et s'adaptent \u00e0 diff\u00e9rents styles d'int\u00e9rieur. Qu'elles soient plac\u00e9es sur une table basse, une \u00e9tag\u00e8re ou qu'elles embellissent un arrangement floral, ces boules en c\u00e9ramique peuvent ajouter une beaut\u00e9 ornementale \u00e0 votre espace. Nous sommes un fabricant sp\u00e9cialis\u00e9 dans la vente en gros d'articles de d\u00e9coration int\u00e9rieure en c\u00e9ramique. N'h\u00e9sitez pas \u00e0 nous contacter pour plus d'informations sur nos produits.<\/p>\n<h2>Caract\u00e9ristiques de la boule d\u00e9corative en c\u00e9ramique<\/h2>\n<p><strong>Motif floral exquis :<\/strong> La surface de la boule en c\u00e9ramique est peinte de motifs floraux exquis. La fra\u00eecheur et l'\u00e9l\u00e9gance des couleurs bleu et blanc, compl\u00e9t\u00e9es par un design sph\u00e9rique, font la beaut\u00e9 de cette boule en c\u00e9ramique.<\/p>\n<p><strong>Une riche stratification :<\/strong> Cette boule de c\u00e9ramique est disponible en deux tailles. Le fait d'assortir des boules de c\u00e9ramique de tailles diff\u00e9rentes permet d'augmenter l'effet de superposition de l'ensemble.<\/p>\n<p><strong>D\u00e9coratif et \u00e0 la mode :<\/strong>\u00a0Cette boule en c\u00e9ramique est tr\u00e8s d\u00e9corative. Selon les occasions, elle peut \u00eatre plac\u00e9e dans le salon, le bureau, la chambre \u00e0 coucher, etc., ajoutant de l'\u00e9l\u00e9gance et de l'amusement \u00e0 l'environnement domestique.<\/p>\n<p><strong>Hautement personnalis\u00e9 :<\/strong> En tant que fabricant de c\u00e9ramiques d\u00e9coratives, nous offrons des services de personnalisation tr\u00e8s personnalis\u00e9s. Il peut \u00eatre choisi dans n'importe quelle taille, couleur et motif selon les pr\u00e9f\u00e9rences et les besoins. Cr\u00e9er <a href=\"https:\/\/www.santai-ceramics.com\/fr\/product-tag\/ceramic-home-decor\/\" target=\"_blank\" rel=\"noopener\"><strong>d\u00e9coration d'int\u00e9rieur en c\u00e9ramique<\/strong><\/a> pour r\u00e9pondre \u00e0 vos besoins.<\/p>","protected":false},"featured_media":927,"comment_status":"closed","ping_status":"closed","template":"","meta":{"_acf_changed":false},"product_brand":[],"product_cat":[18,25],"product_tag":[],"class_list":{"0":"post-907","1":"product","2":"type-product","3":"status-publish","4":"has-post-thumbnail","6":"product_cat-home-decor","7":"product_cat-animal-ornaments","9":"first","10":"instock","11":"shipping-taxable","12":"product-type-simple"},"acf":[],"_links":{"self":[{"href":"https:\/\/www.santai-ceramics.com\/fr\/wp-json\/wp\/v2\/product\/907","targetHints":{"allow":["GET"]}}],"collection":[{"href":"https:\/\/www.santai-ceramics.com\/fr\/wp-json\/wp\/v2\/product"}],"about":[{"href":"https:\/\/www.santai-ceramics.com\/fr\/wp-json\/wp\/v2\/types\/product"}],"replies":[{"embeddable":true,"href":"https:\/\/www.santai-ceramics.com\/fr\/wp-json\/wp\/v2\/comments?post=907"}],"wp:featuredmedia":[{"embeddable":true,"href":"https:\/\/www.santai-ceramics.com\/fr\/wp-json\/wp\/v2\/media\/927"}],"wp:attachment":[{"href":"https:\/\/www.santai-ceramics.com\/fr\/wp-json\/wp\/v2\/media?parent=907"}],"wp:term":[{"taxonomy":"product_brand","embeddable":true,"href":"https:\/\/www.santai-ceramics.com\/fr\/wp-json\/wp\/v2\/product_brand?post=907"},{"taxonomy":"product_cat","embeddable":true,"href":"https:\/\/www.santai-ceramics.com\/fr\/wp-json\/wp\/v2\/product_cat?post=907"},{"taxonomy":"product_tag","embeddable":true,"href":"https:\/\/www.santai-ceramics.com\/fr\/wp-json\/wp\/v2\/product_tag?post=907"}],"curies":[{"name":"wp","href":"https:\/\/api.w.org\/{rel}","templated":true}]}}