{"id":932,"date":"2024-10-18T10:17:28","date_gmt":"2024-10-18T10:17:28","guid":{"rendered":"https:\/\/www.santai-ceramics.com\/?post_type=product&#038;p=932"},"modified":"2025-06-12T23:09:26","modified_gmt":"2025-06-12T23:09:26","slug":"wholesale-ceramic-bird-figurines","status":"publish","type":"product","link":"https:\/\/www.santai-ceramics.com\/fr\/product\/wholesale-ceramic-bird-figurines\/","title":{"rendered":"Grossiste Figurines d'oiseaux en c\u00e9ramique pour la d\u00e9coration int\u00e9rieure et les cadeaux"},"content":{"rendered":"<h3 class=\"wp-block-heading\">Param\u00e8tres de la figurine d'oiseau en c\u00e9ramique<\/h3>\n\n\n\n<figure class=\"wp-block-table\"><table class=\"has-fixed-layout\"><tbody><tr><td>Mod\u00e8le<\/td><td>Nom du produit<\/td><td>Couleur<\/td><td>Mat\u00e9riau<\/td><td>Utilisations<\/td><td>Dimensions<\/td><td>Poids<\/td><\/tr><tr><td>A37467-LC24-A01<\/td><td>Oiseau debout en c\u00e9ramique<\/td><td>Blanc et vert<\/td><td>C\u00e9ramique<\/td><td>d\u00e9coration int\u00e9rieure, salon<\/td><td>9.5X7X22cm<\/td><td>0,4kg\/PC<\/td><\/tr><tr><td>A37468-LC24-A01<\/td><td>Oiseau debout en c\u00e9ramique<\/td><td>Blanc et vert<\/td><td>C\u00e9ramique<\/td><td>d\u00e9coration int\u00e9rieure, salon<\/td><td>8X7X19cm<\/td><td>0,3kg\/PC<\/td><\/tr><\/tbody><\/table><\/figure>\n\n\n\n<h3 class=\"wp-block-heading\">Service de figurines d'oiseaux en c\u00e9ramique personnalis\u00e9es<\/h3>\n\n\n\n<p>Nous proposons des services OEM et ODM pour nos produits.<br>Des \u00e9chantillons peuvent \u00eatre livr\u00e9s rapidement.<br>Nous offrons une vari\u00e9t\u00e9 de formes, de couleurs, d'impressions personnalis\u00e9es, d'emballages et d'autres services sur mesure pour r\u00e9pondre \u00e0 vos besoins sp\u00e9cifiques.<br><a style=\"\" href=\"https:\/\/www.santai-ceramics.com\/fr\/custom\/\" data-type=\"page\" data-id=\"13\" target=\"_blank\" rel=\"noreferrer noopener\"><strong><b>En savoir plus sur la personnalisation<\/b> figurine d'oiseau en c\u00e9ramique d\u00e9tail.<\/strong><\/a><\/p>\n\n\n\n<div class=\"wp-block-columns is-layout-flex wp-container-core-columns-is-layout-9d6595d7 wp-block-columns-is-layout-flex\">\n<div class=\"wp-block-column is-layout-flow wp-block-column-is-layout-flow\">\n<figure class=\"wp-block-image size-full\"><img decoding=\"async\" width=\"1500\" height=\"1249\" src=\"https:\/\/www.santai-ceramics.com\/wp-content\/uploads\/2024\/10\/Wholesale-Ceramic-Bird-Figurines-3.jpg\" alt=\"Grossiste Figurines d&#039;oiseaux en c\u00e9ramique (3)\" class=\"wp-image-935\" srcset=\"https:\/\/www.santai-ceramics.com\/wp-content\/uploads\/2024\/10\/Wholesale-Ceramic-Bird-Figurines-3.jpg 1500w, https:\/\/www.santai-ceramics.com\/wp-content\/uploads\/2024\/10\/Wholesale-Ceramic-Bird-Figurines-3-300x250.jpg 300w, https:\/\/www.santai-ceramics.com\/wp-content\/uploads\/2024\/10\/Wholesale-Ceramic-Bird-Figurines-3-768x639.jpg 768w, https:\/\/www.santai-ceramics.com\/wp-content\/uploads\/2024\/10\/Wholesale-Ceramic-Bird-Figurines-3-1200x999.jpg 1200w, https:\/\/www.santai-ceramics.com\/wp-content\/uploads\/2024\/10\/Wholesale-Ceramic-Bird-Figurines-3-600x500.jpg 600w\" sizes=\"(max-width: 1500px) 100vw, 1500px\" \/><\/figure>\n<\/div>\n\n\n\n<div class=\"wp-block-column is-layout-flow wp-block-column-is-layout-flow\">\n<figure class=\"wp-block-image size-full\"><img decoding=\"async\" width=\"1500\" height=\"1250\" src=\"https:\/\/www.santai-ceramics.com\/wp-content\/uploads\/2024\/10\/Wholesale-Ceramic-Bird-Figurines-6.jpg\" alt=\"Grossiste Figurines d&#039;oiseaux en c\u00e9ramique (6)\" class=\"wp-image-938\" srcset=\"https:\/\/www.santai-ceramics.com\/wp-content\/uploads\/2024\/10\/Wholesale-Ceramic-Bird-Figurines-6.jpg 1500w, https:\/\/www.santai-ceramics.com\/wp-content\/uploads\/2024\/10\/Wholesale-Ceramic-Bird-Figurines-6-300x250.jpg 300w, https:\/\/www.santai-ceramics.com\/wp-content\/uploads\/2024\/10\/Wholesale-Ceramic-Bird-Figurines-6-768x640.jpg 768w, https:\/\/www.santai-ceramics.com\/wp-content\/uploads\/2024\/10\/Wholesale-Ceramic-Bird-Figurines-6-1200x1000.jpg 1200w, https:\/\/www.santai-ceramics.com\/wp-content\/uploads\/2024\/10\/Wholesale-Ceramic-Bird-Figurines-6-600x500.jpg 600w\" sizes=\"(max-width: 1500px) 100vw, 1500px\" \/><\/figure>\n<\/div>\n<\/div>","protected":false},"excerpt":{"rendered":"<p data-pm-slice=\"0 0 []\">Ces adorables figurines d'oiseaux en c\u00e9ramique peuvent \u00eatre plac\u00e9es sur des \u00e9tag\u00e8res, des bureaux ou comme d\u00e9corations florales pour ajouter de la vitalit\u00e9 \u00e0 votre int\u00e9rieur. Chaque figurine d'oiseau en c\u00e9ramique est soigneusement con\u00e7ue et fabriqu\u00e9e en c\u00e9ramique de haute qualit\u00e9, avec une surface lisse et une prise en main confortable, pr\u00e9sentant des d\u00e9tails uniques et un travail artisanal exquis, ce qui en fait un cadeau parfait. N'h\u00e9sitez pas \u00e0 nous contacter pour obtenir un devis.<\/p>\n<h2>Caract\u00e9ristiques de la figurine d'oiseau en c\u00e9ramique<\/h2>\n<p><strong>Design exquis<\/strong>: La couleur principale de la figurine d'oiseau en c\u00e9ramique est blanche, mais elle comporte des taches vertes. L'ensemble est simple et \u00e9l\u00e9gant ; cette combinaison de couleurs peut facilement s'adapter aux diff\u00e9rents styles de d\u00e9coration des maisons pour en rehausser la beaut\u00e9.<\/p>\n<p><strong>Plaque de base de forme carr\u00e9e pour la stabilit\u00e9<\/strong>: Chaque sculpture d'oiseau a \u00e9t\u00e9 dot\u00e9e d'une base carr\u00e9e color\u00e9e, semblable \u00e0 la couleur utilis\u00e9e sur le corps de l'oiseau. Cette conception joue de nombreux r\u00f4les dans l'am\u00e9lioration de l'effet ornemental et d\u00e9coratif global, en plus d'accro\u00eetre la stabilit\u00e9 de la sculpture, car elle ne peut pas \u00eatre facilement renvers\u00e9e.<\/p>\n<p><strong>Grande durabilit\u00e9 :<\/strong> L'excellente durabilit\u00e9 et la r\u00e9sistance \u00e0 la corrosion des mat\u00e9riaux c\u00e9ramiques permettent \u00e0 cette figurine d'oiseau en c\u00e9ramique color\u00e9e de conserver sa forme pendant longtemps. M\u00eame en cas de collision ou de frottement lors de son utilisation, elle ne laissera pas de traces ou de dommages.<\/p>\n<p><strong>Service sur mesure<\/strong>: Nous offrons des figurines\u3001custom services de sculpture o\u00f9 les clients seront autoris\u00e9s \u00e0 choisir selon leur pr\u00e9f\u00e9rence et exigence pour le type, la couleur, le motif, et m\u00eame la forme de la base. Cela permet \u00e0 chaque client d'obtenir une sculpture d'oiseau en c\u00e9ramique unique qui correspond \u00e0 sa personnalit\u00e9 et \u00e0 son go\u00fbt.<\/p>","protected":false},"featured_media":933,"comment_status":"closed","ping_status":"closed","template":"","meta":{"_acf_changed":false},"product_brand":[],"product_cat":[18,25,47],"product_tag":[35],"class_list":{"0":"post-932","1":"product","2":"type-product","3":"status-publish","4":"has-post-thumbnail","6":"product_cat-home-decor","7":"product_cat-animal-ornaments","8":"product_cat-wholesale-ceramic-animal-figurines","9":"product_tag-ceramic-animal-figurines","11":"first","12":"instock","13":"shipping-taxable","14":"product-type-simple"},"acf":[],"_links":{"self":[{"href":"https:\/\/www.santai-ceramics.com\/fr\/wp-json\/wp\/v2\/product\/932","targetHints":{"allow":["GET"]}}],"collection":[{"href":"https:\/\/www.santai-ceramics.com\/fr\/wp-json\/wp\/v2\/product"}],"about":[{"href":"https:\/\/www.santai-ceramics.com\/fr\/wp-json\/wp\/v2\/types\/product"}],"replies":[{"embeddable":true,"href":"https:\/\/www.santai-ceramics.com\/fr\/wp-json\/wp\/v2\/comments?post=932"}],"wp:featuredmedia":[{"embeddable":true,"href":"https:\/\/www.santai-ceramics.com\/fr\/wp-json\/wp\/v2\/media\/933"}],"wp:attachment":[{"href":"https:\/\/www.santai-ceramics.com\/fr\/wp-json\/wp\/v2\/media?parent=932"}],"wp:term":[{"taxonomy":"product_brand","embeddable":true,"href":"https:\/\/www.santai-ceramics.com\/fr\/wp-json\/wp\/v2\/product_brand?post=932"},{"taxonomy":"product_cat","embeddable":true,"href":"https:\/\/www.santai-ceramics.com\/fr\/wp-json\/wp\/v2\/product_cat?post=932"},{"taxonomy":"product_tag","embeddable":true,"href":"https:\/\/www.santai-ceramics.com\/fr\/wp-json\/wp\/v2\/product_tag?post=932"}],"curies":[{"name":"wp","href":"https:\/\/api.w.org\/{rel}","templated":true}]}}