{"id":939,"date":"2024-10-19T02:22:03","date_gmt":"2024-10-19T02:22:03","guid":{"rendered":"https:\/\/www.santai-ceramics.com\/?post_type=product&#038;p=939"},"modified":"2025-06-12T23:09:19","modified_gmt":"2025-06-12T23:09:19","slug":"wholesale-ceramic-owls-for-home-decor","status":"publish","type":"product","link":"https:\/\/www.santai-ceramics.com\/fr\/product\/wholesale-ceramic-owls-for-home-decor\/","title":{"rendered":"Wholesale Ceramic Owls For Home Decor, Cute Ceramic Animal Figurines For Sale"},"content":{"rendered":"<h3 class=\"wp-block-heading\">Param\u00e8tres du hibou en c\u00e9ramique<\/h3>\n\n\n\n<figure class=\"wp-block-table\"><table class=\"has-fixed-layout\"><tbody><tr><td>Mod\u00e8le<\/td><td>Nom du produit<\/td><td>Couleur<\/td><td>Mat\u00e9riau<\/td><td>Utilisations<\/td><td>Dimensions<\/td><td>Poids<\/td><\/tr><tr><td>A37467-LC24-A01<\/td><td>Figurine hibou en c\u00e9ramique<\/td><td>Blanc et vert<\/td><td>C\u00e9ramique<\/td><td>d\u00e9coration int\u00e9rieure, salon<\/td><td>16X16X16.5cm<\/td><td>0,8kg\/PC<\/td><\/tr><tr><td>A37468-LC24-A01<\/td><td>Figurine hibou en c\u00e9ramique<\/td><td>Blanc et vert<\/td><td>C\u00e9ramique<\/td><td>d\u00e9coration int\u00e9rieure, salon<\/td><td>13X13X13.5cm<\/td><td>0,5\/PC<\/td><\/tr><\/tbody><\/table><\/figure>\n\n\n\n<h3 class=\"wp-block-heading\">Service de hibou en c\u00e9ramique personnalis\u00e9<\/h3>\n\n\n\n<p>Nous proposons des services OEM et ODM pour nos produits.<br>Des \u00e9chantillons peuvent \u00eatre livr\u00e9s rapidement.<br>Nous offrons une vari\u00e9t\u00e9 de formes, de couleurs, d'impressions personnalis\u00e9es, d'emballages et d'autres services sur mesure pour r\u00e9pondre \u00e0 vos besoins sp\u00e9cifiques.<br><a style=\"\" href=\"https:\/\/www.santai-ceramics.com\/fr\/custom\/\" data-type=\"page\" data-id=\"13\" target=\"_blank\" rel=\"noreferrer noopener\"><strong><b>En savoir plus sur la personnalisation<\/b> figurines d'animaux en c\u00e9ramique d\u00e9tail.<\/strong><\/a><\/p>\n\n\n\n<div class=\"wp-block-columns is-layout-flex wp-container-core-columns-is-layout-9d6595d7 wp-block-columns-is-layout-flex\">\n<div class=\"wp-block-column is-layout-flow wp-block-column-is-layout-flow\">\n<figure class=\"wp-block-image size-full\"><img decoding=\"async\" width=\"1500\" height=\"1249\" src=\"https:\/\/www.santai-ceramics.com\/wp-content\/uploads\/2024\/10\/Ceramic-Owl-Statue-Display-4.jpg\" alt=\"Pr\u00e9sentoir de statues de hibou en c\u00e9ramique (4)\" class=\"wp-image-943\" srcset=\"https:\/\/www.santai-ceramics.com\/wp-content\/uploads\/2024\/10\/Ceramic-Owl-Statue-Display-4.jpg 1500w, https:\/\/www.santai-ceramics.com\/wp-content\/uploads\/2024\/10\/Ceramic-Owl-Statue-Display-4-300x250.jpg 300w, https:\/\/www.santai-ceramics.com\/wp-content\/uploads\/2024\/10\/Ceramic-Owl-Statue-Display-4-768x639.jpg 768w, https:\/\/www.santai-ceramics.com\/wp-content\/uploads\/2024\/10\/Ceramic-Owl-Statue-Display-4-1200x999.jpg 1200w, https:\/\/www.santai-ceramics.com\/wp-content\/uploads\/2024\/10\/Ceramic-Owl-Statue-Display-4-600x500.jpg 600w\" sizes=\"(max-width: 1500px) 100vw, 1500px\" \/><\/figure>\n<\/div>\n\n\n\n<div class=\"wp-block-column is-layout-flow wp-block-column-is-layout-flow\">\n<figure class=\"wp-block-image size-full\"><img decoding=\"async\" width=\"1500\" height=\"1249\" src=\"https:\/\/www.santai-ceramics.com\/wp-content\/uploads\/2024\/10\/Ceramic-Owl-Statue-Display-3.jpg\" alt=\"Pr\u00e9sentoir de statues de hiboux en c\u00e9ramique (3)\" class=\"wp-image-942\" srcset=\"https:\/\/www.santai-ceramics.com\/wp-content\/uploads\/2024\/10\/Ceramic-Owl-Statue-Display-3.jpg 1500w, https:\/\/www.santai-ceramics.com\/wp-content\/uploads\/2024\/10\/Ceramic-Owl-Statue-Display-3-300x250.jpg 300w, https:\/\/www.santai-ceramics.com\/wp-content\/uploads\/2024\/10\/Ceramic-Owl-Statue-Display-3-768x639.jpg 768w, https:\/\/www.santai-ceramics.com\/wp-content\/uploads\/2024\/10\/Ceramic-Owl-Statue-Display-3-1200x999.jpg 1200w, https:\/\/www.santai-ceramics.com\/wp-content\/uploads\/2024\/10\/Ceramic-Owl-Statue-Display-3-600x500.jpg 600w\" sizes=\"(max-width: 1500px) 100vw, 1500px\" \/><\/figure>\n<\/div>\n<\/div>","protected":false},"excerpt":{"rendered":"<p data-pm-slice=\"0 0 []\">La s\u00e9rie de figurines de hibou en c\u00e9ramique est id\u00e9ale pour la d\u00e9coration de la maison. Elle convient \u00e0 tous les styles et \u00e0 toutes les occasions, au caf\u00e9, \u00e0 la biblioth\u00e8que, au bureau ou \u00e0 la chambre \u00e0 coucher. Qu'elles soient plac\u00e9es seules ou combin\u00e9es \u00e0 d'autres d\u00e9corations, ces statues de hibou peuvent apporter chaleur et amusement. Les statues de hibou sont fabriqu\u00e9es avec des mat\u00e9riaux de haute qualit\u00e9, une surface lisse, un toucher excellent et conviennent parfaitement comme cadeau.<\/p>\n<h2>Caract\u00e9ristiques du hibou en c\u00e9ramique<\/h2>\n<p><strong>Une forme adorable<\/strong>: L'image du hibou en c\u00e9ramique est tr\u00e8s appr\u00e9ci\u00e9e, avec son apparence mignonne et son comportement intelligent. La sculpture d\u00e9taill\u00e9e exprime pleinement les caract\u00e9ristiques du hibou tout en lui conf\u00e9rant une personnalit\u00e9 unique.\u00a0<\/p>\n<p><strong>Un savoir-faire exquis :<\/strong> Chaque figurine de hibou en c\u00e9ramique a \u00e9t\u00e9 fabriqu\u00e9e par des artisans qualifi\u00e9s. La surface lisse et l'\u00e9l\u00e9gante couleur de la gla\u00e7ure se compl\u00e8tent et donnent envie de les toucher et de les appr\u00e9cier.<\/p>\n<p><strong>Mat\u00e9riau de haute qualit\u00e9 :<\/strong> La c\u00e9ramique de haute qualit\u00e9 utilis\u00e9e garantit que les figurines de hibou en c\u00e9ramique sont durables et pratiques. Son mat\u00e9riau est imperm\u00e9able \u00e0 l'eau et \u00e0 l'humidit\u00e9, facile \u00e0 nettoyer et peut r\u00e9sister \u00e0 l'usure quotidienne, ce qui lui conf\u00e8re un effet esth\u00e9tique durable.<\/p>\n<p><strong>Multi-usage en d\u00e9coration :<\/strong> Ce hibou en c\u00e9ramique est con\u00e7u dans un style \u00e9l\u00e9gant, simple et libre qui peut facilement s'int\u00e9grer dans diff\u00e9rents styles de d\u00e9coration. Convient aux restaurants, caf\u00e9s, biblioth\u00e8ques, salles d'\u00e9tudes, etc.<\/p>\n<p><strong>Vente en gros et personnalisation :<\/strong>SANTAI, en tant que fabricant de poterie, propose des services de sculpture et de figurines animales personnalis\u00e9es.<\/p>","protected":false},"featured_media":944,"comment_status":"closed","ping_status":"closed","template":"","meta":{"_acf_changed":false},"product_brand":[],"product_cat":[18,25,47],"product_tag":[35],"class_list":{"0":"post-939","1":"product","2":"type-product","3":"status-publish","4":"has-post-thumbnail","6":"product_cat-home-decor","7":"product_cat-animal-ornaments","8":"product_cat-wholesale-ceramic-animal-figurines","9":"product_tag-ceramic-animal-figurines","11":"first","12":"instock","13":"shipping-taxable","14":"product-type-simple"},"acf":[],"_links":{"self":[{"href":"https:\/\/www.santai-ceramics.com\/fr\/wp-json\/wp\/v2\/product\/939","targetHints":{"allow":["GET"]}}],"collection":[{"href":"https:\/\/www.santai-ceramics.com\/fr\/wp-json\/wp\/v2\/product"}],"about":[{"href":"https:\/\/www.santai-ceramics.com\/fr\/wp-json\/wp\/v2\/types\/product"}],"replies":[{"embeddable":true,"href":"https:\/\/www.santai-ceramics.com\/fr\/wp-json\/wp\/v2\/comments?post=939"}],"wp:featuredmedia":[{"embeddable":true,"href":"https:\/\/www.santai-ceramics.com\/fr\/wp-json\/wp\/v2\/media\/944"}],"wp:attachment":[{"href":"https:\/\/www.santai-ceramics.com\/fr\/wp-json\/wp\/v2\/media?parent=939"}],"wp:term":[{"taxonomy":"product_brand","embeddable":true,"href":"https:\/\/www.santai-ceramics.com\/fr\/wp-json\/wp\/v2\/product_brand?post=939"},{"taxonomy":"product_cat","embeddable":true,"href":"https:\/\/www.santai-ceramics.com\/fr\/wp-json\/wp\/v2\/product_cat?post=939"},{"taxonomy":"product_tag","embeddable":true,"href":"https:\/\/www.santai-ceramics.com\/fr\/wp-json\/wp\/v2\/product_tag?post=939"}],"curies":[{"name":"wp","href":"https:\/\/api.w.org\/{rel}","templated":true}]}}