{"id":952,"date":"2024-10-19T03:47:04","date_gmt":"2024-10-19T03:47:04","guid":{"rendered":"https:\/\/www.santai-ceramics.com\/?post_type=product&#038;p=952"},"modified":"2025-06-30T23:48:17","modified_gmt":"2025-06-30T23:48:17","slug":"wholesale-lizard-figurines","status":"publish","type":"product","link":"https:\/\/www.santai-ceramics.com\/fr\/product\/wholesale-lizard-figurines\/","title":{"rendered":"Figurines de l\u00e9zard en gros pour la d\u00e9coration int\u00e9rieure\uff0cExquisite Lizard Statue Decoration"},"content":{"rendered":"<h3 class=\"wp-block-heading\">Param\u00e8tres de la figurine de l\u00e9zard<\/h3>\n\n\n\n<figure class=\"wp-block-table\"><table class=\"has-fixed-layout\"><tbody><tr><td>Mod\u00e8le<\/td><td>Nom du produit<\/td><td>Couleur<\/td><td>Mat\u00e9riau<\/td><td>Utilisations<\/td><td>Dimensions<\/td><td>Poids<\/td><\/tr><tr><td>E37212-G091-A01<\/td><td>Figurine l\u00e9zard en r\u00e9sine<\/td><td>Argent<\/td><td>R\u00e9sine<\/td><td>d\u00e9coration int\u00e9rieure, salon<\/td><td>31.5X17X8cm<\/td><td>0,7kg\/PC<\/td><\/tr><tr><td>E37212-G091-A02<\/td><td>Figurine l\u00e9zard en r\u00e9sine<\/td><td>Argent<\/td><td>R\u00e9sine<\/td><td>d\u00e9coration int\u00e9rieure, salon<\/td><td>24.5X15X7cm<\/td><td>0,4kg\/PC<\/td><\/tr><\/tbody><\/table><\/figure>\n\n\n\n<h3 class=\"wp-block-heading\">Service de d\u00e9coration c\u00e9ramique sur mesure<\/h3>\n\n\n\n<p>Nous proposons des services OEM et ODM pour nos produits.<br>Des \u00e9chantillons peuvent \u00eatre livr\u00e9s rapidement.<br>Nous offrons une vari\u00e9t\u00e9 de formes, de couleurs, d'impressions personnalis\u00e9es, d'emballages et d'autres services sur mesure pour r\u00e9pondre \u00e0 vos besoins sp\u00e9cifiques.<br><a style=\"\" href=\"https:\/\/www.santai-ceramics.com\/fr\/custom\/\" data-type=\"page\" data-id=\"13\" target=\"_blank\" rel=\"noreferrer noopener\"><strong><b>En savoir plus sur la personnalisation<\/b> d\u00e9tails de la d\u00e9coration en c\u00e9ramique.<\/strong><\/a><\/p>\n\n\n\n<div class=\"wp-block-columns is-layout-flex wp-container-core-columns-is-layout-9d6595d7 wp-block-columns-is-layout-flex\">\n<div class=\"wp-block-column is-layout-flow wp-block-column-is-layout-flow\">\n<figure class=\"wp-block-image size-full\"><img decoding=\"async\" width=\"2000\" height=\"1666\" src=\"https:\/\/www.santai-ceramics.com\/wp-content\/uploads\/2024\/10\/Wholesale-Lizard-Figurines-Decorations-4.jpg\" alt=\"Grossiste Figurines L\u00e9zard D\u00e9corations (4)\" class=\"wp-image-956\" srcset=\"https:\/\/www.santai-ceramics.com\/wp-content\/uploads\/2024\/10\/Wholesale-Lizard-Figurines-Decorations-4.jpg 2000w, https:\/\/www.santai-ceramics.com\/wp-content\/uploads\/2024\/10\/Wholesale-Lizard-Figurines-Decorations-4-300x250.jpg 300w, https:\/\/www.santai-ceramics.com\/wp-content\/uploads\/2024\/10\/Wholesale-Lizard-Figurines-Decorations-4-768x640.jpg 768w, https:\/\/www.santai-ceramics.com\/wp-content\/uploads\/2024\/10\/Wholesale-Lizard-Figurines-Decorations-4-1200x1000.jpg 1200w, https:\/\/www.santai-ceramics.com\/wp-content\/uploads\/2024\/10\/Wholesale-Lizard-Figurines-Decorations-4-600x500.jpg 600w\" sizes=\"(max-width: 2000px) 100vw, 2000px\" \/><\/figure>\n<\/div>\n\n\n\n<div class=\"wp-block-column is-layout-flow wp-block-column-is-layout-flow\">\n<figure class=\"wp-block-image size-full\"><img decoding=\"async\" width=\"2000\" height=\"1666\" src=\"https:\/\/www.santai-ceramics.com\/wp-content\/uploads\/2024\/10\/Wholesale-Lizard-Figurines-Decorations-5.jpg\" alt=\"Grossiste Figurines L\u00e9zard D\u00e9corations (5)\" class=\"wp-image-957\" srcset=\"https:\/\/www.santai-ceramics.com\/wp-content\/uploads\/2024\/10\/Wholesale-Lizard-Figurines-Decorations-5.jpg 2000w, https:\/\/www.santai-ceramics.com\/wp-content\/uploads\/2024\/10\/Wholesale-Lizard-Figurines-Decorations-5-300x250.jpg 300w, https:\/\/www.santai-ceramics.com\/wp-content\/uploads\/2024\/10\/Wholesale-Lizard-Figurines-Decorations-5-768x640.jpg 768w, https:\/\/www.santai-ceramics.com\/wp-content\/uploads\/2024\/10\/Wholesale-Lizard-Figurines-Decorations-5-1200x1000.jpg 1200w, https:\/\/www.santai-ceramics.com\/wp-content\/uploads\/2024\/10\/Wholesale-Lizard-Figurines-Decorations-5-600x500.jpg 600w\" sizes=\"(max-width: 2000px) 100vw, 2000px\" \/><\/figure>\n<\/div>\n<\/div>","protected":false},"excerpt":{"rendered":"<p data-pm-slice=\"0 0 []\">Figurines de l\u00e9zard en gros, con\u00e7ues pour la d\u00e9coration int\u00e9rieure. Ces figurines de l\u00e9zard sont populaires pour leurs formes uniques et leur artisanat m\u00e9ticuleux, montrant parfaitement les d\u00e9tails vifs des l\u00e9zards. Elles sont fabriqu\u00e9es en r\u00e9sine de haute qualit\u00e9, avec une bonne durabilit\u00e9 et une grande beaut\u00e9, et conviennent parfaitement aux besoins d'achat des d\u00e9taillants et des grossistes. N'h\u00e9sitez pas \u00e0 nous contacter pour obtenir un devis.<\/p>\n<h2>Caract\u00e9ristiques de la figurine de l\u00e9zard<\/h2>\n<p><strong>Texture m\u00e9tallique r\u00e9aliste :<\/strong> Cette figurine de l\u00e9zard est fabriqu\u00e9e en r\u00e9sine, qui est plus l\u00e9g\u00e8re et sp\u00e9cialement trait\u00e9e pour pr\u00e9senter un \u00e9clat et une texture m\u00e9talliques tr\u00e8s r\u00e9alistes, ajoutant un effet visuel et une touche uniques \u00e0 l'artisanat.<\/p>\n<p><strong>D\u00e9tails de l'artisanat d'art :<\/strong> Chaque d\u00e9tail de cette figurine de l\u00e9zard est soigneusement sculpt\u00e9 et trait\u00e9, ce qui t\u00e9moigne d'un tr\u00e8s haut niveau de savoir-faire. Des \u00e9cailles aux yeux, chaque partie est r\u00e9aliste.<\/p>\n<p><strong>Forte durabilit\u00e9 :<\/strong> La r\u00e9sine pr\u00e9sente une bonne durabilit\u00e9 et une bonne r\u00e9sistance \u00e0 la corrosion, ce qui permet \u00e0 cette figurine de l\u00e9zard de conserver son \u00e9clat et sa forme d'origine pendant longtemps. M\u00eame si elle est accidentellement heurt\u00e9e ou frott\u00e9e lors d'une utilisation quotidienne, elle ne laissera pas facilement de marques ou de dommages.<\/p>\n<p><strong>Service personnalis\u00e9 :<\/strong> En tant que fabricant professionnel de d\u00e9coration d'int\u00e9rieur, SANTAI vous propose une solution unique de figurines personnalis\u00e9es, couvrant la s\u00e9lection des mat\u00e9riaux, la conception du style, les \u00e9chantillons rapides et la production en s\u00e9rie. Contactez-nous pour commencer la personnalisation et r\u00e9aliser votre cr\u00e9ativit\u00e9.<\/p>","protected":false},"featured_media":953,"comment_status":"closed","ping_status":"closed","template":"","meta":{"_acf_changed":false},"product_brand":[],"product_cat":[18,25,48],"product_tag":[32],"class_list":{"0":"post-952","1":"product","2":"type-product","3":"status-publish","4":"has-post-thumbnail","6":"product_cat-home-decor","7":"product_cat-animal-ornaments","8":"product_cat-wholesale-resin-animal-figurines","9":"product_tag-resin-animal-figurines","11":"first","12":"instock","13":"shipping-taxable","14":"product-type-simple"},"acf":[],"_links":{"self":[{"href":"https:\/\/www.santai-ceramics.com\/fr\/wp-json\/wp\/v2\/product\/952","targetHints":{"allow":["GET"]}}],"collection":[{"href":"https:\/\/www.santai-ceramics.com\/fr\/wp-json\/wp\/v2\/product"}],"about":[{"href":"https:\/\/www.santai-ceramics.com\/fr\/wp-json\/wp\/v2\/types\/product"}],"replies":[{"embeddable":true,"href":"https:\/\/www.santai-ceramics.com\/fr\/wp-json\/wp\/v2\/comments?post=952"}],"wp:featuredmedia":[{"embeddable":true,"href":"https:\/\/www.santai-ceramics.com\/fr\/wp-json\/wp\/v2\/media\/953"}],"wp:attachment":[{"href":"https:\/\/www.santai-ceramics.com\/fr\/wp-json\/wp\/v2\/media?parent=952"}],"wp:term":[{"taxonomy":"product_brand","embeddable":true,"href":"https:\/\/www.santai-ceramics.com\/fr\/wp-json\/wp\/v2\/product_brand?post=952"},{"taxonomy":"product_cat","embeddable":true,"href":"https:\/\/www.santai-ceramics.com\/fr\/wp-json\/wp\/v2\/product_cat?post=952"},{"taxonomy":"product_tag","embeddable":true,"href":"https:\/\/www.santai-ceramics.com\/fr\/wp-json\/wp\/v2\/product_tag?post=952"}],"curies":[{"name":"wp","href":"https:\/\/api.w.org\/{rel}","templated":true}]}}