{"id":958,"date":"2024-10-19T07:33:12","date_gmt":"2024-10-19T07:33:12","guid":{"rendered":"https:\/\/www.santai-ceramics.com\/?post_type=product&#038;p=958"},"modified":"2025-06-12T23:26:17","modified_gmt":"2025-06-12T23:26:17","slug":"wholesale-customizable-lizard-ornament","status":"publish","type":"product","link":"https:\/\/www.santai-ceramics.com\/fr\/product\/wholesale-customizable-lizard-ornament\/","title":{"rendered":"Ornement de l\u00e9zard personnalisable en gros pour la d\u00e9coration d'int\u00e9rieur, Figurines de l\u00e9zard de jardin en vrac"},"content":{"rendered":"<h3 class=\"wp-block-heading\">Param\u00e8tres de l'ornement l\u00e9zard<\/h3>\n\n\n\n<figure class=\"wp-block-table\"><table class=\"has-fixed-layout\"><tbody><tr><td>Mod\u00e8le<\/td><td>Nom du produit<\/td><td>Couleur<\/td><td>Mat\u00e9riau<\/td><td>Utilisations<\/td><td>Dimensions<\/td><td>Poids<\/td><\/tr><tr><td>E37212-H889-A01<\/td><td>Ornement l\u00e9zard<\/td><td>Vert brut antique<\/td><td>R\u00e9sine<\/td><td>d\u00e9coration int\u00e9rieure, salon<\/td><td>31.5X17X8cm<\/td><td>0,7kg\/PC<\/td><\/tr><tr><td>E37212-H889-A02<\/td><td>Ornement l\u00e9zard<\/td><td>Vert brut antique<\/td><td>R\u00e9sine<\/td><td>d\u00e9coration int\u00e9rieure, salon<\/td><td>24.5X15X7cm<\/td><td>0,4kg\/PC<\/td><\/tr><\/tbody><\/table><\/figure>\n\n\n\n<h3 class=\"wp-block-heading\">Service d'ornements personnalis\u00e9s en forme de l\u00e9zard<\/h3>\n\n\n\n<p>Nous proposons des services OEM et ODM pour nos produits.<br>Des \u00e9chantillons peuvent \u00eatre livr\u00e9s rapidement.<br>Nous offrons une vari\u00e9t\u00e9 de formes, de couleurs, d'impressions personnalis\u00e9es, d'emballages et d'autres services sur mesure pour r\u00e9pondre \u00e0 vos besoins sp\u00e9cifiques.<br><a style=\"\" href=\"https:\/\/www.santai-ceramics.com\/fr\/custom\/\" data-type=\"page\" data-id=\"13\" target=\"_blank\" rel=\"noreferrer noopener\"><strong><b>En savoir plus sur la personnalisation<\/b> ornements en forme de l\u00e9zard.<\/strong><\/a><\/p>\n\n\n\n<div class=\"wp-block-columns is-layout-flex wp-container-core-columns-is-layout-9d6595d7 wp-block-columns-is-layout-flex\">\n<div class=\"wp-block-column is-layout-flow wp-block-column-is-layout-flow\">\n<figure class=\"wp-block-image size-full\"><img decoding=\"async\" width=\"1500\" height=\"1249\" src=\"https:\/\/www.santai-ceramics.com\/wp-content\/uploads\/2024\/10\/Lizard-Ornament-4.jpg\" alt=\"Ornement l\u00e9zard (4)\" class=\"wp-image-962\" srcset=\"https:\/\/www.santai-ceramics.com\/wp-content\/uploads\/2024\/10\/Lizard-Ornament-4.jpg 1500w, https:\/\/www.santai-ceramics.com\/wp-content\/uploads\/2024\/10\/Lizard-Ornament-4-300x250.jpg 300w, https:\/\/www.santai-ceramics.com\/wp-content\/uploads\/2024\/10\/Lizard-Ornament-4-768x639.jpg 768w, https:\/\/www.santai-ceramics.com\/wp-content\/uploads\/2024\/10\/Lizard-Ornament-4-1200x999.jpg 1200w, https:\/\/www.santai-ceramics.com\/wp-content\/uploads\/2024\/10\/Lizard-Ornament-4-600x500.jpg 600w\" sizes=\"(max-width: 1500px) 100vw, 1500px\" \/><\/figure>\n<\/div>\n\n\n\n<div class=\"wp-block-column is-layout-flow wp-block-column-is-layout-flow\">\n<figure class=\"wp-block-image size-full\"><img decoding=\"async\" width=\"1500\" height=\"1249\" src=\"https:\/\/www.santai-ceramics.com\/wp-content\/uploads\/2024\/10\/Lizard-Ornament-5.jpg\" alt=\"Ornement l\u00e9zard (5)\" class=\"wp-image-963\" srcset=\"https:\/\/www.santai-ceramics.com\/wp-content\/uploads\/2024\/10\/Lizard-Ornament-5.jpg 1500w, https:\/\/www.santai-ceramics.com\/wp-content\/uploads\/2024\/10\/Lizard-Ornament-5-300x250.jpg 300w, https:\/\/www.santai-ceramics.com\/wp-content\/uploads\/2024\/10\/Lizard-Ornament-5-768x639.jpg 768w, https:\/\/www.santai-ceramics.com\/wp-content\/uploads\/2024\/10\/Lizard-Ornament-5-1200x999.jpg 1200w, https:\/\/www.santai-ceramics.com\/wp-content\/uploads\/2024\/10\/Lizard-Ornament-5-600x500.jpg 600w\" sizes=\"(max-width: 1500px) 100vw, 1500px\" \/><\/figure>\n<\/div>\n<\/div>","protected":false},"excerpt":{"rendered":"<p data-pm-slice=\"0 0 []\">Cet ornement personnalisable en r\u00e9sine repr\u00e9sente la forme et les d\u00e9tails du l\u00e9zard. Il convient \u00e0 la d\u00e9coration de jardin ou d'int\u00e9rieur. Plusieurs tailles sont disponibles. <br \/>Nous proposons \u00e9galement des solutions d'ornementation personnalis\u00e9es. Les clients peuvent personnaliser les ornements pour animaux en fonction de leurs besoins afin de r\u00e9pondre aux besoins de d\u00e9coration de diff\u00e9rents styles et occasions.\u00a0<\/p>\n<h2>Caract\u00e9ristiques de l'ornement l\u00e9zard<\/h2>\n<p><strong>Une grande qualit\u00e9 artistique :<\/strong> La conception de cet ornement en forme de l\u00e9zard ne met pas seulement l'accent sur l'authenticit\u00e9, mais pr\u00e9sente \u00e9galement une certaine beaut\u00e9 artistique, avec des lignes douces et de belles formes, et a une grande valeur ornementale.<\/p>\n<p><strong>Une riche stratification :<\/strong> Gr\u00e2ce \u00e0 la texture de la r\u00e9sine, la texture et les d\u00e9tails de la surface de l'ornement en forme de l\u00e9zard sont plus riches, ajoutant des couches visuelles et une tridimensionnalit\u00e9.<\/p>\n<p><strong>Convient pour la d\u00e9coration :<\/strong> Cette forme r\u00e9aliste et artistique convient parfaitement \u00e0 la d\u00e9coration de la maison, du bureau ou d'autres lieux, et peut ajouter \u00e0 l'atmosph\u00e8re artistique de l'environnement.<\/p>\n<p><strong>Mat\u00e9riau en r\u00e9sine de haute qualit\u00e9 :<\/strong> Les ornements de l\u00e9zard en gros sont fabriqu\u00e9s en r\u00e9sine solide et durable qui peut r\u00e9sister \u00e0 l'usure et aux chocs lors d'une utilisation quotidienne et qui n'est pas facile \u00e0 endommager.<\/p>\n<p><strong>Le rapport co\u00fbt-efficacit\u00e9 :<\/strong> Par rapport \u00e0 certains mat\u00e9riaux co\u00fbteux, le co\u00fbt de la r\u00e9sine est inf\u00e9rieur, l'efficacit\u00e9 de la production est \u00e9lev\u00e9e et elle pr\u00e9sente un avantage en termes de prix par rapport \u00e0 des produits similaires.<\/p>\n<p><strong>Service de personnalisation :<\/strong> En tant que fabricant d'objets d\u00e9coratifs en poterie, SANTAI propose une solution compl\u00e8te d'ornements personnalis\u00e9s, couvrant la s\u00e9lection des mat\u00e9riaux, la conception et la production des formes, la production \u00e0 grande \u00e9chelle et la livraison.<\/p>","protected":false},"featured_media":959,"comment_status":"closed","ping_status":"closed","template":"","meta":{"_acf_changed":false},"product_brand":[],"product_cat":[18,25,48],"product_tag":[32],"class_list":{"0":"post-958","1":"product","2":"type-product","3":"status-publish","4":"has-post-thumbnail","6":"product_cat-home-decor","7":"product_cat-animal-ornaments","8":"product_cat-wholesale-resin-animal-figurines","9":"product_tag-resin-animal-figurines","11":"first","12":"instock","13":"shipping-taxable","14":"product-type-simple"},"acf":[],"_links":{"self":[{"href":"https:\/\/www.santai-ceramics.com\/fr\/wp-json\/wp\/v2\/product\/958","targetHints":{"allow":["GET"]}}],"collection":[{"href":"https:\/\/www.santai-ceramics.com\/fr\/wp-json\/wp\/v2\/product"}],"about":[{"href":"https:\/\/www.santai-ceramics.com\/fr\/wp-json\/wp\/v2\/types\/product"}],"replies":[{"embeddable":true,"href":"https:\/\/www.santai-ceramics.com\/fr\/wp-json\/wp\/v2\/comments?post=958"}],"wp:featuredmedia":[{"embeddable":true,"href":"https:\/\/www.santai-ceramics.com\/fr\/wp-json\/wp\/v2\/media\/959"}],"wp:attachment":[{"href":"https:\/\/www.santai-ceramics.com\/fr\/wp-json\/wp\/v2\/media?parent=958"}],"wp:term":[{"taxonomy":"product_brand","embeddable":true,"href":"https:\/\/www.santai-ceramics.com\/fr\/wp-json\/wp\/v2\/product_brand?post=958"},{"taxonomy":"product_cat","embeddable":true,"href":"https:\/\/www.santai-ceramics.com\/fr\/wp-json\/wp\/v2\/product_cat?post=958"},{"taxonomy":"product_tag","embeddable":true,"href":"https:\/\/www.santai-ceramics.com\/fr\/wp-json\/wp\/v2\/product_tag?post=958"}],"curies":[{"name":"wp","href":"https:\/\/api.w.org\/{rel}","templated":true}]}}