{"id":964,"date":"2024-10-19T08:28:55","date_gmt":"2024-10-19T08:28:55","guid":{"rendered":"https:\/\/www.santai-ceramics.com\/?post_type=product&#038;p=964"},"modified":"2025-06-12T23:26:09","modified_gmt":"2025-06-12T23:26:09","slug":"wholesale-resin-retro-goat-figurines","status":"publish","type":"product","link":"https:\/\/www.santai-ceramics.com\/fr\/product\/wholesale-resin-retro-goat-figurines\/","title":{"rendered":"Vente en gros de figurines de ch\u00e8vre en r\u00e9sine pour la maison, le jardin et la d\u00e9coration de la ferme : Support de personnalisation"},"content":{"rendered":"<h3 class=\"wp-block-heading\">Param\u00e8tres de la figurine de ch\u00e8vre en r\u00e9sine<\/h3>\n\n\n\n<figure class=\"wp-block-table\"><table class=\"has-fixed-layout\"><tbody><tr><td>Mod\u00e8le<\/td><td>Nom du produit<\/td><td>Couleur<\/td><td>Mat\u00e9riau<\/td><td>Utilisations<\/td><td>Dimensions<\/td><td>Poids<\/td><\/tr><tr><td>E37216-H856-A01<\/td><td>Ch\u00e8vre souriante<\/td><td>Antique Rough Brown<\/td><td>R\u00e9sine<\/td><td>d\u00e9coration int\u00e9rieure, salon<\/td><td>29X13X13.5cm<\/td><td>1,6kg\/PC<\/td><\/tr><tr><td>E37216-H856-A02<\/td><td>Ch\u00e8vre souriante<\/td><td>Antique Rough Brown<\/td><td>R\u00e9sine<\/td><td>d\u00e9coration int\u00e9rieure, salon<\/td><td>23.5X11X15cm<\/td><td>1kg\/PC<\/td><\/tr><\/tbody><\/table><\/figure>\n\n\n\n<h3 class=\"wp-block-heading\">Service de figurines de ch\u00e8vre en r\u00e9sine personnalis\u00e9es<\/h3>\n\n\n\n<p>Nous proposons des services OEM et ODM pour nos produits.<br>Des \u00e9chantillons peuvent \u00eatre livr\u00e9s rapidement.<br>Nous offrons une vari\u00e9t\u00e9 de formes, de couleurs, d'impressions personnalis\u00e9es, d'emballages et d'autres services sur mesure pour r\u00e9pondre \u00e0 vos besoins sp\u00e9cifiques.<br><a style=\"\" href=\"https:\/\/www.santai-ceramics.com\/fr\/custom\/\" data-type=\"page\" data-id=\"13\" target=\"_blank\" rel=\"noreferrer noopener\"><strong><b>En savoir plus sur la personnalisation<\/b> figurine de ch\u00e8vre en r\u00e9sine d\u00e9tail.<\/strong><\/a><\/p>\n\n\n\n<div class=\"wp-block-columns is-layout-flex wp-container-core-columns-is-layout-9d6595d7 wp-block-columns-is-layout-flex\">\n<div class=\"wp-block-column is-layout-flow wp-block-column-is-layout-flow\">\n<figure class=\"wp-block-image size-full\"><img decoding=\"async\" width=\"1500\" height=\"1249\" src=\"https:\/\/www.santai-ceramics.com\/wp-content\/uploads\/2024\/10\/wholesale-goat-figurines-5.jpg\" alt=\"Grosses figurines de ch\u00e8vres (5)\" class=\"wp-image-971\" srcset=\"https:\/\/www.santai-ceramics.com\/wp-content\/uploads\/2024\/10\/wholesale-goat-figurines-5.jpg 1500w, https:\/\/www.santai-ceramics.com\/wp-content\/uploads\/2024\/10\/wholesale-goat-figurines-5-300x250.jpg 300w, https:\/\/www.santai-ceramics.com\/wp-content\/uploads\/2024\/10\/wholesale-goat-figurines-5-768x639.jpg 768w, https:\/\/www.santai-ceramics.com\/wp-content\/uploads\/2024\/10\/wholesale-goat-figurines-5-1200x999.jpg 1200w, https:\/\/www.santai-ceramics.com\/wp-content\/uploads\/2024\/10\/wholesale-goat-figurines-5-600x500.jpg 600w\" sizes=\"(max-width: 1500px) 100vw, 1500px\" \/><\/figure>\n<\/div>\n\n\n\n<div class=\"wp-block-column is-layout-flow wp-block-column-is-layout-flow\">\n<figure class=\"wp-block-image size-full\"><img decoding=\"async\" width=\"1500\" height=\"1250\" src=\"https:\/\/www.santai-ceramics.com\/wp-content\/uploads\/2024\/10\/goat-figurine-display-2.jpg\" alt=\"Pr\u00e9sentoir de figurines de ch\u00e8vres (2)\" class=\"wp-image-966\" srcset=\"https:\/\/www.santai-ceramics.com\/wp-content\/uploads\/2024\/10\/goat-figurine-display-2.jpg 1500w, https:\/\/www.santai-ceramics.com\/wp-content\/uploads\/2024\/10\/goat-figurine-display-2-300x250.jpg 300w, https:\/\/www.santai-ceramics.com\/wp-content\/uploads\/2024\/10\/goat-figurine-display-2-768x640.jpg 768w, https:\/\/www.santai-ceramics.com\/wp-content\/uploads\/2024\/10\/goat-figurine-display-2-1200x1000.jpg 1200w, https:\/\/www.santai-ceramics.com\/wp-content\/uploads\/2024\/10\/goat-figurine-display-2-600x500.jpg 600w\" sizes=\"(max-width: 1500px) 100vw, 1500px\" \/><\/figure>\n<\/div>\n<\/div>","protected":false},"excerpt":{"rendered":"<p data-pm-slice=\"0 0 []\">Cette figurine de ch\u00e8vre r\u00e9tro est fabriqu\u00e9e en r\u00e9sine de haute qualit\u00e9, durable et imperm\u00e9able. Les d\u00e9tails exquis et les formes vives de la sculpture \u00e0 la main conviennent \u00e0 un placement \u00e0 l'int\u00e9rieur et \u00e0 l'ext\u00e9rieur, ainsi que dans la cour. Deux tailles peuvent \u00eatre s\u00e9lectionn\u00e9es, ce qui permet de cr\u00e9er un bon sens de la hi\u00e9rarchie.<br \/>Nous proposons des services personnalis\u00e9s, les clients peuvent choisir diff\u00e9rentes tailles, couleurs et traitements de surface pour cr\u00e9er des ornements animaliers exclusifs r\u00e9pondant \u00e0 des besoins d\u00e9coratifs sp\u00e9cifiques.<\/p>\n<h2>Caract\u00e9ristiques de la figurine de ch\u00e8vre en r\u00e9sine<\/h2>\n<p><strong>Design r\u00e9tro :<\/strong> Le savoir-faire artisanal utilis\u00e9 pour la fabrication de la figurine de ch\u00e8vre pr\u00e9sente un aspect r\u00e9tro qui lui conf\u00e8re un sens de l'histoire et de la texture.<\/p>\n<p><strong>Durable :<\/strong> La figurine de ch\u00e8vre est fabriqu\u00e9e en r\u00e9sine solide, ce qui conf\u00e8re \u00e0 ces sculptures une grande durabilit\u00e9 et leur permet de conserver leur forme et leur beaut\u00e9 pendant tr\u00e8s longtemps.<\/p>\n<p><strong>Bon effet d\u00e9coratif :<\/strong> Cette figurine de ch\u00e8vre peut \u00eatre utilis\u00e9e comme d\u00e9coration pour la maison ou le bureau afin d'am\u00e9liorer l'atmosph\u00e8re culturelle et le go\u00fbt artistique.<\/p>\n<p><strong>Forme vivante :<\/strong> Les d\u00e9tails de la figurine de ch\u00e8vre sont trait\u00e9s avec beaucoup de d\u00e9licatesse. Qu'il s'agisse des cornes, des cheveux ou m\u00eame des traits du visage du b\u00e9lier, ils sont tous tr\u00e8s r\u00e9alistes. Avec une telle finesse d'ex\u00e9cution, la sculpture est beaucoup plus r\u00e9aliste.<\/p>\n<p><strong>Service personnalis\u00e9 :<\/strong> En tant que fabricant de d\u00e9coration d'int\u00e9rieur, nous proposons des services de figurines personnalis\u00e9es. Les clients peuvent choisir la taille, la couleur, le mat\u00e9riau et la forme sp\u00e9cifique de la sculpture en fonction de leurs pr\u00e9f\u00e9rences et de leurs besoins.<\/p>","protected":false},"featured_media":970,"comment_status":"closed","ping_status":"closed","template":"","meta":{"_acf_changed":false},"product_brand":[],"product_cat":[18,25,48],"product_tag":[32],"class_list":{"0":"post-964","1":"product","2":"type-product","3":"status-publish","4":"has-post-thumbnail","6":"product_cat-home-decor","7":"product_cat-animal-ornaments","8":"product_cat-wholesale-resin-animal-figurines","9":"product_tag-resin-animal-figurines","11":"first","12":"instock","13":"shipping-taxable","14":"product-type-simple"},"acf":[],"_links":{"self":[{"href":"https:\/\/www.santai-ceramics.com\/fr\/wp-json\/wp\/v2\/product\/964","targetHints":{"allow":["GET"]}}],"collection":[{"href":"https:\/\/www.santai-ceramics.com\/fr\/wp-json\/wp\/v2\/product"}],"about":[{"href":"https:\/\/www.santai-ceramics.com\/fr\/wp-json\/wp\/v2\/types\/product"}],"replies":[{"embeddable":true,"href":"https:\/\/www.santai-ceramics.com\/fr\/wp-json\/wp\/v2\/comments?post=964"}],"wp:featuredmedia":[{"embeddable":true,"href":"https:\/\/www.santai-ceramics.com\/fr\/wp-json\/wp\/v2\/media\/970"}],"wp:attachment":[{"href":"https:\/\/www.santai-ceramics.com\/fr\/wp-json\/wp\/v2\/media?parent=964"}],"wp:term":[{"taxonomy":"product_brand","embeddable":true,"href":"https:\/\/www.santai-ceramics.com\/fr\/wp-json\/wp\/v2\/product_brand?post=964"},{"taxonomy":"product_cat","embeddable":true,"href":"https:\/\/www.santai-ceramics.com\/fr\/wp-json\/wp\/v2\/product_cat?post=964"},{"taxonomy":"product_tag","embeddable":true,"href":"https:\/\/www.santai-ceramics.com\/fr\/wp-json\/wp\/v2\/product_tag?post=964"}],"curies":[{"name":"wp","href":"https:\/\/api.w.org\/{rel}","templated":true}]}}