{"id":972,"date":"2024-10-19T09:04:15","date_gmt":"2024-10-19T09:04:15","guid":{"rendered":"https:\/\/www.santai-ceramics.com\/?post_type=product&#038;p=972"},"modified":"2025-06-12T23:25:59","modified_gmt":"2025-06-12T23:25:59","slug":"exquisite-wholesale-vintage-parrot-figurines","status":"publish","type":"product","link":"https:\/\/www.santai-ceramics.com\/fr\/product\/exquisite-wholesale-vintage-parrot-figurines\/","title":{"rendered":"Exquises figurines de perroquet vintage en gros : Objets de collection d\u00e9coratifs uniques pour la maison et le jardin"},"content":{"rendered":"<h3 class=\"wp-block-heading\">Param\u00e8tres des Figurines de perroquet en gros<\/h3>\n\n\n\n<figure class=\"wp-block-table\"><table class=\"has-fixed-layout\"><tbody><tr><td>Mod\u00e8le<\/td><td>Nom du produit<\/td><td>Couleur<\/td><td>Mat\u00e9riau<\/td><td>Utilisations<\/td><td>Dimensions<\/td><td>Poids<\/td><\/tr><tr><td>E37129-H885-A01<\/td><td>Gentleman Perroquet<\/td><td>Antique Rough Brown<\/td><td>R\u00e9sine<\/td><td>d\u00e9coration int\u00e9rieure, salon<\/td><td>13.5X12X38cm<\/td><td>1,4kg\/PC<\/td><\/tr><\/tbody><\/table><\/figure>\n\n\n\n<h3 class=\"wp-block-heading\">Service de figurines de perroquets personnalis\u00e9es<\/h3>\n\n\n\n<p>Nous proposons des services OEM et ODM pour nos produits.<br>Des \u00e9chantillons peuvent \u00eatre livr\u00e9s rapidement.<br>Nous offrons une vari\u00e9t\u00e9 de formes, de couleurs, d'impressions personnalis\u00e9es, d'emballages et d'autres services sur mesure pour r\u00e9pondre \u00e0 vos besoins sp\u00e9cifiques.<br><a style=\"\" href=\"https:\/\/www.santai-ceramics.com\/fr\/custom\/\" data-type=\"page\" data-id=\"13\" target=\"_blank\" rel=\"noreferrer noopener\"><strong><b>En savoir plus sur la personnalisation<\/b> figurine de perroquet vintage d\u00e9tail.<\/strong><\/a><\/p>\n\n\n\n<div class=\"wp-block-columns is-layout-flex wp-container-core-columns-is-layout-9d6595d7 wp-block-columns-is-layout-flex\">\n<div class=\"wp-block-column is-layout-flow wp-block-column-is-layout-flow\">\n<figure class=\"wp-block-image size-full\"><img decoding=\"async\" width=\"1500\" height=\"1250\" src=\"https:\/\/www.santai-ceramics.com\/wp-content\/uploads\/2024\/10\/vintage-parrot-figurine-4.jpg\" alt=\"figurine de perroquet vintage (4)\" class=\"wp-image-976\" srcset=\"https:\/\/www.santai-ceramics.com\/wp-content\/uploads\/2024\/10\/vintage-parrot-figurine-4.jpg 1500w, https:\/\/www.santai-ceramics.com\/wp-content\/uploads\/2024\/10\/vintage-parrot-figurine-4-300x250.jpg 300w, https:\/\/www.santai-ceramics.com\/wp-content\/uploads\/2024\/10\/vintage-parrot-figurine-4-768x640.jpg 768w, https:\/\/www.santai-ceramics.com\/wp-content\/uploads\/2024\/10\/vintage-parrot-figurine-4-1200x1000.jpg 1200w, https:\/\/www.santai-ceramics.com\/wp-content\/uploads\/2024\/10\/vintage-parrot-figurine-4-600x500.jpg 600w\" sizes=\"(max-width: 1500px) 100vw, 1500px\" \/><\/figure>\n<\/div>\n\n\n\n<div class=\"wp-block-column is-layout-flow wp-block-column-is-layout-flow\">\n<figure class=\"wp-block-image size-full\"><img decoding=\"async\" width=\"1500\" height=\"1250\" src=\"https:\/\/www.santai-ceramics.com\/wp-content\/uploads\/2024\/10\/vintage-parrot-figurine-5.jpg\" alt=\"figurine de perroquet vintage (5)\" class=\"wp-image-977\" srcset=\"https:\/\/www.santai-ceramics.com\/wp-content\/uploads\/2024\/10\/vintage-parrot-figurine-5.jpg 1500w, https:\/\/www.santai-ceramics.com\/wp-content\/uploads\/2024\/10\/vintage-parrot-figurine-5-300x250.jpg 300w, https:\/\/www.santai-ceramics.com\/wp-content\/uploads\/2024\/10\/vintage-parrot-figurine-5-768x640.jpg 768w, https:\/\/www.santai-ceramics.com\/wp-content\/uploads\/2024\/10\/vintage-parrot-figurine-5-1200x1000.jpg 1200w, https:\/\/www.santai-ceramics.com\/wp-content\/uploads\/2024\/10\/vintage-parrot-figurine-5-600x500.jpg 600w\" sizes=\"(max-width: 1500px) 100vw, 1500px\" \/><\/figure>\n<\/div>\n<\/div>","protected":false},"excerpt":{"rendered":"<p>Explorez notre collection unique de figurines de perroquet vintage en gros, chacune fabriqu\u00e9e \u00e0 partir de mat\u00e9riaux de premi\u00e8re qualit\u00e9 pour garantir la durabilit\u00e9 et la facilit\u00e9 d'entretien. Avec un travail artisanal m\u00e9ticuleux et des couleurs vives, elles sont parfaites pour tout style d'int\u00e9rieur ou d'ext\u00e9rieur.<\/p>\n<p>En tant que fabricant de d\u00e9corations d'int\u00e9rieur en c\u00e9ramique, nous offrons un soutien \u00e0 la personnalisation aux acheteurs B2B, o\u00f9 l'obtention de la taille, de la couleur ou du design sp\u00e9cifique dont vous avez besoin peut am\u00e9liorer l'attrait de votre marchandise et stimuler la croissance des ventes. Contactez-nous pour en savoir plus sur les informations relatives aux produits.<\/p>\n<h2>Caract\u00e9ristiques des figurines de perroquets en gros<\/h2>\n<p><strong>Forme originale :<\/strong> La conception de la figurine de perroquet sur une souche d'arbre la rendra naturelle et harmonieuse. Une telle conception augmentera non seulement le sens tridimensionnel de la sculpture, mais la rendra \u00e9galement plus vivante et int\u00e9ressante.<\/p>\n<p><strong>Durabilit\u00e9 :<\/strong> Cette figurine de perroquet vintage est fabriqu\u00e9e en r\u00e9sine de haute qualit\u00e9, qui pr\u00e9sente une excellente durabilit\u00e9 et une r\u00e9sistance \u00e0 la corrosion. Ses propri\u00e9t\u00e9s d'imperm\u00e9abilit\u00e9 et de r\u00e9sistance aux intemp\u00e9ries lui permettent de rester belle comme neuve dans diverses conditions climatiques.<\/p>\n<p><strong>Un savoir-faire exquis :<\/strong> Les plumes du perroquet sont tr\u00e8s finement d\u00e9taill\u00e9es et pr\u00e9sentent un ton blanc naturel, ce qui rend la sculpture plus artistique et r\u00e9aliste dans son ensemble.<\/p>\n<p><strong>Service sur mesure :<\/strong> En tant que fabricant leader de d\u00e9coration int\u00e9rieure en Chine, nous offrons des options de personnalisation illimit\u00e9es pour r\u00e9pondre \u00e0 vos besoins et pr\u00e9f\u00e9rences uniques. Qu'il s'agisse de tailles, de couleurs ou de mat\u00e9riaux sp\u00e9cifiques, ou encore de motifs uniques, nous veillons \u00e0 ce que chaque produit r\u00e9ponde \u00e0 vos attentes.<\/p>\n<p>&nbsp;<\/p>","protected":false},"featured_media":973,"comment_status":"closed","ping_status":"closed","template":"","meta":{"_acf_changed":false},"product_brand":[],"product_cat":[18,25,48],"product_tag":[32],"class_list":{"0":"post-972","1":"product","2":"type-product","3":"status-publish","4":"has-post-thumbnail","6":"product_cat-home-decor","7":"product_cat-animal-ornaments","8":"product_cat-wholesale-resin-animal-figurines","9":"product_tag-resin-animal-figurines","11":"first","12":"instock","13":"shipping-taxable","14":"product-type-simple"},"acf":[],"_links":{"self":[{"href":"https:\/\/www.santai-ceramics.com\/fr\/wp-json\/wp\/v2\/product\/972","targetHints":{"allow":["GET"]}}],"collection":[{"href":"https:\/\/www.santai-ceramics.com\/fr\/wp-json\/wp\/v2\/product"}],"about":[{"href":"https:\/\/www.santai-ceramics.com\/fr\/wp-json\/wp\/v2\/types\/product"}],"replies":[{"embeddable":true,"href":"https:\/\/www.santai-ceramics.com\/fr\/wp-json\/wp\/v2\/comments?post=972"}],"wp:featuredmedia":[{"embeddable":true,"href":"https:\/\/www.santai-ceramics.com\/fr\/wp-json\/wp\/v2\/media\/973"}],"wp:attachment":[{"href":"https:\/\/www.santai-ceramics.com\/fr\/wp-json\/wp\/v2\/media?parent=972"}],"wp:term":[{"taxonomy":"product_brand","embeddable":true,"href":"https:\/\/www.santai-ceramics.com\/fr\/wp-json\/wp\/v2\/product_brand?post=972"},{"taxonomy":"product_cat","embeddable":true,"href":"https:\/\/www.santai-ceramics.com\/fr\/wp-json\/wp\/v2\/product_cat?post=972"},{"taxonomy":"product_tag","embeddable":true,"href":"https:\/\/www.santai-ceramics.com\/fr\/wp-json\/wp\/v2\/product_tag?post=972"}],"curies":[{"name":"wp","href":"https:\/\/api.w.org\/{rel}","templated":true}]}}