{"id":1007,"date":"2024-10-20T13:01:39","date_gmt":"2024-10-20T13:01:39","guid":{"rendered":"https:\/\/www.santai-ceramics.com\/?post_type=product&#038;p=1007"},"modified":"2025-06-05T10:14:35","modified_gmt":"2025-06-05T10:14:35","slug":"wholesale-customizable-vintage-plant-pot","status":"publish","type":"product","link":"https:\/\/www.santai-ceramics.com\/pt\/product\/wholesale-customizable-vintage-plant-pot\/","title":{"rendered":"Vasos para plantas personaliz\u00e1veis por atacado - SANTAI Pottery Home Decor Fabricante"},"content":{"rendered":"<h3 class=\"wp-block-heading\">Par\u00e2metros do vaso personaliz\u00e1vel vintage para plantas<\/h3>\n\n\n\n<figure class=\"wp-block-table\"><table class=\"has-fixed-layout\"><tbody><tr><td>Modelo<\/td><td>Nome do produto<\/td><td>Cor<\/td><td>Material<\/td><td>Utiliza\u00e7\u00f5es<\/td><td>Dimens\u00f5es<\/td><td>Peso<\/td><\/tr><tr><td>J37578-H910-A01<\/td><td>Vaso de plantas vintage em fibrocimento&nbsp;<\/td><td>Escuro antigo<\/td><td>Fibra de cimento<\/td><td>decora\u00e7\u00e3o de casa,sala de estar,jardim<\/td><td>D:33X45cm<\/td><td>7,2 kg\/PC<\/td><\/tr><tr><td>J37578-H910-A02<\/td><td>Vaso de cimento de fibra<\/td><td>Escuro antigo<\/td><td>Fibra de cimento<\/td><td>decora\u00e7\u00e3o de casa,sala de estar,jardim<\/td><td>D:28X38,5cm<\/td><td>5kg\/PC<\/td><\/tr><\/tbody><\/table><\/figure>\n\n\n\n<h3 class=\"wp-block-heading\">Servi\u00e7o de vasos para plantas vintage personalizados<\/h3>\n\n\n\n<p>Oferecemos servi\u00e7os OEM e ODM para os nossos produtos.<br>Entrega r\u00e1pida de amostras est\u00e1 dispon\u00edvel.<br>Oferecemos uma variedade de formas, cores, impress\u00e3o personalizada, embalagens e outros servi\u00e7os personalizados para <strong>vasos para plantas personalizados<\/strong> para satisfazer as suas necessidades espec\u00edficas.<br><a style=\"\" href=\"https:\/\/www.santai-ceramics.com\/pt\/custom\/\" data-type=\"page\" data-id=\"13\" target=\"_blank\" rel=\"noreferrer noopener\"><strong><b>Saiba mais sobre personaliza\u00e7\u00e3o<\/b> pormenor do vaso de plantas.<\/strong><\/a><\/p>\n\n\n\n<div class=\"wp-block-columns is-layout-flex wp-container-core-columns-is-layout-9d6595d7 wp-block-columns-is-layout-flex\">\n<div class=\"wp-block-column is-layout-flow wp-block-column-is-layout-flow\">\n<figure class=\"wp-block-image size-full\"><img decoding=\"async\" width=\"1500\" height=\"1249\" src=\"https:\/\/www.santai-ceramics.com\/wp-content\/uploads\/2024\/10\/customizable-vintage-plant-pot-2.webp\" alt=\"vaso de plantas vintage personaliz\u00e1vel (2)\" class=\"wp-image-1009\" srcset=\"https:\/\/www.santai-ceramics.com\/wp-content\/uploads\/2024\/10\/customizable-vintage-plant-pot-2.webp 1500w, https:\/\/www.santai-ceramics.com\/wp-content\/uploads\/2024\/10\/customizable-vintage-plant-pot-2-300x250.webp 300w, https:\/\/www.santai-ceramics.com\/wp-content\/uploads\/2024\/10\/customizable-vintage-plant-pot-2-768x639.webp 768w, https:\/\/www.santai-ceramics.com\/wp-content\/uploads\/2024\/10\/customizable-vintage-plant-pot-2-1200x999.webp 1200w, https:\/\/www.santai-ceramics.com\/wp-content\/uploads\/2024\/10\/customizable-vintage-plant-pot-2-600x500.webp 600w\" sizes=\"(max-width: 1500px) 100vw, 1500px\" \/><\/figure>\n<\/div>\n\n\n\n<div class=\"wp-block-column is-layout-flow wp-block-column-is-layout-flow\">\n<figure class=\"wp-block-image size-full\"><img decoding=\"async\" width=\"1500\" height=\"1249\" src=\"https:\/\/www.santai-ceramics.com\/wp-content\/uploads\/2024\/10\/customizable-vintage-plant-pot-4.webp\" alt=\"vaso de plantas vintage personaliz\u00e1vel (4)\" class=\"wp-image-1011\" srcset=\"https:\/\/www.santai-ceramics.com\/wp-content\/uploads\/2024\/10\/customizable-vintage-plant-pot-4.webp 1500w, https:\/\/www.santai-ceramics.com\/wp-content\/uploads\/2024\/10\/customizable-vintage-plant-pot-4-300x250.webp 300w, https:\/\/www.santai-ceramics.com\/wp-content\/uploads\/2024\/10\/customizable-vintage-plant-pot-4-768x639.webp 768w, https:\/\/www.santai-ceramics.com\/wp-content\/uploads\/2024\/10\/customizable-vintage-plant-pot-4-1200x999.webp 1200w, https:\/\/www.santai-ceramics.com\/wp-content\/uploads\/2024\/10\/customizable-vintage-plant-pot-4-600x500.webp 600w\" sizes=\"(max-width: 1500px) 100vw, 1500px\" \/><\/figure>\n<\/div>\n<\/div>","protected":false},"excerpt":{"rendered":"<p data-pm-slice=\"0 0 []\">Oferecemos vasos de plantas vintage personaliz\u00e1veis por atacado numa variedade de tamanhos, cores e materiais. Este vaso de plantas vintage \u00e9 feito de textura de pedra natural atrav\u00e9s de um artesanato requintado. Os grossistas, retalhistas e empresas de decora\u00e7\u00e3o de jardinagem s\u00e3o bem-vindos a contactar-nos.<\/p>\n<h2>Carater\u00edsticas do vaso para plantas personaliz\u00e1vel Vintage<\/h2>\n<p><strong>Design \u00fanico:<\/strong> Este vaso de plantas vintage \u00e9 feito de fibrocimento, com um processamento especial, pode formar uma textura geom\u00e9trica complexa e uma textura de pedra natural na superf\u00edcie do vaso de plantas, adicionando uma atmosfera art\u00edstica a locais interiores e exteriores.<\/p>\n<p><strong>Versatilidade:<\/strong> \u00c9 bem concebido, o que n\u00e3o s\u00f3 \u00e9 adequado para plantar plantas, mas tamb\u00e9m para decora\u00e7\u00e3o, real\u00e7ando a beleza do espa\u00e7o como um todo.<\/p>\n<p><strong>Poupa o ambiente:<\/strong>Desde o fabrico at\u00e9 \u00e0 produ\u00e7\u00e3o, foram utilizados processos e materiais ecol\u00f3gicos. Garante que n\u00e3o foram misturadas subst\u00e2ncias nocivas com o vaso de plantas e que este \u00e9 mais seguro e saud\u00e1vel para uma utiliza\u00e7\u00e3o a longo prazo.<\/p>\n<p><strong>Adequa-se a muitos cen\u00e1rios:<\/strong> Este vaso personaliz\u00e1vel para plantas tem uma boa durabilidade e adapta-se bem a v\u00e1rias condi\u00e7\u00f5es climat\u00e9ricas exteriores, pelo que pode ser utilizado em diferentes cen\u00e1rios ambientais, no interior, como salas de estar interiores ou escrit\u00f3rios, no exterior, como jardins ou varandas, entre outros.<\/p>\n<p><strong>Servi\u00e7os personalizados OEM e ODM:<\/strong> Dispomos de uma vasta gama de op\u00e7\u00f5es de materiais e processos, incluindo argila, cimento por fundi\u00e7\u00e3o, fibrocimento, cer\u00e2mica com esmalte, etc., para ajudar os clientes a personalizar vasos para plantas exclusivos, adequados para grossistas e retalhistas.<\/p>","protected":false},"featured_media":1008,"comment_status":"closed","ping_status":"closed","template":"","meta":{"_acf_changed":false},"product_brand":[],"product_cat":[23,41,21,18],"product_tag":[],"class_list":{"0":"post-1007","1":"product","2":"type-product","3":"status-publish","4":"has-post-thumbnail","6":"product_cat-ceramic-pots-planters","7":"product_cat-wholesale-fiber-cement-plant-pots","8":"product_cat-garden-decor","9":"product_cat-home-decor","11":"first","12":"instock","13":"shipping-taxable","14":"product-type-simple"},"acf":[],"_links":{"self":[{"href":"https:\/\/www.santai-ceramics.com\/pt\/wp-json\/wp\/v2\/product\/1007","targetHints":{"allow":["GET"]}}],"collection":[{"href":"https:\/\/www.santai-ceramics.com\/pt\/wp-json\/wp\/v2\/product"}],"about":[{"href":"https:\/\/www.santai-ceramics.com\/pt\/wp-json\/wp\/v2\/types\/product"}],"replies":[{"embeddable":true,"href":"https:\/\/www.santai-ceramics.com\/pt\/wp-json\/wp\/v2\/comments?post=1007"}],"wp:featuredmedia":[{"embeddable":true,"href":"https:\/\/www.santai-ceramics.com\/pt\/wp-json\/wp\/v2\/media\/1008"}],"wp:attachment":[{"href":"https:\/\/www.santai-ceramics.com\/pt\/wp-json\/wp\/v2\/media?parent=1007"}],"wp:term":[{"taxonomy":"product_brand","embeddable":true,"href":"https:\/\/www.santai-ceramics.com\/pt\/wp-json\/wp\/v2\/product_brand?post=1007"},{"taxonomy":"product_cat","embeddable":true,"href":"https:\/\/www.santai-ceramics.com\/pt\/wp-json\/wp\/v2\/product_cat?post=1007"},{"taxonomy":"product_tag","embeddable":true,"href":"https:\/\/www.santai-ceramics.com\/pt\/wp-json\/wp\/v2\/product_tag?post=1007"}],"curies":[{"name":"wp","href":"https:\/\/api.w.org\/{rel}","templated":true}]}}