{"id":1014,"date":"2024-10-20T14:16:49","date_gmt":"2024-10-20T14:16:49","guid":{"rendered":"https:\/\/www.santai-ceramics.com\/?post_type=product&#038;p=1014"},"modified":"2025-06-05T10:14:08","modified_gmt":"2025-06-05T10:14:08","slug":"custom-large-vintage-art-deco-plant-pot","status":"publish","type":"product","link":"https:\/\/www.santai-ceramics.com\/pt\/product\/custom-large-vintage-art-deco-plant-pot\/","title":{"rendered":"Vaso de plantas Art Deco vintage grande e personalizado: Designs \u00fanicos para uma decora\u00e7\u00e3o interior e exterior elegante"},"content":{"rendered":"<h3 class=\"wp-block-heading\">Par\u00e2metros do vaso Art Deco<\/h3>\n\n\n\n<figure class=\"wp-block-table\"><table class=\"has-fixed-layout\"><tbody><tr><td>Modelo<\/td><td>Nome do produto<\/td><td>Cor<\/td><td>Material<\/td><td>Utiliza\u00e7\u00f5es<\/td><td>Dimens\u00f5es<\/td><td>Peso<\/td><\/tr><tr><td>J37579-H911-A01<\/td><td>Plantador de cimento de fibra&nbsp;<\/td><td>P\u00farpura escuro antigo<\/td><td>Fibra de cimento<\/td><td>decora\u00e7\u00e3o de casa,sala de estar,jardim<\/td><td>D:32,5X47,5cm<\/td><td>6,9 kg\/PC<\/td><\/tr><tr><td>J37579-H911-A02<\/td><td>Plantador de cimento de fibra&nbsp;<\/td><td>P\u00farpura escuro antigo<\/td><td>Fibra de cimento<\/td><td>decora\u00e7\u00e3o de casa,sala de estar,jardim<\/td><td>D:29X39cm<\/td><td>5,6 kg\/PC<\/td><\/tr><\/tbody><\/table><\/figure>\n\n\n\n<h3 class=\"wp-block-heading\">Servi\u00e7o de vasos personalizados para plantas<\/h3>\n\n\n\n<p>Oferecemos servi\u00e7os OEM e ODM para os nossos produtos.<br>Entrega r\u00e1pida de amostras est\u00e1 dispon\u00edvel.<br>Oferecemos uma variedade de formas, cores, impress\u00e3o personalizada, embalagem e outros servi\u00e7os adaptados para satisfazer as suas necessidades espec\u00edficas.<br><a style=\"\" href=\"https:\/\/www.santai-ceramics.com\/pt\/custom\/\" data-type=\"page\" data-id=\"13\" target=\"_blank\" rel=\"noreferrer noopener\"><strong><b>Saiba mais sobre personaliza\u00e7\u00e3o<\/b> pormenor do vaso de plantas.<\/strong><\/a><\/p>\n\n\n\n<div class=\"wp-block-columns is-layout-flex wp-container-core-columns-is-layout-9d6595d7 wp-block-columns-is-layout-flex\">\n<div class=\"wp-block-column is-layout-flow wp-block-column-is-layout-flow\">\n<figure class=\"wp-block-image size-full\"><img decoding=\"async\" width=\"1500\" height=\"1249\" src=\"https:\/\/www.santai-ceramics.com\/wp-content\/uploads\/2024\/10\/art-deco-plant-pot-3.jpg\" alt=\"vaso de plantas art deco (3)\" class=\"wp-image-1017\" srcset=\"https:\/\/www.santai-ceramics.com\/wp-content\/uploads\/2024\/10\/art-deco-plant-pot-3.jpg 1500w, https:\/\/www.santai-ceramics.com\/wp-content\/uploads\/2024\/10\/art-deco-plant-pot-3-300x250.jpg 300w, https:\/\/www.santai-ceramics.com\/wp-content\/uploads\/2024\/10\/art-deco-plant-pot-3-768x639.jpg 768w, https:\/\/www.santai-ceramics.com\/wp-content\/uploads\/2024\/10\/art-deco-plant-pot-3-1200x999.jpg 1200w, https:\/\/www.santai-ceramics.com\/wp-content\/uploads\/2024\/10\/art-deco-plant-pot-3-600x500.jpg 600w\" sizes=\"(max-width: 1500px) 100vw, 1500px\" \/><\/figure>\n<\/div>\n\n\n\n<div class=\"wp-block-column is-layout-flow wp-block-column-is-layout-flow\">\n<figure class=\"wp-block-image size-full\"><img decoding=\"async\" width=\"1500\" height=\"1250\" src=\"https:\/\/www.santai-ceramics.com\/wp-content\/uploads\/2024\/10\/art-deco-plant-pot-4.jpg\" alt=\"vaso de plantas art deco (4)\" class=\"wp-image-1018\" srcset=\"https:\/\/www.santai-ceramics.com\/wp-content\/uploads\/2024\/10\/art-deco-plant-pot-4.jpg 1500w, https:\/\/www.santai-ceramics.com\/wp-content\/uploads\/2024\/10\/art-deco-plant-pot-4-300x250.jpg 300w, https:\/\/www.santai-ceramics.com\/wp-content\/uploads\/2024\/10\/art-deco-plant-pot-4-768x640.jpg 768w, https:\/\/www.santai-ceramics.com\/wp-content\/uploads\/2024\/10\/art-deco-plant-pot-4-1200x1000.jpg 1200w, https:\/\/www.santai-ceramics.com\/wp-content\/uploads\/2024\/10\/art-deco-plant-pot-4-600x500.jpg 600w\" sizes=\"(max-width: 1500px) 100vw, 1500px\" \/><\/figure>\n<\/div>\n<\/div>","protected":false},"excerpt":{"rendered":"<p data-pm-slice=\"0 0 []\">Vendas diretas da f\u00e1brica do vaso de plantas Art Deco, este vaso de plantas personaliz\u00e1vel apresenta um design retro, combinando perfeitamente eleg\u00e2ncia e praticidade. Feito de materiais de fibrocimento de alta qualidade, garante durabilidade e praticidade, tornando-o uma escolha ideal para entusiastas de jardinagem e clientes comerciais.<\/p>\n<h2>Carater\u00edsticas do vaso para plantas Art Deco<\/h2>\n<p><strong>Imita\u00e7\u00e3o da textura da pedra natural:<\/strong> A superf\u00edcie deste vaso art deco tem uma textura rugosa \u00fanica, mostrando a simplicidade e a textura da pedra natural. Esta textura e toque naturais n\u00e3o s\u00f3 contribuem para a autenticidade do produto, como tamb\u00e9m s\u00e3o perfeitos para os entusiastas da jardinagem que procuram a beleza natural.\u00a0<\/p>\n<p><strong>Estilo retro:<\/strong> O design de apar\u00eancia \u00fanica incorpora um forte estilo retro, mostrando uma beleza cl\u00e1ssica. Quer se trate de casas modernas ou de decora\u00e7\u00f5es cl\u00e1ssicas, pode ser facilmente integrado para real\u00e7ar o estilo e a atmosfera do espa\u00e7o.\u00a0<\/p>\n<p><strong>Forte sentido de arte:<\/strong> A textura irregular e a superf\u00edcie manchada conferem uma forte atmosfera art\u00edstica ao vaso de plantas vintage, dando-lhe um encanto \u00fanico como uma obra de arte, adequado para jardins, p\u00e1tios e decora\u00e7\u00e3o de interiores.\u00a0<\/p>\n<p><strong>Estrutura est\u00e1vel:<\/strong> O nosso vaso para plantas adopta um design de forma pesada e s\u00f3lida, e a sua estabilidade garante um ambiente de crescimento seguro para as plantas. A boa durabilidade permite-lhe manter boas condi\u00e7\u00f5es durante muito tempo em condi\u00e7\u00f5es exteriores, resist\u00eancia ao vento e ao sol, assegurando que as suas plantas prosperam em v\u00e1rias condi\u00e7\u00f5es climat\u00e9ricas.<\/p>\n<p><strong>Servi\u00e7o de vaso de plantas personalizado OEM &amp; ODM:<\/strong> Fornecemos servi\u00e7os flex\u00edveis de vasos para plantas personalizados OEM e ODM. Fornecemos uma vasta gama de materiais e processos, incluindo cimento fundido, fibrocimento e argila. Quer necessite de um tamanho espec\u00edfico, cor ou textura \u00fanica, a nossa equipa pode ajud\u00e1-lo a criar um vaso para plantas personalizado \u00fanico.<\/p>","protected":false},"featured_media":1015,"comment_status":"closed","ping_status":"closed","template":"","meta":{"_acf_changed":false},"product_brand":[],"product_cat":[18,41,21,23],"product_tag":[40],"class_list":{"0":"post-1014","1":"product","2":"type-product","3":"status-publish","4":"has-post-thumbnail","6":"product_cat-home-decor","7":"product_cat-wholesale-fiber-cement-plant-pots","8":"product_cat-garden-decor","9":"product_cat-ceramic-pots-planters","10":"product_tag-cement-flower-pot","12":"first","13":"instock","14":"shipping-taxable","15":"product-type-simple"},"acf":[],"_links":{"self":[{"href":"https:\/\/www.santai-ceramics.com\/pt\/wp-json\/wp\/v2\/product\/1014","targetHints":{"allow":["GET"]}}],"collection":[{"href":"https:\/\/www.santai-ceramics.com\/pt\/wp-json\/wp\/v2\/product"}],"about":[{"href":"https:\/\/www.santai-ceramics.com\/pt\/wp-json\/wp\/v2\/types\/product"}],"replies":[{"embeddable":true,"href":"https:\/\/www.santai-ceramics.com\/pt\/wp-json\/wp\/v2\/comments?post=1014"}],"wp:featuredmedia":[{"embeddable":true,"href":"https:\/\/www.santai-ceramics.com\/pt\/wp-json\/wp\/v2\/media\/1015"}],"wp:attachment":[{"href":"https:\/\/www.santai-ceramics.com\/pt\/wp-json\/wp\/v2\/media?parent=1014"}],"wp:term":[{"taxonomy":"product_brand","embeddable":true,"href":"https:\/\/www.santai-ceramics.com\/pt\/wp-json\/wp\/v2\/product_brand?post=1014"},{"taxonomy":"product_cat","embeddable":true,"href":"https:\/\/www.santai-ceramics.com\/pt\/wp-json\/wp\/v2\/product_cat?post=1014"},{"taxonomy":"product_tag","embeddable":true,"href":"https:\/\/www.santai-ceramics.com\/pt\/wp-json\/wp\/v2\/product_tag?post=1014"}],"curies":[{"name":"wp","href":"https:\/\/api.w.org\/{rel}","templated":true}]}}