{"id":1491,"date":"2024-12-02T14:35:04","date_gmt":"2024-12-02T14:35:04","guid":{"rendered":"https:\/\/www.santai-ceramics.com\/?post_type=product&#038;p=1491"},"modified":"2025-02-02T14:41:27","modified_gmt":"2025-02-02T14:41:27","slug":"elegant-brown-ceramic-vases-wholesale","status":"publish","type":"product","link":"https:\/\/www.santai-ceramics.com\/pt\/product\/elegant-brown-ceramic-vases-wholesale\/","title":{"rendered":"Vasos de cer\u00e2mica castanhos elegantes por atacado, vasos de cer\u00e2mica vidrados bonitos a granel para venda"},"content":{"rendered":"<h3 class=\"wp-block-heading\">Par\u00e2metros da Jarra de cer\u00e2mica castanha elegante<\/h3>\n\n\n\n<figure class=\"wp-block-table\"><table class=\"has-fixed-layout\"><tbody><tr><td>Modelo<\/td><td>Nome do produto<\/td><td>Cor<\/td><td>Material<\/td><td>Utiliza\u00e7\u00f5es<\/td><td>Dimens\u00f5es<\/td><td>Peso<\/td><\/tr><tr><td>A31846-LC17-A03<\/td><td>Castanho elegante<\/td><td>Cer\u00e2mica<\/td><td>decora\u00e7\u00e3o de casa,sala de estar<\/td><td>decora\u00e7\u00e3o para casa, acess\u00f3rios para casa<\/td><td>D:19X25.5<\/td><td>1,8 kg\/unidade<\/td><\/tr><tr><td>A31846-LC17-A02<\/td><td>Castanho elegante<\/td><td>Cer\u00e2mica<\/td><td>decora\u00e7\u00e3o de casa,sala de estar<\/td><td>decora\u00e7\u00e3o para casa, acess\u00f3rios para casa<\/td><td>D:22,5X30,5<\/td><td>2.5kg\/pc<\/td><\/tr><\/tbody><\/table><\/figure>\n\n\n\n<h3 class=\"wp-block-heading\">Servi\u00e7o de vasos personalizados<\/h3>\n\n\n\n<p>Oferecemos servi\u00e7os OEM e ODM para os nossos produtos.<br>Entrega r\u00e1pida de amostras est\u00e1 dispon\u00edvel.<br>Oferecemos uma variedade de formas, cores, impress\u00e3o personalizada, embalagem e outros servi\u00e7os adaptados para satisfazer as suas necessidades espec\u00edficas.<br><a style=\"\" href=\"https:\/\/www.santai-ceramics.com\/pt\/custom\/\" data-type=\"page\" data-id=\"13\" target=\"_blank\" rel=\"noreferrer noopener\"><strong><b>Saiba mais sobre personaliza\u00e7\u00e3o <\/b>pormenor do vaso.<\/strong><\/a><\/p>\n\n\n\n<div class=\"wp-block-columns is-layout-flex wp-container-core-columns-is-layout-9d6595d7 wp-block-columns-is-layout-flex\">\n<div class=\"wp-block-column is-layout-flow wp-block-column-is-layout-flow\">\n<figure class=\"wp-block-image size-full\"><img decoding=\"async\" width=\"1500\" height=\"1250\" src=\"https:\/\/www.santai-ceramics.com\/wp-content\/uploads\/2024\/12\/Elegant-Brown-Ceramic-Vase-Detail-2.jpg\" alt=\"Detalhe da jarra de cer\u00e2mica castanha elegante (2)\" class=\"wp-image-1493\" srcset=\"https:\/\/www.santai-ceramics.com\/wp-content\/uploads\/2024\/12\/Elegant-Brown-Ceramic-Vase-Detail-2.jpg 1500w, https:\/\/www.santai-ceramics.com\/wp-content\/uploads\/2024\/12\/Elegant-Brown-Ceramic-Vase-Detail-2-300x250.jpg 300w, https:\/\/www.santai-ceramics.com\/wp-content\/uploads\/2024\/12\/Elegant-Brown-Ceramic-Vase-Detail-2-768x640.jpg 768w, https:\/\/www.santai-ceramics.com\/wp-content\/uploads\/2024\/12\/Elegant-Brown-Ceramic-Vase-Detail-2-14x12.jpg 14w, https:\/\/www.santai-ceramics.com\/wp-content\/uploads\/2024\/12\/Elegant-Brown-Ceramic-Vase-Detail-2-1200x1000.jpg 1200w, https:\/\/www.santai-ceramics.com\/wp-content\/uploads\/2024\/12\/Elegant-Brown-Ceramic-Vase-Detail-2-600x500.jpg 600w\" sizes=\"(max-width: 1500px) 100vw, 1500px\" \/><\/figure>\n<\/div>\n\n\n\n<div class=\"wp-block-column is-layout-flow wp-block-column-is-layout-flow\">\n<figure class=\"wp-block-image size-full\"><img decoding=\"async\" width=\"1500\" height=\"1250\" src=\"https:\/\/www.santai-ceramics.com\/wp-content\/uploads\/2024\/12\/Elegant-Brown-Ceramic-Vase-Detail-3.jpg\" alt=\"Detalhe da jarra de cer\u00e2mica castanha elegante (3)\" class=\"wp-image-1494\" srcset=\"https:\/\/www.santai-ceramics.com\/wp-content\/uploads\/2024\/12\/Elegant-Brown-Ceramic-Vase-Detail-3.jpg 1500w, https:\/\/www.santai-ceramics.com\/wp-content\/uploads\/2024\/12\/Elegant-Brown-Ceramic-Vase-Detail-3-300x250.jpg 300w, https:\/\/www.santai-ceramics.com\/wp-content\/uploads\/2024\/12\/Elegant-Brown-Ceramic-Vase-Detail-3-768x640.jpg 768w, https:\/\/www.santai-ceramics.com\/wp-content\/uploads\/2024\/12\/Elegant-Brown-Ceramic-Vase-Detail-3-14x12.jpg 14w, https:\/\/www.santai-ceramics.com\/wp-content\/uploads\/2024\/12\/Elegant-Brown-Ceramic-Vase-Detail-3-1200x1000.jpg 1200w, https:\/\/www.santai-ceramics.com\/wp-content\/uploads\/2024\/12\/Elegant-Brown-Ceramic-Vase-Detail-3-600x500.jpg 600w\" sizes=\"(max-width: 1500px) 100vw, 1500px\" \/><\/figure>\n<\/div>\n<\/div>","protected":false},"excerpt":{"rendered":"<p data-pm-slice=\"0 0 []\">Vasos de cer\u00e2mica castanhos elegantes por atacado, este vaso tem um brilho \u00fanico e textura em camadas, adequado para arranjo de flores e como uma decora\u00e7\u00e3o, \u00e9 uma escolha ideal para decora\u00e7\u00e3o de m\u00f3veis e layout de espa\u00e7o comercial. Como um fabricante de vaso de cer\u00e2mica, n\u00f3s fornecemos servi\u00e7os de vaso personalizado OEM &amp; ODM, entre em contato conosco para pre\u00e7os preferenciais.<\/p>\n<h2>Carater\u00edsticas da Jarra de cer\u00e2mica castanha elegante<\/h2>\n<p><strong>Aspeto elegante<\/strong>: Esta jarra de cer\u00e2mica castanha elegante incorpora um artesanato requintado, que \u00e9 uma combina\u00e7\u00e3o perfeita de artesanato tradicional e design moderno. \u00c9 adequado como decora\u00e7\u00e3o de casa em cer\u00e2mica na sala de estar, no escrit\u00f3rio e noutros locais.<\/p>\n<p><strong>Adequado para v\u00e1rios tipos de arranjos florais:<\/strong> O design deste vaso de cer\u00e2mica \u00e9 vers\u00e1til e pode ser perfeitamente combinado com flores frescas, flores secas e plantas verdes para criar diferentes ambientes dom\u00e9sticos.<\/p>\n<p><strong>Grande durabilidade:<\/strong> Esta \u00e9 uma jarra de cer\u00e2mica vidrada. O esmalte aumenta a beleza e a resist\u00eancia ao desgaste da jarra, resiste eficazmente a riscos e danos e mant\u00e9m o seu brilho mesmo ap\u00f3s uma coloca\u00e7\u00e3o prolongada.<\/p>\n<p><strong>Prote\u00e7\u00e3o do ambiente e da sa\u00fade:<\/strong> A argila e o esmalte utilizados no fabrico do vaso cumprem as normas de prote\u00e7\u00e3o ambiental, s\u00e3o amigos do ambiente e n\u00e3o representam qualquer amea\u00e7a para a sa\u00fade humana. \u00c9 adequado para uso familiar quotidiano.<\/p>\n<p><strong>Solu\u00e7\u00e3o de vaso personalizada:<\/strong> Como um fabricante de vaso de cer\u00e2mica, n\u00f3s fornecemos uma solu\u00e7\u00e3o completa de vaso personalizado OEM&amp;ODM, incluindo materiais personalizados de vaso, formas, embalagens e muito mais.<\/p>","protected":false},"featured_media":1496,"comment_status":"closed","ping_status":"closed","template":"","meta":{"_acf_changed":false},"product_brand":[],"product_cat":[18,22],"product_tag":[34],"class_list":{"0":"post-1491","1":"product","2":"type-product","3":"status-publish","4":"has-post-thumbnail","6":"product_cat-home-decor","7":"product_cat-vase","8":"product_tag-ceramic-vase","10":"first","11":"instock","12":"shipping-taxable","13":"product-type-simple"},"acf":[],"_links":{"self":[{"href":"https:\/\/www.santai-ceramics.com\/pt\/wp-json\/wp\/v2\/product\/1491","targetHints":{"allow":["GET"]}}],"collection":[{"href":"https:\/\/www.santai-ceramics.com\/pt\/wp-json\/wp\/v2\/product"}],"about":[{"href":"https:\/\/www.santai-ceramics.com\/pt\/wp-json\/wp\/v2\/types\/product"}],"replies":[{"embeddable":true,"href":"https:\/\/www.santai-ceramics.com\/pt\/wp-json\/wp\/v2\/comments?post=1491"}],"wp:featuredmedia":[{"embeddable":true,"href":"https:\/\/www.santai-ceramics.com\/pt\/wp-json\/wp\/v2\/media\/1496"}],"wp:attachment":[{"href":"https:\/\/www.santai-ceramics.com\/pt\/wp-json\/wp\/v2\/media?parent=1491"}],"wp:term":[{"taxonomy":"product_brand","embeddable":true,"href":"https:\/\/www.santai-ceramics.com\/pt\/wp-json\/wp\/v2\/product_brand?post=1491"},{"taxonomy":"product_cat","embeddable":true,"href":"https:\/\/www.santai-ceramics.com\/pt\/wp-json\/wp\/v2\/product_cat?post=1491"},{"taxonomy":"product_tag","embeddable":true,"href":"https:\/\/www.santai-ceramics.com\/pt\/wp-json\/wp\/v2\/product_tag?post=1491"}],"curies":[{"name":"wp","href":"https:\/\/api.w.org\/{rel}","templated":true}]}}