{"id":1507,"date":"2024-12-03T15:41:44","date_gmt":"2024-12-03T15:41:44","guid":{"rendered":"https:\/\/www.santai-ceramics.com\/?post_type=product&#038;p=1507"},"modified":"2025-02-02T14:40:55","modified_gmt":"2025-02-02T14:40:55","slug":"wholesale-chinese-classical-patterned-ceramic-vase","status":"publish","type":"product","link":"https:\/\/www.santai-ceramics.com\/pt\/product\/wholesale-chinese-classical-patterned-ceramic-vase\/","title":{"rendered":"Vaso de cer\u00e2mica com padr\u00e3o cl\u00e1ssico chin\u00eas por atacado, vaso tradicional e elegante para decora\u00e7\u00e3o de casa"},"content":{"rendered":"<h3 class=\"wp-block-heading\">Par\u00e2metros da jarra de cer\u00e2mica com padr\u00e3o cl\u00e1ssico<\/h3>\n\n\n\n<figure class=\"wp-block-table\"><table class=\"has-fixed-layout\"><tbody><tr><td>Modelo<\/td><td>Nome do produto<\/td><td>Cor<\/td><td>Material<\/td><td>Utiliza\u00e7\u00f5es<\/td><td>Dimens\u00f5es<\/td><td>Peso<\/td><\/tr><tr><td>A32067-LC17-A01<\/td><td>Vaso de cer\u00e2mica para flores<\/td><td>Castanho elegante<\/td><td>Cer\u00e2mica<\/td><td>decora\u00e7\u00e3o de casa,sala de estar<\/td><td>30X16X18,5<\/td><td>2,1 kg\/unidade<\/td><\/tr><\/tbody><\/table><\/figure>\n\n\n\n<h3 class=\"wp-block-heading\">Servi\u00e7o de vasos de cer\u00e2mica personalizados<\/h3>\n\n\n\n<p>Oferecemos servi\u00e7os OEM e ODM para os nossos produtos.<br>Entrega r\u00e1pida de amostras est\u00e1 dispon\u00edvel.<br>Oferecemos uma variedade de formas, cores, impress\u00e3o personalizada, embalagem e outros servi\u00e7os adaptados para satisfazer as suas necessidades espec\u00edficas.<br><a style=\"\" href=\"https:\/\/www.santai-ceramics.com\/pt\/custom\/\" data-type=\"page\" data-id=\"13\" target=\"_blank\" rel=\"noreferrer noopener\"><strong><b>Saiba mais sobre personaliza\u00e7\u00e3o<\/b> pormenor do vaso.<\/strong><\/a><\/p>\n\n\n\n<div class=\"wp-block-columns is-layout-flex wp-container-core-columns-is-layout-9d6595d7 wp-block-columns-is-layout-flex\">\n<div class=\"wp-block-column is-layout-flow wp-block-column-is-layout-flow\">\n<figure class=\"wp-block-image size-full\"><img decoding=\"async\" width=\"1500\" height=\"1250\" src=\"https:\/\/www.santai-ceramics.com\/wp-content\/uploads\/2024\/12\/Chinese-Classical-Patterned-Ceramic-Vase-1-1.jpg\" alt=\"Jarra de cer\u00e2mica com padr\u00e3o cl\u00e1ssico chin\u00eas (1)\" class=\"wp-image-1512\" srcset=\"https:\/\/www.santai-ceramics.com\/wp-content\/uploads\/2024\/12\/Chinese-Classical-Patterned-Ceramic-Vase-1-1.jpg 1500w, https:\/\/www.santai-ceramics.com\/wp-content\/uploads\/2024\/12\/Chinese-Classical-Patterned-Ceramic-Vase-1-1-300x250.jpg 300w, https:\/\/www.santai-ceramics.com\/wp-content\/uploads\/2024\/12\/Chinese-Classical-Patterned-Ceramic-Vase-1-1-768x640.jpg 768w, https:\/\/www.santai-ceramics.com\/wp-content\/uploads\/2024\/12\/Chinese-Classical-Patterned-Ceramic-Vase-1-1-14x12.jpg 14w, https:\/\/www.santai-ceramics.com\/wp-content\/uploads\/2024\/12\/Chinese-Classical-Patterned-Ceramic-Vase-1-1-1200x1000.jpg 1200w, https:\/\/www.santai-ceramics.com\/wp-content\/uploads\/2024\/12\/Chinese-Classical-Patterned-Ceramic-Vase-1-1-600x500.jpg 600w\" sizes=\"(max-width: 1500px) 100vw, 1500px\" \/><\/figure>\n<\/div>\n\n\n\n<div class=\"wp-block-column is-layout-flow wp-block-column-is-layout-flow\">\n<figure class=\"wp-block-image size-full\"><img decoding=\"async\" width=\"1500\" height=\"1250\" src=\"https:\/\/www.santai-ceramics.com\/wp-content\/uploads\/2024\/12\/Chinese-Classical-Patterned-Ceramic-Vase-2-1.jpg\" alt=\"Jarra de cer\u00e2mica com padr\u00e3o cl\u00e1ssico chin\u00eas (2)\" class=\"wp-image-1514\" srcset=\"https:\/\/www.santai-ceramics.com\/wp-content\/uploads\/2024\/12\/Chinese-Classical-Patterned-Ceramic-Vase-2-1.jpg 1500w, https:\/\/www.santai-ceramics.com\/wp-content\/uploads\/2024\/12\/Chinese-Classical-Patterned-Ceramic-Vase-2-1-300x250.jpg 300w, https:\/\/www.santai-ceramics.com\/wp-content\/uploads\/2024\/12\/Chinese-Classical-Patterned-Ceramic-Vase-2-1-768x640.jpg 768w, https:\/\/www.santai-ceramics.com\/wp-content\/uploads\/2024\/12\/Chinese-Classical-Patterned-Ceramic-Vase-2-1-14x12.jpg 14w, https:\/\/www.santai-ceramics.com\/wp-content\/uploads\/2024\/12\/Chinese-Classical-Patterned-Ceramic-Vase-2-1-1200x1000.jpg 1200w, https:\/\/www.santai-ceramics.com\/wp-content\/uploads\/2024\/12\/Chinese-Classical-Patterned-Ceramic-Vase-2-1-600x500.jpg 600w\" sizes=\"(max-width: 1500px) 100vw, 1500px\" \/><\/figure>\n<\/div>\n<\/div>","protected":false},"excerpt":{"rendered":"<p data-pm-slice=\"0 0 []\">As jarras de cer\u00e2mica cl\u00e1ssica por grosso, feitas de barro natural, t\u00eam uma textura e uma cor de esmalte \u00fanicas, um padr\u00e3o chin\u00eas e um design de forma \u00fanico. Este vaso cl\u00e1ssico pode ser perfeitamente integrado numa variedade de estilos de casa. Pode ser usado como uma decora\u00e7\u00e3o de arte independente ou para arranjo de flores. N\u00f3s fornecemos servi\u00e7os profissionais de vaso de cer\u00e2mica por atacado e personalizado, entre em contacto connosco.<\/p>\n<h2>Carater\u00edsticas da Jarra de cer\u00e2mica com padr\u00e3o cl\u00e1ssico<\/h2>\n<p><strong>Design cl\u00e1ssico chin\u00eas:<\/strong> O vaso cl\u00e1ssico adopta padr\u00f5es tradicionais chineses, integrando ricos elementos culturais e express\u00f5es art\u00edsticas, mostrando uma profunda est\u00e9tica chinesa.<\/p>\n<p><strong>F\u00e1cil de combinar:<\/strong> Este vaso de cer\u00e2mica com padr\u00e3o cl\u00e1ssico pode ser perfeitamente integrado numa variedade de estilos de casa, acrescentando uma atmosfera art\u00edstica \u00fanica \u00e0 decora\u00e7\u00e3o de mobili\u00e1rio de estilo simples e tradicional.<\/p>\n<p><strong>Dur\u00e1vel e bonito:<\/strong> Este vaso cl\u00e1ssico \u00e9 feito de barro natural e cozido a alta temperatura para garantir a sua durabilidade e brilho.<\/p>\n<p><strong>Materiais de alta qualidade:<\/strong> Selecionando argila de alta qualidade e fabricada atrav\u00e9s de um trabalho artesanal requintado, esta jarra de cer\u00e2mica com padr\u00e3o cl\u00e1ssico tem uma superf\u00edcie lisa, boa sensa\u00e7\u00e3o, resistente ao desgaste e dur\u00e1vel, e pode manter um brilho perfeito mesmo ap\u00f3s uma utiliza\u00e7\u00e3o prolongada.<\/p>\n<p><strong>Servi\u00e7o OEM e ODM:<\/strong> Como fabricante de cer\u00e2mica para decora\u00e7\u00e3o de interiores, fornecemos servi\u00e7os de personaliza\u00e7\u00e3o OEM e ODM para encomendas de grande volume, abrangendo materiais, formas, tamanhos personalizados e muito mais<\/p>","protected":false},"featured_media":1512,"comment_status":"closed","ping_status":"closed","template":"","meta":{"_acf_changed":false},"product_brand":[],"product_cat":[18,22],"product_tag":[34],"class_list":{"0":"post-1507","1":"product","2":"type-product","3":"status-publish","4":"has-post-thumbnail","6":"product_cat-home-decor","7":"product_cat-vase","8":"product_tag-ceramic-vase","10":"first","11":"instock","12":"shipping-taxable","13":"product-type-simple"},"acf":[],"_links":{"self":[{"href":"https:\/\/www.santai-ceramics.com\/pt\/wp-json\/wp\/v2\/product\/1507","targetHints":{"allow":["GET"]}}],"collection":[{"href":"https:\/\/www.santai-ceramics.com\/pt\/wp-json\/wp\/v2\/product"}],"about":[{"href":"https:\/\/www.santai-ceramics.com\/pt\/wp-json\/wp\/v2\/types\/product"}],"replies":[{"embeddable":true,"href":"https:\/\/www.santai-ceramics.com\/pt\/wp-json\/wp\/v2\/comments?post=1507"}],"wp:featuredmedia":[{"embeddable":true,"href":"https:\/\/www.santai-ceramics.com\/pt\/wp-json\/wp\/v2\/media\/1512"}],"wp:attachment":[{"href":"https:\/\/www.santai-ceramics.com\/pt\/wp-json\/wp\/v2\/media?parent=1507"}],"wp:term":[{"taxonomy":"product_brand","embeddable":true,"href":"https:\/\/www.santai-ceramics.com\/pt\/wp-json\/wp\/v2\/product_brand?post=1507"},{"taxonomy":"product_cat","embeddable":true,"href":"https:\/\/www.santai-ceramics.com\/pt\/wp-json\/wp\/v2\/product_cat?post=1507"},{"taxonomy":"product_tag","embeddable":true,"href":"https:\/\/www.santai-ceramics.com\/pt\/wp-json\/wp\/v2\/product_tag?post=1507"}],"curies":[{"name":"wp","href":"https:\/\/api.w.org\/{rel}","templated":true}]}}