{"id":1601,"date":"2024-12-30T05:26:26","date_gmt":"2024-12-30T05:26:26","guid":{"rendered":"https:\/\/www.santai-ceramics.com\/?post_type=product&#038;p=1601"},"modified":"2025-06-05T14:26:16","modified_gmt":"2025-06-05T14:26:16","slug":"wholesale-decorative-terracotta-plant-pots","status":"publish","type":"product","link":"https:\/\/www.santai-ceramics.com\/pt\/product\/wholesale-decorative-terracotta-plant-pots\/","title":{"rendered":"Vasos de plantas decorativos de terracota por atacado \uff0c Vasos de plantas de jardim de cer\u00e2mica retr\u00f4 a granel"},"content":{"rendered":"<h3 class=\"wp-block-heading\">Par\u00e2metros dos vasos decorativos de terracota para plantas<\/h3>\n\n\n\n<figure class=\"wp-block-table\"><table class=\"has-fixed-layout\"><tbody><tr><td>Modelo<\/td><td>Nome do produto<\/td><td>Cor<\/td><td>Material<\/td><td>Utiliza\u00e7\u00f5es<\/td><td>Dimens\u00f5es<\/td><td>Peso<\/td><\/tr><tr><td>G37391-H911-A01<\/td><td>&nbsp;Vaso de terracota<\/td><td>P\u00farpura escuro antigo<\/td><td>&nbsp;Terracota<\/td><td>decora\u00e7\u00e3o de casa,sala de estar,jardim<\/td><td>D:21X19,5cm<\/td><td>2,7 kg\/PC<\/td><\/tr><tr><td>G37391-H911-A02<\/td><td>&nbsp;Vaso de terracota<\/td><td>P\u00farpura escuro antigo<\/td><td>&nbsp;Terracota<\/td><td>decora\u00e7\u00e3o de casa,sala de estar,jardim<\/td><td>D:16,5X15,5cm<\/td><td>1,6 kg\/PC<\/td><\/tr><\/tbody><\/table><\/figure>\n\n\n\n<h3 class=\"wp-block-heading\">Servi\u00e7o de vasos personalizados para plantas<\/h3>\n\n\n\n<p>Oferecemos servi\u00e7os OEM e ODM para os nossos produtos.<br>Entrega r\u00e1pida de amostras est\u00e1 dispon\u00edvel.<br>Oferecemos uma variedade de formas, cores, impress\u00e3o personalizada, embalagem e outros servi\u00e7os adaptados para satisfazer as suas necessidades espec\u00edficas.<br><a style=\"\" href=\"https:\/\/www.santai-ceramics.com\/pt\/custom\/\" data-type=\"page\" data-id=\"13\" target=\"_blank\" rel=\"noreferrer noopener\"><strong><b>Saiba mais sobre personaliza\u00e7\u00e3o<\/b> pormenor do vaso de plantas.<\/strong><\/a><\/p>\n\n\n\n<div class=\"wp-block-columns is-layout-flex wp-container-core-columns-is-layout-9d6595d7 wp-block-columns-is-layout-flex\">\n<div class=\"wp-block-column is-layout-flow wp-block-column-is-layout-flow\">\n<figure class=\"wp-block-image size-full\"><img decoding=\"async\" width=\"1500\" height=\"1250\" src=\"https:\/\/www.santai-ceramics.com\/wp-content\/uploads\/2024\/12\/Wholesale-Decorative-Terracotta-Plant-Pots-4.webp\" alt=\"Vasos decorativos de terracota para plantas por atacado (4)\" class=\"wp-image-1605\" srcset=\"https:\/\/www.santai-ceramics.com\/wp-content\/uploads\/2024\/12\/Wholesale-Decorative-Terracotta-Plant-Pots-4.webp 1500w, https:\/\/www.santai-ceramics.com\/wp-content\/uploads\/2024\/12\/Wholesale-Decorative-Terracotta-Plant-Pots-4-300x250.webp 300w, https:\/\/www.santai-ceramics.com\/wp-content\/uploads\/2024\/12\/Wholesale-Decorative-Terracotta-Plant-Pots-4-768x640.webp 768w, https:\/\/www.santai-ceramics.com\/wp-content\/uploads\/2024\/12\/Wholesale-Decorative-Terracotta-Plant-Pots-4-14x12.webp 14w, https:\/\/www.santai-ceramics.com\/wp-content\/uploads\/2024\/12\/Wholesale-Decorative-Terracotta-Plant-Pots-4-1200x1000.webp 1200w, https:\/\/www.santai-ceramics.com\/wp-content\/uploads\/2024\/12\/Wholesale-Decorative-Terracotta-Plant-Pots-4-600x500.webp 600w\" sizes=\"(max-width: 1500px) 100vw, 1500px\" \/><\/figure>\n<\/div>\n\n\n\n<div class=\"wp-block-column is-layout-flow wp-block-column-is-layout-flow\">\n<figure class=\"wp-block-image size-full\"><img decoding=\"async\" width=\"1500\" height=\"1249\" src=\"https:\/\/www.santai-ceramics.com\/wp-content\/uploads\/2024\/12\/Wholesale-Decorative-Terracotta-Plant-Pots-5.webp\" alt=\"Vasos decorativos de terracota para plantas por atacado (5)\" class=\"wp-image-1606\" srcset=\"https:\/\/www.santai-ceramics.com\/wp-content\/uploads\/2024\/12\/Wholesale-Decorative-Terracotta-Plant-Pots-5.webp 1500w, https:\/\/www.santai-ceramics.com\/wp-content\/uploads\/2024\/12\/Wholesale-Decorative-Terracotta-Plant-Pots-5-300x250.webp 300w, https:\/\/www.santai-ceramics.com\/wp-content\/uploads\/2024\/12\/Wholesale-Decorative-Terracotta-Plant-Pots-5-768x639.webp 768w, https:\/\/www.santai-ceramics.com\/wp-content\/uploads\/2024\/12\/Wholesale-Decorative-Terracotta-Plant-Pots-5-14x12.webp 14w, https:\/\/www.santai-ceramics.com\/wp-content\/uploads\/2024\/12\/Wholesale-Decorative-Terracotta-Plant-Pots-5-1200x999.webp 1200w, https:\/\/www.santai-ceramics.com\/wp-content\/uploads\/2024\/12\/Wholesale-Decorative-Terracotta-Plant-Pots-5-600x500.webp 600w\" sizes=\"(max-width: 1500px) 100vw, 1500px\" \/><\/figure>\n<\/div>\n<\/div>\n\n\n\n<div class=\"wp-block-columns is-layout-flex wp-container-core-columns-is-layout-9d6595d7 wp-block-columns-is-layout-flex\">\n<div class=\"wp-block-column is-layout-flow wp-block-column-is-layout-flow\"><\/div>\n\n\n\n<div class=\"wp-block-column is-layout-flow wp-block-column-is-layout-flow\"><\/div>\n<\/div>","protected":false},"excerpt":{"rendered":"<p data-pm-slice=\"0 0 []\">Vasos de plantas decorativos de terracota por atacado, este vaso de plantas de estilo retro \u00e9 feito de artesanato tradicional e argila, que \u00e9 bonito e pr\u00e1tico, adequado para plantar v\u00e1rios tipos de plantas e proporcionar-lhes um bom ambiente de crescimento. Al\u00e9m disso, este vaso de plantas de terracota pode ser usado como decora\u00e7\u00e3o de jardim ou interior, adicionando uma atmosfera natural e art\u00edstica ao seu espa\u00e7o.<\/p>\n<h2>Carater\u00edsticas dos vasos decorativos de terracota para plantas<\/h2>\n<p><strong>Material natural:<\/strong> Os vasos para plantas s\u00e3o feitos de barro, que \u00e9 amigo do ambiente e n\u00e3o t\u00f3xico, mais favor\u00e1vel ao crescimento das plantas, e pode efetivamente evitar os problemas de polui\u00e7\u00e3o causados pelos vasos de pl\u00e1stico.<\/p>\n<p><strong>Excelente reten\u00e7\u00e3o de \u00e1gua:<\/strong> Os vasos decorativos de terracota podem manter a humidade adequada, permitindo que as plantas absorvam a humidade necess\u00e1ria em ambientes \u00e1ridos e melhorem a taxa de sobreviv\u00eancia das plantas.<\/p>\n<p><strong>Boa permeabilidade ao ar:<\/strong> O material argiloso tem uma permeabilidade natural ao ar, o que pode promover a ventila\u00e7\u00e3o do solo, ajudar as ra\u00edzes das plantas a crescerem de forma saud\u00e1vel e evitar que a acumula\u00e7\u00e3o de \u00e1gua cause a podrid\u00e3o das ra\u00edzes.<\/p>\n<p><strong>Design de apar\u00eancia \u00fanica:<\/strong> O design da superf\u00edcie dos vasos decorativos de terracota para plantas tem uma textura c\u00f4ncava e convexa \u00fanica, que acrescenta a beleza da natureza e da arte artesanal. \u00c9 um design que combina praticidade e decora\u00e7\u00e3o.<\/p>\n<p><strong>Adequado para uma variedade de utiliza\u00e7\u00f5es:<\/strong> Para al\u00e9m de ser utilizado como vaso de planta\u00e7\u00e3o, pode tamb\u00e9m ser utilizado como decora\u00e7\u00e3o de interiores, o que complementa v\u00e1rios estilos de ambientes dom\u00e9sticos.<\/p>\n<p><strong>Servi\u00e7o OEM&amp;ODM:  A SANTAI fornece uma solu\u00e7\u00e3o personalizada para vasos de plantas, abrangendo o design, o fabrico de amostras e a produ\u00e7\u00e3o em massa, bem-vindo a contactar-nos<\/strong><\/p>","protected":false},"featured_media":1602,"comment_status":"closed","ping_status":"closed","template":"","meta":{"_acf_changed":false},"product_brand":[],"product_cat":[18,42,21,23],"product_tag":[38],"class_list":{"0":"post-1601","1":"product","2":"type-product","3":"status-publish","4":"has-post-thumbnail","6":"product_cat-home-decor","7":"product_cat-wholesale-ceramic-plant-pots","8":"product_cat-garden-decor","9":"product_cat-ceramic-pots-planters","10":"product_tag-wholesale-terracotta-flower-pots","12":"first","13":"instock","14":"shipping-taxable","15":"product-type-simple"},"acf":[],"_links":{"self":[{"href":"https:\/\/www.santai-ceramics.com\/pt\/wp-json\/wp\/v2\/product\/1601","targetHints":{"allow":["GET"]}}],"collection":[{"href":"https:\/\/www.santai-ceramics.com\/pt\/wp-json\/wp\/v2\/product"}],"about":[{"href":"https:\/\/www.santai-ceramics.com\/pt\/wp-json\/wp\/v2\/types\/product"}],"replies":[{"embeddable":true,"href":"https:\/\/www.santai-ceramics.com\/pt\/wp-json\/wp\/v2\/comments?post=1601"}],"wp:featuredmedia":[{"embeddable":true,"href":"https:\/\/www.santai-ceramics.com\/pt\/wp-json\/wp\/v2\/media\/1602"}],"wp:attachment":[{"href":"https:\/\/www.santai-ceramics.com\/pt\/wp-json\/wp\/v2\/media?parent=1601"}],"wp:term":[{"taxonomy":"product_brand","embeddable":true,"href":"https:\/\/www.santai-ceramics.com\/pt\/wp-json\/wp\/v2\/product_brand?post=1601"},{"taxonomy":"product_cat","embeddable":true,"href":"https:\/\/www.santai-ceramics.com\/pt\/wp-json\/wp\/v2\/product_cat?post=1601"},{"taxonomy":"product_tag","embeddable":true,"href":"https:\/\/www.santai-ceramics.com\/pt\/wp-json\/wp\/v2\/product_tag?post=1601"}],"curies":[{"name":"wp","href":"https:\/\/api.w.org\/{rel}","templated":true}]}}