{"id":1608,"date":"2024-12-30T05:47:21","date_gmt":"2024-12-30T05:47:21","guid":{"rendered":"https:\/\/www.santai-ceramics.com\/?post_type=product&#038;p=1608"},"modified":"2025-02-02T14:37:12","modified_gmt":"2025-02-02T14:37:12","slug":"custom-vintage-ceramic-vase-wholesale","status":"publish","type":"product","link":"https:\/\/www.santai-ceramics.com\/pt\/product\/custom-vintage-ceramic-vase-wholesale\/","title":{"rendered":"Vaso de cer\u00e2mica vintage personalizado por atacado - Fabricante de cer\u00e2mica profissional SANTAI"},"content":{"rendered":"<h3 class=\"wp-block-heading\">Par\u00e2metros da jarra vintage personaliz\u00e1vel<\/h3>\n\n\n\n<figure class=\"wp-block-table\"><table class=\"has-fixed-layout\"><tbody><tr><td>Modelo<\/td><td>Nome do produto<\/td><td>Cor<\/td><td>Material<\/td><td>Utiliza\u00e7\u00f5es<\/td><td>Dimens\u00f5es<\/td><td>Peso<\/td><\/tr><tr><td>G37385-H911-A02<\/td><td>&nbsp;Vaso de terracota<\/td><td>P\u00farpura escuro antigo<\/td><td>&nbsp;Terracota<\/td><td>decora\u00e7\u00e3o de casa,sala de estar,jardim<\/td><td>D:19X25cm<\/td><td>2,3 kg\/PC<\/td><\/tr><tr><td>G37386-H911-A01<\/td><td>&nbsp;Vaso de terracota<\/td><td>P\u00farpura escuro antigo<\/td><td>&nbsp;Terracota<\/td><td>decora\u00e7\u00e3o de casa,sala de estar,jardim<\/td><td>D:16,5X19,5cm<br><\/td><td>1,5kg\/PC<\/td><\/tr><\/tbody><\/table><\/figure>\n\n\n\n<h3 class=\"wp-block-heading\">Servi\u00e7o de vasos personalizados<\/h3>\n\n\n\n<p>Oferecemos servi\u00e7os OEM e ODM para os nossos produtos.<br>Entrega r\u00e1pida de amostras est\u00e1 dispon\u00edvel.<br>Oferecemos uma variedade de formas, cores, impress\u00e3o personalizada, embalagem e outros servi\u00e7os adaptados para satisfazer as suas necessidades espec\u00edficas.<br><a style=\"\" href=\"https:\/\/www.santai-ceramics.com\/pt\/custom\/\" data-type=\"page\" data-id=\"13\" target=\"_blank\" rel=\"noreferrer noopener\"><strong><b>Saiba mais sobre personaliza\u00e7\u00e3o<\/b> pormenor do vaso.<\/strong><\/a><\/p>\n\n\n\n<div class=\"wp-block-columns is-layout-flex wp-container-core-columns-is-layout-9d6595d7 wp-block-columns-is-layout-flex\">\n<div class=\"wp-block-column is-layout-flow wp-block-column-is-layout-flow\">\n<figure class=\"wp-block-image size-full\"><img decoding=\"async\" width=\"1500\" height=\"1249\" src=\"https:\/\/www.santai-ceramics.com\/wp-content\/uploads\/2024\/12\/Custom-Vintage-Ceramic-Vase-4.webp\" alt=\"Vaso de cer\u00e2mica vintage personalizado (4)\" class=\"wp-image-1624\" srcset=\"https:\/\/www.santai-ceramics.com\/wp-content\/uploads\/2024\/12\/Custom-Vintage-Ceramic-Vase-4.webp 1500w, https:\/\/www.santai-ceramics.com\/wp-content\/uploads\/2024\/12\/Custom-Vintage-Ceramic-Vase-4-300x250.webp 300w, https:\/\/www.santai-ceramics.com\/wp-content\/uploads\/2024\/12\/Custom-Vintage-Ceramic-Vase-4-768x639.webp 768w, https:\/\/www.santai-ceramics.com\/wp-content\/uploads\/2024\/12\/Custom-Vintage-Ceramic-Vase-4-14x12.webp 14w, https:\/\/www.santai-ceramics.com\/wp-content\/uploads\/2024\/12\/Custom-Vintage-Ceramic-Vase-4-1200x999.webp 1200w, https:\/\/www.santai-ceramics.com\/wp-content\/uploads\/2024\/12\/Custom-Vintage-Ceramic-Vase-4-600x500.webp 600w\" sizes=\"(max-width: 1500px) 100vw, 1500px\" \/><\/figure>\n<\/div>\n\n\n\n<div class=\"wp-block-column is-layout-flow wp-block-column-is-layout-flow\">\n<figure class=\"wp-block-image size-full\"><img decoding=\"async\" width=\"1500\" height=\"1249\" src=\"https:\/\/www.santai-ceramics.com\/wp-content\/uploads\/2024\/12\/Custom-Vintage-Ceramic-Vase-6.webp\" alt=\"Vaso de cer\u00e2mica vintage personalizado (6)\" class=\"wp-image-1626\" srcset=\"https:\/\/www.santai-ceramics.com\/wp-content\/uploads\/2024\/12\/Custom-Vintage-Ceramic-Vase-6.webp 1500w, https:\/\/www.santai-ceramics.com\/wp-content\/uploads\/2024\/12\/Custom-Vintage-Ceramic-Vase-6-300x250.webp 300w, https:\/\/www.santai-ceramics.com\/wp-content\/uploads\/2024\/12\/Custom-Vintage-Ceramic-Vase-6-768x639.webp 768w, https:\/\/www.santai-ceramics.com\/wp-content\/uploads\/2024\/12\/Custom-Vintage-Ceramic-Vase-6-14x12.webp 14w, https:\/\/www.santai-ceramics.com\/wp-content\/uploads\/2024\/12\/Custom-Vintage-Ceramic-Vase-6-1200x999.webp 1200w, https:\/\/www.santai-ceramics.com\/wp-content\/uploads\/2024\/12\/Custom-Vintage-Ceramic-Vase-6-600x500.webp 600w\" sizes=\"(max-width: 1500px) 100vw, 1500px\" \/><\/figure>\n<\/div>\n<\/div>","protected":false},"excerpt":{"rendered":"<p data-pm-slice=\"0 0 []\">Vaso de cer\u00e2mica vintage personalizado por atacado, combinando artesanato tradicional com conceitos de design moderno, este vaso de cer\u00e2mica vintage mostra uma beleza art\u00edstica elegante. Apoiamos vasos de cer\u00e2mica personalizados de uma paragem, bem-vindo para nos dizer as suas ideias.<\/p>\n<h2>Carater\u00edsticas da Jarra de cer\u00e2mica vintage personalizada\u00a0<\/h2>\n<p><strong>Design vintage:<\/strong> A superf\u00edcie deste vaso est\u00e1 decorada com texturas vintage, exalando uma atmosfera cl\u00e1ssica \u00fanica, tornando o seu espa\u00e7o mais art\u00edstico.<\/p>\n<p><strong>Material argiloso de alta qualidade:<\/strong> O vaso de cer\u00e2mica vintage personaliz\u00e1vel \u00e9 feito de argila de alta qualidade, com textura fina, toque confort\u00e1vel e boa durabilidade<\/p>\n<p><strong>Artesanato amigo do ambiente:<\/strong> Fabricado atrav\u00e9s do artesanato tradicional, mant\u00e9m as carater\u00edsticas naturais do barro, \u00e9 amigo do ambiente e n\u00e3o polui, e o seu aspeto natural e simples \u00e9 adequado para uma variedade de estilos de decora\u00e7\u00e3o de interiores.<\/p>\n<p><strong>Servi\u00e7o de solu\u00e7\u00e3o de vasos personalizados:<\/strong> Fornecemos solu\u00e7\u00f5es personalizadas para vasos, abrangendo uma variedade de dimens\u00f5es de personaliza\u00e7\u00e3o, incluindo material, tamanho, forma, padr\u00e3o e muito mais.<\/p>","protected":false},"featured_media":1621,"comment_status":"closed","ping_status":"closed","template":"","meta":{"_acf_changed":false},"product_brand":[],"product_cat":[18,21,22],"product_tag":[34],"class_list":{"0":"post-1608","1":"product","2":"type-product","3":"status-publish","4":"has-post-thumbnail","6":"product_cat-home-decor","7":"product_cat-garden-decor","8":"product_cat-vase","9":"product_tag-ceramic-vase","11":"first","12":"instock","13":"shipping-taxable","14":"product-type-simple"},"acf":[],"_links":{"self":[{"href":"https:\/\/www.santai-ceramics.com\/pt\/wp-json\/wp\/v2\/product\/1608","targetHints":{"allow":["GET"]}}],"collection":[{"href":"https:\/\/www.santai-ceramics.com\/pt\/wp-json\/wp\/v2\/product"}],"about":[{"href":"https:\/\/www.santai-ceramics.com\/pt\/wp-json\/wp\/v2\/types\/product"}],"replies":[{"embeddable":true,"href":"https:\/\/www.santai-ceramics.com\/pt\/wp-json\/wp\/v2\/comments?post=1608"}],"wp:featuredmedia":[{"embeddable":true,"href":"https:\/\/www.santai-ceramics.com\/pt\/wp-json\/wp\/v2\/media\/1621"}],"wp:attachment":[{"href":"https:\/\/www.santai-ceramics.com\/pt\/wp-json\/wp\/v2\/media?parent=1608"}],"wp:term":[{"taxonomy":"product_brand","embeddable":true,"href":"https:\/\/www.santai-ceramics.com\/pt\/wp-json\/wp\/v2\/product_brand?post=1608"},{"taxonomy":"product_cat","embeddable":true,"href":"https:\/\/www.santai-ceramics.com\/pt\/wp-json\/wp\/v2\/product_cat?post=1608"},{"taxonomy":"product_tag","embeddable":true,"href":"https:\/\/www.santai-ceramics.com\/pt\/wp-json\/wp\/v2\/product_tag?post=1608"}],"curies":[{"name":"wp","href":"https:\/\/api.w.org\/{rel}","templated":true}]}}