{"id":1627,"date":"2024-12-30T06:15:56","date_gmt":"2024-12-30T06:15:56","guid":{"rendered":"https:\/\/www.santai-ceramics.com\/?post_type=product&#038;p=1627"},"modified":"2025-06-05T14:25:03","modified_gmt":"2025-06-05T14:25:03","slug":"custom-antique-ceramic-plant-pot","status":"publish","type":"product","link":"https:\/\/www.santai-ceramics.com\/pt\/product\/custom-antique-ceramic-plant-pot\/","title":{"rendered":"Vaso de cer\u00e2mica antigo personalizado para decora\u00e7\u00e3o de interiores e exteriores por atacado"},"content":{"rendered":"<h3 class=\"wp-block-heading\">Parameters of Custom Antique Plant Pot<\/h3>\n\n\n\n<figure class=\"wp-block-table\"><table class=\"has-fixed-layout\"><tbody><tr><td>Modelo<\/td><td>Nome do produto<\/td><td>Cor<\/td><td>Material<\/td><td>Utiliza\u00e7\u00f5es<\/td><td>Dimens\u00f5es<\/td><td>Peso<\/td><\/tr><tr><td>G36942-H911-A01<\/td><td>&nbsp;Vaso de terracota<\/td><td>P\u00farpura escuro antigo<\/td><td>&nbsp;Terracota<\/td><td>decora\u00e7\u00e3o de casa,sala de estar,jardim<\/td><td>D:20.5X19.5cm<\/td><td>2.5kg\/PC<\/td><\/tr><tr><td>G36942-H911-A02<\/td><td>&nbsp;Vaso de terracota<\/td><td>P\u00farpura escuro antigo<\/td><td>&nbsp;Terracota<\/td><td>decora\u00e7\u00e3o de casa,sala de estar,jardim<\/td><td>D:16,5X15,5cm<\/td><td>1,5kg\/PC<\/td><\/tr><tr><td>G36942-H911-A03<\/td><td>&nbsp;Vaso de terracota<\/td><td>P\u00farpura escuro antigo<\/td><td>&nbsp;Terracota<\/td><td>decora\u00e7\u00e3o de casa,sala de estar,jardim<\/td><td>D:13.5X13cm<\/td><td>0,9 kg\/PC<\/td><\/tr><\/tbody><\/table><\/figure>\n\n\n\n<h3 class=\"wp-block-heading\">Servi\u00e7o de vasos personalizados para plantas<\/h3>\n\n\n\n<p>Oferecemos servi\u00e7os OEM e ODM para os nossos produtos.<br>Entrega r\u00e1pida de amostras est\u00e1 dispon\u00edvel.<br>Oferecemos uma variedade de formas, cores, impress\u00e3o personalizada, embalagem e outros servi\u00e7os adaptados para satisfazer as suas necessidades espec\u00edficas.<br><a style=\"\" href=\"https:\/\/www.santai-ceramics.com\/pt\/custom\/\" data-type=\"page\" data-id=\"13\" target=\"_blank\" rel=\"noreferrer noopener\"><strong><b>Saiba mais sobre personaliza\u00e7\u00e3o<\/b> pormenor do vaso de plantas.<\/strong><\/a><\/p>\n\n\n\n<div class=\"wp-block-columns is-layout-flex wp-container-core-columns-is-layout-9d6595d7 wp-block-columns-is-layout-flex\">\n<div class=\"wp-block-column is-layout-flow wp-block-column-is-layout-flow\">\n<figure class=\"wp-block-image size-full\"><img decoding=\"async\" width=\"1500\" height=\"1250\" src=\"https:\/\/www.santai-ceramics.com\/wp-content\/uploads\/2024\/12\/custom-antique-plant-pot-3.webp\" alt=\"custom antique plant pot (3)\" class=\"wp-image-1630\" srcset=\"https:\/\/www.santai-ceramics.com\/wp-content\/uploads\/2024\/12\/custom-antique-plant-pot-3.webp 1500w, https:\/\/www.santai-ceramics.com\/wp-content\/uploads\/2024\/12\/custom-antique-plant-pot-3-300x250.webp 300w, https:\/\/www.santai-ceramics.com\/wp-content\/uploads\/2024\/12\/custom-antique-plant-pot-3-768x640.webp 768w, https:\/\/www.santai-ceramics.com\/wp-content\/uploads\/2024\/12\/custom-antique-plant-pot-3-14x12.webp 14w, https:\/\/www.santai-ceramics.com\/wp-content\/uploads\/2024\/12\/custom-antique-plant-pot-3-1200x1000.webp 1200w, https:\/\/www.santai-ceramics.com\/wp-content\/uploads\/2024\/12\/custom-antique-plant-pot-3-600x500.webp 600w\" sizes=\"(max-width: 1500px) 100vw, 1500px\" \/><\/figure>\n<\/div>\n\n\n\n<div class=\"wp-block-column is-layout-flow wp-block-column-is-layout-flow\">\n<figure class=\"wp-block-image size-full\"><img decoding=\"async\" width=\"1500\" height=\"1250\" src=\"https:\/\/www.santai-ceramics.com\/wp-content\/uploads\/2024\/12\/custom-antique-plant-pot-4.webp\" alt=\"custom antique plant pot (4)\" class=\"wp-image-1631\" srcset=\"https:\/\/www.santai-ceramics.com\/wp-content\/uploads\/2024\/12\/custom-antique-plant-pot-4.webp 1500w, https:\/\/www.santai-ceramics.com\/wp-content\/uploads\/2024\/12\/custom-antique-plant-pot-4-300x250.webp 300w, https:\/\/www.santai-ceramics.com\/wp-content\/uploads\/2024\/12\/custom-antique-plant-pot-4-768x640.webp 768w, https:\/\/www.santai-ceramics.com\/wp-content\/uploads\/2024\/12\/custom-antique-plant-pot-4-14x12.webp 14w, https:\/\/www.santai-ceramics.com\/wp-content\/uploads\/2024\/12\/custom-antique-plant-pot-4-1200x1000.webp 1200w, https:\/\/www.santai-ceramics.com\/wp-content\/uploads\/2024\/12\/custom-antique-plant-pot-4-600x500.webp 600w\" sizes=\"(max-width: 1500px) 100vw, 1500px\" \/><\/figure>\n<\/div>\n<\/div>","protected":false},"excerpt":{"rendered":"<p data-pm-slice=\"0 0 []\">Wholesale custom antique ceramic plant pots, with unique vintage artistic charm, suitable for a variety of indoor and outdoor environments. Our plant pots are made of high-quality terracotta and are handmade. Choose us and enjoy preferential prices for bulk purchases to meet the needs of different customers.<\/p>\n<h2>Features of Custom Ceramic Plant Pot\u00a0<\/h2>\n<p><!-- wp:paragraph --><\/p>\n<p><strong>Vintage Design:<\/strong> This custom antique ceramic plant pot has an elegant vintage style design, which makes the plant and the pot complement each other. It is very suitable as a decoration for the courtyard, terrace, living room or office.<\/p>\n<p><!-- \/wp:paragraph --><\/p>\n<p><!-- wp:paragraph --><\/p>\n<p><strong>Support customized service:<\/strong> Provide OEM &amp; ODM customized services, you can choose or design the style of the flower pot according to your personal preferences or specific decorative style.<\/p>\n<p><!-- \/wp:paragraph --><\/p>\n<p><!-- wp:paragraph --><\/p>\n<p><strong>Material de alta qualidade: <\/strong>The antique ceramic plant pot is made of high-quality red clay, which is resistant to cracking and weathering, and has good air permeability, which helps the healthy growth of plant roots.<\/p>\n<p><!-- \/wp:paragraph --><\/p>\n<p><!-- wp:paragraph --><\/p>\n<p><strong>Factory direct wholesale:<\/strong> SNATAI plant pot manufacturers provide you with competitive prices and support large-volume purchases, making it an ideal choice for wholesalers and retailers.<!-- \/wp:paragraph --><\/p>","protected":false},"featured_media":1628,"comment_status":"closed","ping_status":"closed","template":"","meta":{"_acf_changed":false},"product_brand":[],"product_cat":[18,42,21,23],"product_tag":[38],"class_list":{"0":"post-1627","1":"product","2":"type-product","3":"status-publish","4":"has-post-thumbnail","6":"product_cat-home-decor","7":"product_cat-wholesale-ceramic-plant-pots","8":"product_cat-garden-decor","9":"product_cat-ceramic-pots-planters","10":"product_tag-wholesale-terracotta-flower-pots","12":"first","13":"instock","14":"shipping-taxable","15":"product-type-simple"},"acf":[],"_links":{"self":[{"href":"https:\/\/www.santai-ceramics.com\/pt\/wp-json\/wp\/v2\/product\/1627","targetHints":{"allow":["GET"]}}],"collection":[{"href":"https:\/\/www.santai-ceramics.com\/pt\/wp-json\/wp\/v2\/product"}],"about":[{"href":"https:\/\/www.santai-ceramics.com\/pt\/wp-json\/wp\/v2\/types\/product"}],"replies":[{"embeddable":true,"href":"https:\/\/www.santai-ceramics.com\/pt\/wp-json\/wp\/v2\/comments?post=1627"}],"wp:featuredmedia":[{"embeddable":true,"href":"https:\/\/www.santai-ceramics.com\/pt\/wp-json\/wp\/v2\/media\/1628"}],"wp:attachment":[{"href":"https:\/\/www.santai-ceramics.com\/pt\/wp-json\/wp\/v2\/media?parent=1627"}],"wp:term":[{"taxonomy":"product_brand","embeddable":true,"href":"https:\/\/www.santai-ceramics.com\/pt\/wp-json\/wp\/v2\/product_brand?post=1627"},{"taxonomy":"product_cat","embeddable":true,"href":"https:\/\/www.santai-ceramics.com\/pt\/wp-json\/wp\/v2\/product_cat?post=1627"},{"taxonomy":"product_tag","embeddable":true,"href":"https:\/\/www.santai-ceramics.com\/pt\/wp-json\/wp\/v2\/product_tag?post=1627"}],"curies":[{"name":"wp","href":"https:\/\/api.w.org\/{rel}","templated":true}]}}