{"id":1634,"date":"2024-12-30T06:59:02","date_gmt":"2024-12-30T06:59:02","guid":{"rendered":"https:\/\/www.santai-ceramics.com\/?post_type=product&#038;p=1634"},"modified":"2025-06-05T10:14:01","modified_gmt":"2025-06-05T10:14:01","slug":"wholesale-fiber-cement-retro-custom-planter","status":"publish","type":"product","link":"https:\/\/www.santai-ceramics.com\/pt\/product\/wholesale-fiber-cement-retro-custom-planter\/","title":{"rendered":"Vaso de planta\u00e7\u00e3o retro personalizado de fibrocimento - Vasos de planta\u00e7\u00e3o de bet\u00e3o decorativos personalizados para uso dom\u00e9stico e no jardim"},"content":{"rendered":"<h3 class=\"wp-block-heading\">Par\u00e2metros da plantadeira personalizada de fibrocimento <\/h3>\n\n\n\n<figure class=\"wp-block-table\"><table class=\"has-fixed-layout\"><tbody><tr><td>Modelo<\/td><td>Nome do produto<\/td><td>Cor<\/td><td>Material<\/td><td>Utiliza\u00e7\u00f5es<\/td><td>Dimens\u00f5es<\/td><td>Peso<\/td><\/tr><tr><td>J37029-H911-A01<\/td><td>Plantador de cimento de fibra&nbsp;<\/td><td>P\u00farpura escuro antigo<\/td><td>Fibra de cimento<\/td><td>decora\u00e7\u00e3o de casa,sala de estar,jardim<\/td><td>D:34X41,5cm<\/td><td>7kg\/PC<\/td><\/tr><tr><td>J37029-H911-A02<\/td><td>Plantador de cimento de fibra&nbsp;<\/td><td>P\u00farpura escuro antigo<\/td><td>Fibra de cimento<\/td><td>decora\u00e7\u00e3o de casa,sala de estar,jardim<\/td><td>D:29X34cm<\/td><td>5,7 kg\/PC<\/td><\/tr><\/tbody><\/table><\/figure>\n\n\n\n<h3 class=\"wp-block-heading\">Servi\u00e7o de plantadores personalizados<\/h3>\n\n\n\n<p>Oferecemos servi\u00e7os OEM e ODM para os nossos produtos.<br>Entrega r\u00e1pida de amostras est\u00e1 dispon\u00edvel.<br>Oferecemos uma variedade de formas, cores, impress\u00e3o personalizada, embalagem e outros servi\u00e7os adaptados para satisfazer as suas necessidades espec\u00edficas.<br><a style=\"\" href=\"https:\/\/www.santai-ceramics.com\/pt\/custom\/\" data-type=\"page\" data-id=\"13\" target=\"_blank\" rel=\"noreferrer noopener\"><strong><b>Saiba mais sobre personaliza\u00e7\u00e3o<\/b> pormenor do plantador.<\/strong><\/a><\/p>\n\n\n\n<div class=\"wp-block-columns is-layout-flex wp-container-core-columns-is-layout-9d6595d7 wp-block-columns-is-layout-flex\">\n<div class=\"wp-block-column is-layout-flow wp-block-column-is-layout-flow\">\n<figure class=\"wp-block-image size-full\"><img decoding=\"async\" width=\"1500\" height=\"1249\" src=\"https:\/\/www.santai-ceramics.com\/wp-content\/uploads\/2024\/12\/Fiber-Cement-Custom-Planter-4.webp\" alt=\"Plantador personalizado de fibrocimento (4)\" class=\"wp-image-1638\" srcset=\"https:\/\/www.santai-ceramics.com\/wp-content\/uploads\/2024\/12\/Fiber-Cement-Custom-Planter-4.webp 1500w, https:\/\/www.santai-ceramics.com\/wp-content\/uploads\/2024\/12\/Fiber-Cement-Custom-Planter-4-300x250.webp 300w, https:\/\/www.santai-ceramics.com\/wp-content\/uploads\/2024\/12\/Fiber-Cement-Custom-Planter-4-768x639.webp 768w, https:\/\/www.santai-ceramics.com\/wp-content\/uploads\/2024\/12\/Fiber-Cement-Custom-Planter-4-14x12.webp 14w, https:\/\/www.santai-ceramics.com\/wp-content\/uploads\/2024\/12\/Fiber-Cement-Custom-Planter-4-1200x999.webp 1200w, https:\/\/www.santai-ceramics.com\/wp-content\/uploads\/2024\/12\/Fiber-Cement-Custom-Planter-4-600x500.webp 600w\" sizes=\"(max-width: 1500px) 100vw, 1500px\" \/><\/figure>\n<\/div>\n\n\n\n<div class=\"wp-block-column is-layout-flow wp-block-column-is-layout-flow\">\n<figure class=\"wp-block-image size-full\"><img decoding=\"async\" width=\"1500\" height=\"1250\" src=\"https:\/\/www.santai-ceramics.com\/wp-content\/uploads\/2024\/12\/Fiber-Cement-Custom-Planter-5.webp\" alt=\"Plantador personalizado de fibrocimento (5)\" class=\"wp-image-1639\" srcset=\"https:\/\/www.santai-ceramics.com\/wp-content\/uploads\/2024\/12\/Fiber-Cement-Custom-Planter-5.webp 1500w, https:\/\/www.santai-ceramics.com\/wp-content\/uploads\/2024\/12\/Fiber-Cement-Custom-Planter-5-300x250.webp 300w, https:\/\/www.santai-ceramics.com\/wp-content\/uploads\/2024\/12\/Fiber-Cement-Custom-Planter-5-768x640.webp 768w, https:\/\/www.santai-ceramics.com\/wp-content\/uploads\/2024\/12\/Fiber-Cement-Custom-Planter-5-14x12.webp 14w, https:\/\/www.santai-ceramics.com\/wp-content\/uploads\/2024\/12\/Fiber-Cement-Custom-Planter-5-1200x1000.webp 1200w, https:\/\/www.santai-ceramics.com\/wp-content\/uploads\/2024\/12\/Fiber-Cement-Custom-Planter-5-600x500.webp 600w\" sizes=\"(max-width: 1500px) 100vw, 1500px\" \/><\/figure>\n<\/div>\n<\/div>","protected":false},"excerpt":{"rendered":"<p data-pm-slice=\"0 0 []\">Plantadores de cimento personalizados por atacado, nossos plantadores de alta qualidade s\u00e3o dur\u00e1veis e adapt\u00e1veis a v\u00e1rios ambientes e podem permanecer como novos por um longo tempo, mesmo nas mudan\u00e7as nas condi\u00e7\u00f5es clim\u00e1ticas externas. Oferecemos uma variedade de op\u00e7\u00f5es de personaliza\u00e7\u00e3o, incluindo materiais de plantador personalizados, tamanhos, formas, etc. Bem-vindo a contactar-nos.<\/p>\n<h2>Carater\u00edsticas da plantadeira personalizada de fibrocimento\u00a0<\/h2>\n<p><strong>Durabilidade:<\/strong> Fabricadas em fibrocimento, estas jardineiras personalizadas podem ser utilizadas durante muito tempo em ambientes interiores e exteriores, resistem ao vento e ao sol e n\u00e3o s\u00e3o f\u00e1ceis de partir ou deformar.<\/p>\n<p><strong>Personaliza\u00e7\u00e3o personalizada:<\/strong> Fornecemos uma solu\u00e7\u00e3o personalizada de plantadores, incluindo tamanho, cor, forma e padr\u00e3o, para criar plantadores que podem ser integrados em diferentes estilos decorativos para si<\/p>\n<p><strong>Excelente respirabilidade:<\/strong> O material de fibrocimento tem boa respirabilidade, o que ajuda a manter a humidade e a drenagem do solo e a promover o crescimento saud\u00e1vel das plantas.<\/p>\n<p><strong>Baixa necessidade de manuten\u00e7\u00e3o:<\/strong> Em compara\u00e7\u00e3o com os vasos de flores tradicionais de cer\u00e2mica ou pl\u00e1stico, os nossos vasos de flores de fibrocimento personalizados s\u00e3o mais f\u00e1ceis de limpar e manter, e n\u00e3o se desvanecem ou envelhecem ap\u00f3s uma utiliza\u00e7\u00e3o prolongada.<\/p>","protected":false},"featured_media":1635,"comment_status":"closed","ping_status":"closed","template":"","meta":{"_acf_changed":false},"product_brand":[],"product_cat":[18,41,21,23],"product_tag":[40],"class_list":{"0":"post-1634","1":"product","2":"type-product","3":"status-publish","4":"has-post-thumbnail","6":"product_cat-home-decor","7":"product_cat-wholesale-fiber-cement-plant-pots","8":"product_cat-garden-decor","9":"product_cat-ceramic-pots-planters","10":"product_tag-cement-flower-pot","12":"first","13":"instock","14":"shipping-taxable","15":"product-type-simple"},"acf":[],"_links":{"self":[{"href":"https:\/\/www.santai-ceramics.com\/pt\/wp-json\/wp\/v2\/product\/1634","targetHints":{"allow":["GET"]}}],"collection":[{"href":"https:\/\/www.santai-ceramics.com\/pt\/wp-json\/wp\/v2\/product"}],"about":[{"href":"https:\/\/www.santai-ceramics.com\/pt\/wp-json\/wp\/v2\/types\/product"}],"replies":[{"embeddable":true,"href":"https:\/\/www.santai-ceramics.com\/pt\/wp-json\/wp\/v2\/comments?post=1634"}],"wp:featuredmedia":[{"embeddable":true,"href":"https:\/\/www.santai-ceramics.com\/pt\/wp-json\/wp\/v2\/media\/1635"}],"wp:attachment":[{"href":"https:\/\/www.santai-ceramics.com\/pt\/wp-json\/wp\/v2\/media?parent=1634"}],"wp:term":[{"taxonomy":"product_brand","embeddable":true,"href":"https:\/\/www.santai-ceramics.com\/pt\/wp-json\/wp\/v2\/product_brand?post=1634"},{"taxonomy":"product_cat","embeddable":true,"href":"https:\/\/www.santai-ceramics.com\/pt\/wp-json\/wp\/v2\/product_cat?post=1634"},{"taxonomy":"product_tag","embeddable":true,"href":"https:\/\/www.santai-ceramics.com\/pt\/wp-json\/wp\/v2\/product_tag?post=1634"}],"curies":[{"name":"wp","href":"https:\/\/api.w.org\/{rel}","templated":true}]}}