{"id":1694,"date":"2025-01-05T10:09:51","date_gmt":"2025-01-05T10:09:51","guid":{"rendered":"https:\/\/www.santai-ceramics.com\/?post_type=product&#038;p=1694"},"modified":"2025-06-12T16:12:31","modified_gmt":"2025-06-12T16:12:31","slug":"custom-ceramic-candle-holder-wholesale","status":"publish","type":"product","link":"https:\/\/www.santai-ceramics.com\/pt\/product\/custom-ceramic-candle-holder-wholesale\/","title":{"rendered":"Suporte de vela de cer\u00e2mica personalizado por atacado \uff0c Vendas diretas da f\u00e1brica de casti\u00e7ais decorativos em massa"},"content":{"rendered":"<h3 class=\"wp-block-heading\">Carater\u00edsticas do suporte de vela em cer\u00e2mica<\/h3>\n\n\n\n<p><strong>Design elegante:<\/strong> O casti\u00e7al adopta uma forma c\u00f3nica cl\u00e1ssica e apresenta padr\u00f5es florais requintados, tornando-o uma escolha ideal para a decora\u00e7\u00e3o de casa ou de eventos, mostrando eleg\u00e2ncia.<\/p>\n\n\n\n<p><br><strong>Artesanato de alta qualidade: <\/strong>Fabricada com materiais de alta qualidade, combinados com a m\u00e1quina e feitos \u00e0 m\u00e3o, a superf\u00edcie \u00e9 lisa e delicada, reflectindo a soberba habilidade artesanal.<\/p>\n\n\n\n<p><br><strong>Versatilidade: <\/strong>Oferecemos casti\u00e7ais de cer\u00e2mica numa variedade de tamanhos, adequados para uma variedade de tipos de velas, tais como velas de pilar e velas pequenas, para satisfazer diferentes necessidades.<\/p>\n\n\n\n<p><br><strong>Adequado para uma variedade de ocasi\u00f5es: <\/strong>Adequado para decora\u00e7\u00e3o de casa, decora\u00e7\u00e3o de restaurante e decora\u00e7\u00e3o de escrit\u00f3rio, especialmente para cenas solenes ou retro.<\/p>\n\n\n\n<p><br><strong>Servi\u00e7o OEM&amp;ODM:<\/strong> Fornecemos um servi\u00e7o completo de casti\u00e7ais personalizados para criar casti\u00e7ais de cer\u00e2mica exclusivos de acordo com as suas necessidades.<\/p>\n\n\n\n<h3 class=\"wp-block-heading\">Servi\u00e7o de casti\u00e7ais personalizados<\/h3>\n\n\n\n<p><\/p>\n\n\n\n<p>Oferecemos servi\u00e7os OEM e ODM para os nossos produtos.<br>Entrega r\u00e1pida de amostras est\u00e1 dispon\u00edvel.<br>Oferecemos uma variedade de formas, cores, impress\u00e3o personalizada, embalagem e outros servi\u00e7os adaptados para satisfazer as suas necessidades espec\u00edficas.<br><a style=\"\" href=\"https:\/\/www.santai-ceramics.com\/pt\/custom\/\" data-type=\"page\" data-id=\"13\" target=\"_blank\" rel=\"noreferrer noopener\"><strong><b>Saiba mais sobre personaliza\u00e7\u00e3o<\/b>  pormenor.<\/strong><\/a><\/p>\n\n\n\n<div class=\"wp-block-columns is-layout-flex wp-container-core-columns-is-layout-9d6595d7 wp-block-columns-is-layout-flex\">\n<div class=\"wp-block-column is-layout-flow wp-block-column-is-layout-flow\">\n<figure class=\"wp-block-image size-full\"><img decoding=\"async\" width=\"1500\" height=\"1249\" src=\"https:\/\/www.santai-ceramics.com\/wp-content\/uploads\/2025\/01\/Customizable-Ceramic-Candle-Holder-2.jpg\" alt=\"Suporte de vela em cer\u00e2mica personaliz\u00e1vel (2)\" class=\"wp-image-1696\" srcset=\"https:\/\/www.santai-ceramics.com\/wp-content\/uploads\/2025\/01\/Customizable-Ceramic-Candle-Holder-2.jpg 1500w, https:\/\/www.santai-ceramics.com\/wp-content\/uploads\/2025\/01\/Customizable-Ceramic-Candle-Holder-2-300x250.jpg 300w, https:\/\/www.santai-ceramics.com\/wp-content\/uploads\/2025\/01\/Customizable-Ceramic-Candle-Holder-2-768x639.jpg 768w, https:\/\/www.santai-ceramics.com\/wp-content\/uploads\/2025\/01\/Customizable-Ceramic-Candle-Holder-2-14x12.jpg 14w, https:\/\/www.santai-ceramics.com\/wp-content\/uploads\/2025\/01\/Customizable-Ceramic-Candle-Holder-2-1200x999.jpg 1200w, https:\/\/www.santai-ceramics.com\/wp-content\/uploads\/2025\/01\/Customizable-Ceramic-Candle-Holder-2-600x500.jpg 600w\" sizes=\"(max-width: 1500px) 100vw, 1500px\" \/><\/figure>\n<\/div>\n\n\n\n<div class=\"wp-block-column is-layout-flow wp-block-column-is-layout-flow\">\n<figure class=\"wp-block-image size-full\"><img decoding=\"async\" width=\"1500\" height=\"1250\" src=\"https:\/\/www.santai-ceramics.com\/wp-content\/uploads\/2025\/01\/Customizable-Ceramic-Candle-Holder-3.jpg\" alt=\"Suporte de vela em cer\u00e2mica personaliz\u00e1vel (3)\" class=\"wp-image-1697\" srcset=\"https:\/\/www.santai-ceramics.com\/wp-content\/uploads\/2025\/01\/Customizable-Ceramic-Candle-Holder-3.jpg 1500w, https:\/\/www.santai-ceramics.com\/wp-content\/uploads\/2025\/01\/Customizable-Ceramic-Candle-Holder-3-300x250.jpg 300w, https:\/\/www.santai-ceramics.com\/wp-content\/uploads\/2025\/01\/Customizable-Ceramic-Candle-Holder-3-768x640.jpg 768w, https:\/\/www.santai-ceramics.com\/wp-content\/uploads\/2025\/01\/Customizable-Ceramic-Candle-Holder-3-14x12.jpg 14w, https:\/\/www.santai-ceramics.com\/wp-content\/uploads\/2025\/01\/Customizable-Ceramic-Candle-Holder-3-1200x1000.jpg 1200w, https:\/\/www.santai-ceramics.com\/wp-content\/uploads\/2025\/01\/Customizable-Ceramic-Candle-Holder-3-600x500.jpg 600w\" sizes=\"(max-width: 1500px) 100vw, 1500px\" \/><\/figure>\n<\/div>\n<\/div>","protected":false},"excerpt":{"rendered":"<p data-pm-slice=\"0 0 []\">Os casti\u00e7ais de cer\u00e2mica personaliz\u00e1veis por atacado, este requintado casti\u00e7al vidrado \u00e9 adequado para decora\u00e7\u00e3o de casa, decora\u00e7\u00e3o de restaurante e muitas outras cenas. N\u00f3s fornecemos uma variedade de tamanhos para atender \u00e0s necessidades de diferentes coloca\u00e7\u00f5es de velas. Este suporte de vela suporta personaliza\u00e7\u00e3o personalizada de apar\u00eancia, padr\u00e3o e tamanho para atender \u00e0s necessidades de diferentes ocasi\u00f5es e marcas. Bem-vindo a contactar-nos.<\/p>\n<h2>Especifica\u00e7\u00e3o do Casti\u00e7al de cer\u00e2mica\u00a0<\/h2>\n<table style=\"border-collapse: collapse; width: 100%; table-layout: fixed;\" border=\"0\" cellspacing=\"0\" cellpadding=\"5\">\n<tbody>\n<tr style=\"height: 12.75pt;\">\n<td style=\"height: 12.75pt;\">N\u00famero do modelo<\/td>\n<td>A34889-LC17-A01<\/td>\n<td>A34889-LC17-A02<\/td>\n<\/tr>\n<tr>\n<td>Nome do produto<\/td>\n<td>Vaso de cer\u00e2mica para flores<\/td>\n<td>Vaso de cer\u00e2mica para flores<\/td>\n<\/tr>\n<tr>\n<td>Cor<\/td>\n<td>Castanho elegante<\/td>\n<td>Castanho elegante<\/td>\n<\/tr>\n<tr>\n<td>Material<\/td>\n<td>Cer\u00e2mica<\/td>\n<td>Cer\u00e2mica<\/td>\n<\/tr>\n<tr>\n<td>Utiliza\u00e7\u00f5es<\/td>\n<td>decora\u00e7\u00e3o, sala de estar<\/td>\n<td>decora\u00e7\u00e3o, sala de estar<\/td>\n<\/tr>\n<tr>\n<td>Dimens\u00f5es<\/td>\n<td>D:11,5X28cm<\/td>\n<td>D:11,5X23cm<\/td>\n<\/tr>\n<tr>\n<td>Peso<\/td>\n<td>1,1 kg\/unidade<\/td>\n<td>0,65kg\/pc<\/td>\n<\/tr>\n<\/tbody>\n<\/table>","protected":false},"featured_media":1695,"comment_status":"closed","ping_status":"closed","template":"","meta":{"_acf_changed":false},"product_brand":[],"product_cat":[18,46,26],"product_tag":[33],"class_list":{"0":"post-1694","1":"product","2":"type-product","3":"status-publish","4":"has-post-thumbnail","6":"product_cat-home-decor","7":"product_cat-wholesale-ceramic-candle-holders","8":"product_cat-home-accessories","9":"product_tag-wholesale-candle-holders","11":"first","12":"instock","13":"shipping-taxable","14":"product-type-simple"},"acf":[],"_links":{"self":[{"href":"https:\/\/www.santai-ceramics.com\/pt\/wp-json\/wp\/v2\/product\/1694","targetHints":{"allow":["GET"]}}],"collection":[{"href":"https:\/\/www.santai-ceramics.com\/pt\/wp-json\/wp\/v2\/product"}],"about":[{"href":"https:\/\/www.santai-ceramics.com\/pt\/wp-json\/wp\/v2\/types\/product"}],"replies":[{"embeddable":true,"href":"https:\/\/www.santai-ceramics.com\/pt\/wp-json\/wp\/v2\/comments?post=1694"}],"wp:featuredmedia":[{"embeddable":true,"href":"https:\/\/www.santai-ceramics.com\/pt\/wp-json\/wp\/v2\/media\/1695"}],"wp:attachment":[{"href":"https:\/\/www.santai-ceramics.com\/pt\/wp-json\/wp\/v2\/media?parent=1694"}],"wp:term":[{"taxonomy":"product_brand","embeddable":true,"href":"https:\/\/www.santai-ceramics.com\/pt\/wp-json\/wp\/v2\/product_brand?post=1694"},{"taxonomy":"product_cat","embeddable":true,"href":"https:\/\/www.santai-ceramics.com\/pt\/wp-json\/wp\/v2\/product_cat?post=1694"},{"taxonomy":"product_tag","embeddable":true,"href":"https:\/\/www.santai-ceramics.com\/pt\/wp-json\/wp\/v2\/product_tag?post=1694"}],"curies":[{"name":"wp","href":"https:\/\/api.w.org\/{rel}","templated":true}]}}