{"id":1712,"date":"2025-01-08T08:36:19","date_gmt":"2025-01-08T08:36:19","guid":{"rendered":"https:\/\/www.santai-ceramics.com\/?post_type=product&#038;p=1712"},"modified":"2025-02-02T13:50:17","modified_gmt":"2025-02-02T13:50:17","slug":"wholesale-custom-classic-textured-ceramic-vase","status":"publish","type":"product","link":"https:\/\/www.santai-ceramics.com\/pt\/product\/wholesale-custom-classic-textured-ceramic-vase\/","title":{"rendered":"Vaso de cer\u00e2mica texturizado cl\u00e1ssico personalizado para decora\u00e7\u00e3o de espa\u00e7os interiores Venda por atacado, suporte OEM e ODM"},"content":{"rendered":"<h3 class=\"wp-block-heading\">Carater\u00edsticas da Jarra de cer\u00e2mica texturizada<\/h3>\n\n\n\n<p><strong>Design \u00fanico: <\/strong>O estilo retro do vaso cl\u00e1ssico de cer\u00e2mica texturizada proporciona uma arte \u00fanica, acrescentando um foco visual \u00fanico e uma atmosfera acolhedora ao seu ambiente interior<\/p>\n\n\n\n<p><strong>Textura natural: <\/strong>A superf\u00edcie desta jarra de cer\u00e2mica cl\u00e1ssica tem uma textura de superf\u00edcie texturada, que lhe confere um toque quente e natural.<\/p>\n\n\n\n<p><strong>Combina\u00e7\u00e3o de artesanato tradicional e moderno:<\/strong> A empresa adopta uma combina\u00e7\u00e3o de artesanato tradicional e m\u00e1quinas, combinando alta qualidade e efici\u00eancia de produ\u00e7\u00e3o.<\/p>\n\n\n\n<p><strong>Servi\u00e7o de personaliza\u00e7\u00e3o OEM&amp;ODM:<\/strong> Como fabricante de cer\u00e2mica, a santai oferece-lhe uma grande variedade de op\u00e7\u00f5es de vasos personalizados, incluindo materiais, formas e embalagens de vasos personalizados, para criar vasos de marcas exclusivas para si.<\/p>\n\n\n\n<p><strong>Servi\u00e7o grossista de vasos:<\/strong> N\u00f3s fornecemos-lhe vasos de cer\u00e2mica por atacado a pre\u00e7os de f\u00e1brica para que seus produtos podem ser mais competitivos no mercado, entre em contato conosco.<\/p>\n\n\n\n<h3 class=\"wp-block-heading\">Servi\u00e7o de vasos de cer\u00e2mica personalizados<\/h3>\n\n\n\n<p>Oferecemos servi\u00e7os OEM e ODM para os nossos produtos.<br>Entrega r\u00e1pida de amostras est\u00e1 dispon\u00edvel.<br>Oferecemos uma variedade de formas, cores, impress\u00e3o personalizada, embalagem e outros servi\u00e7os adaptados para satisfazer as suas necessidades espec\u00edficas.<br><a href=\"https:\/\/www.santai-ceramics.com\/pt\/custom\/\" data-type=\"page\" data-id=\"13\" target=\"_blank\" rel=\"noreferrer noopener\"><strong><b>Saiba mais sobre personaliza\u00e7\u00e3o<\/b> pormenor do vaso.<\/strong><\/a><\/p>\n\n\n\n<div class=\"wp-block-columns is-layout-flex wp-container-core-columns-is-layout-9d6595d7 wp-block-columns-is-layout-flex\">\n<div class=\"wp-block-column is-layout-flow wp-block-column-is-layout-flow\"><div class=\"wp-block-image\">\n<figure class=\"aligncenter size-full\"><img decoding=\"async\" width=\"1500\" height=\"1250\" src=\"https:\/\/www.santai-ceramics.com\/wp-content\/uploads\/2025\/01\/Custom-Classic-Textured-Ceramic-Vase-1.webp\" alt=\"Jarra de cer\u00e2mica cl\u00e1ssica texturizada personalizada (1)\" class=\"wp-image-1730\" srcset=\"https:\/\/www.santai-ceramics.com\/wp-content\/uploads\/2025\/01\/Custom-Classic-Textured-Ceramic-Vase-1.webp 1500w, https:\/\/www.santai-ceramics.com\/wp-content\/uploads\/2025\/01\/Custom-Classic-Textured-Ceramic-Vase-1-300x250.webp 300w, https:\/\/www.santai-ceramics.com\/wp-content\/uploads\/2025\/01\/Custom-Classic-Textured-Ceramic-Vase-1-768x640.webp 768w, https:\/\/www.santai-ceramics.com\/wp-content\/uploads\/2025\/01\/Custom-Classic-Textured-Ceramic-Vase-1-14x12.webp 14w, https:\/\/www.santai-ceramics.com\/wp-content\/uploads\/2025\/01\/Custom-Classic-Textured-Ceramic-Vase-1-1200x1000.webp 1200w, https:\/\/www.santai-ceramics.com\/wp-content\/uploads\/2025\/01\/Custom-Classic-Textured-Ceramic-Vase-1-600x500.webp 600w\" sizes=\"(max-width: 1500px) 100vw, 1500px\" \/><figcaption class=\"wp-element-caption\">Jarra de cer\u00e2mica cl\u00e1ssica texturizada personalizada <\/figcaption><\/figure>\n<\/div><\/div>\n\n\n\n<div class=\"wp-block-column is-layout-flow wp-block-column-is-layout-flow\"><div class=\"wp-block-image\">\n<figure class=\"aligncenter size-full\"><img decoding=\"async\" width=\"1500\" height=\"1249\" src=\"https:\/\/www.santai-ceramics.com\/wp-content\/uploads\/2025\/01\/Custom-Classic-Textured-Ceramic-Vase-2.webp\" alt=\"Jarra de cer\u00e2mica cl\u00e1ssica texturizada personalizada (2)\" class=\"wp-image-1731\" srcset=\"https:\/\/www.santai-ceramics.com\/wp-content\/uploads\/2025\/01\/Custom-Classic-Textured-Ceramic-Vase-2.webp 1500w, https:\/\/www.santai-ceramics.com\/wp-content\/uploads\/2025\/01\/Custom-Classic-Textured-Ceramic-Vase-2-300x250.webp 300w, https:\/\/www.santai-ceramics.com\/wp-content\/uploads\/2025\/01\/Custom-Classic-Textured-Ceramic-Vase-2-768x639.webp 768w, https:\/\/www.santai-ceramics.com\/wp-content\/uploads\/2025\/01\/Custom-Classic-Textured-Ceramic-Vase-2-14x12.webp 14w, https:\/\/www.santai-ceramics.com\/wp-content\/uploads\/2025\/01\/Custom-Classic-Textured-Ceramic-Vase-2-1200x999.webp 1200w, https:\/\/www.santai-ceramics.com\/wp-content\/uploads\/2025\/01\/Custom-Classic-Textured-Ceramic-Vase-2-600x500.webp 600w\" sizes=\"(max-width: 1500px) 100vw, 1500px\" \/><figcaption class=\"wp-element-caption\">Jarra de cer\u00e2mica cl\u00e1ssica texturizada personalizada <\/figcaption><\/figure>\n<\/div><\/div>\n<\/div>","protected":false},"excerpt":{"rendered":"<p>Vasos de cer\u00e2mica texturizada personalizados por atacado, este vaso tornou-se uma escolha ideal para a decora\u00e7\u00e3o de interiores com o seu design retro \u00fanico e artesanato requintado. Fornece aos clientes uma variedade de solu\u00e7\u00f5es de arranjos florais para real\u00e7ar o sentido art\u00edstico e a personalidade do espa\u00e7o. Bem-vindo a contactar-nos para um or\u00e7amento.<\/p>\n<h2>Especifica\u00e7\u00f5es da Jarra de cer\u00e2mica cl\u00e1ssica com textura<\/h2>\n<table width=\"1140\">\n<tbody>\n<tr>\n<td width=\"285\">N\u00famero do modelo<\/td>\n<td width=\"285\">G37629-WD14-A01<\/td>\n<td width=\"285\">G37629-WD14-A02<\/td>\n<td width=\"285\">G37629-WD14-A03<\/td>\n<\/tr>\n<tr>\n<td>Nome do produto<\/td>\n<td>Vaso de flores em terracota<\/td>\n<td>Vaso de flores em terracota<\/td>\n<td>Vaso de flores em terracota<\/td>\n<\/tr>\n<tr>\n<td>Cor<\/td>\n<td>Branco \u00e1spero<\/td>\n<td>Branco \u00e1spero<\/td>\n<td>Branco \u00e1spero<\/td>\n<\/tr>\n<tr>\n<td>Material<\/td>\n<td>Terra Cotta<\/td>\n<td>Terra Cotta<\/td>\n<td>Terra Cotta<\/td>\n<\/tr>\n<tr>\n<td>Cen\u00e1rios de utiliza\u00e7\u00e3o<\/td>\n<td>decora\u00e7\u00e3o de casa,decora\u00e7\u00e3o de jardim<\/td>\n<td>decora\u00e7\u00e3o de casa,decora\u00e7\u00e3o de jardim<\/td>\n<td>decora\u00e7\u00e3o de casa,decora\u00e7\u00e3o de jardim<\/td>\n<\/tr>\n<tr>\n<td>Dimens\u00f5es<\/td>\n<td>D:22,5X30cm<\/td>\n<td>D:18,5X25,5cm<\/td>\n<td>D:20X20cm<\/td>\n<\/tr>\n<tr>\n<td>Peso<\/td>\n<td>3,2 kg\/unidade<\/td>\n<td>2,3 kg\/unidade<\/td>\n<td>2,3 kg\/unidade<\/td>\n<\/tr>\n<\/tbody>\n<\/table>","protected":false},"featured_media":1730,"comment_status":"closed","ping_status":"closed","template":"","meta":{"_acf_changed":false},"product_brand":[],"product_cat":[18,21,22],"product_tag":[34],"class_list":{"0":"post-1712","1":"product","2":"type-product","3":"status-publish","4":"has-post-thumbnail","6":"product_cat-home-decor","7":"product_cat-garden-decor","8":"product_cat-vase","9":"product_tag-ceramic-vase","11":"first","12":"instock","13":"shipping-taxable","14":"product-type-simple"},"acf":[],"_links":{"self":[{"href":"https:\/\/www.santai-ceramics.com\/pt\/wp-json\/wp\/v2\/product\/1712","targetHints":{"allow":["GET"]}}],"collection":[{"href":"https:\/\/www.santai-ceramics.com\/pt\/wp-json\/wp\/v2\/product"}],"about":[{"href":"https:\/\/www.santai-ceramics.com\/pt\/wp-json\/wp\/v2\/types\/product"}],"replies":[{"embeddable":true,"href":"https:\/\/www.santai-ceramics.com\/pt\/wp-json\/wp\/v2\/comments?post=1712"}],"wp:featuredmedia":[{"embeddable":true,"href":"https:\/\/www.santai-ceramics.com\/pt\/wp-json\/wp\/v2\/media\/1730"}],"wp:attachment":[{"href":"https:\/\/www.santai-ceramics.com\/pt\/wp-json\/wp\/v2\/media?parent=1712"}],"wp:term":[{"taxonomy":"product_brand","embeddable":true,"href":"https:\/\/www.santai-ceramics.com\/pt\/wp-json\/wp\/v2\/product_brand?post=1712"},{"taxonomy":"product_cat","embeddable":true,"href":"https:\/\/www.santai-ceramics.com\/pt\/wp-json\/wp\/v2\/product_cat?post=1712"},{"taxonomy":"product_tag","embeddable":true,"href":"https:\/\/www.santai-ceramics.com\/pt\/wp-json\/wp\/v2\/product_tag?post=1712"}],"curies":[{"name":"wp","href":"https:\/\/api.w.org\/{rel}","templated":true}]}}