{"id":1716,"date":"2025-01-08T09:35:31","date_gmt":"2025-01-08T09:35:31","guid":{"rendered":"https:\/\/www.santai-ceramics.com\/?post_type=product&#038;p=1716"},"modified":"2025-06-08T15:06:46","modified_gmt":"2025-06-08T15:06:46","slug":"custom-rustic-textured-planter-pot","status":"publish","type":"product","link":"https:\/\/www.santai-ceramics.com\/pt\/product\/custom-rustic-textured-planter-pot\/","title":{"rendered":"Vaso de planta com textura r\u00fastica personalizada para decora\u00e7\u00e3o de jardim Venda por atacado, suporte OEM e ODM"},"content":{"rendered":"<h3 class=\"wp-block-heading\">Carater\u00edsticas do Vaso para plantas com textura r\u00fastica <\/h3>\n\n\n\n<p><strong>Forma de perna alta: <\/strong>O design de perna alta na parte inferior deste vaso de plantas melhora a disposi\u00e7\u00e3o e a estabilidade gerais e \u00e9 adequado para coloca\u00e7\u00e3o em v\u00e1rias secret\u00e1rias ou pavimentos.<\/p>\n\n\n\n<p><strong>Utiliza\u00e7\u00e3o multifuncional:<\/strong> Este vaso de textura r\u00fastica pode ser utilizado n\u00e3o s\u00f3 como vaso para plantas verdes, mas tamb\u00e9m como mobili\u00e1rio dom\u00e9stico para real\u00e7ar o efeito decorativo de espa\u00e7os interiores e exteriores.<\/p>\n\n\n\n<p><strong>Combina\u00e7\u00e3o de v\u00e1rios tamanhos:<\/strong> \u00c9 fornecida uma variedade de especifica\u00e7\u00f5es e tamanhos para satisfazer as necessidades de correspond\u00eancia de diferentes cen\u00e1rios. Pode ser utilizado isoladamente ou em combina\u00e7\u00e3o para criar um efeito visual rico.<\/p>\n\n\n\n<p><strong>F\u00e1cil de combinar:<\/strong> A cor da superf\u00edcie deste vaso de textura \u00e9 suave e pode ser coordenada com uma variedade de estilos de casa, tipos de plantas verdes ou ambientes exteriores.<\/p>\n\n\n\n<p><strong>Servi\u00e7o de personaliza\u00e7\u00e3o OEM e ODM:<\/strong> Tamb\u00e9m fornecemos servi\u00e7os abrangentes de vasos de plantas personalizados para criar produtos de cer\u00e2mica exclusivos para o seu projeto<\/p>\n\n\n\n<h3 class=\"wp-block-heading\">Servi\u00e7o de vasos para plantas personalizados<\/h3>\n\n\n\n<p>Oferecemos servi\u00e7os OEM e ODM para os nossos produtos.<br>Entrega r\u00e1pida de amostras est\u00e1 dispon\u00edvel.<br>Oferecemos uma variedade de formas, cores, impress\u00e3o personalizada, embalagem e outros servi\u00e7os adaptados para satisfazer as suas necessidades espec\u00edficas.<br><a href=\"https:\/\/www.santai-ceramics.com\/pt\/custom\/\" data-type=\"page\" data-id=\"13\" target=\"_blank\" rel=\"noreferrer noopener\"><strong><b>Saiba mais sobre personaliza\u00e7\u00e3o<\/b> pormenor do vaso de plantas.<\/strong><\/a><\/p>\n\n\n\n<div class=\"wp-block-columns is-layout-flex wp-container-core-columns-is-layout-9d6595d7 wp-block-columns-is-layout-flex\">\n<div class=\"wp-block-column is-layout-flow wp-block-column-is-layout-flow\">\n<figure class=\"wp-block-image size-full\"><img decoding=\"async\" width=\"1500\" height=\"1249\" src=\"https:\/\/www.santai-ceramics.com\/wp-content\/uploads\/2025\/01\/Rustic-Textured-Planter-Pot-4.webp\" alt=\"Vaso para plantas com textura r\u00fastica (4)\" class=\"wp-image-1759\" srcset=\"https:\/\/www.santai-ceramics.com\/wp-content\/uploads\/2025\/01\/Rustic-Textured-Planter-Pot-4.webp 1500w, https:\/\/www.santai-ceramics.com\/wp-content\/uploads\/2025\/01\/Rustic-Textured-Planter-Pot-4-300x250.webp 300w, https:\/\/www.santai-ceramics.com\/wp-content\/uploads\/2025\/01\/Rustic-Textured-Planter-Pot-4-768x639.webp 768w, https:\/\/www.santai-ceramics.com\/wp-content\/uploads\/2025\/01\/Rustic-Textured-Planter-Pot-4-14x12.webp 14w, https:\/\/www.santai-ceramics.com\/wp-content\/uploads\/2025\/01\/Rustic-Textured-Planter-Pot-4-1200x999.webp 1200w, https:\/\/www.santai-ceramics.com\/wp-content\/uploads\/2025\/01\/Rustic-Textured-Planter-Pot-4-600x500.webp 600w\" sizes=\"(max-width: 1500px) 100vw, 1500px\" \/><\/figure>\n<\/div>\n\n\n\n<div class=\"wp-block-column is-layout-flow wp-block-column-is-layout-flow\">\n<figure class=\"wp-block-image size-full\"><img decoding=\"async\" width=\"1500\" height=\"1249\" src=\"https:\/\/www.santai-ceramics.com\/wp-content\/uploads\/2025\/01\/Rustic-Textured-Planter-Pot-5.webp\" alt=\"Vaso para plantas com textura r\u00fastica (5)\" class=\"wp-image-1760\" srcset=\"https:\/\/www.santai-ceramics.com\/wp-content\/uploads\/2025\/01\/Rustic-Textured-Planter-Pot-5.webp 1500w, https:\/\/www.santai-ceramics.com\/wp-content\/uploads\/2025\/01\/Rustic-Textured-Planter-Pot-5-300x250.webp 300w, https:\/\/www.santai-ceramics.com\/wp-content\/uploads\/2025\/01\/Rustic-Textured-Planter-Pot-5-768x639.webp 768w, https:\/\/www.santai-ceramics.com\/wp-content\/uploads\/2025\/01\/Rustic-Textured-Planter-Pot-5-14x12.webp 14w, https:\/\/www.santai-ceramics.com\/wp-content\/uploads\/2025\/01\/Rustic-Textured-Planter-Pot-5-1200x999.webp 1200w, https:\/\/www.santai-ceramics.com\/wp-content\/uploads\/2025\/01\/Rustic-Textured-Planter-Pot-5-600x500.webp 600w\" sizes=\"(max-width: 1500px) 100vw, 1500px\" \/><\/figure>\n<\/div>\n<\/div>","protected":false},"excerpt":{"rendered":"<p>Vasos de plantas com textura r\u00fastica personalizados por atacado, fornecemos aos clientes produtos de vasos de flores de estilo natural \u00fanico, bonitos e pr\u00e1ticos. Os vasos de flores s\u00e3o feitos \u00e0 m\u00e3o, combinados com design de perna alta e esmalte antigo, que \u00e9 uma escolha ideal para decora\u00e7\u00e3o de casa e jardinagem. Os compradores B2B, tais como lojas de artigos para o lar, centros de jardinagem e retalhistas de marca s\u00e3o bem-vindos a contactar-nos.<\/p>\n<h2>Especifica\u00e7\u00e3o do Vaso para plantas com textura\u00a0<\/h2>\n<table width=\"855\">\n<tbody>\n<tr>\n<td width=\"285\">N\u00famero do modelo<\/td>\n<td width=\"285\">G36610-WD14-A01<\/td>\n<td width=\"285\">G36610-WD14-A02<\/td>\n<\/tr>\n<tr>\n<td>Nome do produto<\/td>\n<td>Vaso de flores em terracota<\/td>\n<td>Vaso de flores em terracota<\/td>\n<\/tr>\n<tr>\n<td>Cor<\/td>\n<td>Branco \u00e1spero<\/td>\n<td>Branco \u00e1spero<\/td>\n<\/tr>\n<tr>\n<td>Material<\/td>\n<td>Terra Cotta<\/td>\n<td>Terra Cotta<\/td>\n<\/tr>\n<tr>\n<td>Cen\u00e1rios de utiliza\u00e7\u00e3o<\/td>\n<td>decora\u00e7\u00e3o de casa,decora\u00e7\u00e3o de jardim<\/td>\n<td>decora\u00e7\u00e3o de casa,decora\u00e7\u00e3o de jardim<\/td>\n<\/tr>\n<tr>\n<td>Dimens\u00f5es<\/td>\n<td>D:18,5X27,5cm<\/td>\n<td>D:17X23cm<\/td>\n<\/tr>\n<tr>\n<td>Peso<\/td>\n<td>3.5kg\/pc<\/td>\n<td>2kg\/pc<\/td>\n<\/tr>\n<\/tbody>\n<\/table>\n<p>&nbsp;<\/p>","protected":false},"featured_media":1756,"comment_status":"closed","ping_status":"closed","template":"","meta":{"_acf_changed":false},"product_brand":[],"product_cat":[18,42,21,23],"product_tag":[39],"class_list":{"0":"post-1716","1":"product","2":"type-product","3":"status-publish","4":"has-post-thumbnail","6":"product_cat-home-decor","7":"product_cat-wholesale-ceramic-plant-pots","8":"product_cat-garden-decor","9":"product_cat-ceramic-pots-planters","10":"product_tag-ceramic-flower-pot","12":"first","13":"instock","14":"shipping-taxable","15":"product-type-simple"},"acf":[],"_links":{"self":[{"href":"https:\/\/www.santai-ceramics.com\/pt\/wp-json\/wp\/v2\/product\/1716","targetHints":{"allow":["GET"]}}],"collection":[{"href":"https:\/\/www.santai-ceramics.com\/pt\/wp-json\/wp\/v2\/product"}],"about":[{"href":"https:\/\/www.santai-ceramics.com\/pt\/wp-json\/wp\/v2\/types\/product"}],"replies":[{"embeddable":true,"href":"https:\/\/www.santai-ceramics.com\/pt\/wp-json\/wp\/v2\/comments?post=1716"}],"wp:featuredmedia":[{"embeddable":true,"href":"https:\/\/www.santai-ceramics.com\/pt\/wp-json\/wp\/v2\/media\/1756"}],"wp:attachment":[{"href":"https:\/\/www.santai-ceramics.com\/pt\/wp-json\/wp\/v2\/media?parent=1716"}],"wp:term":[{"taxonomy":"product_brand","embeddable":true,"href":"https:\/\/www.santai-ceramics.com\/pt\/wp-json\/wp\/v2\/product_brand?post=1716"},{"taxonomy":"product_cat","embeddable":true,"href":"https:\/\/www.santai-ceramics.com\/pt\/wp-json\/wp\/v2\/product_cat?post=1716"},{"taxonomy":"product_tag","embeddable":true,"href":"https:\/\/www.santai-ceramics.com\/pt\/wp-json\/wp\/v2\/product_tag?post=1716"}],"curies":[{"name":"wp","href":"https:\/\/api.w.org\/{rel}","templated":true}]}}