{"id":1790,"date":"2025-01-15T00:11:32","date_gmt":"2025-01-15T00:11:32","guid":{"rendered":"https:\/\/www.santai-ceramics.com\/?post_type=product&#038;p=1790"},"modified":"2025-03-13T14:37:22","modified_gmt":"2025-03-13T14:37:22","slug":"custom-deep-blue-vase-in-bulk","status":"publish","type":"product","link":"https:\/\/www.santai-ceramics.com\/pt\/product\/custom-deep-blue-vase-in-bulk\/","title":{"rendered":"Vaso m\u00e9dio personalizado a granel \uff0c Vasos azuis profundos por atacado \uff0c Suporte OEM e ODM"},"content":{"rendered":"<h3 class=\"wp-block-heading\">Carater\u00edsticas do vaso azul profundo m\u00e9dio<\/h3>\n\n\n\n<p><strong>Tamanho m\u00e9dio:<\/strong> Este vaso azul profundo est\u00e1 dispon\u00edvel em dois tamanhos m\u00e9dios, 14\u00d728cm e 16,5\u00d733cm, adequados para uma variedade de necessidades de coloca\u00e7\u00e3o no espa\u00e7o.<\/p>\n\n\n\n<p><strong>Esmalte azul profundo: <\/strong>Este vaso azul profundo utiliza um processo de vitrifica\u00e7\u00e3o de v\u00e1rias camadas para apresentar um tom azul profundo, exalando uma atmosfera retro elegante.<\/p>\n\n\n\n<p><strong>Textura do material: <\/strong>Este vaso azul profundo utiliza barro de alta qualidade e ret\u00e9m alguma cor natural do barro no fundo, o que forma um contraste n\u00edtido com o esmalte azul profundo, melhorando o sentido geral do design.<\/p>\n\n\n\n<p><strong>Fun\u00e7\u00e3o polivalente: <\/strong>Pode ser utilizado n\u00e3o s\u00f3 como vaso para arranjos florais, mas tamb\u00e9m como ornamento decorativo, adequado para casa, escrit\u00f3rio ou espa\u00e7o comercial, acrescentando uma atmosfera art\u00edstica.<\/p>\n\n\n\n<h3 class=\"wp-block-heading\">Servi\u00e7o de vasos de cer\u00e2mica personalizados<\/h3>\n\n\n\n<p>Oferecemos servi\u00e7os OEM e ODM para os nossos produtos.<br>Entrega r\u00e1pida de amostras est\u00e1 dispon\u00edvel.<br>Oferecemos uma variedade de formas, cores, impress\u00e3o personalizada, embalagem e outros servi\u00e7os adaptados para satisfazer as suas necessidades espec\u00edficas.<br><a href=\"https:\/\/www.santai-ceramics.com\/pt\/custom\/\" data-type=\"page\" data-id=\"13\" target=\"_blank\" rel=\"noreferrer noopener\"><strong><b>Saiba mais sobre personaliza\u00e7\u00e3o<\/b> pormenor de vaso em cer\u00e2mica.<\/strong><\/a><\/p>\n\n\n\n<div class=\"wp-block-columns is-layout-flex wp-container-core-columns-is-layout-9d6595d7 wp-block-columns-is-layout-flex\">\n<div class=\"wp-block-column is-layout-flow wp-block-column-is-layout-flow\">\n<figure class=\"wp-block-image size-full\"><img decoding=\"async\" width=\"1500\" height=\"1249\" src=\"https:\/\/www.santai-ceramics.com\/wp-content\/uploads\/2025\/01\/Custom-Medium-Deep-Blue-Vase-6.webp\" alt=\"Vaso m\u00e9dio azul profundo personalizado (6)\" class=\"wp-image-1813\" srcset=\"https:\/\/www.santai-ceramics.com\/wp-content\/uploads\/2025\/01\/Custom-Medium-Deep-Blue-Vase-6.webp 1500w, https:\/\/www.santai-ceramics.com\/wp-content\/uploads\/2025\/01\/Custom-Medium-Deep-Blue-Vase-6-300x250.webp 300w, https:\/\/www.santai-ceramics.com\/wp-content\/uploads\/2025\/01\/Custom-Medium-Deep-Blue-Vase-6-768x639.webp 768w, https:\/\/www.santai-ceramics.com\/wp-content\/uploads\/2025\/01\/Custom-Medium-Deep-Blue-Vase-6-14x12.webp 14w, https:\/\/www.santai-ceramics.com\/wp-content\/uploads\/2025\/01\/Custom-Medium-Deep-Blue-Vase-6-1200x999.webp 1200w, https:\/\/www.santai-ceramics.com\/wp-content\/uploads\/2025\/01\/Custom-Medium-Deep-Blue-Vase-6-600x500.webp 600w\" sizes=\"(max-width: 1500px) 100vw, 1500px\" \/><\/figure>\n<\/div>\n\n\n\n<div class=\"wp-block-column is-layout-flow wp-block-column-is-layout-flow\">\n<figure class=\"wp-block-image size-full\"><img decoding=\"async\" width=\"1500\" height=\"1250\" src=\"https:\/\/www.santai-ceramics.com\/wp-content\/uploads\/2025\/01\/Custom-Medium-Deep-Blue-Vase-7.webp\" alt=\"Vaso m\u00e9dio azul profundo personalizado (7)\" class=\"wp-image-1814\" srcset=\"https:\/\/www.santai-ceramics.com\/wp-content\/uploads\/2025\/01\/Custom-Medium-Deep-Blue-Vase-7.webp 1500w, https:\/\/www.santai-ceramics.com\/wp-content\/uploads\/2025\/01\/Custom-Medium-Deep-Blue-Vase-7-300x250.webp 300w, https:\/\/www.santai-ceramics.com\/wp-content\/uploads\/2025\/01\/Custom-Medium-Deep-Blue-Vase-7-768x640.webp 768w, https:\/\/www.santai-ceramics.com\/wp-content\/uploads\/2025\/01\/Custom-Medium-Deep-Blue-Vase-7-14x12.webp 14w, https:\/\/www.santai-ceramics.com\/wp-content\/uploads\/2025\/01\/Custom-Medium-Deep-Blue-Vase-7-1200x1000.webp 1200w, https:\/\/www.santai-ceramics.com\/wp-content\/uploads\/2025\/01\/Custom-Medium-Deep-Blue-Vase-7-600x500.webp 600w\" sizes=\"(max-width: 1500px) 100vw, 1500px\" \/><\/figure>\n<\/div>\n<\/div>","protected":false},"excerpt":{"rendered":"<p data-pm-slice=\"0 0 []\">Vaso m\u00e9dio vintage azul escuro por atacado, dispon\u00edvel em dois tamanhos m\u00e9dios de 14 \u00d7 28cm e 16,5 \u00d7 33cm, feito de argila de alta qualidade, cheio de eleg\u00e2ncia vintage. Adequado para casa, escrit\u00f3rio, caf\u00e9 e outras cenas, o fabricante de cer\u00e2mica SANTAI fornece servi\u00e7os profissionais de OEM e ODM, bem-vindo \u00e0 compra a granel!<\/p>\n<h2>Especifica\u00e7\u00f5es do Vaso azul profundo m\u00e9dio<\/h2>\n<table width=\"855\">\n<tbody>\n<tr>\n<td width=\"285\">N\u00famero do modelo<\/td>\n<td width=\"285\">A35533-LD39-A01<\/td>\n<td width=\"285\">A35533-LD39-A02<\/td>\n<\/tr>\n<tr>\n<td>Nome do produto<\/td>\n<td>Vaso de cer\u00e2mica<\/td>\n<td>Vaso de cer\u00e2mica<\/td>\n<\/tr>\n<tr>\n<td>Cor<\/td>\n<td>Azul \u00e1spero<\/td>\n<td>Azul \u00e1spero<\/td>\n<\/tr>\n<tr>\n<td>Material<\/td>\n<td>Vaso de cer\u00e2mica<\/td>\n<td>Vaso de cer\u00e2mica<\/td>\n<\/tr>\n<tr>\n<td>Cen\u00e1rios de utiliza\u00e7\u00e3o<\/td>\n<td>decora\u00e7\u00e3o de casa<\/td>\n<td>decora\u00e7\u00e3o de casa<\/td>\n<\/tr>\n<tr>\n<td>Dimens\u00f5es<\/td>\n<td>D:16,5X33cm<\/td>\n<td>D:14X28cm<\/td>\n<\/tr>\n<tr>\n<td>Peso<\/td>\n<td>1,7 kg\/unidade<\/td>\n<td>1kg\/pc<\/td>\n<\/tr>\n<\/tbody>\n<\/table>","protected":false},"featured_media":1809,"comment_status":"closed","ping_status":"closed","template":"","meta":{"_acf_changed":false},"product_brand":[],"product_cat":[18,22],"product_tag":[34],"class_list":{"0":"post-1790","1":"product","2":"type-product","3":"status-publish","4":"has-post-thumbnail","6":"product_cat-home-decor","7":"product_cat-vase","8":"product_tag-ceramic-vase","10":"first","11":"instock","12":"shipping-taxable","13":"product-type-simple"},"acf":[],"_links":{"self":[{"href":"https:\/\/www.santai-ceramics.com\/pt\/wp-json\/wp\/v2\/product\/1790","targetHints":{"allow":["GET"]}}],"collection":[{"href":"https:\/\/www.santai-ceramics.com\/pt\/wp-json\/wp\/v2\/product"}],"about":[{"href":"https:\/\/www.santai-ceramics.com\/pt\/wp-json\/wp\/v2\/types\/product"}],"replies":[{"embeddable":true,"href":"https:\/\/www.santai-ceramics.com\/pt\/wp-json\/wp\/v2\/comments?post=1790"}],"wp:featuredmedia":[{"embeddable":true,"href":"https:\/\/www.santai-ceramics.com\/pt\/wp-json\/wp\/v2\/media\/1809"}],"wp:attachment":[{"href":"https:\/\/www.santai-ceramics.com\/pt\/wp-json\/wp\/v2\/media?parent=1790"}],"wp:term":[{"taxonomy":"product_brand","embeddable":true,"href":"https:\/\/www.santai-ceramics.com\/pt\/wp-json\/wp\/v2\/product_brand?post=1790"},{"taxonomy":"product_cat","embeddable":true,"href":"https:\/\/www.santai-ceramics.com\/pt\/wp-json\/wp\/v2\/product_cat?post=1790"},{"taxonomy":"product_tag","embeddable":true,"href":"https:\/\/www.santai-ceramics.com\/pt\/wp-json\/wp\/v2\/product_tag?post=1790"}],"curies":[{"name":"wp","href":"https:\/\/api.w.org\/{rel}","templated":true}]}}