{"id":1792,"date":"2025-01-15T02:18:17","date_gmt":"2025-01-15T02:18:17","guid":{"rendered":"https:\/\/www.santai-ceramics.com\/?post_type=product&#038;p=1792"},"modified":"2025-02-02T13:39:50","modified_gmt":"2025-02-02T13:39:50","slug":"wholesale-retro-ceramic-round-vase","status":"publish","type":"product","link":"https:\/\/www.santai-ceramics.com\/pt\/product\/wholesale-retro-ceramic-round-vase\/","title":{"rendered":"Vaso redondo de cer\u00e2mica retro por atacado com textura tridimensional - Fabricante de cer\u00e2mica SANTAI"},"content":{"rendered":"<h3 class=\"wp-block-heading\">Carater\u00edsticas da Jarra Redonda de Cer\u00e2mica Retro<\/h3>\n\n\n\n<p><strong>Design redondo cl\u00e1ssico: <\/strong>A jarra de cer\u00e2mica tem uma forma redonda \u00fanica, elegante e adequada para uma variedade de estilos de casa.<\/p>\n\n\n\n<p><strong>Esmalte azul escuro: <\/strong>A jarra redonda de cer\u00e2mica tem um esmalte azul escuro brilhante, mostrando um forte sentido de arte e uma atmosfera retro, adequada para decora\u00e7\u00e3o em ocasi\u00f5es retro e solenes.<\/p>\n\n\n\n<p><strong>Textura tridimensional: <\/strong>A jarra redonda de cer\u00e2mica adopta um design \u00fanico de textura de diamante tridimensional, que acrescenta uma sensa\u00e7\u00e3o de camadas visuais e torna a jarra mais viva.<\/p>\n\n\n\n<p><strong>Material duradouro: <\/strong>Fabricada em cer\u00e2mica de alta qualidade, \u00e9 simultaneamente bonita e duradoura, podendo manter a sua cor e forma durante muito tempo.<\/p>\n\n\n\n<p><strong>Servi\u00e7o grossista e personalizado: <\/strong>Os fabricantes de cer\u00e2mica SANTAI fornecem-lhe servi\u00e7os completos de vasos de cer\u00e2mica por atacado e personalizados a pre\u00e7os de f\u00e1brica, apoiando op\u00e7\u00f5es de personaliza\u00e7\u00e3o ricas.<\/p>\n\n\n\n<h3 class=\"wp-block-heading\">Servi\u00e7o de vasos de cer\u00e2mica personalizados<\/h3>\n\n\n\n<p>Oferecemos servi\u00e7os OEM e ODM para os nossos produtos.<br>Entrega r\u00e1pida de amostras est\u00e1 dispon\u00edvel.<br>Oferecemos uma variedade de formas, cores, impress\u00e3o personalizada, embalagem e outros servi\u00e7os adaptados para satisfazer as suas necessidades espec\u00edficas.<br><a href=\"https:\/\/www.santai-ceramics.com\/pt\/custom\/\" data-type=\"page\" data-id=\"13\" target=\"_blank\" rel=\"noreferrer noopener\"><strong><b>Saiba mais sobre personaliza\u00e7\u00e3o<\/b> pormenor de vaso em cer\u00e2mica.<\/strong><\/a><\/p>\n\n\n\n<div class=\"wp-block-columns is-layout-flex wp-container-core-columns-is-layout-9d6595d7 wp-block-columns-is-layout-flex\">\n<div class=\"wp-block-column is-layout-flow wp-block-column-is-layout-flow\">\n<figure class=\"wp-block-image size-full\"><img decoding=\"async\" width=\"1500\" height=\"1250\" src=\"https:\/\/www.santai-ceramics.com\/wp-content\/uploads\/2025\/01\/wholesale-retro-ceramic-round-vase-6.webp\" alt=\"vaso redondo de cer\u00e2mica retro por atacado (6)\" class=\"wp-image-1850\" srcset=\"https:\/\/www.santai-ceramics.com\/wp-content\/uploads\/2025\/01\/wholesale-retro-ceramic-round-vase-6.webp 1500w, https:\/\/www.santai-ceramics.com\/wp-content\/uploads\/2025\/01\/wholesale-retro-ceramic-round-vase-6-300x250.webp 300w, https:\/\/www.santai-ceramics.com\/wp-content\/uploads\/2025\/01\/wholesale-retro-ceramic-round-vase-6-768x640.webp 768w, https:\/\/www.santai-ceramics.com\/wp-content\/uploads\/2025\/01\/wholesale-retro-ceramic-round-vase-6-14x12.webp 14w, https:\/\/www.santai-ceramics.com\/wp-content\/uploads\/2025\/01\/wholesale-retro-ceramic-round-vase-6-1200x1000.webp 1200w, https:\/\/www.santai-ceramics.com\/wp-content\/uploads\/2025\/01\/wholesale-retro-ceramic-round-vase-6-600x500.webp 600w\" sizes=\"(max-width: 1500px) 100vw, 1500px\" \/><\/figure>\n<\/div>\n\n\n\n<div class=\"wp-block-column is-layout-flow wp-block-column-is-layout-flow\">\n<figure class=\"wp-block-image size-full\"><img decoding=\"async\" width=\"1500\" height=\"1250\" src=\"https:\/\/www.santai-ceramics.com\/wp-content\/uploads\/2025\/01\/wholesale-retro-ceramic-round-vase-7.webp\" alt=\"vaso redondo de cer\u00e2mica retro por atacado (7)\" class=\"wp-image-1851\" srcset=\"https:\/\/www.santai-ceramics.com\/wp-content\/uploads\/2025\/01\/wholesale-retro-ceramic-round-vase-7.webp 1500w, https:\/\/www.santai-ceramics.com\/wp-content\/uploads\/2025\/01\/wholesale-retro-ceramic-round-vase-7-300x250.webp 300w, https:\/\/www.santai-ceramics.com\/wp-content\/uploads\/2025\/01\/wholesale-retro-ceramic-round-vase-7-768x640.webp 768w, https:\/\/www.santai-ceramics.com\/wp-content\/uploads\/2025\/01\/wholesale-retro-ceramic-round-vase-7-14x12.webp 14w, https:\/\/www.santai-ceramics.com\/wp-content\/uploads\/2025\/01\/wholesale-retro-ceramic-round-vase-7-1200x1000.webp 1200w, https:\/\/www.santai-ceramics.com\/wp-content\/uploads\/2025\/01\/wholesale-retro-ceramic-round-vase-7-600x500.webp 600w\" sizes=\"(max-width: 1500px) 100vw, 1500px\" \/><\/figure>\n<\/div>\n<\/div>","protected":false},"excerpt":{"rendered":"<p data-pm-slice=\"0 0 []\">Os vasos redondos de cer\u00e2mica por atacado, feitos de cer\u00e2mica de alta qualidade, tornam este vaso bonito e dur\u00e1vel, adequado para decora\u00e7\u00e3o art\u00edstica e exibi\u00e7\u00e3o independente. Bem-vindo a contactar-nos para um or\u00e7amento.<\/p>\n<h2>Especifica\u00e7\u00f5es do Vaso redondo de cer\u00e2mica retro<\/h2>\n<table width=\"855\">\n<tbody>\n<tr>\n<td width=\"285\">N\u00famero do modelo<\/td>\n<td width=\"285\">A37421-LD39-A01<\/td>\n<td width=\"285\">A37421-LD39-A02<\/td>\n<\/tr>\n<tr>\n<td>Nome do produto<\/td>\n<td>Vaso de cer\u00e2mica<\/td>\n<td>Vaso de cer\u00e2mica<\/td>\n<\/tr>\n<tr>\n<td>Cor<\/td>\n<td>Azul \u00e1spero<\/td>\n<td>Azul \u00e1spero<\/td>\n<\/tr>\n<tr>\n<td>Material<\/td>\n<td>Vaso de cer\u00e2mica<\/td>\n<td>Vaso de cer\u00e2mica<\/td>\n<\/tr>\n<tr>\n<td>Cen\u00e1rios de utiliza\u00e7\u00e3o<\/td>\n<td>decora\u00e7\u00e3o de casa<\/td>\n<td>decora\u00e7\u00e3o de casa<\/td>\n<\/tr>\n<tr>\n<td>Dimens\u00f5es<\/td>\n<td>D:19,5X21,5cm<\/td>\n<td>D:16,5X17cm<\/td>\n<\/tr>\n<tr>\n<td>Peso<\/td>\n<td>1,6 kg\/unidade<\/td>\n<td>1kg\/pc<\/td>\n<\/tr>\n<\/tbody>\n<\/table>","protected":false},"featured_media":1845,"comment_status":"closed","ping_status":"closed","template":"","meta":{"_acf_changed":false},"product_brand":[],"product_cat":[18,22],"product_tag":[34],"class_list":{"0":"post-1792","1":"product","2":"type-product","3":"status-publish","4":"has-post-thumbnail","6":"product_cat-home-decor","7":"product_cat-vase","8":"product_tag-ceramic-vase","10":"first","11":"instock","12":"shipping-taxable","13":"product-type-simple"},"acf":[],"_links":{"self":[{"href":"https:\/\/www.santai-ceramics.com\/pt\/wp-json\/wp\/v2\/product\/1792","targetHints":{"allow":["GET"]}}],"collection":[{"href":"https:\/\/www.santai-ceramics.com\/pt\/wp-json\/wp\/v2\/product"}],"about":[{"href":"https:\/\/www.santai-ceramics.com\/pt\/wp-json\/wp\/v2\/types\/product"}],"replies":[{"embeddable":true,"href":"https:\/\/www.santai-ceramics.com\/pt\/wp-json\/wp\/v2\/comments?post=1792"}],"wp:featuredmedia":[{"embeddable":true,"href":"https:\/\/www.santai-ceramics.com\/pt\/wp-json\/wp\/v2\/media\/1845"}],"wp:attachment":[{"href":"https:\/\/www.santai-ceramics.com\/pt\/wp-json\/wp\/v2\/media?parent=1792"}],"wp:term":[{"taxonomy":"product_brand","embeddable":true,"href":"https:\/\/www.santai-ceramics.com\/pt\/wp-json\/wp\/v2\/product_brand?post=1792"},{"taxonomy":"product_cat","embeddable":true,"href":"https:\/\/www.santai-ceramics.com\/pt\/wp-json\/wp\/v2\/product_cat?post=1792"},{"taxonomy":"product_tag","embeddable":true,"href":"https:\/\/www.santai-ceramics.com\/pt\/wp-json\/wp\/v2\/product_tag?post=1792"}],"curies":[{"name":"wp","href":"https:\/\/api.w.org\/{rel}","templated":true}]}}