{"id":1793,"date":"2025-01-15T02:41:44","date_gmt":"2025-01-15T02:41:44","guid":{"rendered":"https:\/\/www.santai-ceramics.com\/?post_type=product&#038;p=1793"},"modified":"2025-02-02T13:39:24","modified_gmt":"2025-02-02T13:39:24","slug":"wholesale-vintage-decorative-ceramic-vase","status":"publish","type":"product","link":"https:\/\/www.santai-ceramics.com\/pt\/product\/wholesale-vintage-decorative-ceramic-vase\/","title":{"rendered":"Vaso de cer\u00e2mica decorativo vintage por atacado, desenhos personaliz\u00e1veis e encomendas a granel dispon\u00edveis"},"content":{"rendered":"<h3 class=\"wp-block-heading\">Carater\u00edsticas da Jarra de cer\u00e2mica decorativa vintage<\/h3>\n\n\n\n<p><strong>Forma \u00fanica: <\/strong>O design do vaso \u00e9 inspirado na forma tradicional do jarro, mostrando um estilo \u00fanico e adicionando atmosfera \u00e0 decora\u00e7\u00e3o da sua casa.<\/p>\n\n\n\n<p><strong>Design polivalente: <\/strong>Este vaso decorativo retro \u00e9 adequado como arranjo de flores, decora\u00e7\u00e3o independente ou como recipiente de arruma\u00e7\u00e3o, satisfazendo diferentes necessidades funcionais e aumentando a diversidade do espa\u00e7o.<\/p>\n\n\n\n<p><strong>Material duradouro:<\/strong> Fabricado em cer\u00e2mica de alta qualidade, garante que o vaso \u00e9 robusto e duradouro, podendo manter a sua beleza e funcionalidade durante muito tempo.<\/p>\n\n\n\n<p><strong>Servi\u00e7o grossista: <\/strong>Prestamos servi\u00e7os profissionais de vasos de cer\u00e2mica, fornecendo apoio profissional, como personaliza\u00e7\u00e3o flex\u00edvel, pre\u00e7os preferenciais e entrega r\u00e1pida<\/p>\n\n\n\n<h3 class=\"wp-block-heading\">Servi\u00e7o de vasos de cer\u00e2mica personalizados<\/h3>\n\n\n\n<p>Oferecemos servi\u00e7os OEM e ODM para os nossos produtos.<br>Entrega r\u00e1pida de amostras est\u00e1 dispon\u00edvel.<br>Oferecemos uma variedade de formas, cores, impress\u00e3o personalizada, embalagem e outros servi\u00e7os adaptados para satisfazer as suas necessidades espec\u00edficas.<br><a href=\"https:\/\/www.santai-ceramics.com\/pt\/custom\/\" data-type=\"page\" data-id=\"13\" target=\"_blank\" rel=\"noreferrer noopener\"><strong><b>Saiba mais sobre personaliza\u00e7\u00e3o<\/b> pormenor de vaso em cer\u00e2mica.<\/strong><\/a><\/p>\n\n\n\n<div class=\"wp-block-columns is-layout-flex wp-container-core-columns-is-layout-9d6595d7 wp-block-columns-is-layout-flex\">\n<div class=\"wp-block-column is-layout-flow wp-block-column-is-layout-flow\">\n<figure class=\"wp-block-image size-full\"><img decoding=\"async\" width=\"1500\" height=\"1249\" src=\"https:\/\/www.santai-ceramics.com\/wp-content\/uploads\/2025\/01\/Wholesale-Vintage-Decorative-Ceramic-Vase-4.webp\" alt=\"Vaso de cer\u00e2mica decorativo vintage por atacado (4)\" class=\"wp-image-1857\" srcset=\"https:\/\/www.santai-ceramics.com\/wp-content\/uploads\/2025\/01\/Wholesale-Vintage-Decorative-Ceramic-Vase-4.webp 1500w, https:\/\/www.santai-ceramics.com\/wp-content\/uploads\/2025\/01\/Wholesale-Vintage-Decorative-Ceramic-Vase-4-300x250.webp 300w, https:\/\/www.santai-ceramics.com\/wp-content\/uploads\/2025\/01\/Wholesale-Vintage-Decorative-Ceramic-Vase-4-768x639.webp 768w, https:\/\/www.santai-ceramics.com\/wp-content\/uploads\/2025\/01\/Wholesale-Vintage-Decorative-Ceramic-Vase-4-14x12.webp 14w, https:\/\/www.santai-ceramics.com\/wp-content\/uploads\/2025\/01\/Wholesale-Vintage-Decorative-Ceramic-Vase-4-1200x999.webp 1200w, https:\/\/www.santai-ceramics.com\/wp-content\/uploads\/2025\/01\/Wholesale-Vintage-Decorative-Ceramic-Vase-4-600x500.webp 600w\" sizes=\"(max-width: 1500px) 100vw, 1500px\" \/><\/figure>\n<\/div>\n\n\n\n<div class=\"wp-block-column is-layout-flow wp-block-column-is-layout-flow\">\n<figure class=\"wp-block-image size-full\"><img decoding=\"async\" width=\"1500\" height=\"1250\" src=\"https:\/\/www.santai-ceramics.com\/wp-content\/uploads\/2025\/01\/Wholesale-Vintage-Decorative-Ceramic-Vase-6.webp\" alt=\"Vaso de cer\u00e2mica decorativo vintage por atacado (6)\" class=\"wp-image-1859\" srcset=\"https:\/\/www.santai-ceramics.com\/wp-content\/uploads\/2025\/01\/Wholesale-Vintage-Decorative-Ceramic-Vase-6.webp 1500w, https:\/\/www.santai-ceramics.com\/wp-content\/uploads\/2025\/01\/Wholesale-Vintage-Decorative-Ceramic-Vase-6-300x250.webp 300w, https:\/\/www.santai-ceramics.com\/wp-content\/uploads\/2025\/01\/Wholesale-Vintage-Decorative-Ceramic-Vase-6-768x640.webp 768w, https:\/\/www.santai-ceramics.com\/wp-content\/uploads\/2025\/01\/Wholesale-Vintage-Decorative-Ceramic-Vase-6-14x12.webp 14w, https:\/\/www.santai-ceramics.com\/wp-content\/uploads\/2025\/01\/Wholesale-Vintage-Decorative-Ceramic-Vase-6-1200x1000.webp 1200w, https:\/\/www.santai-ceramics.com\/wp-content\/uploads\/2025\/01\/Wholesale-Vintage-Decorative-Ceramic-Vase-6-600x500.webp 600w\" sizes=\"(max-width: 1500px) 100vw, 1500px\" \/><\/figure>\n<\/div>\n<\/div>\n\n\n\n<p><\/p>","protected":false},"excerpt":{"rendered":"<p data-pm-slice=\"0 0 []\">Vasos decorativos de cer\u00e2mica vintage por atacado, com designs cl\u00e1ssicos e elegantes, perfeitos para as necessidades de decora\u00e7\u00e3o de casa, escrit\u00f3rio e jardim. Podemos fazer desenhos personalizados e encomendas a granel. Bem-vindo a contactar-nos.<\/p>\n<h2>Especifica\u00e7\u00f5es do Vaso de cer\u00e2mica decorativo vintage<\/h2>\n<table width=\"855\">\n<tbody>\n<tr>\n<td width=\"285\">N\u00famero do modelo<\/td>\n<td width=\"285\">A35549-LD39-A01<\/td>\n<td width=\"285\">A35549-LD39-A02<\/td>\n<\/tr>\n<tr>\n<td>Nome do produto<\/td>\n<td>Jarra de cer\u00e2mica<\/td>\n<td>Jarra de cer\u00e2mica<\/td>\n<\/tr>\n<tr>\n<td>Cor<\/td>\n<td>Azul \u00e1spero<\/td>\n<td>Azul \u00e1spero<\/td>\n<\/tr>\n<tr>\n<td>Material<\/td>\n<td>Cer\u00e2mica\u00a0\u00a0<\/td>\n<td>Cer\u00e2mica\u00a0\u00a0<\/td>\n<\/tr>\n<tr>\n<td>Cen\u00e1rios de utiliza\u00e7\u00e3o<\/td>\n<td>decora\u00e7\u00e3o de casa<\/td>\n<td>decora\u00e7\u00e3o de casa<\/td>\n<\/tr>\n<tr>\n<td>Dimens\u00f5es<\/td>\n<td>D:16,5X31,5cm<\/td>\n<td>D:14X26,5cm<\/td>\n<\/tr>\n<tr>\n<td>Peso<\/td>\n<td>2kg\/pc<\/td>\n<td>1,6 kg\/unidade<\/td>\n<\/tr>\n<\/tbody>\n<\/table>","protected":false},"featured_media":1854,"comment_status":"closed","ping_status":"closed","template":"","meta":{"_acf_changed":false},"product_brand":[],"product_cat":[18,22],"product_tag":[34],"class_list":{"0":"post-1793","1":"product","2":"type-product","3":"status-publish","4":"has-post-thumbnail","6":"product_cat-home-decor","7":"product_cat-vase","8":"product_tag-ceramic-vase","10":"first","11":"instock","12":"shipping-taxable","13":"product-type-simple"},"acf":[],"_links":{"self":[{"href":"https:\/\/www.santai-ceramics.com\/pt\/wp-json\/wp\/v2\/product\/1793","targetHints":{"allow":["GET"]}}],"collection":[{"href":"https:\/\/www.santai-ceramics.com\/pt\/wp-json\/wp\/v2\/product"}],"about":[{"href":"https:\/\/www.santai-ceramics.com\/pt\/wp-json\/wp\/v2\/types\/product"}],"replies":[{"embeddable":true,"href":"https:\/\/www.santai-ceramics.com\/pt\/wp-json\/wp\/v2\/comments?post=1793"}],"wp:featuredmedia":[{"embeddable":true,"href":"https:\/\/www.santai-ceramics.com\/pt\/wp-json\/wp\/v2\/media\/1854"}],"wp:attachment":[{"href":"https:\/\/www.santai-ceramics.com\/pt\/wp-json\/wp\/v2\/media?parent=1793"}],"wp:term":[{"taxonomy":"product_brand","embeddable":true,"href":"https:\/\/www.santai-ceramics.com\/pt\/wp-json\/wp\/v2\/product_brand?post=1793"},{"taxonomy":"product_cat","embeddable":true,"href":"https:\/\/www.santai-ceramics.com\/pt\/wp-json\/wp\/v2\/product_cat?post=1793"},{"taxonomy":"product_tag","embeddable":true,"href":"https:\/\/www.santai-ceramics.com\/pt\/wp-json\/wp\/v2\/product_tag?post=1793"}],"curies":[{"name":"wp","href":"https:\/\/api.w.org\/{rel}","templated":true}]}}