{"id":1903,"date":"2025-01-24T09:12:31","date_gmt":"2025-01-24T09:12:31","guid":{"rendered":"https:\/\/www.santai-ceramics.com\/?post_type=product&#038;p=1903"},"modified":"2025-02-02T13:38:31","modified_gmt":"2025-02-02T13:38:31","slug":"wholesale-vintage-textured-ceramic-vase","status":"publish","type":"product","link":"https:\/\/www.santai-ceramics.com\/pt\/product\/wholesale-vintage-textured-ceramic-vase\/","title":{"rendered":"Vaso de cer\u00e2mica texturizada vintage por atacado, fornecendo solu\u00e7\u00e3o de vaso de cer\u00e2mica personalizado - Fabricante de cer\u00e2mica SANTAI"},"content":{"rendered":"<h3 class=\"wp-block-heading\">Carater\u00edsticas da Jarra de cer\u00e2mica com textura vintage<\/h3>\n\n\n\n<p><strong>Design simples:<\/strong> A forma do vaso de cer\u00e2mica texturizada vintage \u00e9 simples e elegante, apresentando linhas arredondadas e um aspeto limpo, adequado para uma variedade de decora\u00e7\u00f5es dom\u00e9sticas.<\/p>\n\n\n\n<p><strong>Tiras decorativas \u00fanicas:<\/strong> Esta jarra vintage de cer\u00e2mica texturizada tem uma decora\u00e7\u00e3o delicada com riscas de areia, o que faz com que a jarra pare\u00e7a mais estratificada e texturizada.<\/p>\n\n\n\n<p><strong>Material de alta qualidade: <\/strong>Feito de argila de alta qualidade, tem uma superf\u00edcie lisa, \u00e9 agrad\u00e1vel ao tato, dur\u00e1vel e f\u00e1cil de limpar.<\/p>\n\n\n\n<p><strong>V\u00e1rias op\u00e7\u00f5es de tamanho:<\/strong> Oferecemos vasos de cer\u00e2mica texturizada vintage numa variedade de tamanhos para satisfazer as necessidades de diferentes utilizadores e responder \u00e0s necessidades de diferentes espa\u00e7os decorativos.<\/p>\n\n\n\n<p><strong>Servi\u00e7o OEM e ODM: <\/strong>N\u00f3s fornecemos uma solu\u00e7\u00e3o de vaso personalizado de uma paragem. Abrangendo a conce\u00e7\u00e3o do produto, fabrico de amostras e produ\u00e7\u00e3o em massa.<\/p>\n\n\n\n<h3 class=\"wp-block-heading\">Servi\u00e7o de vasos de cer\u00e2mica personalizados<\/h3>\n\n\n\n<p>Oferecemos servi\u00e7os OEM e ODM para os nossos produtos.<br>Entrega r\u00e1pida de amostras est\u00e1 dispon\u00edvel.<br>Oferecemos uma variedade de formas, cores, impress\u00e3o personalizada, embalagem e outros servi\u00e7os adaptados para satisfazer as suas necessidades espec\u00edficas.<br><a href=\"https:\/\/www.santai-ceramics.com\/pt\/custom\/\" data-type=\"page\" data-id=\"13\" target=\"_blank\" rel=\"noreferrer noopener\"><strong><b>Saiba mais sobre personaliza\u00e7\u00e3o<\/b> pormenor de vaso em cer\u00e2mica.<\/strong><\/a><\/p>\n\n\n\n<div class=\"wp-block-columns is-layout-flex wp-container-core-columns-is-layout-9d6595d7 wp-block-columns-is-layout-flex\">\n<div class=\"wp-block-column is-layout-flow wp-block-column-is-layout-flow\">\n<figure class=\"wp-block-image size-full\"><img decoding=\"async\" width=\"1500\" height=\"1250\" src=\"https:\/\/www.santai-ceramics.com\/wp-content\/uploads\/2025\/01\/wholesale-vintage-textured-ceramic-vase-10.webp\" alt=\"vaso de cer\u00e2mica texturizada vintage por atacado (10)\" class=\"wp-image-1936\" srcset=\"https:\/\/www.santai-ceramics.com\/wp-content\/uploads\/2025\/01\/wholesale-vintage-textured-ceramic-vase-10.webp 1500w, https:\/\/www.santai-ceramics.com\/wp-content\/uploads\/2025\/01\/wholesale-vintage-textured-ceramic-vase-10-300x250.webp 300w, https:\/\/www.santai-ceramics.com\/wp-content\/uploads\/2025\/01\/wholesale-vintage-textured-ceramic-vase-10-768x640.webp 768w, https:\/\/www.santai-ceramics.com\/wp-content\/uploads\/2025\/01\/wholesale-vintage-textured-ceramic-vase-10-14x12.webp 14w, https:\/\/www.santai-ceramics.com\/wp-content\/uploads\/2025\/01\/wholesale-vintage-textured-ceramic-vase-10-1200x1000.webp 1200w, https:\/\/www.santai-ceramics.com\/wp-content\/uploads\/2025\/01\/wholesale-vintage-textured-ceramic-vase-10-600x500.webp 600w\" sizes=\"(max-width: 1500px) 100vw, 1500px\" \/><\/figure>\n<\/div>\n\n\n\n<div class=\"wp-block-column is-layout-flow wp-block-column-is-layout-flow\">\n<figure class=\"wp-block-image size-full\"><img decoding=\"async\" width=\"1500\" height=\"1249\" src=\"https:\/\/www.santai-ceramics.com\/wp-content\/uploads\/2025\/01\/wholesale-vintage-textured-ceramic-vase-11.webp\" alt=\"vaso de cer\u00e2mica texturizada vintage por atacado (11)\" class=\"wp-image-1937\" srcset=\"https:\/\/www.santai-ceramics.com\/wp-content\/uploads\/2025\/01\/wholesale-vintage-textured-ceramic-vase-11.webp 1500w, https:\/\/www.santai-ceramics.com\/wp-content\/uploads\/2025\/01\/wholesale-vintage-textured-ceramic-vase-11-300x250.webp 300w, https:\/\/www.santai-ceramics.com\/wp-content\/uploads\/2025\/01\/wholesale-vintage-textured-ceramic-vase-11-768x639.webp 768w, https:\/\/www.santai-ceramics.com\/wp-content\/uploads\/2025\/01\/wholesale-vintage-textured-ceramic-vase-11-14x12.webp 14w, https:\/\/www.santai-ceramics.com\/wp-content\/uploads\/2025\/01\/wholesale-vintage-textured-ceramic-vase-11-1200x999.webp 1200w, https:\/\/www.santai-ceramics.com\/wp-content\/uploads\/2025\/01\/wholesale-vintage-textured-ceramic-vase-11-600x500.webp 600w\" sizes=\"(max-width: 1500px) 100vw, 1500px\" \/><\/figure>\n<\/div>\n<\/div>","protected":false},"excerpt":{"rendered":"<p>Vaso de cer\u00e2mica texturizada vintage por atacado, este vaso apresenta um design simples e moderno e tons naturais, perfeito para qualquer estilo de casa. Oferecemos uma variedade de tamanhos e estilos de design, adequados para retalhistas e empresas de decora\u00e7\u00e3o para comprar, e apoiar os servi\u00e7os de oem e odm, bem-vindo a contactar-nos para uma cota\u00e7\u00e3o.<\/p>\n<h2>Especifica\u00e7\u00f5es do Vaso de cer\u00e2mica com textura vintage<\/h2>\n<table width=\"1140\">\n<tbody>\n<tr>\n<td width=\"285\">N\u00famero do modelo<\/td>\n<td width=\"285\">A34352-LD40-A01<\/td>\n<td width=\"285\">A34352-LD40-A02<\/td>\n<td width=\"285\">A34352-LD40-A03<\/td>\n<\/tr>\n<tr>\n<td>Nome do produto<\/td>\n<td>Vaso de cer\u00e2mica para flores<\/td>\n<td>Vaso de cer\u00e2mica para flores<\/td>\n<td>Vaso de cer\u00e2mica para flores<\/td>\n<\/tr>\n<tr>\n<td>Cor<\/td>\n<td>Cinzento antigo<\/td>\n<td>Cinzento antigo<\/td>\n<td>Cinzento antigo<\/td>\n<\/tr>\n<tr>\n<td>Material<\/td>\n<td>Cer\u00e2mica<\/td>\n<td>Cer\u00e2mica<\/td>\n<td>Cer\u00e2mica<\/td>\n<\/tr>\n<tr>\n<td>Cen\u00e1rios de utiliza\u00e7\u00e3o<\/td>\n<td>decora\u00e7\u00e3o de casa<\/td>\n<td>decora\u00e7\u00e3o de casa<\/td>\n<td>decora\u00e7\u00e3o de casa<\/td>\n<\/tr>\n<tr>\n<td>Dimens\u00f5es<\/td>\n<td>D:11,5X20cm<\/td>\n<td>D:11X14cm<\/td>\n<td>D:13X12,5cm<\/td>\n<\/tr>\n<tr>\n<td>Peso<\/td>\n<td>0,55kg\/pc<\/td>\n<td>0,4 kg\/unidade<\/td>\n<td>0,4 kg\/unidade<\/td>\n<\/tr>\n<\/tbody>\n<\/table>","protected":false},"featured_media":1927,"comment_status":"closed","ping_status":"closed","template":"","meta":{"_acf_changed":false},"product_brand":[],"product_cat":[18,22],"product_tag":[34],"class_list":{"0":"post-1903","1":"product","2":"type-product","3":"status-publish","4":"has-post-thumbnail","6":"product_cat-home-decor","7":"product_cat-vase","8":"product_tag-ceramic-vase","10":"first","11":"instock","12":"shipping-taxable","13":"product-type-simple"},"acf":[],"_links":{"self":[{"href":"https:\/\/www.santai-ceramics.com\/pt\/wp-json\/wp\/v2\/product\/1903","targetHints":{"allow":["GET"]}}],"collection":[{"href":"https:\/\/www.santai-ceramics.com\/pt\/wp-json\/wp\/v2\/product"}],"about":[{"href":"https:\/\/www.santai-ceramics.com\/pt\/wp-json\/wp\/v2\/types\/product"}],"replies":[{"embeddable":true,"href":"https:\/\/www.santai-ceramics.com\/pt\/wp-json\/wp\/v2\/comments?post=1903"}],"wp:featuredmedia":[{"embeddable":true,"href":"https:\/\/www.santai-ceramics.com\/pt\/wp-json\/wp\/v2\/media\/1927"}],"wp:attachment":[{"href":"https:\/\/www.santai-ceramics.com\/pt\/wp-json\/wp\/v2\/media?parent=1903"}],"wp:term":[{"taxonomy":"product_brand","embeddable":true,"href":"https:\/\/www.santai-ceramics.com\/pt\/wp-json\/wp\/v2\/product_brand?post=1903"},{"taxonomy":"product_cat","embeddable":true,"href":"https:\/\/www.santai-ceramics.com\/pt\/wp-json\/wp\/v2\/product_cat?post=1903"},{"taxonomy":"product_tag","embeddable":true,"href":"https:\/\/www.santai-ceramics.com\/pt\/wp-json\/wp\/v2\/product_tag?post=1903"}],"curies":[{"name":"wp","href":"https:\/\/api.w.org\/{rel}","templated":true}]}}